{"id":793,"date":"2025-07-10T09:36:20","date_gmt":"2025-07-10T08:36:20","guid":{"rendered":"https:\/\/www.aiguiller.com\/blog\/?post_type=product&#038;p=793"},"modified":"2025-07-21T19:30:05","modified_gmt":"2025-07-21T18:30:05","slug":"anti-emmelement-pas-cher-manchons-anti-emmelement-20-pieces","status":"publish","type":"product","link":"https:\/\/www.aiguiller.com\/blog\/product\/anti-emmelement-pas-cher-manchons-anti-emmelement-20-pieces\/","title":{"rendered":"Anti-emm\u00ealement pas cher, manchons anti-tangle, 20 pi\u00e8ces"},"content":{"rendered":"<h2 data-start=\"161\" data-end=\"221\"><strong data-start=\"164\" data-end=\"221\">Manchons Anti-Emm\u00ealement pour P\u00eache \u2013 Lot de 20 pi\u00e8ces<\/strong><\/h2>\n<p data-start=\"223\" data-end=\"594\"><strong data-start=\"223\" data-end=\"240\">Description :<\/strong><br data-start=\"240\" data-end=\"243\" \/>Optez pour des sessions de p\u00eache plus efficaces et sans complications gr\u00e2ce \u00e0 ces <strong data-start=\"325\" data-end=\"353\">manchons anti-emm\u00ealement<\/strong> \/ <strong>anti-tangle<\/strong> de haute qualit\u00e9. Fabriqu\u00e9s \u00e0 partir de mat\u00e9riaux robustes comme l&#8217;ABS, l&#8217;acier et le fer, ces booms sont con\u00e7us pour durer et offrir une <strong data-start=\"492\" data-end=\"531\">pr\u00e9sentation optimale de vos app\u00e2ts<\/strong>, tout en r\u00e9duisant les risques d&#8217;enchev\u00eatrement de vos lignes.<\/p>\n<p data-start=\"596\" data-end=\"630\"><strong data-start=\"596\" data-end=\"630\">Caract\u00e9ristiques principales :<\/strong><\/p>\n<ul data-start=\"631\" data-end=\"1201\">\n<li data-start=\"631\" data-end=\"775\">\n<p data-start=\"633\" data-end=\"775\">\u2705 <strong data-start=\"635\" data-end=\"667\">Anti-enchev\u00eatrement efficace<\/strong> : \u00e9loigne la ligne principale du plomb pour \u00e9viter les n\u0153uds et assurer une meilleure animation de l&#8217;app\u00e2t.<\/p>\n<\/li>\n<li data-start=\"776\" data-end=\"905\">\n<p data-start=\"778\" data-end=\"905\">\u2705 <strong data-start=\"780\" data-end=\"802\">Mat\u00e9riaux durables<\/strong> : combinaison de <strong data-start=\"820\" data-end=\"837\">plastique ABS<\/strong>, <strong data-start=\"839\" data-end=\"848\">acier<\/strong> et <strong data-start=\"852\" data-end=\"859\">fer<\/strong> pour une r\u00e9sistance maximale en milieu marin.<\/p>\n<\/li>\n<li data-start=\"906\" data-end=\"985\">\n<p data-start=\"908\" data-end=\"985\">\u2705 <strong data-start=\"910\" data-end=\"939\">Compatibilit\u00e9 universelle<\/strong> : id\u00e9al pour <strong data-start=\"953\" data-end=\"984\">tous types d&#8217;app\u00e2ts souples<\/strong>.<\/p>\n<\/li>\n<li data-start=\"986\" data-end=\"1104\">\n<p data-start=\"988\" data-end=\"1104\">\u2705 <strong data-start=\"990\" data-end=\"1005\">Polyvalence<\/strong> : parfait pour la <strong data-start=\"1024\" data-end=\"1052\">p\u00eache \u00e0 la tra\u00eene l\u00e9g\u00e8re<\/strong>, la <strong data-start=\"1057\" data-end=\"1073\">p\u00eache en mer<\/strong>, ou encore la p\u00eache en bateau.<\/p>\n<\/li>\n<li data-start=\"1105\" data-end=\"1201\">\n<p data-start=\"1107\" data-end=\"1201\">\u2705 <strong data-start=\"1109\" data-end=\"1130\">Facile \u00e0 utiliser<\/strong> : s\u2019int\u00e8gre rapidement \u00e0 votre montage pour une utilisation imm\u00e9diate.<\/p>\n<\/li>\n<\/ul>\n<p data-start=\"1203\" data-end=\"1234\"><strong data-start=\"1203\" data-end=\"1234\">Sp\u00e9cifications techniques :<\/strong><\/p>\n<ul data-start=\"1235\" data-end=\"1399\">\n<li data-start=\"1235\" data-end=\"1272\">\n<p data-start=\"1237\" data-end=\"1272\"><strong data-start=\"1237\" data-end=\"1250\">Mat\u00e9riaux<\/strong> : ABS + acier + fer<\/p>\n<\/li>\n<li data-start=\"1273\" data-end=\"1295\">\n<p data-start=\"1275\" data-end=\"1295\"><strong data-start=\"1275\" data-end=\"1286\">Couleur<\/strong> : Noir<\/p>\n<\/li>\n<li data-start=\"1296\" data-end=\"1332\">\n<p data-start=\"1298\" data-end=\"1332\"><strong data-start=\"1298\" data-end=\"1312\">Dimensions<\/strong> : 200 mm x 4,5 mm<\/p>\n<\/li>\n<li data-start=\"1333\" data-end=\"1364\">\n<p data-start=\"1335\" data-end=\"1364\"><strong data-start=\"1335\" data-end=\"1344\">Poids<\/strong> : 2,3 g par pi\u00e8ce<\/p>\n<\/li>\n<li data-start=\"1365\" data-end=\"1399\">\n<p data-start=\"1367\" data-end=\"1399\"><strong data-start=\"1367\" data-end=\"1379\">Quantit\u00e9<\/strong> : 20 pi\u00e8ces par lot<\/p>\n<\/li>\n<\/ul>\n<p data-start=\"1401\" data-end=\"1424\"><strong data-start=\"1401\" data-end=\"1424\">Contenu du paquet :<\/strong><\/p>\n<ul data-start=\"1425\" data-end=\"1533\">\n<li data-start=\"1425\" data-end=\"1533\">\n<p data-start=\"1427\" data-end=\"1533\">\ud83c\udfa3 20 x Manchons anti-emm\u00ealement (booms)<br data-start=\"1467\" data-end=\"1470\" \/><em data-start=\"1470\" data-end=\"1533\">\u26a0\ufe0f Plombs non inclus \u2013 photos \u00e0 titre illustratif uniquement.<\/em><\/p>\n<\/li>\n<\/ul>\n<p data-start=\"1535\" data-end=\"1788\"><strong data-start=\"1535\" data-end=\"1563\">Conseils d&#8217;utilisation :<\/strong><br \/>\nFixez le manchon entre votre plomb et votre bas de ligne pour \u00e9loigner l\u2019app\u00e2t du plomb. R\u00e9sultat : un montage plus propre, moins de risques d\u2019emm\u00ealement et une <strong data-start=\"1722\" data-end=\"1753\">pr\u00e9sentation plus naturelle<\/strong>, pour attirer davantage de prises.<\/p>\n","protected":false},"excerpt":{"rendered":"<ul>\n<li data-start=\"26\" data-end=\"94\">\n<p data-start=\"28\" data-end=\"94\">\ud83d\udd04 <strong data-start=\"31\" data-end=\"50\">Anti-emm\u00ealement<\/strong> : Garde votre ligne bien d\u00e9gag\u00e9e du plomb<\/p>\n<\/li>\n<li data-start=\"95\" data-end=\"171\">\n<p data-start=\"97\" data-end=\"171\">\ud83d\udee0\ufe0f <strong data-start=\"101\" data-end=\"121\">Solide &amp; durable<\/strong> : En ABS, acier et fer pour longue dur\u00e9e de vie<\/p>\n<\/li>\n<li data-start=\"172\" data-end=\"230\" data-is-last-node=\"\">\n<p data-start=\"174\" data-end=\"230\" data-is-last-node=\"\">\u2693 <strong data-start=\"176\" data-end=\"190\">Polyvalent<\/strong> : Id\u00e9al en mer, bateau ou tra\u00eene l\u00e9g\u00e8re<\/p>\n<\/li>\n<\/ul>\n","protected":false},"featured_media":794,"comment_status":"open","ping_status":"closed","template":"","meta":[],"product_brand":[],"product_cat":[59],"product_tag":[],"class_list":{"0":"post-793","1":"product","2":"type-product","3":"status-publish","4":"has-post-thumbnail","6":"product_cat-accessoire-de-peche-pas-cher","8":"first","9":"instock","10":"shipping-taxable","11":"purchasable","12":"product-type-simple"},"yoast_head":"<!-- This site is optimized with the Yoast SEO plugin v27.5 - https:\/\/yoast.com\/product\/yoast-seo-wordpress\/ -->\n<title>Anti-emm\u00ealement pas cher, manchons anti-tangle, 20 pi\u00e8ces<\/title>\n<meta name=\"description\" content=\"Manchon anti tangle a petit prix, d\u00e9couvrez comment l&#039;anti-emm\u00ealement va vous aider \u00e0 mieux p\u00eacher et ne plus emm\u00ealer votre ligne de peche\" \/>\n<meta name=\"robots\" content=\"index, follow, max-snippet:-1, max-image-preview:large, max-video-preview:-1\" \/>\n<link rel=\"canonical\" href=\"https:\/\/www.aiguiller.com\/blog\/product\/anti-emmelement-pas-cher-manchons-anti-emmelement-20-pieces\/\" \/>\n<meta property=\"og:locale\" content=\"fr_FR\" \/>\n<meta property=\"og:type\" content=\"article\" \/>\n<meta property=\"og:title\" content=\"Anti-emm\u00ealement pas cher, manchons anti-tangle, 20 pi\u00e8ces\" \/>\n<meta property=\"og:description\" content=\"Manchon anti tangle a petit prix, d\u00e9couvrez comment l&#039;anti-emm\u00ealement va vous aider \u00e0 mieux p\u00eacher et ne plus emm\u00ealer votre ligne de peche\" \/>\n<meta property=\"og:url\" content=\"https:\/\/www.aiguiller.com\/blog\/product\/anti-emmelement-pas-cher-manchons-anti-emmelement-20-pieces\/\" \/>\n<meta property=\"og:site_name\" content=\"Articles de p\u00eache pas cher: aiguiller.com\" \/>\n<meta property=\"article:publisher\" content=\"https:\/\/www.facebook.com\/people\/Les-nouvelles-du-pcheur\/100071000092723\/\" \/>\n<meta property=\"article:modified_time\" content=\"2025-07-21T18:30:05+00:00\" \/>\n<meta property=\"og:image\" content=\"https:\/\/ae01.alicdn.com\/kf\/S088a00a3df6a4b57b6142985d5d493e0M\/Mangeoire-anti-enchev-trement-pour-la-p-che-en-mer-booms-anti-enchev-trement-HONShoous-avec.jpg\" \/>\n\t<meta property=\"og:image:width\" content=\"800\" \/>\n\t<meta property=\"og:image:height\" content=\"800\" \/>\n\t<meta property=\"og:image:type\" content=\"image\/jpeg\" \/>\n<meta name=\"twitter:card\" content=\"summary_large_image\" \/>\n<meta name=\"twitter:label1\" content=\"Dur\u00e9e de lecture estim\u00e9e\" \/>\n\t<meta name=\"twitter:data1\" content=\"2 minutes\" \/>\n<script type=\"application\/ld+json\" class=\"yoast-schema-graph\">{\"@context\":\"https:\\\/\\\/schema.org\",\"@graph\":[{\"@type\":\"WebPage\",\"@id\":\"https:\\\/\\\/www.aiguiller.com\\\/blog\\\/product\\\/anti-emmelement-pas-cher-manchons-anti-emmelement-20-pieces\\\/\",\"url\":\"https:\\\/\\\/www.aiguiller.com\\\/blog\\\/product\\\/anti-emmelement-pas-cher-manchons-anti-emmelement-20-pieces\\\/\",\"name\":\"Anti-emm\u00ealement pas cher, manchons anti-tangle, 20 pi\u00e8ces\",\"isPartOf\":{\"@id\":\"https:\\\/\\\/www.aiguiller.com\\\/blog\\\/#website\"},\"primaryImageOfPage\":{\"@id\":\"https:\\\/\\\/www.aiguiller.com\\\/blog\\\/product\\\/anti-emmelement-pas-cher-manchons-anti-emmelement-20-pieces\\\/#primaryimage\"},\"image\":{\"@id\":\"https:\\\/\\\/www.aiguiller.com\\\/blog\\\/product\\\/anti-emmelement-pas-cher-manchons-anti-emmelement-20-pieces\\\/#primaryimage\"},\"thumbnailUrl\":\"https:\\\/\\\/ae01.alicdn.com\\\/kf\\\/S088a00a3df6a4b57b6142985d5d493e0M\\\/Mangeoire-anti-enchev-trement-pour-la-p-che-en-mer-booms-anti-enchev-trement-HONShoous-avec.jpg\",\"datePublished\":\"2025-07-10T08:36:20+00:00\",\"dateModified\":\"2025-07-21T18:30:05+00:00\",\"description\":\"Manchon anti tangle a petit prix, d\u00e9couvrez comment l'anti-emm\u00ealement va vous aider \u00e0 mieux p\u00eacher et ne plus emm\u00ealer votre ligne de peche\",\"breadcrumb\":{\"@id\":\"https:\\\/\\\/www.aiguiller.com\\\/blog\\\/product\\\/anti-emmelement-pas-cher-manchons-anti-emmelement-20-pieces\\\/#breadcrumb\"},\"inLanguage\":\"fr-FR\",\"potentialAction\":[{\"@type\":\"ReadAction\",\"target\":[\"https:\\\/\\\/www.aiguiller.com\\\/blog\\\/product\\\/anti-emmelement-pas-cher-manchons-anti-emmelement-20-pieces\\\/\"]}]},{\"@type\":\"ImageObject\",\"inLanguage\":\"fr-FR\",\"@id\":\"https:\\\/\\\/www.aiguiller.com\\\/blog\\\/product\\\/anti-emmelement-pas-cher-manchons-anti-emmelement-20-pieces\\\/#primaryimage\",\"url\":\"https:\\\/\\\/ae01.alicdn.com\\\/kf\\\/S088a00a3df6a4b57b6142985d5d493e0M\\\/Mangeoire-anti-enchev-trement-pour-la-p-che-en-mer-booms-anti-enchev-trement-HONShoous-avec.jpg\",\"contentUrl\":\"https:\\\/\\\/ae01.alicdn.com\\\/kf\\\/S088a00a3df6a4b57b6142985d5d493e0M\\\/Mangeoire-anti-enchev-trement-pour-la-p-che-en-mer-booms-anti-enchev-trement-HONShoous-avec.jpg\",\"width\":800,\"height\":800,\"caption\":\"Anti-emm\u00ealement pas cher, manchons anti-emm\u00ealement, 20 pi\u00e8ces 1\"},{\"@type\":\"BreadcrumbList\",\"@id\":\"https:\\\/\\\/www.aiguiller.com\\\/blog\\\/product\\\/anti-emmelement-pas-cher-manchons-anti-emmelement-20-pieces\\\/#breadcrumb\",\"itemListElement\":[{\"@type\":\"ListItem\",\"position\":1,\"name\":\"Accueil\",\"item\":\"https:\\\/\\\/www.aiguiller.com\\\/blog\\\/\"},{\"@type\":\"ListItem\",\"position\":2,\"name\":\"Boutique d&#8217;articles de p\u00eache\",\"item\":\"https:\\\/\\\/www.aiguiller.com\\\/blog\\\/shop\\\/\"},{\"@type\":\"ListItem\",\"position\":3,\"name\":\"Anti-emm\u00ealement pas cher, manchons anti-tangle, 20 pi\u00e8ces\"}]},{\"@type\":\"WebSite\",\"@id\":\"https:\\\/\\\/www.aiguiller.com\\\/blog\\\/#website\",\"url\":\"https:\\\/\\\/www.aiguiller.com\\\/blog\\\/\",\"name\":\"Articles de p\u00eache pas cher: aiguiller.com\",\"description\":\"Mat\u00e9riel de p\u00eache \u00e0 bas prix\",\"publisher\":{\"@id\":\"https:\\\/\\\/www.aiguiller.com\\\/blog\\\/#organization\"},\"potentialAction\":[{\"@type\":\"SearchAction\",\"target\":{\"@type\":\"EntryPoint\",\"urlTemplate\":\"https:\\\/\\\/www.aiguiller.com\\\/blog\\\/?s={search_term_string}\"},\"query-input\":{\"@type\":\"PropertyValueSpecification\",\"valueRequired\":true,\"valueName\":\"search_term_string\"}}],\"inLanguage\":\"fr-FR\"},{\"@type\":\"Organization\",\"@id\":\"https:\\\/\\\/www.aiguiller.com\\\/blog\\\/#organization\",\"name\":\"Articles de p\u00eache pas cher: aiguiller.com\",\"url\":\"https:\\\/\\\/www.aiguiller.com\\\/blog\\\/\",\"logo\":{\"@type\":\"ImageObject\",\"inLanguage\":\"fr-FR\",\"@id\":\"https:\\\/\\\/www.aiguiller.com\\\/blog\\\/#\\\/schema\\\/logo\\\/image\\\/\",\"url\":\"https:\\\/\\\/www.aiguiller.com\\\/blog\\\/wp-content\\\/uploads\\\/2025\\\/07\\\/boutique-gilet-de-peche.png\",\"contentUrl\":\"https:\\\/\\\/www.aiguiller.com\\\/blog\\\/wp-content\\\/uploads\\\/2025\\\/07\\\/boutique-gilet-de-peche.png\",\"width\":395,\"height\":310,\"caption\":\"Articles de p\u00eache pas cher: aiguiller.com\"},\"image\":{\"@id\":\"https:\\\/\\\/www.aiguiller.com\\\/blog\\\/#\\\/schema\\\/logo\\\/image\\\/\"},\"sameAs\":[\"https:\\\/\\\/www.facebook.com\\\/people\\\/Les-nouvelles-du-pcheur\\\/100071000092723\\\/\"]}]}<\/script>\n<!-- \/ Yoast SEO plugin. -->","yoast_head_json":{"title":"Anti-emm\u00ealement pas cher, manchons anti-tangle, 20 pi\u00e8ces","description":"Manchon anti tangle a petit prix, d\u00e9couvrez comment l'anti-emm\u00ealement va vous aider \u00e0 mieux p\u00eacher et ne plus emm\u00ealer votre ligne de peche","robots":{"index":"index","follow":"follow","max-snippet":"max-snippet:-1","max-image-preview":"max-image-preview:large","max-video-preview":"max-video-preview:-1"},"canonical":"https:\/\/www.aiguiller.com\/blog\/product\/anti-emmelement-pas-cher-manchons-anti-emmelement-20-pieces\/","og_locale":"fr_FR","og_type":"article","og_title":"Anti-emm\u00ealement pas cher, manchons anti-tangle, 20 pi\u00e8ces","og_description":"Manchon anti tangle a petit prix, d\u00e9couvrez comment l'anti-emm\u00ealement va vous aider \u00e0 mieux p\u00eacher et ne plus emm\u00ealer votre ligne de peche","og_url":"https:\/\/www.aiguiller.com\/blog\/product\/anti-emmelement-pas-cher-manchons-anti-emmelement-20-pieces\/","og_site_name":"Articles de p\u00eache pas cher: aiguiller.com","article_publisher":"https:\/\/www.facebook.com\/people\/Les-nouvelles-du-pcheur\/100071000092723\/","article_modified_time":"2025-07-21T18:30:05+00:00","og_image":[{"width":800,"height":800,"url":"https:\/\/ae01.alicdn.com\/kf\/S088a00a3df6a4b57b6142985d5d493e0M\/Mangeoire-anti-enchev-trement-pour-la-p-che-en-mer-booms-anti-enchev-trement-HONShoous-avec.jpg","type":"image\/jpeg"}],"twitter_card":"summary_large_image","twitter_misc":{"Dur\u00e9e de lecture estim\u00e9e":"2 minutes"},"schema":{"@context":"https:\/\/schema.org","@graph":[{"@type":"WebPage","@id":"https:\/\/www.aiguiller.com\/blog\/product\/anti-emmelement-pas-cher-manchons-anti-emmelement-20-pieces\/","url":"https:\/\/www.aiguiller.com\/blog\/product\/anti-emmelement-pas-cher-manchons-anti-emmelement-20-pieces\/","name":"Anti-emm\u00ealement pas cher, manchons anti-tangle, 20 pi\u00e8ces","isPartOf":{"@id":"https:\/\/www.aiguiller.com\/blog\/#website"},"primaryImageOfPage":{"@id":"https:\/\/www.aiguiller.com\/blog\/product\/anti-emmelement-pas-cher-manchons-anti-emmelement-20-pieces\/#primaryimage"},"image":{"@id":"https:\/\/www.aiguiller.com\/blog\/product\/anti-emmelement-pas-cher-manchons-anti-emmelement-20-pieces\/#primaryimage"},"thumbnailUrl":"https:\/\/ae01.alicdn.com\/kf\/S088a00a3df6a4b57b6142985d5d493e0M\/Mangeoire-anti-enchev-trement-pour-la-p-che-en-mer-booms-anti-enchev-trement-HONShoous-avec.jpg","datePublished":"2025-07-10T08:36:20+00:00","dateModified":"2025-07-21T18:30:05+00:00","description":"Manchon anti tangle a petit prix, d\u00e9couvrez comment l'anti-emm\u00ealement va vous aider \u00e0 mieux p\u00eacher et ne plus emm\u00ealer votre ligne de peche","breadcrumb":{"@id":"https:\/\/www.aiguiller.com\/blog\/product\/anti-emmelement-pas-cher-manchons-anti-emmelement-20-pieces\/#breadcrumb"},"inLanguage":"fr-FR","potentialAction":[{"@type":"ReadAction","target":["https:\/\/www.aiguiller.com\/blog\/product\/anti-emmelement-pas-cher-manchons-anti-emmelement-20-pieces\/"]}]},{"@type":"ImageObject","inLanguage":"fr-FR","@id":"https:\/\/www.aiguiller.com\/blog\/product\/anti-emmelement-pas-cher-manchons-anti-emmelement-20-pieces\/#primaryimage","url":"https:\/\/ae01.alicdn.com\/kf\/S088a00a3df6a4b57b6142985d5d493e0M\/Mangeoire-anti-enchev-trement-pour-la-p-che-en-mer-booms-anti-enchev-trement-HONShoous-avec.jpg","contentUrl":"https:\/\/ae01.alicdn.com\/kf\/S088a00a3df6a4b57b6142985d5d493e0M\/Mangeoire-anti-enchev-trement-pour-la-p-che-en-mer-booms-anti-enchev-trement-HONShoous-avec.jpg","width":800,"height":800,"caption":"Anti-emm\u00ealement pas cher, manchons anti-emm\u00ealement, 20 pi\u00e8ces 1"},{"@type":"BreadcrumbList","@id":"https:\/\/www.aiguiller.com\/blog\/product\/anti-emmelement-pas-cher-manchons-anti-emmelement-20-pieces\/#breadcrumb","itemListElement":[{"@type":"ListItem","position":1,"name":"Accueil","item":"https:\/\/www.aiguiller.com\/blog\/"},{"@type":"ListItem","position":2,"name":"Boutique d&#8217;articles de p\u00eache","item":"https:\/\/www.aiguiller.com\/blog\/shop\/"},{"@type":"ListItem","position":3,"name":"Anti-emm\u00ealement pas cher, manchons anti-tangle, 20 pi\u00e8ces"}]},{"@type":"WebSite","@id":"https:\/\/www.aiguiller.com\/blog\/#website","url":"https:\/\/www.aiguiller.com\/blog\/","name":"Articles de p\u00eache pas cher: aiguiller.com","description":"Mat\u00e9riel de p\u00eache \u00e0 bas prix","publisher":{"@id":"https:\/\/www.aiguiller.com\/blog\/#organization"},"potentialAction":[{"@type":"SearchAction","target":{"@type":"EntryPoint","urlTemplate":"https:\/\/www.aiguiller.com\/blog\/?s={search_term_string}"},"query-input":{"@type":"PropertyValueSpecification","valueRequired":true,"valueName":"search_term_string"}}],"inLanguage":"fr-FR"},{"@type":"Organization","@id":"https:\/\/www.aiguiller.com\/blog\/#organization","name":"Articles de p\u00eache pas cher: aiguiller.com","url":"https:\/\/www.aiguiller.com\/blog\/","logo":{"@type":"ImageObject","inLanguage":"fr-FR","@id":"https:\/\/www.aiguiller.com\/blog\/#\/schema\/logo\/image\/","url":"https:\/\/www.aiguiller.com\/blog\/wp-content\/uploads\/2025\/07\/boutique-gilet-de-peche.png","contentUrl":"https:\/\/www.aiguiller.com\/blog\/wp-content\/uploads\/2025\/07\/boutique-gilet-de-peche.png","width":395,"height":310,"caption":"Articles de p\u00eache pas cher: aiguiller.com"},"image":{"@id":"https:\/\/www.aiguiller.com\/blog\/#\/schema\/logo\/image\/"},"sameAs":["https:\/\/www.facebook.com\/people\/Les-nouvelles-du-pcheur\/100071000092723\/"]}]}},"_links":{"self":[{"href":"https:\/\/www.aiguiller.com\/blog\/wp-json\/wp\/v2\/product\/793","targetHints":{"allow":["GET"]}}],"collection":[{"href":"https:\/\/www.aiguiller.com\/blog\/wp-json\/wp\/v2\/product"}],"about":[{"href":"https:\/\/www.aiguiller.com\/blog\/wp-json\/wp\/v2\/types\/product"}],"replies":[{"embeddable":true,"href":"https:\/\/www.aiguiller.com\/blog\/wp-json\/wp\/v2\/comments?post=793"}],"wp:featuredmedia":[{"embeddable":true,"href":"https:\/\/www.aiguiller.com\/blog\/wp-json\/wp\/v2\/media\/794"}],"wp:attachment":[{"href":"https:\/\/www.aiguiller.com\/blog\/wp-json\/wp\/v2\/media?parent=793"}],"wp:term":[{"taxonomy":"product_brand","embeddable":true,"href":"https:\/\/www.aiguiller.com\/blog\/wp-json\/wp\/v2\/product_brand?post=793"},{"taxonomy":"product_cat","embeddable":true,"href":"https:\/\/www.aiguiller.com\/blog\/wp-json\/wp\/v2\/product_cat?post=793"},{"taxonomy":"product_tag","embeddable":true,"href":"https:\/\/www.aiguiller.com\/blog\/wp-json\/wp\/v2\/product_tag?post=793"}],"curies":[{"name":"wp","href":"https:\/\/api.w.org\/{rel}","templated":true}]}}