{"id":770,"date":"2025-07-09T19:02:37","date_gmt":"2025-07-09T18:02:37","guid":{"rendered":"https:\/\/www.aiguiller.com\/blog\/?post_type=product&#038;p=770"},"modified":"2025-07-21T19:28:48","modified_gmt":"2025-07-21T18:28:48","slug":"canne-a-peche-ultra-legere-en-carbone-de-1-8-a-3-m-ideale-petit-leurre","status":"publish","type":"product","link":"https:\/\/www.aiguiller.com\/blog\/product\/canne-a-peche-ultra-legere-en-carbone-de-1-8-a-3-m-ideale-petit-leurre\/","title":{"rendered":"Canne \u00e0 p\u00eache ultra-l\u00e9g\u00e8re en carbone de 1.8 \u00e0 3 m id\u00e9ale petit leurre"},"content":{"rendered":"<h3 data-start=\"116\" data-end=\"224\">\ud83c\udfa3 Canne \u00e0 P\u00eache Traveller Spinning\/Casting \u2013 Compacte, Haute Performance, Guidages Fuji (1,8 m \u00e0 3,0 m)<\/h3>\n<p data-start=\"226\" data-end=\"540\">D\u00e9couvrez la <strong data-start=\"239\" data-end=\"266\">canne \u00e0 p\u00eache Traveller<\/strong>, une canne haut de gamme con\u00e7ue pour les passionn\u00e9s de p\u00eache itin\u00e9rante. Disponible en plusieurs longueurs (de 1,8 m \u00e0 3,0 m), elle combine <strong data-start=\"407\" data-end=\"465\">l\u00e9g\u00e8ret\u00e9, puissance, sensibilit\u00e9 et transport facilit\u00e9<\/strong>, pour s&#8217;adapter \u00e0 toutes vos sessions de p\u00eache, en eau douce comme en mer.<\/p>\n<hr data-start=\"542\" data-end=\"545\" \/>\n<h4 data-start=\"547\" data-end=\"588\">\u2705 <strong data-start=\"554\" data-end=\"588\">Caract\u00e9ristiques principales :<\/strong><\/h4>\n<ul data-start=\"590\" data-end=\"1960\">\n<li data-start=\"590\" data-end=\"772\">\n<p data-start=\"592\" data-end=\"772\"><strong data-start=\"592\" data-end=\"623\">\ud83d\udccf Longueur pli\u00e9e &lt; 57 cm :<\/strong><br data-start=\"623\" data-end=\"626\" \/>Ultra compacte une fois repli\u00e9e, elle tient facilement dans un sac ou une valise \u2013 parfaite pour les voyages, randonn\u00e9es ou sorties improvis\u00e9es.<\/p>\n<\/li>\n<li data-start=\"774\" data-end=\"987\">\n<p data-start=\"776\" data-end=\"987\"><strong data-start=\"776\" data-end=\"823\">\ud83e\uddf5 Fibre de carbone T800 haute \u00e9lasticit\u00e9 :<\/strong><br data-start=\"823\" data-end=\"826\" \/>Construction en <strong data-start=\"844\" data-end=\"866\">tissu carbone T800<\/strong> pour une canne \u00e0 la fois l\u00e9g\u00e8re, robuste et r\u00e9active. Manche ergonomique et confortable pour une prise en main parfaite.<\/p>\n<\/li>\n<li data-start=\"989\" data-end=\"1182\">\n<p data-start=\"991\" data-end=\"1182\"><strong data-start=\"991\" data-end=\"1034\">\ud83c\udfaf Polyvalence gr\u00e2ce aux nombreuses tailles et puissance :<\/strong><br data-start=\"1034\" data-end=\"1037\" \/>Disponible en <strong data-start=\"1053\" data-end=\"1107\">14 mod\u00e8les diff\u00e9rents<\/strong>, elle s\u2019adapte \u00e0 divers types de leurres, montages et techniques de p\u00eache.<\/p>\n<\/li>\n<li data-start=\"1184\" data-end=\"1339\">\n<p data-start=\"1186\" data-end=\"1339\"><strong data-start=\"1186\" data-end=\"1227\">\ud83c\udf00 Scion en carbone plein \u00e9lastique :<\/strong><br data-start=\"1227\" data-end=\"1230\" \/>Pointe fine et sensible en carbone plein offrant une excellente d\u00e9tection des touches et une action souple.<\/p>\n<\/li>\n<li data-start=\"1341\" data-end=\"1507\">\n<p data-start=\"1343\" data-end=\"1507\"><strong data-start=\"1343\" data-end=\"1375\">\u2699\ufe0f Anneaux de qualit\u00e9 Fuji :<\/strong><br data-start=\"1375\" data-end=\"1378\" \/>Anneau de t\u00eate anti-emm\u00ealement avec support CR et <strong data-start=\"1430\" data-end=\"1457\">anneaux de guidage FUJI<\/strong> haute r\u00e9sistance pour une glisse parfaite du fil.<\/p>\n<\/li>\n<li data-start=\"1509\" data-end=\"1806\">\n<p data-start=\"1511\" data-end=\"1545\"><strong data-start=\"1511\" data-end=\"1543\">\ud83d\udd27 Finitions haut de gamme :<\/strong><\/p>\n<ul data-start=\"1548\" data-end=\"1806\">\n<li data-start=\"1548\" data-end=\"1574\">\n<p data-start=\"1550\" data-end=\"1574\">Gravure laser \u00e9l\u00e9gante<\/p>\n<\/li>\n<li data-start=\"1577\" data-end=\"1645\">\n<p data-start=\"1579\" data-end=\"1645\">Porte-moulinet en nylon noir avec insert d\u00e9coratif en carbone 3K<\/p>\n<\/li>\n<li data-start=\"1648\" data-end=\"1683\">\n<p data-start=\"1650\" data-end=\"1683\">Bague de serrage bicolore dor\u00e9e<\/p>\n<\/li>\n<li data-start=\"1686\" data-end=\"1727\">\n<p data-start=\"1688\" data-end=\"1727\">Anneau de suspension inox pour leurre<\/p>\n<\/li>\n<li data-start=\"1730\" data-end=\"1806\">\n<p data-start=\"1732\" data-end=\"1806\">Embout arri\u00e8re en m\u00e9tal galvanis\u00e9 avec base nylon et \u00e9tiquette logo moul\u00e9e<\/p>\n<\/li>\n<\/ul>\n<\/li>\n<li data-start=\"1808\" data-end=\"1960\">\n<p data-start=\"1810\" data-end=\"1960\"><strong data-start=\"1810\" data-end=\"1837\">\ud83d\ude9a Transport s\u00e9curis\u00e9 :<\/strong><br data-start=\"1837\" data-end=\"1840\" \/>Livr\u00e9e dans un <strong data-start=\"1857\" data-end=\"1893\">tube PVC rigide haute r\u00e9sistance<\/strong> pour une protection optimale lors des exp\u00e9ditions et d\u00e9placements.<\/p>\n<\/li>\n<\/ul>\n<hr data-start=\"1962\" data-end=\"1965\" \/>\n<h4 data-start=\"1967\" data-end=\"2006\">\ud83d\udcd0 <strong data-start=\"1975\" data-end=\"2006\">Sp\u00e9cifications techniques :<\/strong><\/h4>\n<ul data-start=\"2008\" data-end=\"2288\">\n<li data-start=\"2008\" data-end=\"2095\">\n<p data-start=\"2010\" data-end=\"2095\"><strong data-start=\"2010\" data-end=\"2037\">Longueurs disponibles :<\/strong> 1.8 m \/ 2.1 m \/ 2.28 m \/ 2.4 m \/ 2.58 m \/ 2.7 m \/ 3.0 m<\/p>\n<\/li>\n<li data-start=\"2096\" data-end=\"2129\">\n<p data-start=\"2098\" data-end=\"2129\"><strong data-start=\"2098\" data-end=\"2119\">Longueur ferm\u00e9e :<\/strong> &lt; 57 cm<\/p>\n<\/li>\n<li data-start=\"2130\" data-end=\"2171\">\n<p data-start=\"2132\" data-end=\"2171\"><strong data-start=\"2132\" data-end=\"2156\">Mat\u00e9riau principal :<\/strong> Carbone T800<\/p>\n<\/li>\n<li data-start=\"2172\" data-end=\"2204\">\n<p data-start=\"2174\" data-end=\"2204\"><strong data-start=\"2174\" data-end=\"2190\">Puissances :<\/strong> ML \/ M \/ MH<\/p>\n<\/li>\n<li data-start=\"2205\" data-end=\"2254\">\n<p data-start=\"2207\" data-end=\"2254\"><strong data-start=\"2207\" data-end=\"2220\">Anneaux :<\/strong> Fuji + scion anti-emm\u00ealement CR<\/p>\n<\/li>\n<li data-start=\"2255\" data-end=\"2288\">\n<p data-start=\"2257\" data-end=\"2288\"><strong data-start=\"2257\" data-end=\"2272\">Emballage :<\/strong> Tube PVC rigide<\/p>\n<\/li>\n<\/ul>\n<hr data-start=\"2290\" data-end=\"2293\" \/>\n<h3 data-start=\"2295\" data-end=\"2339\">\ud83d\udc1f Pourquoi choisir la canne Traveller ?<\/h3>\n<p data-start=\"2341\" data-end=\"2728\">La <strong data-start=\"2344\" data-end=\"2363\">canne Traveller<\/strong> est le choix id\u00e9al pour les p\u00eacheurs nomades recherchant <strong data-start=\"2421\" data-end=\"2461\">compacit\u00e9, performance et durabilit\u00e9<\/strong>. Elle offre une <strong data-start=\"2478\" data-end=\"2504\">excellente sensibilit\u00e9<\/strong>, une <strong data-start=\"2510\" data-end=\"2538\">solidit\u00e9 \u00e0 toute \u00e9preuve<\/strong> et une <strong data-start=\"2546\" data-end=\"2577\">qualit\u00e9 de finition premium<\/strong> digne des mod\u00e8les professionnels. Que vous soyez d\u00e9butant ambitieux ou p\u00eacheur exp\u00e9riment\u00e9, cette canne vous accompagnera <strong data-start=\"2700\" data-end=\"2728\">partout, sans compromis.<\/strong><\/p>\n","protected":false},"excerpt":{"rendered":"<ul>\n<li data-start=\"26\" data-end=\"98\">\n<p data-start=\"28\" data-end=\"98\">\ud83e\uddf3 <strong data-start=\"31\" data-end=\"49\">Ultra compacte<\/strong> : Se plie \u00e0 &lt; 57\u202fcm, parfaite pour les voyages<\/p>\n<\/li>\n<li data-start=\"99\" data-end=\"172\">\n<p data-start=\"101\" data-end=\"172\">\ud83c\udf00 <strong data-start=\"104\" data-end=\"131\">Sensibilit\u00e9 &amp; puissance<\/strong> : Carbone T800 + scion plein \u00e9lastique<\/p>\n<\/li>\n<li data-start=\"173\" data-end=\"237\" data-is-last-node=\"\">\n<p data-start=\"175\" data-end=\"237\" data-is-last-node=\"\">\u2699\ufe0f <strong data-start=\"178\" data-end=\"194\">Anneaux Fuji<\/strong> : Glisse fluide et anti-emm\u00ealement premium<\/p>\n<\/li>\n<\/ul>\n","protected":false},"featured_media":771,"comment_status":"open","ping_status":"closed","template":"","meta":[],"product_brand":[],"product_cat":[28],"product_tag":[],"class_list":{"0":"post-770","1":"product","2":"type-product","3":"status-publish","4":"has-post-thumbnail","6":"product_cat-canne-a-peche-pas-cher","7":"pa_longueur-casting-1-8m-5-20g","8":"pa_longueur-casting-2-1m-7-30g","9":"pa_longueur-casting-2-28m-7-30g","10":"pa_longueur-casting-2-4m-7-30g","11":"pa_longueur-casting-2-58m-10-42g","12":"pa_longueur-casting-2-7m-10-42g","13":"pa_longueur-casting-3-0m-10-42g","14":"pa_longueur-spinning-1-8m-5-20g","15":"pa_longueur-spinning-2-1m-7-30g","16":"pa_longueur-spinning-2-28m-7-30g","17":"pa_longueur-spinning-2-4m-7-30g","18":"pa_longueur-spinning-2-58m10-42g","19":"pa_longueur-spinning-2-7m-10-42g","20":"pa_longueur-spinning-3-0m-10-42g","22":"first","23":"instock","24":"shipping-taxable","25":"purchasable","26":"product-type-variable"},"yoast_head":"<!-- This site is optimized with the Yoast SEO plugin v27.3 - https:\/\/yoast.com\/product\/yoast-seo-wordpress\/ -->\n<title>canne a p\u00eache ultra l\u00e9g\u00e8re en carbone 1,8 \u00e0 3 m<\/title>\n<meta name=\"description\" content=\"D\u00e9couvrez notre canne \u00e0 p\u00eache ultra-l\u00e9g\u00e8re en carbone. Disponible dans diff\u00e9rentes tailles allant de 1,8 m \u00e0 3 m de longeur.\" \/>\n<meta name=\"robots\" content=\"index, follow, max-snippet:-1, max-image-preview:large, max-video-preview:-1\" \/>\n<link rel=\"canonical\" href=\"https:\/\/www.aiguiller.com\/blog\/product\/canne-a-peche-ultra-legere-en-carbone-de-1-8-a-3-m-ideale-petit-leurre\/\" \/>\n<meta property=\"og:locale\" content=\"fr_FR\" \/>\n<meta property=\"og:type\" content=\"article\" \/>\n<meta property=\"og:title\" content=\"canne a p\u00eache ultra l\u00e9g\u00e8re en carbone 1,8 \u00e0 3 m\" \/>\n<meta property=\"og:description\" content=\"D\u00e9couvrez notre canne \u00e0 p\u00eache ultra-l\u00e9g\u00e8re en carbone. Disponible dans diff\u00e9rentes tailles allant de 1,8 m \u00e0 3 m de longeur.\" \/>\n<meta property=\"og:url\" content=\"https:\/\/www.aiguiller.com\/blog\/product\/canne-a-peche-ultra-legere-en-carbone-de-1-8-a-3-m-ideale-petit-leurre\/\" \/>\n<meta property=\"og:site_name\" content=\"Articles de p\u00eache pas cher: aiguiller.com\" \/>\n<meta property=\"article:publisher\" content=\"https:\/\/www.facebook.com\/people\/Les-nouvelles-du-pcheur\/100071000092723\/\" \/>\n<meta property=\"article:modified_time\" content=\"2025-07-21T18:28:48+00:00\" \/>\n<meta property=\"og:image\" content=\"https:\/\/ae01.alicdn.com\/kf\/Sf57e547cd71648da94947cbf81dfdba6J\/BIUTIFU-Leurre-ultral-ger-en-carbone-T800Carbon-Baitcasting-adapt-la-p-che-aux-roches-3-0.jpg\" \/>\n\t<meta property=\"og:image:width\" content=\"800\" \/>\n\t<meta property=\"og:image:height\" content=\"800\" \/>\n\t<meta property=\"og:image:type\" content=\"image\/jpeg\" \/>\n<meta name=\"twitter:card\" content=\"summary_large_image\" \/>\n<meta name=\"twitter:label1\" content=\"Dur\u00e9e de lecture estim\u00e9e\" \/>\n\t<meta name=\"twitter:data1\" content=\"3 minutes\" \/>\n<script type=\"application\/ld+json\" class=\"yoast-schema-graph\">{\"@context\":\"https:\\\/\\\/schema.org\",\"@graph\":[{\"@type\":\"WebPage\",\"@id\":\"https:\\\/\\\/www.aiguiller.com\\\/blog\\\/product\\\/canne-a-peche-ultra-legere-en-carbone-de-1-8-a-3-m-ideale-petit-leurre\\\/\",\"url\":\"https:\\\/\\\/www.aiguiller.com\\\/blog\\\/product\\\/canne-a-peche-ultra-legere-en-carbone-de-1-8-a-3-m-ideale-petit-leurre\\\/\",\"name\":\"canne a p\u00eache ultra l\u00e9g\u00e8re en carbone 1,8 \u00e0 3 m\",\"isPartOf\":{\"@id\":\"https:\\\/\\\/www.aiguiller.com\\\/blog\\\/#website\"},\"primaryImageOfPage\":{\"@id\":\"https:\\\/\\\/www.aiguiller.com\\\/blog\\\/product\\\/canne-a-peche-ultra-legere-en-carbone-de-1-8-a-3-m-ideale-petit-leurre\\\/#primaryimage\"},\"image\":{\"@id\":\"https:\\\/\\\/www.aiguiller.com\\\/blog\\\/product\\\/canne-a-peche-ultra-legere-en-carbone-de-1-8-a-3-m-ideale-petit-leurre\\\/#primaryimage\"},\"thumbnailUrl\":\"https:\\\/\\\/ae01.alicdn.com\\\/kf\\\/Sf57e547cd71648da94947cbf81dfdba6J\\\/BIUTIFU-Leurre-ultral-ger-en-carbone-T800Carbon-Baitcasting-adapt-la-p-che-aux-roches-3-0.jpg\",\"datePublished\":\"2025-07-09T18:02:37+00:00\",\"dateModified\":\"2025-07-21T18:28:48+00:00\",\"description\":\"D\u00e9couvrez notre canne \u00e0 p\u00eache ultra-l\u00e9g\u00e8re en carbone. Disponible dans diff\u00e9rentes tailles allant de 1,8 m \u00e0 3 m de longeur.\",\"breadcrumb\":{\"@id\":\"https:\\\/\\\/www.aiguiller.com\\\/blog\\\/product\\\/canne-a-peche-ultra-legere-en-carbone-de-1-8-a-3-m-ideale-petit-leurre\\\/#breadcrumb\"},\"inLanguage\":\"fr-FR\",\"potentialAction\":[{\"@type\":\"ReadAction\",\"target\":[\"https:\\\/\\\/www.aiguiller.com\\\/blog\\\/product\\\/canne-a-peche-ultra-legere-en-carbone-de-1-8-a-3-m-ideale-petit-leurre\\\/\"]}]},{\"@type\":\"ImageObject\",\"inLanguage\":\"fr-FR\",\"@id\":\"https:\\\/\\\/www.aiguiller.com\\\/blog\\\/product\\\/canne-a-peche-ultra-legere-en-carbone-de-1-8-a-3-m-ideale-petit-leurre\\\/#primaryimage\",\"url\":\"https:\\\/\\\/ae01.alicdn.com\\\/kf\\\/Sf57e547cd71648da94947cbf81dfdba6J\\\/BIUTIFU-Leurre-ultral-ger-en-carbone-T800Carbon-Baitcasting-adapt-la-p-che-aux-roches-3-0.jpg\",\"contentUrl\":\"https:\\\/\\\/ae01.alicdn.com\\\/kf\\\/Sf57e547cd71648da94947cbf81dfdba6J\\\/BIUTIFU-Leurre-ultral-ger-en-carbone-T800Carbon-Baitcasting-adapt-la-p-che-aux-roches-3-0.jpg\",\"width\":800,\"height\":800,\"caption\":\"Canne \u00e0 p\u00eache ultra-l\u00e9g\u00e8re en carbone de 1.8 \u00e0 3 m id\u00e9ale petit leurre 1\"},{\"@type\":\"BreadcrumbList\",\"@id\":\"https:\\\/\\\/www.aiguiller.com\\\/blog\\\/product\\\/canne-a-peche-ultra-legere-en-carbone-de-1-8-a-3-m-ideale-petit-leurre\\\/#breadcrumb\",\"itemListElement\":[{\"@type\":\"ListItem\",\"position\":1,\"name\":\"Accueil\",\"item\":\"https:\\\/\\\/www.aiguiller.com\\\/blog\\\/\"},{\"@type\":\"ListItem\",\"position\":2,\"name\":\"Boutique d&#8217;articles de p\u00eache\",\"item\":\"https:\\\/\\\/www.aiguiller.com\\\/blog\\\/shop\\\/\"},{\"@type\":\"ListItem\",\"position\":3,\"name\":\"Canne \u00e0 p\u00eache ultra-l\u00e9g\u00e8re en carbone de 1.8 \u00e0 3 m id\u00e9ale petit leurre\"}]},{\"@type\":\"WebSite\",\"@id\":\"https:\\\/\\\/www.aiguiller.com\\\/blog\\\/#website\",\"url\":\"https:\\\/\\\/www.aiguiller.com\\\/blog\\\/\",\"name\":\"Articles de p\u00eache pas cher: aiguiller.com\",\"description\":\"Mat\u00e9riel de p\u00eache \u00e0 bas prix\",\"publisher\":{\"@id\":\"https:\\\/\\\/www.aiguiller.com\\\/blog\\\/#organization\"},\"potentialAction\":[{\"@type\":\"SearchAction\",\"target\":{\"@type\":\"EntryPoint\",\"urlTemplate\":\"https:\\\/\\\/www.aiguiller.com\\\/blog\\\/?s={search_term_string}\"},\"query-input\":{\"@type\":\"PropertyValueSpecification\",\"valueRequired\":true,\"valueName\":\"search_term_string\"}}],\"inLanguage\":\"fr-FR\"},{\"@type\":\"Organization\",\"@id\":\"https:\\\/\\\/www.aiguiller.com\\\/blog\\\/#organization\",\"name\":\"Articles de p\u00eache pas cher: aiguiller.com\",\"url\":\"https:\\\/\\\/www.aiguiller.com\\\/blog\\\/\",\"logo\":{\"@type\":\"ImageObject\",\"inLanguage\":\"fr-FR\",\"@id\":\"https:\\\/\\\/www.aiguiller.com\\\/blog\\\/#\\\/schema\\\/logo\\\/image\\\/\",\"url\":\"https:\\\/\\\/www.aiguiller.com\\\/blog\\\/wp-content\\\/uploads\\\/2025\\\/07\\\/boutique-gilet-de-peche.png\",\"contentUrl\":\"https:\\\/\\\/www.aiguiller.com\\\/blog\\\/wp-content\\\/uploads\\\/2025\\\/07\\\/boutique-gilet-de-peche.png\",\"width\":395,\"height\":310,\"caption\":\"Articles de p\u00eache pas cher: aiguiller.com\"},\"image\":{\"@id\":\"https:\\\/\\\/www.aiguiller.com\\\/blog\\\/#\\\/schema\\\/logo\\\/image\\\/\"},\"sameAs\":[\"https:\\\/\\\/www.facebook.com\\\/people\\\/Les-nouvelles-du-pcheur\\\/100071000092723\\\/\"]}]}<\/script>\n<!-- \/ Yoast SEO plugin. -->","yoast_head_json":{"title":"canne a p\u00eache ultra l\u00e9g\u00e8re en carbone 1,8 \u00e0 3 m","description":"D\u00e9couvrez notre canne \u00e0 p\u00eache ultra-l\u00e9g\u00e8re en carbone. Disponible dans diff\u00e9rentes tailles allant de 1,8 m \u00e0 3 m de longeur.","robots":{"index":"index","follow":"follow","max-snippet":"max-snippet:-1","max-image-preview":"max-image-preview:large","max-video-preview":"max-video-preview:-1"},"canonical":"https:\/\/www.aiguiller.com\/blog\/product\/canne-a-peche-ultra-legere-en-carbone-de-1-8-a-3-m-ideale-petit-leurre\/","og_locale":"fr_FR","og_type":"article","og_title":"canne a p\u00eache ultra l\u00e9g\u00e8re en carbone 1,8 \u00e0 3 m","og_description":"D\u00e9couvrez notre canne \u00e0 p\u00eache ultra-l\u00e9g\u00e8re en carbone. Disponible dans diff\u00e9rentes tailles allant de 1,8 m \u00e0 3 m de longeur.","og_url":"https:\/\/www.aiguiller.com\/blog\/product\/canne-a-peche-ultra-legere-en-carbone-de-1-8-a-3-m-ideale-petit-leurre\/","og_site_name":"Articles de p\u00eache pas cher: aiguiller.com","article_publisher":"https:\/\/www.facebook.com\/people\/Les-nouvelles-du-pcheur\/100071000092723\/","article_modified_time":"2025-07-21T18:28:48+00:00","og_image":[{"width":800,"height":800,"url":"https:\/\/ae01.alicdn.com\/kf\/Sf57e547cd71648da94947cbf81dfdba6J\/BIUTIFU-Leurre-ultral-ger-en-carbone-T800Carbon-Baitcasting-adapt-la-p-che-aux-roches-3-0.jpg","type":"image\/jpeg"}],"twitter_card":"summary_large_image","twitter_misc":{"Dur\u00e9e de lecture estim\u00e9e":"3 minutes"},"schema":{"@context":"https:\/\/schema.org","@graph":[{"@type":"WebPage","@id":"https:\/\/www.aiguiller.com\/blog\/product\/canne-a-peche-ultra-legere-en-carbone-de-1-8-a-3-m-ideale-petit-leurre\/","url":"https:\/\/www.aiguiller.com\/blog\/product\/canne-a-peche-ultra-legere-en-carbone-de-1-8-a-3-m-ideale-petit-leurre\/","name":"canne a p\u00eache ultra l\u00e9g\u00e8re en carbone 1,8 \u00e0 3 m","isPartOf":{"@id":"https:\/\/www.aiguiller.com\/blog\/#website"},"primaryImageOfPage":{"@id":"https:\/\/www.aiguiller.com\/blog\/product\/canne-a-peche-ultra-legere-en-carbone-de-1-8-a-3-m-ideale-petit-leurre\/#primaryimage"},"image":{"@id":"https:\/\/www.aiguiller.com\/blog\/product\/canne-a-peche-ultra-legere-en-carbone-de-1-8-a-3-m-ideale-petit-leurre\/#primaryimage"},"thumbnailUrl":"https:\/\/ae01.alicdn.com\/kf\/Sf57e547cd71648da94947cbf81dfdba6J\/BIUTIFU-Leurre-ultral-ger-en-carbone-T800Carbon-Baitcasting-adapt-la-p-che-aux-roches-3-0.jpg","datePublished":"2025-07-09T18:02:37+00:00","dateModified":"2025-07-21T18:28:48+00:00","description":"D\u00e9couvrez notre canne \u00e0 p\u00eache ultra-l\u00e9g\u00e8re en carbone. Disponible dans diff\u00e9rentes tailles allant de 1,8 m \u00e0 3 m de longeur.","breadcrumb":{"@id":"https:\/\/www.aiguiller.com\/blog\/product\/canne-a-peche-ultra-legere-en-carbone-de-1-8-a-3-m-ideale-petit-leurre\/#breadcrumb"},"inLanguage":"fr-FR","potentialAction":[{"@type":"ReadAction","target":["https:\/\/www.aiguiller.com\/blog\/product\/canne-a-peche-ultra-legere-en-carbone-de-1-8-a-3-m-ideale-petit-leurre\/"]}]},{"@type":"ImageObject","inLanguage":"fr-FR","@id":"https:\/\/www.aiguiller.com\/blog\/product\/canne-a-peche-ultra-legere-en-carbone-de-1-8-a-3-m-ideale-petit-leurre\/#primaryimage","url":"https:\/\/ae01.alicdn.com\/kf\/Sf57e547cd71648da94947cbf81dfdba6J\/BIUTIFU-Leurre-ultral-ger-en-carbone-T800Carbon-Baitcasting-adapt-la-p-che-aux-roches-3-0.jpg","contentUrl":"https:\/\/ae01.alicdn.com\/kf\/Sf57e547cd71648da94947cbf81dfdba6J\/BIUTIFU-Leurre-ultral-ger-en-carbone-T800Carbon-Baitcasting-adapt-la-p-che-aux-roches-3-0.jpg","width":800,"height":800,"caption":"Canne \u00e0 p\u00eache ultra-l\u00e9g\u00e8re en carbone de 1.8 \u00e0 3 m id\u00e9ale petit leurre 1"},{"@type":"BreadcrumbList","@id":"https:\/\/www.aiguiller.com\/blog\/product\/canne-a-peche-ultra-legere-en-carbone-de-1-8-a-3-m-ideale-petit-leurre\/#breadcrumb","itemListElement":[{"@type":"ListItem","position":1,"name":"Accueil","item":"https:\/\/www.aiguiller.com\/blog\/"},{"@type":"ListItem","position":2,"name":"Boutique d&#8217;articles de p\u00eache","item":"https:\/\/www.aiguiller.com\/blog\/shop\/"},{"@type":"ListItem","position":3,"name":"Canne \u00e0 p\u00eache ultra-l\u00e9g\u00e8re en carbone de 1.8 \u00e0 3 m id\u00e9ale petit leurre"}]},{"@type":"WebSite","@id":"https:\/\/www.aiguiller.com\/blog\/#website","url":"https:\/\/www.aiguiller.com\/blog\/","name":"Articles de p\u00eache pas cher: aiguiller.com","description":"Mat\u00e9riel de p\u00eache \u00e0 bas prix","publisher":{"@id":"https:\/\/www.aiguiller.com\/blog\/#organization"},"potentialAction":[{"@type":"SearchAction","target":{"@type":"EntryPoint","urlTemplate":"https:\/\/www.aiguiller.com\/blog\/?s={search_term_string}"},"query-input":{"@type":"PropertyValueSpecification","valueRequired":true,"valueName":"search_term_string"}}],"inLanguage":"fr-FR"},{"@type":"Organization","@id":"https:\/\/www.aiguiller.com\/blog\/#organization","name":"Articles de p\u00eache pas cher: aiguiller.com","url":"https:\/\/www.aiguiller.com\/blog\/","logo":{"@type":"ImageObject","inLanguage":"fr-FR","@id":"https:\/\/www.aiguiller.com\/blog\/#\/schema\/logo\/image\/","url":"https:\/\/www.aiguiller.com\/blog\/wp-content\/uploads\/2025\/07\/boutique-gilet-de-peche.png","contentUrl":"https:\/\/www.aiguiller.com\/blog\/wp-content\/uploads\/2025\/07\/boutique-gilet-de-peche.png","width":395,"height":310,"caption":"Articles de p\u00eache pas cher: aiguiller.com"},"image":{"@id":"https:\/\/www.aiguiller.com\/blog\/#\/schema\/logo\/image\/"},"sameAs":["https:\/\/www.facebook.com\/people\/Les-nouvelles-du-pcheur\/100071000092723\/"]}]}},"_links":{"self":[{"href":"https:\/\/www.aiguiller.com\/blog\/wp-json\/wp\/v2\/product\/770","targetHints":{"allow":["GET"]}}],"collection":[{"href":"https:\/\/www.aiguiller.com\/blog\/wp-json\/wp\/v2\/product"}],"about":[{"href":"https:\/\/www.aiguiller.com\/blog\/wp-json\/wp\/v2\/types\/product"}],"replies":[{"embeddable":true,"href":"https:\/\/www.aiguiller.com\/blog\/wp-json\/wp\/v2\/comments?post=770"}],"wp:featuredmedia":[{"embeddable":true,"href":"https:\/\/www.aiguiller.com\/blog\/wp-json\/wp\/v2\/media\/771"}],"wp:attachment":[{"href":"https:\/\/www.aiguiller.com\/blog\/wp-json\/wp\/v2\/media?parent=770"}],"wp:term":[{"taxonomy":"product_brand","embeddable":true,"href":"https:\/\/www.aiguiller.com\/blog\/wp-json\/wp\/v2\/product_brand?post=770"},{"taxonomy":"product_cat","embeddable":true,"href":"https:\/\/www.aiguiller.com\/blog\/wp-json\/wp\/v2\/product_cat?post=770"},{"taxonomy":"product_tag","embeddable":true,"href":"https:\/\/www.aiguiller.com\/blog\/wp-json\/wp\/v2\/product_tag?post=770"}],"curies":[{"name":"wp","href":"https:\/\/api.w.org\/{rel}","templated":true}]}}