{"id":737,"date":"2025-07-09T18:27:45","date_gmt":"2025-07-09T17:27:45","guid":{"rendered":"https:\/\/www.aiguiller.com\/blog\/?post_type=product&#038;p=737"},"modified":"2025-07-21T19:24:38","modified_gmt":"2025-07-21T18:24:38","slug":"bobine-de-fils-de-peche-fluorocarbone-pas-cher-de-120m-fils-transparent","status":"publish","type":"product","link":"https:\/\/www.aiguiller.com\/blog\/product\/bobine-de-fils-de-peche-fluorocarbone-pas-cher-de-120m-fils-transparent\/","title":{"rendered":"Bobine de fils de p\u00eache fluorocarbone pas cher de 120M, fils transparent"},"content":{"rendered":"<h3 data-start=\"131\" data-end=\"234\">\ud83c\udfa3 bobine Fil Fluorocarbone Transparent 120 m \u2013 Haute R\u00e9sistance, Discret &amp; Polyvalent (0,14 mm \u00e0 0,45 mm)<\/h3>\n<p data-start=\"236\" data-end=\"543\"><strong data-start=\"236\" data-end=\"285\">Cette Bobine de fils de peche fluorocarbone est sp\u00e9cialement con\u00e7u pour la p\u00eache en eau douce. <\/strong>Ce fil fluorocarbone transparent combine <strong data-start=\"328\" data-end=\"393\">invisibilit\u00e9, r\u00e9sistance \u00e0 l\u2019abrasion et sensibilit\u00e9 maximale<\/strong>. Disponible en plusieurs diam\u00e8tres (de 14\/100 \u00e0 45\/100), il s\u2019adapte \u00e0 toutes les techniques de p\u00eache : carnassiers, truites, perches, brochets, etc.<\/p>\n<hr data-start=\"545\" data-end=\"548\" \/>\n<h4 data-start=\"550\" data-end=\"591\">\u2705 <strong data-start=\"557\" data-end=\"591\">Caract\u00e9ristiques principales :<\/strong><\/h4>\n<ul data-start=\"593\" data-end=\"1552\">\n<li data-start=\"593\" data-end=\"784\">\n<p data-start=\"595\" data-end=\"784\"><strong data-start=\"595\" data-end=\"634\">\ud83d\udd0d Invisibilit\u00e9 totale sous l\u2019eau :<\/strong><br data-start=\"634\" data-end=\"637\" \/>Fabriqu\u00e9 en fluorocarbone 100 % pur, ce <a href=\"https:\/\/www.aiguiller.com\/blog\/product-category\/fils-de-peche-pas-cher\/\">fil pas cher<\/a> est pratiquement invisible une fois immerg\u00e9 \u2013 id\u00e9al pour les poissons m\u00e9fiants dans les eaux claires.<\/p>\n<\/li>\n<li data-start=\"786\" data-end=\"990\">\n<p data-start=\"788\" data-end=\"990\"><strong data-start=\"788\" data-end=\"826\">\ud83d\udcaa Haute r\u00e9sistance \u00e0 l\u2019abrasion :<\/strong><br data-start=\"826\" data-end=\"829\" \/>Parfait pour les zones encombr\u00e9es, les obstacles ou les fonds rocailleux. Il r\u00e9siste aux frottements et garde toute sa solidit\u00e9, m\u00eame apr\u00e8s plusieurs sessions.<\/p>\n<\/li>\n<li data-start=\"992\" data-end=\"1172\">\n<p data-start=\"994\" data-end=\"1172\"><strong data-start=\"994\" data-end=\"1028\">\ud83c\udfaf Sensibilit\u00e9 et r\u00e9activit\u00e9 :<\/strong><br data-start=\"1028\" data-end=\"1031\" \/>Gr\u00e2ce \u00e0 sa faible \u00e9lasticit\u00e9, le fil transmet parfaitement les touches, m\u00eame les plus discr\u00e8tes. Id\u00e9al pour les p\u00eaches fines ou techniques.<\/p>\n<\/li>\n<li data-start=\"1174\" data-end=\"1365\">\n<p data-start=\"1176\" data-end=\"1365\"><strong data-start=\"1176\" data-end=\"1209\">\u2696\ufe0f Large choix de diam\u00e8tres :<\/strong><br data-start=\"1209\" data-end=\"1212\" \/>Disponible de <strong data-start=\"1228\" data-end=\"1248\">0,14 mm (14\/100)<\/strong> \u00e0 <strong data-start=\"1251\" data-end=\"1282\">0,45 mm (45\/100 \u2013 31,28 lb)<\/strong> pour couvrir tous les besoins, du montage discret au combat avec de gros poissons.<\/p>\n<\/li>\n<li data-start=\"1367\" data-end=\"1552\">\n<p data-start=\"1369\" data-end=\"1552\"><strong data-start=\"1369\" data-end=\"1393\">\ud83c\udf0a Usage eau douce :<\/strong><br data-start=\"1393\" data-end=\"1396\" \/>Con\u00e7u sp\u00e9cifiquement pour les environnements d\u2019eau douce : rivi\u00e8res, \u00e9tangs, lacs. Parfait pour la p\u00eache \u00e0 la truite, au brochet, au sandre ou \u00e0 la carpe.<\/p>\n<\/li>\n<\/ul>\n<hr data-start=\"1554\" data-end=\"1557\" \/>\n<h4 data-start=\"1559\" data-end=\"1598\">\ud83d\udcd0 <strong data-start=\"1567\" data-end=\"1598\">Sp\u00e9cifications techniques :<\/strong><\/h4>\n<ul data-start=\"1600\" data-end=\"1858\">\n<li data-start=\"1600\" data-end=\"1629\">\n<p data-start=\"1602\" data-end=\"1629\"><strong data-start=\"1602\" data-end=\"1616\">Longueur :<\/strong> 120 m\u00e8tres<\/p>\n<\/li>\n<li data-start=\"1630\" data-end=\"1680\">\n<p data-start=\"1632\" data-end=\"1680\"><strong data-start=\"1632\" data-end=\"1657\">Diam\u00e8tre disponible :<\/strong> de 0,14 mm \u00e0 0,45 mm<\/p>\n<\/li>\n<li data-start=\"1681\" data-end=\"1739\">\n<p data-start=\"1683\" data-end=\"1739\"><strong data-start=\"1683\" data-end=\"1703\">R\u00e9sistance max :<\/strong> jusqu\u2019\u00e0 31,28 lb (pour le 45\/100)<\/p>\n<\/li>\n<li data-start=\"1740\" data-end=\"1769\">\n<p data-start=\"1742\" data-end=\"1769\"><strong data-start=\"1742\" data-end=\"1755\">Couleur :<\/strong> Transparent<\/p>\n<\/li>\n<li data-start=\"1770\" data-end=\"1808\">\n<p data-start=\"1772\" data-end=\"1808\"><strong data-start=\"1772\" data-end=\"1786\">Mat\u00e9riau :<\/strong> 100 % Fluorocarbone<\/p>\n<\/li>\n<li data-start=\"1809\" data-end=\"1858\">\n<p data-start=\"1811\" data-end=\"1858\"><strong data-start=\"1811\" data-end=\"1828\">Utilisation :<\/strong> P\u00eache en eau douce uniquement<\/p>\n<\/li>\n<\/ul>\n<hr data-start=\"1860\" data-end=\"1863\" \/>\n<h4 data-start=\"1865\" data-end=\"1891\">\ud83d\udce6 Contenu du colis :<\/h4>\n<ul data-start=\"1892\" data-end=\"1945\">\n<li data-start=\"1892\" data-end=\"1945\">\n<p data-start=\"1894\" data-end=\"1945\">1 x Bobine de fil fluorocarbone transparent pas ch\u00e8re (120 m)<\/p>\n<\/li>\n<\/ul>\n<hr data-start=\"1947\" data-end=\"1950\" \/>\n<h3 data-start=\"1952\" data-end=\"1998\">\ud83d\udc1f Pourquoi choisir ce fil de p\u00eache fluorocarbone pas cher?<\/h3>\n<p data-start=\"2000\" data-end=\"2269\">Ce fil fluorocarbone est un <strong data-start=\"2028\" data-end=\"2087\">alli\u00e9 indispensable pour une p\u00eache discr\u00e8te et efficace<\/strong>. Sa polyvalence, sa r\u00e9sistance et son invisibilit\u00e9 en font un choix id\u00e9al pour tout p\u00eacheur souhaitant <strong data-start=\"2191\" data-end=\"2222\">augmenter son taux de prise<\/strong>, m\u00eame dans les conditions les plus exigeantes.<\/p>\n","protected":false},"excerpt":{"rendered":"<ul>\n<li data-start=\"26\" data-end=\"103\">\n<p data-start=\"28\" data-end=\"103\">\ud83d\udd0d <strong data-start=\"31\" data-end=\"48\">Ultra discret<\/strong> : Invisible sous l\u2019eau, id\u00e9al pour poissons m\u00e9fiants<\/p>\n<\/li>\n<li data-start=\"104\" data-end=\"177\">\n<p data-start=\"106\" data-end=\"177\">\ud83d\udcaa <strong data-start=\"109\" data-end=\"127\">Tr\u00e8s r\u00e9sistant<\/strong> : Parfait en zones encombr\u00e9es ou fonds abrasifs<\/p>\n<\/li>\n<li data-start=\"178\" data-end=\"252\" data-is-last-node=\"\">\n<p data-start=\"180\" data-end=\"252\" data-is-last-node=\"\">\ud83c\udfaf <strong data-start=\"183\" data-end=\"204\">Haute sensibilit\u00e9<\/strong> : D\u00e9tecte les touches les plus fines sans d\u00e9lai<\/p>\n<\/li>\n<\/ul>\n","protected":false},"featured_media":757,"comment_status":"open","ping_status":"closed","template":"","meta":[],"product_brand":[],"product_cat":[27],"product_tag":[],"class_list":{"0":"post-737","1":"product","2":"type-product","3":"status-publish","4":"has-post-thumbnail","6":"product_cat-fils-de-peche-pas-cher","7":"pa_numero-de-ligne-0-14mm-4-13lb","8":"pa_numero-de-ligne-0-165mm-5-39lb","9":"pa_numero-de-ligne-0-23mm-9-48lb","10":"pa_numero-de-ligne-0-26mm-11-86lb","11":"pa_numero-de-ligne-0-28mm-14-86lb","12":"pa_numero-de-ligne-0-3mm-15-71lb","13":"pa_numero-de-ligne-0-45mm-31-28lb","14":"pa_numero-de-ligne-0-5mm-34-32lb","15":"pa_numero-de-ligne-0-60mm-45lb","16":"pa_option-white","18":"first","19":"instock","20":"shipping-taxable","21":"purchasable","22":"product-type-variable"},"yoast_head":"<!-- This site is optimized with the Yoast SEO plugin v27.5 - https:\/\/yoast.com\/product\/yoast-seo-wordpress\/ -->\n<title>Bobine de 120 M de Fil fluorocarbone - haute r\u00e9sistance<\/title>\n<meta name=\"description\" content=\"Bobine de fils de peche de 120 m pas cher , retrouvez notre bobine de fluorocarbone enti\u00e8rement transparent pour la p\u00eache. nombreuses tailles dispo\" \/>\n<meta name=\"robots\" content=\"index, follow, max-snippet:-1, max-image-preview:large, max-video-preview:-1\" \/>\n<link rel=\"canonical\" href=\"https:\/\/www.aiguiller.com\/blog\/product\/bobine-de-fils-de-peche-fluorocarbone-pas-cher-de-120m-fils-transparent\/\" \/>\n<meta property=\"og:locale\" content=\"fr_FR\" \/>\n<meta property=\"og:type\" content=\"article\" \/>\n<meta property=\"og:title\" content=\"Bobine de 120 M de Fil fluorocarbone - haute r\u00e9sistance\" \/>\n<meta property=\"og:description\" content=\"Bobine de fils de peche de 120 m pas cher , retrouvez notre bobine de fluorocarbone enti\u00e8rement transparent pour la p\u00eache. nombreuses tailles dispo\" \/>\n<meta property=\"og:url\" content=\"https:\/\/www.aiguiller.com\/blog\/product\/bobine-de-fils-de-peche-fluorocarbone-pas-cher-de-120m-fils-transparent\/\" \/>\n<meta property=\"og:site_name\" content=\"Articles de p\u00eache pas cher: aiguiller.com\" \/>\n<meta property=\"article:publisher\" content=\"https:\/\/www.facebook.com\/people\/Les-nouvelles-du-pcheur\/100071000092723\/\" \/>\n<meta property=\"article:modified_time\" content=\"2025-07-21T18:24:38+00:00\" \/>\n<meta property=\"og:image\" content=\"https:\/\/www.aiguiller.com\/blog\/wp-content\/uploads\/2025\/07\/fils-pas-her-.png\" \/>\n\t<meta property=\"og:image:width\" content=\"250\" \/>\n\t<meta property=\"og:image:height\" content=\"234\" \/>\n\t<meta property=\"og:image:type\" content=\"image\/png\" \/>\n<meta name=\"twitter:card\" content=\"summary_large_image\" \/>\n<meta name=\"twitter:label1\" content=\"Dur\u00e9e de lecture estim\u00e9e\" \/>\n\t<meta name=\"twitter:data1\" content=\"2 minutes\" \/>\n<script type=\"application\/ld+json\" class=\"yoast-schema-graph\">{\"@context\":\"https:\\\/\\\/schema.org\",\"@graph\":[{\"@type\":\"WebPage\",\"@id\":\"https:\\\/\\\/www.aiguiller.com\\\/blog\\\/product\\\/bobine-de-fils-de-peche-fluorocarbone-pas-cher-de-120m-fils-transparent\\\/\",\"url\":\"https:\\\/\\\/www.aiguiller.com\\\/blog\\\/product\\\/bobine-de-fils-de-peche-fluorocarbone-pas-cher-de-120m-fils-transparent\\\/\",\"name\":\"Bobine de 120 M de Fil fluorocarbone - haute r\u00e9sistance\",\"isPartOf\":{\"@id\":\"https:\\\/\\\/www.aiguiller.com\\\/blog\\\/#website\"},\"primaryImageOfPage\":{\"@id\":\"https:\\\/\\\/www.aiguiller.com\\\/blog\\\/product\\\/bobine-de-fils-de-peche-fluorocarbone-pas-cher-de-120m-fils-transparent\\\/#primaryimage\"},\"image\":{\"@id\":\"https:\\\/\\\/www.aiguiller.com\\\/blog\\\/product\\\/bobine-de-fils-de-peche-fluorocarbone-pas-cher-de-120m-fils-transparent\\\/#primaryimage\"},\"thumbnailUrl\":\"https:\\\/\\\/www.aiguiller.com\\\/blog\\\/wp-content\\\/uploads\\\/2025\\\/07\\\/fils-pas-her-.png\",\"datePublished\":\"2025-07-09T17:27:45+00:00\",\"dateModified\":\"2025-07-21T18:24:38+00:00\",\"description\":\"Bobine de fils de peche de 120 m pas cher , retrouvez notre bobine de fluorocarbone enti\u00e8rement transparent pour la p\u00eache. nombreuses tailles dispo\",\"breadcrumb\":{\"@id\":\"https:\\\/\\\/www.aiguiller.com\\\/blog\\\/product\\\/bobine-de-fils-de-peche-fluorocarbone-pas-cher-de-120m-fils-transparent\\\/#breadcrumb\"},\"inLanguage\":\"fr-FR\",\"potentialAction\":[{\"@type\":\"ReadAction\",\"target\":[\"https:\\\/\\\/www.aiguiller.com\\\/blog\\\/product\\\/bobine-de-fils-de-peche-fluorocarbone-pas-cher-de-120m-fils-transparent\\\/\"]}]},{\"@type\":\"ImageObject\",\"inLanguage\":\"fr-FR\",\"@id\":\"https:\\\/\\\/www.aiguiller.com\\\/blog\\\/product\\\/bobine-de-fils-de-peche-fluorocarbone-pas-cher-de-120m-fils-transparent\\\/#primaryimage\",\"url\":\"https:\\\/\\\/www.aiguiller.com\\\/blog\\\/wp-content\\\/uploads\\\/2025\\\/07\\\/fils-pas-her-.png\",\"contentUrl\":\"https:\\\/\\\/www.aiguiller.com\\\/blog\\\/wp-content\\\/uploads\\\/2025\\\/07\\\/fils-pas-her-.png\",\"width\":250,\"height\":234},{\"@type\":\"BreadcrumbList\",\"@id\":\"https:\\\/\\\/www.aiguiller.com\\\/blog\\\/product\\\/bobine-de-fils-de-peche-fluorocarbone-pas-cher-de-120m-fils-transparent\\\/#breadcrumb\",\"itemListElement\":[{\"@type\":\"ListItem\",\"position\":1,\"name\":\"Accueil\",\"item\":\"https:\\\/\\\/www.aiguiller.com\\\/blog\\\/\"},{\"@type\":\"ListItem\",\"position\":2,\"name\":\"Boutique d&#8217;articles de p\u00eache\",\"item\":\"https:\\\/\\\/www.aiguiller.com\\\/blog\\\/shop\\\/\"},{\"@type\":\"ListItem\",\"position\":3,\"name\":\"Bobine de fils de p\u00eache fluorocarbone pas cher de 120M, fils transparent\"}]},{\"@type\":\"WebSite\",\"@id\":\"https:\\\/\\\/www.aiguiller.com\\\/blog\\\/#website\",\"url\":\"https:\\\/\\\/www.aiguiller.com\\\/blog\\\/\",\"name\":\"Articles de p\u00eache pas cher: aiguiller.com\",\"description\":\"Mat\u00e9riel de p\u00eache \u00e0 bas prix\",\"publisher\":{\"@id\":\"https:\\\/\\\/www.aiguiller.com\\\/blog\\\/#organization\"},\"potentialAction\":[{\"@type\":\"SearchAction\",\"target\":{\"@type\":\"EntryPoint\",\"urlTemplate\":\"https:\\\/\\\/www.aiguiller.com\\\/blog\\\/?s={search_term_string}\"},\"query-input\":{\"@type\":\"PropertyValueSpecification\",\"valueRequired\":true,\"valueName\":\"search_term_string\"}}],\"inLanguage\":\"fr-FR\"},{\"@type\":\"Organization\",\"@id\":\"https:\\\/\\\/www.aiguiller.com\\\/blog\\\/#organization\",\"name\":\"Articles de p\u00eache pas cher: aiguiller.com\",\"url\":\"https:\\\/\\\/www.aiguiller.com\\\/blog\\\/\",\"logo\":{\"@type\":\"ImageObject\",\"inLanguage\":\"fr-FR\",\"@id\":\"https:\\\/\\\/www.aiguiller.com\\\/blog\\\/#\\\/schema\\\/logo\\\/image\\\/\",\"url\":\"https:\\\/\\\/www.aiguiller.com\\\/blog\\\/wp-content\\\/uploads\\\/2025\\\/07\\\/boutique-gilet-de-peche.png\",\"contentUrl\":\"https:\\\/\\\/www.aiguiller.com\\\/blog\\\/wp-content\\\/uploads\\\/2025\\\/07\\\/boutique-gilet-de-peche.png\",\"width\":395,\"height\":310,\"caption\":\"Articles de p\u00eache pas cher: aiguiller.com\"},\"image\":{\"@id\":\"https:\\\/\\\/www.aiguiller.com\\\/blog\\\/#\\\/schema\\\/logo\\\/image\\\/\"},\"sameAs\":[\"https:\\\/\\\/www.facebook.com\\\/people\\\/Les-nouvelles-du-pcheur\\\/100071000092723\\\/\"]}]}<\/script>\n<!-- \/ Yoast SEO plugin. -->","yoast_head_json":{"title":"Bobine de 120 M de Fil fluorocarbone - haute r\u00e9sistance","description":"Bobine de fils de peche de 120 m pas cher , retrouvez notre bobine de fluorocarbone enti\u00e8rement transparent pour la p\u00eache. nombreuses tailles dispo","robots":{"index":"index","follow":"follow","max-snippet":"max-snippet:-1","max-image-preview":"max-image-preview:large","max-video-preview":"max-video-preview:-1"},"canonical":"https:\/\/www.aiguiller.com\/blog\/product\/bobine-de-fils-de-peche-fluorocarbone-pas-cher-de-120m-fils-transparent\/","og_locale":"fr_FR","og_type":"article","og_title":"Bobine de 120 M de Fil fluorocarbone - haute r\u00e9sistance","og_description":"Bobine de fils de peche de 120 m pas cher , retrouvez notre bobine de fluorocarbone enti\u00e8rement transparent pour la p\u00eache. nombreuses tailles dispo","og_url":"https:\/\/www.aiguiller.com\/blog\/product\/bobine-de-fils-de-peche-fluorocarbone-pas-cher-de-120m-fils-transparent\/","og_site_name":"Articles de p\u00eache pas cher: aiguiller.com","article_publisher":"https:\/\/www.facebook.com\/people\/Les-nouvelles-du-pcheur\/100071000092723\/","article_modified_time":"2025-07-21T18:24:38+00:00","og_image":[{"width":250,"height":234,"url":"https:\/\/www.aiguiller.com\/blog\/wp-content\/uploads\/2025\/07\/fils-pas-her-.png","type":"image\/png"}],"twitter_card":"summary_large_image","twitter_misc":{"Dur\u00e9e de lecture estim\u00e9e":"2 minutes"},"schema":{"@context":"https:\/\/schema.org","@graph":[{"@type":"WebPage","@id":"https:\/\/www.aiguiller.com\/blog\/product\/bobine-de-fils-de-peche-fluorocarbone-pas-cher-de-120m-fils-transparent\/","url":"https:\/\/www.aiguiller.com\/blog\/product\/bobine-de-fils-de-peche-fluorocarbone-pas-cher-de-120m-fils-transparent\/","name":"Bobine de 120 M de Fil fluorocarbone - haute r\u00e9sistance","isPartOf":{"@id":"https:\/\/www.aiguiller.com\/blog\/#website"},"primaryImageOfPage":{"@id":"https:\/\/www.aiguiller.com\/blog\/product\/bobine-de-fils-de-peche-fluorocarbone-pas-cher-de-120m-fils-transparent\/#primaryimage"},"image":{"@id":"https:\/\/www.aiguiller.com\/blog\/product\/bobine-de-fils-de-peche-fluorocarbone-pas-cher-de-120m-fils-transparent\/#primaryimage"},"thumbnailUrl":"https:\/\/www.aiguiller.com\/blog\/wp-content\/uploads\/2025\/07\/fils-pas-her-.png","datePublished":"2025-07-09T17:27:45+00:00","dateModified":"2025-07-21T18:24:38+00:00","description":"Bobine de fils de peche de 120 m pas cher , retrouvez notre bobine de fluorocarbone enti\u00e8rement transparent pour la p\u00eache. nombreuses tailles dispo","breadcrumb":{"@id":"https:\/\/www.aiguiller.com\/blog\/product\/bobine-de-fils-de-peche-fluorocarbone-pas-cher-de-120m-fils-transparent\/#breadcrumb"},"inLanguage":"fr-FR","potentialAction":[{"@type":"ReadAction","target":["https:\/\/www.aiguiller.com\/blog\/product\/bobine-de-fils-de-peche-fluorocarbone-pas-cher-de-120m-fils-transparent\/"]}]},{"@type":"ImageObject","inLanguage":"fr-FR","@id":"https:\/\/www.aiguiller.com\/blog\/product\/bobine-de-fils-de-peche-fluorocarbone-pas-cher-de-120m-fils-transparent\/#primaryimage","url":"https:\/\/www.aiguiller.com\/blog\/wp-content\/uploads\/2025\/07\/fils-pas-her-.png","contentUrl":"https:\/\/www.aiguiller.com\/blog\/wp-content\/uploads\/2025\/07\/fils-pas-her-.png","width":250,"height":234},{"@type":"BreadcrumbList","@id":"https:\/\/www.aiguiller.com\/blog\/product\/bobine-de-fils-de-peche-fluorocarbone-pas-cher-de-120m-fils-transparent\/#breadcrumb","itemListElement":[{"@type":"ListItem","position":1,"name":"Accueil","item":"https:\/\/www.aiguiller.com\/blog\/"},{"@type":"ListItem","position":2,"name":"Boutique d&#8217;articles de p\u00eache","item":"https:\/\/www.aiguiller.com\/blog\/shop\/"},{"@type":"ListItem","position":3,"name":"Bobine de fils de p\u00eache fluorocarbone pas cher de 120M, fils transparent"}]},{"@type":"WebSite","@id":"https:\/\/www.aiguiller.com\/blog\/#website","url":"https:\/\/www.aiguiller.com\/blog\/","name":"Articles de p\u00eache pas cher: aiguiller.com","description":"Mat\u00e9riel de p\u00eache \u00e0 bas prix","publisher":{"@id":"https:\/\/www.aiguiller.com\/blog\/#organization"},"potentialAction":[{"@type":"SearchAction","target":{"@type":"EntryPoint","urlTemplate":"https:\/\/www.aiguiller.com\/blog\/?s={search_term_string}"},"query-input":{"@type":"PropertyValueSpecification","valueRequired":true,"valueName":"search_term_string"}}],"inLanguage":"fr-FR"},{"@type":"Organization","@id":"https:\/\/www.aiguiller.com\/blog\/#organization","name":"Articles de p\u00eache pas cher: aiguiller.com","url":"https:\/\/www.aiguiller.com\/blog\/","logo":{"@type":"ImageObject","inLanguage":"fr-FR","@id":"https:\/\/www.aiguiller.com\/blog\/#\/schema\/logo\/image\/","url":"https:\/\/www.aiguiller.com\/blog\/wp-content\/uploads\/2025\/07\/boutique-gilet-de-peche.png","contentUrl":"https:\/\/www.aiguiller.com\/blog\/wp-content\/uploads\/2025\/07\/boutique-gilet-de-peche.png","width":395,"height":310,"caption":"Articles de p\u00eache pas cher: aiguiller.com"},"image":{"@id":"https:\/\/www.aiguiller.com\/blog\/#\/schema\/logo\/image\/"},"sameAs":["https:\/\/www.facebook.com\/people\/Les-nouvelles-du-pcheur\/100071000092723\/"]}]}},"_links":{"self":[{"href":"https:\/\/www.aiguiller.com\/blog\/wp-json\/wp\/v2\/product\/737","targetHints":{"allow":["GET"]}}],"collection":[{"href":"https:\/\/www.aiguiller.com\/blog\/wp-json\/wp\/v2\/product"}],"about":[{"href":"https:\/\/www.aiguiller.com\/blog\/wp-json\/wp\/v2\/types\/product"}],"replies":[{"embeddable":true,"href":"https:\/\/www.aiguiller.com\/blog\/wp-json\/wp\/v2\/comments?post=737"}],"wp:featuredmedia":[{"embeddable":true,"href":"https:\/\/www.aiguiller.com\/blog\/wp-json\/wp\/v2\/media\/757"}],"wp:attachment":[{"href":"https:\/\/www.aiguiller.com\/blog\/wp-json\/wp\/v2\/media?parent=737"}],"wp:term":[{"taxonomy":"product_brand","embeddable":true,"href":"https:\/\/www.aiguiller.com\/blog\/wp-json\/wp\/v2\/product_brand?post=737"},{"taxonomy":"product_cat","embeddable":true,"href":"https:\/\/www.aiguiller.com\/blog\/wp-json\/wp\/v2\/product_cat?post=737"},{"taxonomy":"product_tag","embeddable":true,"href":"https:\/\/www.aiguiller.com\/blog\/wp-json\/wp\/v2\/product_tag?post=737"}],"curies":[{"name":"wp","href":"https:\/\/api.w.org\/{rel}","templated":true}]}}