{"id":597,"date":"2025-07-08T18:14:26","date_gmt":"2025-07-08T17:14:26","guid":{"rendered":"https:\/\/www.aiguiller.com\/blog\/?post_type=product&#038;p=597"},"modified":"2025-07-21T19:16:48","modified_gmt":"2025-07-21T18:16:48","slug":"boite-dhamecons-de-peche-en-acier-carbone-hamecon-circulaire-argente-50-1600-pieces-boite","status":"publish","type":"product","link":"https:\/\/www.aiguiller.com\/blog\/product\/boite-dhamecons-de-peche-en-acier-carbone-hamecon-circulaire-argente-50-1600-pieces-boite\/","title":{"rendered":"Boite d&#8217;Hame\u00e7ons \u00e0 oeillets de p\u00eache en acier carbone,  50-1600 pi\u00e8ces\/bo\u00eete"},"content":{"rendered":"<h3 data-start=\"158\" data-end=\"230\">\ud83d\udc1f Bo\u00eete d\u2019Hame\u00e7ons \u00e0 oeillets\u00a0 Hooksand \u2013 50 \u00e0 1600 pi\u00e8ces, 10 tailles<\/h3>\n<p data-start=\"232\" data-end=\"455\">\u00c0 la recherche d\u2019un <strong data-start=\"252\" data-end=\"318\">ensemble d\u2019<a href=\"https:\/\/www.aiguiller.com\/blog\/product-category\/hamecons-pas-cher\/\">hame\u00e7ons de p\u00eache pas cher<\/a>, fiables, robustes et bien aff\u00fbt\u00e9s<\/strong> ? D\u00e9couvrez notre <strong data-start=\"337\" data-end=\"366\">bo\u00eete d\u2019hame\u00e7ons \u00e0 oeillet Hooksand<\/strong>, disponible en sets de <strong data-start=\"390\" data-end=\"410\">50 \u00e0 1600 pi\u00e8ces<\/strong>, pour s\u2019adapter \u00e0 tous vos besoins de p\u00eache.<\/p>\n<p data-start=\"457\" data-end=\"688\">Fabriqu\u00e9s en <strong data-start=\"470\" data-end=\"509\">acier carbone noir haute r\u00e9sistance<\/strong>, ces hame\u00e7ons \u00e0 oeillets offrent une <strong data-start=\"536\" data-end=\"611\">excellente durabilit\u00e9, une grande solidit\u00e9 et une pointe ultra-piquante.<\/strong> Permettant de garantir un ferrage efficace, m\u00eame sur les poissons les plus combatifs.<\/p>\n<p data-start=\"690\" data-end=\"1059\">\u2705 <strong data-start=\"692\" data-end=\"731\">10 tailles disponibles (du 3 au 12)<\/strong> pour couvrir un large \u00e9ventail de techniques et de conditions de p\u00eache, que ce soit en eau douce ou sal\u00e9e.<br data-start=\"838\" data-end=\"841\" \/>\u2705 Chaque hame\u00e7on est <strong data-start=\"862\" data-end=\"885\">pr\u00e9cis\u00e9ment aiguis\u00e9<\/strong> pour maximiser le taux de prise.<br data-start=\"918\" data-end=\"921\" \/>\u2705 Livr\u00e9s dans une <strong data-start=\"939\" data-end=\"982\">bo\u00eete de rangement pratique et compacte<\/strong>, id\u00e9ale pour garder vos hame\u00e7ons organis\u00e9s et prot\u00e9g\u00e9s pendant vos sessions.<\/p>\n<p data-start=\"1061\" data-end=\"1205\">Que vous soyez un <strong data-start=\"1079\" data-end=\"1114\">p\u00eacheur d\u00e9butant ou exp\u00e9riment\u00e9<\/strong>, la qualit\u00e9 Hooksand vous assure <strong data-start=\"1148\" data-end=\"1188\">performance, fiabilit\u00e9 et efficacit\u00e9<\/strong> \u00e0 chaque lancer.<\/p>\n<hr data-start=\"1207\" data-end=\"1210\" \/>\n<p data-start=\"1212\" data-end=\"1235\"><strong data-start=\"1212\" data-end=\"1233\">Contenu du pack\u00a0 d&#8217;hame\u00e7ons \u00e0 oeillet:<\/strong><\/p>\n<ul data-start=\"1236\" data-end=\"1365\">\n<li data-start=\"1236\" data-end=\"1300\">\n<p data-start=\"1238\" data-end=\"1300\">50 \/ 100 \/ 200 \/ 400 \/ 600 \/ 1000 \/ 1600 hame\u00e7ons avec oeillets (au choix)<\/p>\n<\/li>\n<li data-start=\"1301\" data-end=\"1336\">\n<p data-start=\"1303\" data-end=\"1336\">10 tailles assorties (3# \u00e0 12#)<\/p>\n<\/li>\n<li data-start=\"1337\" data-end=\"1365\">\n<p data-start=\"1339\" data-end=\"1365\">Bo\u00eete de rangement incluse<\/p>\n<\/li>\n<\/ul>\n<p>&nbsp;<\/p>\n","protected":false},"excerpt":{"rendered":"<ul>\n<li data-start=\"0\" data-end=\"55\">\n<p data-start=\"2\" data-end=\"55\"><strong>\ud83e\ude9d Jusqu\u2019\u00e0 1600 hame\u00e7ons \u00e0 \u0153illets en acier carbone<\/strong><\/p>\n<\/li>\n<li data-start=\"56\" data-end=\"102\">\n<p data-start=\"58\" data-end=\"102\"><strong>\ud83d\udd2a Pointe aff\u00fbt\u00e9e pour un ferrage efficace<\/strong><\/p>\n<\/li>\n<li data-start=\"103\" data-end=\"151\" data-is-last-node=\"\">\n<p data-start=\"105\" data-end=\"151\" data-is-last-node=\"\"><strong>\ud83c\udfaf 10 tailles assorties pour toutes vos p\u00eaches<\/strong><\/p>\n<\/li>\n<\/ul>\n","protected":false},"featured_media":598,"comment_status":"open","ping_status":"closed","template":"","meta":[],"product_brand":[],"product_cat":[25],"product_tag":[],"class_list":{"0":"post-597","1":"product","2":"type-product","3":"status-publish","4":"has-post-thumbnail","6":"product_cat-hamecons-pas-cher","7":"pa_option-1000pcs","8":"pa_option-100pcs","9":"pa_option-1600pcs","10":"pa_option-200pcs","11":"pa_option-400pcs","12":"pa_option-50pcs","13":"pa_option-600pcs","15":"first","16":"instock","17":"shipping-taxable","18":"purchasable","19":"product-type-variable"},"yoast_head":"<!-- This site is optimized with the Yoast SEO plugin v27.4 - https:\/\/yoast.com\/product\/yoast-seo-wordpress\/ -->\n<title>Boite d&#039;hame\u00e7ons de p\u00eache en acier carbone 50 \u00e0 1600 hame\u00e7ons<\/title>\n<meta name=\"description\" content=\"Boite d&#039;hame\u00e7ons \u00e0 oeillet pas ch\u00e8re. Achetez une boite compl\u00e8te d&#039;hame\u00e7ons \u00e0 oeillet de diff\u00e9rente tailles pour une p\u00eache de pr\u00e9cision.\" \/>\n<meta name=\"robots\" content=\"index, follow, max-snippet:-1, max-image-preview:large, max-video-preview:-1\" \/>\n<link rel=\"canonical\" href=\"https:\/\/www.aiguiller.com\/blog\/product\/boite-dhamecons-de-peche-en-acier-carbone-hamecon-circulaire-argente-50-1600-pieces-boite\/\" \/>\n<meta property=\"og:locale\" content=\"fr_FR\" \/>\n<meta property=\"og:type\" content=\"article\" \/>\n<meta property=\"og:title\" content=\"Boite d&#039;hame\u00e7ons de p\u00eache en acier carbone 50 \u00e0 1600 hame\u00e7ons\" \/>\n<meta property=\"og:description\" content=\"Boite d&#039;hame\u00e7ons \u00e0 oeillet pas ch\u00e8re. Achetez une boite compl\u00e8te d&#039;hame\u00e7ons \u00e0 oeillet de diff\u00e9rente tailles pour une p\u00eache de pr\u00e9cision.\" \/>\n<meta property=\"og:url\" content=\"https:\/\/www.aiguiller.com\/blog\/product\/boite-dhamecons-de-peche-en-acier-carbone-hamecon-circulaire-argente-50-1600-pieces-boite\/\" \/>\n<meta property=\"og:site_name\" content=\"Articles de p\u00eache pas cher: aiguiller.com\" \/>\n<meta property=\"article:publisher\" content=\"https:\/\/www.facebook.com\/people\/Les-nouvelles-du-pcheur\/100071000092723\/\" \/>\n<meta property=\"article:modified_time\" content=\"2025-07-21T18:16:48+00:00\" \/>\n<meta property=\"og:image\" content=\"https:\/\/ae01.alicdn.com\/kf\/S1adfbffd087b42eab54e1e8329190557e\/Hame-ons-de-p-che-en-acier-au-carbone-hame-on-circulaire-argent-fort-et-tranchant.jpg\" \/>\n\t<meta property=\"og:image:width\" content=\"800\" \/>\n\t<meta property=\"og:image:height\" content=\"800\" \/>\n\t<meta property=\"og:image:type\" content=\"image\/jpeg\" \/>\n<meta name=\"twitter:card\" content=\"summary_large_image\" \/>\n<meta name=\"twitter:label1\" content=\"Dur\u00e9e de lecture estim\u00e9e\" \/>\n\t<meta name=\"twitter:data1\" content=\"2 minutes\" \/>\n<script type=\"application\/ld+json\" class=\"yoast-schema-graph\">{\"@context\":\"https:\\\/\\\/schema.org\",\"@graph\":[{\"@type\":\"WebPage\",\"@id\":\"https:\\\/\\\/www.aiguiller.com\\\/blog\\\/product\\\/boite-dhamecons-de-peche-en-acier-carbone-hamecon-circulaire-argente-50-1600-pieces-boite\\\/\",\"url\":\"https:\\\/\\\/www.aiguiller.com\\\/blog\\\/product\\\/boite-dhamecons-de-peche-en-acier-carbone-hamecon-circulaire-argente-50-1600-pieces-boite\\\/\",\"name\":\"Boite d'hame\u00e7ons de p\u00eache en acier carbone 50 \u00e0 1600 hame\u00e7ons\",\"isPartOf\":{\"@id\":\"https:\\\/\\\/www.aiguiller.com\\\/blog\\\/#website\"},\"primaryImageOfPage\":{\"@id\":\"https:\\\/\\\/www.aiguiller.com\\\/blog\\\/product\\\/boite-dhamecons-de-peche-en-acier-carbone-hamecon-circulaire-argente-50-1600-pieces-boite\\\/#primaryimage\"},\"image\":{\"@id\":\"https:\\\/\\\/www.aiguiller.com\\\/blog\\\/product\\\/boite-dhamecons-de-peche-en-acier-carbone-hamecon-circulaire-argente-50-1600-pieces-boite\\\/#primaryimage\"},\"thumbnailUrl\":\"https:\\\/\\\/ae01.alicdn.com\\\/kf\\\/S1adfbffd087b42eab54e1e8329190557e\\\/Hame-ons-de-p-che-en-acier-au-carbone-hame-on-circulaire-argent-fort-et-tranchant.jpg\",\"datePublished\":\"2025-07-08T17:14:26+00:00\",\"dateModified\":\"2025-07-21T18:16:48+00:00\",\"description\":\"Boite d'hame\u00e7ons \u00e0 oeillet pas ch\u00e8re. Achetez une boite compl\u00e8te d'hame\u00e7ons \u00e0 oeillet de diff\u00e9rente tailles pour une p\u00eache de pr\u00e9cision.\",\"breadcrumb\":{\"@id\":\"https:\\\/\\\/www.aiguiller.com\\\/blog\\\/product\\\/boite-dhamecons-de-peche-en-acier-carbone-hamecon-circulaire-argente-50-1600-pieces-boite\\\/#breadcrumb\"},\"inLanguage\":\"fr-FR\",\"potentialAction\":[{\"@type\":\"ReadAction\",\"target\":[\"https:\\\/\\\/www.aiguiller.com\\\/blog\\\/product\\\/boite-dhamecons-de-peche-en-acier-carbone-hamecon-circulaire-argente-50-1600-pieces-boite\\\/\"]}]},{\"@type\":\"ImageObject\",\"inLanguage\":\"fr-FR\",\"@id\":\"https:\\\/\\\/www.aiguiller.com\\\/blog\\\/product\\\/boite-dhamecons-de-peche-en-acier-carbone-hamecon-circulaire-argente-50-1600-pieces-boite\\\/#primaryimage\",\"url\":\"https:\\\/\\\/ae01.alicdn.com\\\/kf\\\/S1adfbffd087b42eab54e1e8329190557e\\\/Hame-ons-de-p-che-en-acier-au-carbone-hame-on-circulaire-argent-fort-et-tranchant.jpg\",\"contentUrl\":\"https:\\\/\\\/ae01.alicdn.com\\\/kf\\\/S1adfbffd087b42eab54e1e8329190557e\\\/Hame-ons-de-p-che-en-acier-au-carbone-hame-on-circulaire-argent-fort-et-tranchant.jpg\",\"width\":800,\"height\":800,\"caption\":\"Boite d'Hame\u00e7ons de p\u00eache en acier carbone, hame\u00e7on circulaire argent\u00e9 50-1600 pi\u00e8ces\\\/bo\u00eete 1\"},{\"@type\":\"BreadcrumbList\",\"@id\":\"https:\\\/\\\/www.aiguiller.com\\\/blog\\\/product\\\/boite-dhamecons-de-peche-en-acier-carbone-hamecon-circulaire-argente-50-1600-pieces-boite\\\/#breadcrumb\",\"itemListElement\":[{\"@type\":\"ListItem\",\"position\":1,\"name\":\"Accueil\",\"item\":\"https:\\\/\\\/www.aiguiller.com\\\/blog\\\/\"},{\"@type\":\"ListItem\",\"position\":2,\"name\":\"Boutique d&#8217;articles de p\u00eache\",\"item\":\"https:\\\/\\\/www.aiguiller.com\\\/blog\\\/shop\\\/\"},{\"@type\":\"ListItem\",\"position\":3,\"name\":\"Boite d&#8217;Hame\u00e7ons \u00e0 oeillets de p\u00eache en acier carbone, 50-1600 pi\u00e8ces\\\/bo\u00eete\"}]},{\"@type\":\"WebSite\",\"@id\":\"https:\\\/\\\/www.aiguiller.com\\\/blog\\\/#website\",\"url\":\"https:\\\/\\\/www.aiguiller.com\\\/blog\\\/\",\"name\":\"Articles de p\u00eache pas cher: aiguiller.com\",\"description\":\"Mat\u00e9riel de p\u00eache \u00e0 bas prix\",\"publisher\":{\"@id\":\"https:\\\/\\\/www.aiguiller.com\\\/blog\\\/#organization\"},\"potentialAction\":[{\"@type\":\"SearchAction\",\"target\":{\"@type\":\"EntryPoint\",\"urlTemplate\":\"https:\\\/\\\/www.aiguiller.com\\\/blog\\\/?s={search_term_string}\"},\"query-input\":{\"@type\":\"PropertyValueSpecification\",\"valueRequired\":true,\"valueName\":\"search_term_string\"}}],\"inLanguage\":\"fr-FR\"},{\"@type\":\"Organization\",\"@id\":\"https:\\\/\\\/www.aiguiller.com\\\/blog\\\/#organization\",\"name\":\"Articles de p\u00eache pas cher: aiguiller.com\",\"url\":\"https:\\\/\\\/www.aiguiller.com\\\/blog\\\/\",\"logo\":{\"@type\":\"ImageObject\",\"inLanguage\":\"fr-FR\",\"@id\":\"https:\\\/\\\/www.aiguiller.com\\\/blog\\\/#\\\/schema\\\/logo\\\/image\\\/\",\"url\":\"https:\\\/\\\/www.aiguiller.com\\\/blog\\\/wp-content\\\/uploads\\\/2025\\\/07\\\/boutique-gilet-de-peche.png\",\"contentUrl\":\"https:\\\/\\\/www.aiguiller.com\\\/blog\\\/wp-content\\\/uploads\\\/2025\\\/07\\\/boutique-gilet-de-peche.png\",\"width\":395,\"height\":310,\"caption\":\"Articles de p\u00eache pas cher: aiguiller.com\"},\"image\":{\"@id\":\"https:\\\/\\\/www.aiguiller.com\\\/blog\\\/#\\\/schema\\\/logo\\\/image\\\/\"},\"sameAs\":[\"https:\\\/\\\/www.facebook.com\\\/people\\\/Les-nouvelles-du-pcheur\\\/100071000092723\\\/\"]}]}<\/script>\n<!-- \/ Yoast SEO plugin. -->","yoast_head_json":{"title":"Boite d'hame\u00e7ons de p\u00eache en acier carbone 50 \u00e0 1600 hame\u00e7ons","description":"Boite d'hame\u00e7ons \u00e0 oeillet pas ch\u00e8re. Achetez une boite compl\u00e8te d'hame\u00e7ons \u00e0 oeillet de diff\u00e9rente tailles pour une p\u00eache de pr\u00e9cision.","robots":{"index":"index","follow":"follow","max-snippet":"max-snippet:-1","max-image-preview":"max-image-preview:large","max-video-preview":"max-video-preview:-1"},"canonical":"https:\/\/www.aiguiller.com\/blog\/product\/boite-dhamecons-de-peche-en-acier-carbone-hamecon-circulaire-argente-50-1600-pieces-boite\/","og_locale":"fr_FR","og_type":"article","og_title":"Boite d'hame\u00e7ons de p\u00eache en acier carbone 50 \u00e0 1600 hame\u00e7ons","og_description":"Boite d'hame\u00e7ons \u00e0 oeillet pas ch\u00e8re. Achetez une boite compl\u00e8te d'hame\u00e7ons \u00e0 oeillet de diff\u00e9rente tailles pour une p\u00eache de pr\u00e9cision.","og_url":"https:\/\/www.aiguiller.com\/blog\/product\/boite-dhamecons-de-peche-en-acier-carbone-hamecon-circulaire-argente-50-1600-pieces-boite\/","og_site_name":"Articles de p\u00eache pas cher: aiguiller.com","article_publisher":"https:\/\/www.facebook.com\/people\/Les-nouvelles-du-pcheur\/100071000092723\/","article_modified_time":"2025-07-21T18:16:48+00:00","og_image":[{"width":800,"height":800,"url":"https:\/\/ae01.alicdn.com\/kf\/S1adfbffd087b42eab54e1e8329190557e\/Hame-ons-de-p-che-en-acier-au-carbone-hame-on-circulaire-argent-fort-et-tranchant.jpg","type":"image\/jpeg"}],"twitter_card":"summary_large_image","twitter_misc":{"Dur\u00e9e de lecture estim\u00e9e":"2 minutes"},"schema":{"@context":"https:\/\/schema.org","@graph":[{"@type":"WebPage","@id":"https:\/\/www.aiguiller.com\/blog\/product\/boite-dhamecons-de-peche-en-acier-carbone-hamecon-circulaire-argente-50-1600-pieces-boite\/","url":"https:\/\/www.aiguiller.com\/blog\/product\/boite-dhamecons-de-peche-en-acier-carbone-hamecon-circulaire-argente-50-1600-pieces-boite\/","name":"Boite d'hame\u00e7ons de p\u00eache en acier carbone 50 \u00e0 1600 hame\u00e7ons","isPartOf":{"@id":"https:\/\/www.aiguiller.com\/blog\/#website"},"primaryImageOfPage":{"@id":"https:\/\/www.aiguiller.com\/blog\/product\/boite-dhamecons-de-peche-en-acier-carbone-hamecon-circulaire-argente-50-1600-pieces-boite\/#primaryimage"},"image":{"@id":"https:\/\/www.aiguiller.com\/blog\/product\/boite-dhamecons-de-peche-en-acier-carbone-hamecon-circulaire-argente-50-1600-pieces-boite\/#primaryimage"},"thumbnailUrl":"https:\/\/ae01.alicdn.com\/kf\/S1adfbffd087b42eab54e1e8329190557e\/Hame-ons-de-p-che-en-acier-au-carbone-hame-on-circulaire-argent-fort-et-tranchant.jpg","datePublished":"2025-07-08T17:14:26+00:00","dateModified":"2025-07-21T18:16:48+00:00","description":"Boite d'hame\u00e7ons \u00e0 oeillet pas ch\u00e8re. Achetez une boite compl\u00e8te d'hame\u00e7ons \u00e0 oeillet de diff\u00e9rente tailles pour une p\u00eache de pr\u00e9cision.","breadcrumb":{"@id":"https:\/\/www.aiguiller.com\/blog\/product\/boite-dhamecons-de-peche-en-acier-carbone-hamecon-circulaire-argente-50-1600-pieces-boite\/#breadcrumb"},"inLanguage":"fr-FR","potentialAction":[{"@type":"ReadAction","target":["https:\/\/www.aiguiller.com\/blog\/product\/boite-dhamecons-de-peche-en-acier-carbone-hamecon-circulaire-argente-50-1600-pieces-boite\/"]}]},{"@type":"ImageObject","inLanguage":"fr-FR","@id":"https:\/\/www.aiguiller.com\/blog\/product\/boite-dhamecons-de-peche-en-acier-carbone-hamecon-circulaire-argente-50-1600-pieces-boite\/#primaryimage","url":"https:\/\/ae01.alicdn.com\/kf\/S1adfbffd087b42eab54e1e8329190557e\/Hame-ons-de-p-che-en-acier-au-carbone-hame-on-circulaire-argent-fort-et-tranchant.jpg","contentUrl":"https:\/\/ae01.alicdn.com\/kf\/S1adfbffd087b42eab54e1e8329190557e\/Hame-ons-de-p-che-en-acier-au-carbone-hame-on-circulaire-argent-fort-et-tranchant.jpg","width":800,"height":800,"caption":"Boite d'Hame\u00e7ons de p\u00eache en acier carbone, hame\u00e7on circulaire argent\u00e9 50-1600 pi\u00e8ces\/bo\u00eete 1"},{"@type":"BreadcrumbList","@id":"https:\/\/www.aiguiller.com\/blog\/product\/boite-dhamecons-de-peche-en-acier-carbone-hamecon-circulaire-argente-50-1600-pieces-boite\/#breadcrumb","itemListElement":[{"@type":"ListItem","position":1,"name":"Accueil","item":"https:\/\/www.aiguiller.com\/blog\/"},{"@type":"ListItem","position":2,"name":"Boutique d&#8217;articles de p\u00eache","item":"https:\/\/www.aiguiller.com\/blog\/shop\/"},{"@type":"ListItem","position":3,"name":"Boite d&#8217;Hame\u00e7ons \u00e0 oeillets de p\u00eache en acier carbone, 50-1600 pi\u00e8ces\/bo\u00eete"}]},{"@type":"WebSite","@id":"https:\/\/www.aiguiller.com\/blog\/#website","url":"https:\/\/www.aiguiller.com\/blog\/","name":"Articles de p\u00eache pas cher: aiguiller.com","description":"Mat\u00e9riel de p\u00eache \u00e0 bas prix","publisher":{"@id":"https:\/\/www.aiguiller.com\/blog\/#organization"},"potentialAction":[{"@type":"SearchAction","target":{"@type":"EntryPoint","urlTemplate":"https:\/\/www.aiguiller.com\/blog\/?s={search_term_string}"},"query-input":{"@type":"PropertyValueSpecification","valueRequired":true,"valueName":"search_term_string"}}],"inLanguage":"fr-FR"},{"@type":"Organization","@id":"https:\/\/www.aiguiller.com\/blog\/#organization","name":"Articles de p\u00eache pas cher: aiguiller.com","url":"https:\/\/www.aiguiller.com\/blog\/","logo":{"@type":"ImageObject","inLanguage":"fr-FR","@id":"https:\/\/www.aiguiller.com\/blog\/#\/schema\/logo\/image\/","url":"https:\/\/www.aiguiller.com\/blog\/wp-content\/uploads\/2025\/07\/boutique-gilet-de-peche.png","contentUrl":"https:\/\/www.aiguiller.com\/blog\/wp-content\/uploads\/2025\/07\/boutique-gilet-de-peche.png","width":395,"height":310,"caption":"Articles de p\u00eache pas cher: aiguiller.com"},"image":{"@id":"https:\/\/www.aiguiller.com\/blog\/#\/schema\/logo\/image\/"},"sameAs":["https:\/\/www.facebook.com\/people\/Les-nouvelles-du-pcheur\/100071000092723\/"]}]}},"_links":{"self":[{"href":"https:\/\/www.aiguiller.com\/blog\/wp-json\/wp\/v2\/product\/597","targetHints":{"allow":["GET"]}}],"collection":[{"href":"https:\/\/www.aiguiller.com\/blog\/wp-json\/wp\/v2\/product"}],"about":[{"href":"https:\/\/www.aiguiller.com\/blog\/wp-json\/wp\/v2\/types\/product"}],"replies":[{"embeddable":true,"href":"https:\/\/www.aiguiller.com\/blog\/wp-json\/wp\/v2\/comments?post=597"}],"wp:featuredmedia":[{"embeddable":true,"href":"https:\/\/www.aiguiller.com\/blog\/wp-json\/wp\/v2\/media\/598"}],"wp:attachment":[{"href":"https:\/\/www.aiguiller.com\/blog\/wp-json\/wp\/v2\/media?parent=597"}],"wp:term":[{"taxonomy":"product_brand","embeddable":true,"href":"https:\/\/www.aiguiller.com\/blog\/wp-json\/wp\/v2\/product_brand?post=597"},{"taxonomy":"product_cat","embeddable":true,"href":"https:\/\/www.aiguiller.com\/blog\/wp-json\/wp\/v2\/product_cat?post=597"},{"taxonomy":"product_tag","embeddable":true,"href":"https:\/\/www.aiguiller.com\/blog\/wp-json\/wp\/v2\/product_tag?post=597"}],"curies":[{"name":"wp","href":"https:\/\/api.w.org\/{rel}","templated":true}]}}