{"id":2306,"date":"2025-09-07T14:03:31","date_gmt":"2025-09-07T13:03:31","guid":{"rendered":"https:\/\/www.aiguiller.com\/blog\/?post_type=product&#038;p=2306"},"modified":"2025-09-07T14:13:06","modified_gmt":"2025-09-07T13:13:06","slug":"bourriche-flottante-chasse-sous-marine-et-kayak","status":"publish","type":"product","link":"https:\/\/www.aiguiller.com\/blog\/product\/bourriche-flottante-chasse-sous-marine-et-kayak\/","title":{"rendered":"Bourriche flottante chasse sous marine et kayak"},"content":{"rendered":"<p>Bourriche flottante pourvue de deux flotteurs de maintien.<\/p>\n<p>Moderne et utilisant les derni\u00e8res technologie de maille en silicone cette bourriche flottante sera votre alli\u00e9 lors de vos sorties p\u00eache sous marine, et p\u00eache en kayak.<\/p>\n<p>Arceaux r\u00e9sistant<\/p>\n<p>Cette ensemble vous est livr\u00e9 gratuitement et rapidement \u00e0 domicile.<\/p>\n<p>S\u00e9chage rapide et rangement ing\u00e9nieux, cette bourriche est id\u00e9ale pour vos sorties mer .<\/p>\n<p>Deux mod\u00e8les \u00e0 la vente :<\/p>\n<ul>\n<li>25 x 30<\/li>\n<li>25 x 60<\/li>\n<\/ul>\n<p>Beau produit et tr\u00e8s pratique notamment lors de vos chasse sous marine.<\/p>\n<p>&nbsp;<\/p>\n","protected":false},"excerpt":{"rendered":"<p>Bourriche flottante<\/p>\n<p>Attaches et maintien le poisson enferm\u00e9<\/p>\n<p>id\u00e9al chasse sous marine, et bateau<\/p>\n","protected":false},"featured_media":2318,"comment_status":"open","ping_status":"closed","template":"","meta":[],"product_brand":[],"product_cat":[462],"product_tag":[],"class_list":{"0":"post-2306","1":"product","2":"type-product","3":"status-publish","4":"has-post-thumbnail","6":"product_cat-bourriches","7":"pa_couleur-25x30cm","8":"pa_couleur-25x60cm","10":"first","11":"instock","12":"shipping-taxable","13":"purchasable","14":"product-type-variable"},"yoast_head":"<!-- This site is optimized with the Yoast SEO plugin v27.3 - https:\/\/yoast.com\/product\/yoast-seo-wordpress\/ -->\n<title>Bourriche flottante chasse sous marine et kayak<\/title>\n<meta name=\"description\" content=\"Bourriche flottante, id\u00e9al chasse sous marine, p\u00eache en bateau. Produit r\u00e9sistant forme pratique , rangement facile. Acheter votre bourriche flottante ici!\" \/>\n<meta name=\"robots\" content=\"index, follow, max-snippet:-1, max-image-preview:large, max-video-preview:-1\" \/>\n<link rel=\"canonical\" href=\"https:\/\/www.aiguiller.com\/blog\/product\/bourriche-flottante-chasse-sous-marine-et-kayak\/\" \/>\n<meta property=\"og:locale\" content=\"fr_FR\" \/>\n<meta property=\"og:type\" content=\"article\" \/>\n<meta property=\"og:title\" content=\"Bourriche flottante chasse sous marine et kayak\" \/>\n<meta property=\"og:description\" content=\"Bourriche flottante, id\u00e9al chasse sous marine, p\u00eache en bateau. Produit r\u00e9sistant forme pratique , rangement facile. Acheter votre bourriche flottante ici!\" \/>\n<meta property=\"og:url\" content=\"https:\/\/www.aiguiller.com\/blog\/product\/bourriche-flottante-chasse-sous-marine-et-kayak\/\" \/>\n<meta property=\"og:site_name\" content=\"Articles de p\u00eache pas cher: aiguiller.com\" \/>\n<meta property=\"article:publisher\" content=\"https:\/\/www.facebook.com\/people\/Les-nouvelles-du-pcheur\/100071000092723\/\" \/>\n<meta property=\"article:modified_time\" content=\"2025-09-07T13:13:06+00:00\" \/>\n<meta property=\"og:image\" content=\"https:\/\/www.aiguiller.com\/blog\/wp-content\/uploads\/2025\/09\/1.jpeg\" \/>\n\t<meta property=\"og:image:width\" content=\"800\" \/>\n\t<meta property=\"og:image:height\" content=\"800\" \/>\n\t<meta property=\"og:image:type\" content=\"image\/jpeg\" \/>\n<meta name=\"twitter:card\" content=\"summary_large_image\" \/>\n<meta name=\"twitter:label1\" content=\"Dur\u00e9e de lecture estim\u00e9e\" \/>\n\t<meta name=\"twitter:data1\" content=\"1 minute\" \/>\n<script type=\"application\/ld+json\" class=\"yoast-schema-graph\">{\"@context\":\"https:\\\/\\\/schema.org\",\"@graph\":[{\"@type\":\"WebPage\",\"@id\":\"https:\\\/\\\/www.aiguiller.com\\\/blog\\\/product\\\/bourriche-flottante-chasse-sous-marine-et-kayak\\\/\",\"url\":\"https:\\\/\\\/www.aiguiller.com\\\/blog\\\/product\\\/bourriche-flottante-chasse-sous-marine-et-kayak\\\/\",\"name\":\"Bourriche flottante chasse sous marine et kayak\",\"isPartOf\":{\"@id\":\"https:\\\/\\\/www.aiguiller.com\\\/blog\\\/#website\"},\"primaryImageOfPage\":{\"@id\":\"https:\\\/\\\/www.aiguiller.com\\\/blog\\\/product\\\/bourriche-flottante-chasse-sous-marine-et-kayak\\\/#primaryimage\"},\"image\":{\"@id\":\"https:\\\/\\\/www.aiguiller.com\\\/blog\\\/product\\\/bourriche-flottante-chasse-sous-marine-et-kayak\\\/#primaryimage\"},\"thumbnailUrl\":\"https:\\\/\\\/www.aiguiller.com\\\/blog\\\/wp-content\\\/uploads\\\/2025\\\/09\\\/1.jpeg\",\"datePublished\":\"2025-09-07T13:03:31+00:00\",\"dateModified\":\"2025-09-07T13:13:06+00:00\",\"description\":\"Bourriche flottante, id\u00e9al chasse sous marine, p\u00eache en bateau. Produit r\u00e9sistant forme pratique , rangement facile. Acheter votre bourriche flottante ici!\",\"breadcrumb\":{\"@id\":\"https:\\\/\\\/www.aiguiller.com\\\/blog\\\/product\\\/bourriche-flottante-chasse-sous-marine-et-kayak\\\/#breadcrumb\"},\"inLanguage\":\"fr-FR\",\"potentialAction\":[{\"@type\":\"ReadAction\",\"target\":[\"https:\\\/\\\/www.aiguiller.com\\\/blog\\\/product\\\/bourriche-flottante-chasse-sous-marine-et-kayak\\\/\"]}]},{\"@type\":\"ImageObject\",\"inLanguage\":\"fr-FR\",\"@id\":\"https:\\\/\\\/www.aiguiller.com\\\/blog\\\/product\\\/bourriche-flottante-chasse-sous-marine-et-kayak\\\/#primaryimage\",\"url\":\"https:\\\/\\\/www.aiguiller.com\\\/blog\\\/wp-content\\\/uploads\\\/2025\\\/09\\\/1.jpeg\",\"contentUrl\":\"https:\\\/\\\/www.aiguiller.com\\\/blog\\\/wp-content\\\/uploads\\\/2025\\\/09\\\/1.jpeg\",\"width\":800,\"height\":800,\"caption\":\"bourriche flottante\"},{\"@type\":\"BreadcrumbList\",\"@id\":\"https:\\\/\\\/www.aiguiller.com\\\/blog\\\/product\\\/bourriche-flottante-chasse-sous-marine-et-kayak\\\/#breadcrumb\",\"itemListElement\":[{\"@type\":\"ListItem\",\"position\":1,\"name\":\"Accueil\",\"item\":\"https:\\\/\\\/www.aiguiller.com\\\/blog\\\/\"},{\"@type\":\"ListItem\",\"position\":2,\"name\":\"Boutique d&#8217;articles de p\u00eache\",\"item\":\"https:\\\/\\\/www.aiguiller.com\\\/blog\\\/shop\\\/\"},{\"@type\":\"ListItem\",\"position\":3,\"name\":\"Bourriche flottante chasse sous marine et kayak\"}]},{\"@type\":\"WebSite\",\"@id\":\"https:\\\/\\\/www.aiguiller.com\\\/blog\\\/#website\",\"url\":\"https:\\\/\\\/www.aiguiller.com\\\/blog\\\/\",\"name\":\"Articles de p\u00eache pas cher: aiguiller.com\",\"description\":\"Mat\u00e9riel de p\u00eache \u00e0 bas prix\",\"publisher\":{\"@id\":\"https:\\\/\\\/www.aiguiller.com\\\/blog\\\/#organization\"},\"potentialAction\":[{\"@type\":\"SearchAction\",\"target\":{\"@type\":\"EntryPoint\",\"urlTemplate\":\"https:\\\/\\\/www.aiguiller.com\\\/blog\\\/?s={search_term_string}\"},\"query-input\":{\"@type\":\"PropertyValueSpecification\",\"valueRequired\":true,\"valueName\":\"search_term_string\"}}],\"inLanguage\":\"fr-FR\"},{\"@type\":\"Organization\",\"@id\":\"https:\\\/\\\/www.aiguiller.com\\\/blog\\\/#organization\",\"name\":\"Articles de p\u00eache pas cher: aiguiller.com\",\"url\":\"https:\\\/\\\/www.aiguiller.com\\\/blog\\\/\",\"logo\":{\"@type\":\"ImageObject\",\"inLanguage\":\"fr-FR\",\"@id\":\"https:\\\/\\\/www.aiguiller.com\\\/blog\\\/#\\\/schema\\\/logo\\\/image\\\/\",\"url\":\"https:\\\/\\\/www.aiguiller.com\\\/blog\\\/wp-content\\\/uploads\\\/2025\\\/07\\\/boutique-gilet-de-peche.png\",\"contentUrl\":\"https:\\\/\\\/www.aiguiller.com\\\/blog\\\/wp-content\\\/uploads\\\/2025\\\/07\\\/boutique-gilet-de-peche.png\",\"width\":395,\"height\":310,\"caption\":\"Articles de p\u00eache pas cher: aiguiller.com\"},\"image\":{\"@id\":\"https:\\\/\\\/www.aiguiller.com\\\/blog\\\/#\\\/schema\\\/logo\\\/image\\\/\"},\"sameAs\":[\"https:\\\/\\\/www.facebook.com\\\/people\\\/Les-nouvelles-du-pcheur\\\/100071000092723\\\/\"]}]}<\/script>\n<!-- \/ Yoast SEO plugin. -->","yoast_head_json":{"title":"Bourriche flottante chasse sous marine et kayak","description":"Bourriche flottante, id\u00e9al chasse sous marine, p\u00eache en bateau. Produit r\u00e9sistant forme pratique , rangement facile. Acheter votre bourriche flottante ici!","robots":{"index":"index","follow":"follow","max-snippet":"max-snippet:-1","max-image-preview":"max-image-preview:large","max-video-preview":"max-video-preview:-1"},"canonical":"https:\/\/www.aiguiller.com\/blog\/product\/bourriche-flottante-chasse-sous-marine-et-kayak\/","og_locale":"fr_FR","og_type":"article","og_title":"Bourriche flottante chasse sous marine et kayak","og_description":"Bourriche flottante, id\u00e9al chasse sous marine, p\u00eache en bateau. Produit r\u00e9sistant forme pratique , rangement facile. Acheter votre bourriche flottante ici!","og_url":"https:\/\/www.aiguiller.com\/blog\/product\/bourriche-flottante-chasse-sous-marine-et-kayak\/","og_site_name":"Articles de p\u00eache pas cher: aiguiller.com","article_publisher":"https:\/\/www.facebook.com\/people\/Les-nouvelles-du-pcheur\/100071000092723\/","article_modified_time":"2025-09-07T13:13:06+00:00","og_image":[{"width":800,"height":800,"url":"https:\/\/www.aiguiller.com\/blog\/wp-content\/uploads\/2025\/09\/1.jpeg","type":"image\/jpeg"}],"twitter_card":"summary_large_image","twitter_misc":{"Dur\u00e9e de lecture estim\u00e9e":"1 minute"},"schema":{"@context":"https:\/\/schema.org","@graph":[{"@type":"WebPage","@id":"https:\/\/www.aiguiller.com\/blog\/product\/bourriche-flottante-chasse-sous-marine-et-kayak\/","url":"https:\/\/www.aiguiller.com\/blog\/product\/bourriche-flottante-chasse-sous-marine-et-kayak\/","name":"Bourriche flottante chasse sous marine et kayak","isPartOf":{"@id":"https:\/\/www.aiguiller.com\/blog\/#website"},"primaryImageOfPage":{"@id":"https:\/\/www.aiguiller.com\/blog\/product\/bourriche-flottante-chasse-sous-marine-et-kayak\/#primaryimage"},"image":{"@id":"https:\/\/www.aiguiller.com\/blog\/product\/bourriche-flottante-chasse-sous-marine-et-kayak\/#primaryimage"},"thumbnailUrl":"https:\/\/www.aiguiller.com\/blog\/wp-content\/uploads\/2025\/09\/1.jpeg","datePublished":"2025-09-07T13:03:31+00:00","dateModified":"2025-09-07T13:13:06+00:00","description":"Bourriche flottante, id\u00e9al chasse sous marine, p\u00eache en bateau. Produit r\u00e9sistant forme pratique , rangement facile. Acheter votre bourriche flottante ici!","breadcrumb":{"@id":"https:\/\/www.aiguiller.com\/blog\/product\/bourriche-flottante-chasse-sous-marine-et-kayak\/#breadcrumb"},"inLanguage":"fr-FR","potentialAction":[{"@type":"ReadAction","target":["https:\/\/www.aiguiller.com\/blog\/product\/bourriche-flottante-chasse-sous-marine-et-kayak\/"]}]},{"@type":"ImageObject","inLanguage":"fr-FR","@id":"https:\/\/www.aiguiller.com\/blog\/product\/bourriche-flottante-chasse-sous-marine-et-kayak\/#primaryimage","url":"https:\/\/www.aiguiller.com\/blog\/wp-content\/uploads\/2025\/09\/1.jpeg","contentUrl":"https:\/\/www.aiguiller.com\/blog\/wp-content\/uploads\/2025\/09\/1.jpeg","width":800,"height":800,"caption":"bourriche flottante"},{"@type":"BreadcrumbList","@id":"https:\/\/www.aiguiller.com\/blog\/product\/bourriche-flottante-chasse-sous-marine-et-kayak\/#breadcrumb","itemListElement":[{"@type":"ListItem","position":1,"name":"Accueil","item":"https:\/\/www.aiguiller.com\/blog\/"},{"@type":"ListItem","position":2,"name":"Boutique d&#8217;articles de p\u00eache","item":"https:\/\/www.aiguiller.com\/blog\/shop\/"},{"@type":"ListItem","position":3,"name":"Bourriche flottante chasse sous marine et kayak"}]},{"@type":"WebSite","@id":"https:\/\/www.aiguiller.com\/blog\/#website","url":"https:\/\/www.aiguiller.com\/blog\/","name":"Articles de p\u00eache pas cher: aiguiller.com","description":"Mat\u00e9riel de p\u00eache \u00e0 bas prix","publisher":{"@id":"https:\/\/www.aiguiller.com\/blog\/#organization"},"potentialAction":[{"@type":"SearchAction","target":{"@type":"EntryPoint","urlTemplate":"https:\/\/www.aiguiller.com\/blog\/?s={search_term_string}"},"query-input":{"@type":"PropertyValueSpecification","valueRequired":true,"valueName":"search_term_string"}}],"inLanguage":"fr-FR"},{"@type":"Organization","@id":"https:\/\/www.aiguiller.com\/blog\/#organization","name":"Articles de p\u00eache pas cher: aiguiller.com","url":"https:\/\/www.aiguiller.com\/blog\/","logo":{"@type":"ImageObject","inLanguage":"fr-FR","@id":"https:\/\/www.aiguiller.com\/blog\/#\/schema\/logo\/image\/","url":"https:\/\/www.aiguiller.com\/blog\/wp-content\/uploads\/2025\/07\/boutique-gilet-de-peche.png","contentUrl":"https:\/\/www.aiguiller.com\/blog\/wp-content\/uploads\/2025\/07\/boutique-gilet-de-peche.png","width":395,"height":310,"caption":"Articles de p\u00eache pas cher: aiguiller.com"},"image":{"@id":"https:\/\/www.aiguiller.com\/blog\/#\/schema\/logo\/image\/"},"sameAs":["https:\/\/www.facebook.com\/people\/Les-nouvelles-du-pcheur\/100071000092723\/"]}]}},"_links":{"self":[{"href":"https:\/\/www.aiguiller.com\/blog\/wp-json\/wp\/v2\/product\/2306","targetHints":{"allow":["GET"]}}],"collection":[{"href":"https:\/\/www.aiguiller.com\/blog\/wp-json\/wp\/v2\/product"}],"about":[{"href":"https:\/\/www.aiguiller.com\/blog\/wp-json\/wp\/v2\/types\/product"}],"replies":[{"embeddable":true,"href":"https:\/\/www.aiguiller.com\/blog\/wp-json\/wp\/v2\/comments?post=2306"}],"wp:featuredmedia":[{"embeddable":true,"href":"https:\/\/www.aiguiller.com\/blog\/wp-json\/wp\/v2\/media\/2318"}],"wp:attachment":[{"href":"https:\/\/www.aiguiller.com\/blog\/wp-json\/wp\/v2\/media?parent=2306"}],"wp:term":[{"taxonomy":"product_brand","embeddable":true,"href":"https:\/\/www.aiguiller.com\/blog\/wp-json\/wp\/v2\/product_brand?post=2306"},{"taxonomy":"product_cat","embeddable":true,"href":"https:\/\/www.aiguiller.com\/blog\/wp-json\/wp\/v2\/product_cat?post=2306"},{"taxonomy":"product_tag","embeddable":true,"href":"https:\/\/www.aiguiller.com\/blog\/wp-json\/wp\/v2\/product_tag?post=2306"}],"curies":[{"name":"wp","href":"https:\/\/api.w.org\/{rel}","templated":true}]}}