{"id":2281,"date":"2025-09-07T09:40:25","date_gmt":"2025-09-07T08:40:25","guid":{"rendered":"https:\/\/www.aiguiller.com\/blog\/?post_type=product&#038;p=2281"},"modified":"2025-12-05T13:56:46","modified_gmt":"2025-12-05T12:56:46","slug":"bourriche-truite-carpe-bourriche-de-2-m-50","status":"publish","type":"product","link":"https:\/\/www.aiguiller.com\/blog\/product\/bourriche-truite-carpe-bourriche-de-2-m-50\/","title":{"rendered":"Bourriche truite, carpe &#8211; bourriche de 2 m 50"},"content":{"rendered":"<p>Voici une <strong>bourriche pour truite ou carpe<\/strong>. Form\u00e9 d&#8217;anneaux en acier inoxydable et d&#8217;un tissu r\u00e9sistant anti accrochage coll\u00e9, cette bourriche a tout les atouts d&#8217;une bourriche haute qualit\u00e9 pour vos sessions de p\u00eache en lacs, \u00e9tangs et canaux.<\/p>\n<h2>Caract\u00e9ristiques de la bourriche:<\/h2>\n<p>Diam\u00e8tre: 25 cm<\/p>\n<p>Longueur: 250 cm soit 2 m\u00e8tres 50 cm<\/p>\n<p>Poids : 300 Grammes.<\/p>\n<p>Les anneaux sont en acier inoxydable, et la maille d&#8217;environ 5 mm permet le maintien de la plupart des poissons carnassiers, carpes, et poissons de de lacs.<\/p>\n<h2>Avis concernant cette bourriche de 2 m 50<\/h2>\n<p><a href=\"https:\/\/www.aiguiller.com\/blog\/wp-content\/uploads\/2025\/09\/5-5.jpg\"><img loading=\"lazy\" decoding=\"async\" class=\"wp-image-2289 alignright\" src=\"https:\/\/www.aiguiller.com\/blog\/wp-content\/uploads\/2025\/09\/5-5.jpg\" alt=\"tige a planter bourriche\" width=\"430\" height=\"430\" srcset=\"https:\/\/www.aiguiller.com\/blog\/wp-content\/uploads\/2025\/09\/5-5.jpg 1001w, https:\/\/www.aiguiller.com\/blog\/wp-content\/uploads\/2025\/09\/5-5-300x300.jpg 300w, https:\/\/www.aiguiller.com\/blog\/wp-content\/uploads\/2025\/09\/5-5-150x150.jpg 150w, https:\/\/www.aiguiller.com\/blog\/wp-content\/uploads\/2025\/09\/5-5-768x768.jpg 768w, https:\/\/www.aiguiller.com\/blog\/wp-content\/uploads\/2025\/09\/5-5-600x600.jpg 600w, https:\/\/www.aiguiller.com\/blog\/wp-content\/uploads\/2025\/09\/5-5-100x100.jpg 100w\" sizes=\"auto, (max-width: 430px) 100vw, 430px\" \/><\/a>Cette bourriche est munie d&#8217;une tige de maintien facile \u00e0 planter en bord d&#8217;eau au niveau de la berge. Cette tige robuste en acier inoxydable dispose d&#8217;une pointe permettant d&#8217;\u00eatre plant\u00e9e facilement dans la terre.<\/p>\n<p>On appr\u00e9cie la qualit\u00e9 de finition de cette bourriche de 250 cm . Le tissu d&#8217;ouverture est \u00e9pais et permet d&#8217;\u00eatre ferm\u00e9 par un fil avec clips s\u00e9curisant ainsi vos prises de p\u00eache. Le maillage est r\u00e9sistant et n&#8217;abime pas vos poissons car\u00a0 le filet maill\u00e9 est fait d&#8217;une mati\u00e8re anti accrochage coll\u00e9. La maille est non absorbante et facile \u00e0 s\u00e9cher.<\/p>\n<p>Vous serez surpris par la qualit\u00e9 des anneaux en acier inoxydables qui maintien votre bourriche ouverte sur 2,5m de long. La nage de vos poissons p\u00each\u00e9s ne sera pas alt\u00e9r\u00e9e, le maintien en vie de vos poissons sera optimal.<\/p>\n<p>&nbsp;<\/p>\n","protected":false},"excerpt":{"rendered":"<p>Bourriche pour p\u00eache \u00e0 la truite, carpe&#8230;<\/p>\n<p>R\u00e9sistance qualit\u00e9 optimale.<\/p>\n<p>2,5 m de longueur<\/p>\n","protected":false},"featured_media":2286,"comment_status":"open","ping_status":"closed","template":"","meta":[],"product_brand":[],"product_cat":[462],"product_tag":[],"class_list":{"0":"post-2281","1":"product","2":"type-product","3":"status-publish","4":"has-post-thumbnail","6":"product_cat-bourriches","7":"pa_expedie-de-france","9":"first","10":"outofstock","11":"shipping-taxable","12":"purchasable","13":"product-type-simple"},"yoast_head":"<!-- This site is optimized with the Yoast SEO plugin v27.3 - https:\/\/yoast.com\/product\/yoast-seo-wordpress\/ -->\n<title>Bourriche truite, carpe - bourriche de 2 m 50<\/title>\n<meta name=\"description\" content=\"Bourriche pour p\u00eache \u00e0 la truite, carpe, lac et rivi\u00e8re. Bourriche de 2,5 m r\u00e9sistante avec tige \u00e0 planter en bord d&#039;eau. Haute qualit\u00e9.\" \/>\n<meta name=\"robots\" content=\"index, follow, max-snippet:-1, max-image-preview:large, max-video-preview:-1\" \/>\n<link rel=\"canonical\" href=\"https:\/\/www.aiguiller.com\/blog\/product\/bourriche-truite-carpe-bourriche-de-2-m-50\/\" \/>\n<meta property=\"og:locale\" content=\"fr_FR\" \/>\n<meta property=\"og:type\" content=\"article\" \/>\n<meta property=\"og:title\" content=\"Bourriche truite, carpe - bourriche de 2 m 50\" \/>\n<meta property=\"og:description\" content=\"Bourriche pour p\u00eache \u00e0 la truite, carpe, lac et rivi\u00e8re. Bourriche de 2,5 m r\u00e9sistante avec tige \u00e0 planter en bord d&#039;eau. Haute qualit\u00e9.\" \/>\n<meta property=\"og:url\" content=\"https:\/\/www.aiguiller.com\/blog\/product\/bourriche-truite-carpe-bourriche-de-2-m-50\/\" \/>\n<meta property=\"og:site_name\" content=\"Articles de p\u00eache pas cher: aiguiller.com\" \/>\n<meta property=\"article:publisher\" content=\"https:\/\/www.facebook.com\/people\/Les-nouvelles-du-pcheur\/100071000092723\/\" \/>\n<meta property=\"article:modified_time\" content=\"2025-12-05T12:56:46+00:00\" \/>\n<meta property=\"og:image\" content=\"https:\/\/www.aiguiller.com\/blog\/wp-content\/uploads\/2025\/09\/3-3.jpg\" \/>\n\t<meta property=\"og:image:width\" content=\"1001\" \/>\n\t<meta property=\"og:image:height\" content=\"1001\" \/>\n\t<meta property=\"og:image:type\" content=\"image\/jpeg\" \/>\n<meta name=\"twitter:card\" content=\"summary_large_image\" \/>\n<meta name=\"twitter:label1\" content=\"Dur\u00e9e de lecture estim\u00e9e\" \/>\n\t<meta name=\"twitter:data1\" content=\"2 minutes\" \/>\n<script type=\"application\/ld+json\" class=\"yoast-schema-graph\">{\"@context\":\"https:\\\/\\\/schema.org\",\"@graph\":[{\"@type\":\"WebPage\",\"@id\":\"https:\\\/\\\/www.aiguiller.com\\\/blog\\\/product\\\/bourriche-truite-carpe-bourriche-de-2-m-50\\\/\",\"url\":\"https:\\\/\\\/www.aiguiller.com\\\/blog\\\/product\\\/bourriche-truite-carpe-bourriche-de-2-m-50\\\/\",\"name\":\"Bourriche truite, carpe - bourriche de 2 m 50\",\"isPartOf\":{\"@id\":\"https:\\\/\\\/www.aiguiller.com\\\/blog\\\/#website\"},\"primaryImageOfPage\":{\"@id\":\"https:\\\/\\\/www.aiguiller.com\\\/blog\\\/product\\\/bourriche-truite-carpe-bourriche-de-2-m-50\\\/#primaryimage\"},\"image\":{\"@id\":\"https:\\\/\\\/www.aiguiller.com\\\/blog\\\/product\\\/bourriche-truite-carpe-bourriche-de-2-m-50\\\/#primaryimage\"},\"thumbnailUrl\":\"https:\\\/\\\/www.aiguiller.com\\\/blog\\\/wp-content\\\/uploads\\\/2025\\\/09\\\/3-3.jpg\",\"datePublished\":\"2025-09-07T08:40:25+00:00\",\"dateModified\":\"2025-12-05T12:56:46+00:00\",\"description\":\"Bourriche pour p\u00eache \u00e0 la truite, carpe, lac et rivi\u00e8re. Bourriche de 2,5 m r\u00e9sistante avec tige \u00e0 planter en bord d'eau. Haute qualit\u00e9.\",\"breadcrumb\":{\"@id\":\"https:\\\/\\\/www.aiguiller.com\\\/blog\\\/product\\\/bourriche-truite-carpe-bourriche-de-2-m-50\\\/#breadcrumb\"},\"inLanguage\":\"fr-FR\",\"potentialAction\":[{\"@type\":\"ReadAction\",\"target\":[\"https:\\\/\\\/www.aiguiller.com\\\/blog\\\/product\\\/bourriche-truite-carpe-bourriche-de-2-m-50\\\/\"]}]},{\"@type\":\"ImageObject\",\"inLanguage\":\"fr-FR\",\"@id\":\"https:\\\/\\\/www.aiguiller.com\\\/blog\\\/product\\\/bourriche-truite-carpe-bourriche-de-2-m-50\\\/#primaryimage\",\"url\":\"https:\\\/\\\/www.aiguiller.com\\\/blog\\\/wp-content\\\/uploads\\\/2025\\\/09\\\/3-3.jpg\",\"contentUrl\":\"https:\\\/\\\/www.aiguiller.com\\\/blog\\\/wp-content\\\/uploads\\\/2025\\\/09\\\/3-3.jpg\",\"width\":1001,\"height\":1001,\"caption\":\"bourriche circulaire 2 m\"},{\"@type\":\"BreadcrumbList\",\"@id\":\"https:\\\/\\\/www.aiguiller.com\\\/blog\\\/product\\\/bourriche-truite-carpe-bourriche-de-2-m-50\\\/#breadcrumb\",\"itemListElement\":[{\"@type\":\"ListItem\",\"position\":1,\"name\":\"Accueil\",\"item\":\"https:\\\/\\\/www.aiguiller.com\\\/blog\\\/\"},{\"@type\":\"ListItem\",\"position\":2,\"name\":\"Boutique d&#8217;articles de p\u00eache\",\"item\":\"https:\\\/\\\/www.aiguiller.com\\\/blog\\\/shop\\\/\"},{\"@type\":\"ListItem\",\"position\":3,\"name\":\"Bourriche truite, carpe &#8211; bourriche de 2 m 50\"}]},{\"@type\":\"WebSite\",\"@id\":\"https:\\\/\\\/www.aiguiller.com\\\/blog\\\/#website\",\"url\":\"https:\\\/\\\/www.aiguiller.com\\\/blog\\\/\",\"name\":\"Articles de p\u00eache pas cher: aiguiller.com\",\"description\":\"Mat\u00e9riel de p\u00eache \u00e0 bas prix\",\"publisher\":{\"@id\":\"https:\\\/\\\/www.aiguiller.com\\\/blog\\\/#organization\"},\"potentialAction\":[{\"@type\":\"SearchAction\",\"target\":{\"@type\":\"EntryPoint\",\"urlTemplate\":\"https:\\\/\\\/www.aiguiller.com\\\/blog\\\/?s={search_term_string}\"},\"query-input\":{\"@type\":\"PropertyValueSpecification\",\"valueRequired\":true,\"valueName\":\"search_term_string\"}}],\"inLanguage\":\"fr-FR\"},{\"@type\":\"Organization\",\"@id\":\"https:\\\/\\\/www.aiguiller.com\\\/blog\\\/#organization\",\"name\":\"Articles de p\u00eache pas cher: aiguiller.com\",\"url\":\"https:\\\/\\\/www.aiguiller.com\\\/blog\\\/\",\"logo\":{\"@type\":\"ImageObject\",\"inLanguage\":\"fr-FR\",\"@id\":\"https:\\\/\\\/www.aiguiller.com\\\/blog\\\/#\\\/schema\\\/logo\\\/image\\\/\",\"url\":\"https:\\\/\\\/www.aiguiller.com\\\/blog\\\/wp-content\\\/uploads\\\/2025\\\/07\\\/boutique-gilet-de-peche.png\",\"contentUrl\":\"https:\\\/\\\/www.aiguiller.com\\\/blog\\\/wp-content\\\/uploads\\\/2025\\\/07\\\/boutique-gilet-de-peche.png\",\"width\":395,\"height\":310,\"caption\":\"Articles de p\u00eache pas cher: aiguiller.com\"},\"image\":{\"@id\":\"https:\\\/\\\/www.aiguiller.com\\\/blog\\\/#\\\/schema\\\/logo\\\/image\\\/\"},\"sameAs\":[\"https:\\\/\\\/www.facebook.com\\\/people\\\/Les-nouvelles-du-pcheur\\\/100071000092723\\\/\"]}]}<\/script>\n<!-- \/ Yoast SEO plugin. -->","yoast_head_json":{"title":"Bourriche truite, carpe - bourriche de 2 m 50","description":"Bourriche pour p\u00eache \u00e0 la truite, carpe, lac et rivi\u00e8re. Bourriche de 2,5 m r\u00e9sistante avec tige \u00e0 planter en bord d'eau. Haute qualit\u00e9.","robots":{"index":"index","follow":"follow","max-snippet":"max-snippet:-1","max-image-preview":"max-image-preview:large","max-video-preview":"max-video-preview:-1"},"canonical":"https:\/\/www.aiguiller.com\/blog\/product\/bourriche-truite-carpe-bourriche-de-2-m-50\/","og_locale":"fr_FR","og_type":"article","og_title":"Bourriche truite, carpe - bourriche de 2 m 50","og_description":"Bourriche pour p\u00eache \u00e0 la truite, carpe, lac et rivi\u00e8re. Bourriche de 2,5 m r\u00e9sistante avec tige \u00e0 planter en bord d'eau. Haute qualit\u00e9.","og_url":"https:\/\/www.aiguiller.com\/blog\/product\/bourriche-truite-carpe-bourriche-de-2-m-50\/","og_site_name":"Articles de p\u00eache pas cher: aiguiller.com","article_publisher":"https:\/\/www.facebook.com\/people\/Les-nouvelles-du-pcheur\/100071000092723\/","article_modified_time":"2025-12-05T12:56:46+00:00","og_image":[{"width":1001,"height":1001,"url":"https:\/\/www.aiguiller.com\/blog\/wp-content\/uploads\/2025\/09\/3-3.jpg","type":"image\/jpeg"}],"twitter_card":"summary_large_image","twitter_misc":{"Dur\u00e9e de lecture estim\u00e9e":"2 minutes"},"schema":{"@context":"https:\/\/schema.org","@graph":[{"@type":"WebPage","@id":"https:\/\/www.aiguiller.com\/blog\/product\/bourriche-truite-carpe-bourriche-de-2-m-50\/","url":"https:\/\/www.aiguiller.com\/blog\/product\/bourriche-truite-carpe-bourriche-de-2-m-50\/","name":"Bourriche truite, carpe - bourriche de 2 m 50","isPartOf":{"@id":"https:\/\/www.aiguiller.com\/blog\/#website"},"primaryImageOfPage":{"@id":"https:\/\/www.aiguiller.com\/blog\/product\/bourriche-truite-carpe-bourriche-de-2-m-50\/#primaryimage"},"image":{"@id":"https:\/\/www.aiguiller.com\/blog\/product\/bourriche-truite-carpe-bourriche-de-2-m-50\/#primaryimage"},"thumbnailUrl":"https:\/\/www.aiguiller.com\/blog\/wp-content\/uploads\/2025\/09\/3-3.jpg","datePublished":"2025-09-07T08:40:25+00:00","dateModified":"2025-12-05T12:56:46+00:00","description":"Bourriche pour p\u00eache \u00e0 la truite, carpe, lac et rivi\u00e8re. Bourriche de 2,5 m r\u00e9sistante avec tige \u00e0 planter en bord d'eau. Haute qualit\u00e9.","breadcrumb":{"@id":"https:\/\/www.aiguiller.com\/blog\/product\/bourriche-truite-carpe-bourriche-de-2-m-50\/#breadcrumb"},"inLanguage":"fr-FR","potentialAction":[{"@type":"ReadAction","target":["https:\/\/www.aiguiller.com\/blog\/product\/bourriche-truite-carpe-bourriche-de-2-m-50\/"]}]},{"@type":"ImageObject","inLanguage":"fr-FR","@id":"https:\/\/www.aiguiller.com\/blog\/product\/bourriche-truite-carpe-bourriche-de-2-m-50\/#primaryimage","url":"https:\/\/www.aiguiller.com\/blog\/wp-content\/uploads\/2025\/09\/3-3.jpg","contentUrl":"https:\/\/www.aiguiller.com\/blog\/wp-content\/uploads\/2025\/09\/3-3.jpg","width":1001,"height":1001,"caption":"bourriche circulaire 2 m"},{"@type":"BreadcrumbList","@id":"https:\/\/www.aiguiller.com\/blog\/product\/bourriche-truite-carpe-bourriche-de-2-m-50\/#breadcrumb","itemListElement":[{"@type":"ListItem","position":1,"name":"Accueil","item":"https:\/\/www.aiguiller.com\/blog\/"},{"@type":"ListItem","position":2,"name":"Boutique d&#8217;articles de p\u00eache","item":"https:\/\/www.aiguiller.com\/blog\/shop\/"},{"@type":"ListItem","position":3,"name":"Bourriche truite, carpe &#8211; bourriche de 2 m 50"}]},{"@type":"WebSite","@id":"https:\/\/www.aiguiller.com\/blog\/#website","url":"https:\/\/www.aiguiller.com\/blog\/","name":"Articles de p\u00eache pas cher: aiguiller.com","description":"Mat\u00e9riel de p\u00eache \u00e0 bas prix","publisher":{"@id":"https:\/\/www.aiguiller.com\/blog\/#organization"},"potentialAction":[{"@type":"SearchAction","target":{"@type":"EntryPoint","urlTemplate":"https:\/\/www.aiguiller.com\/blog\/?s={search_term_string}"},"query-input":{"@type":"PropertyValueSpecification","valueRequired":true,"valueName":"search_term_string"}}],"inLanguage":"fr-FR"},{"@type":"Organization","@id":"https:\/\/www.aiguiller.com\/blog\/#organization","name":"Articles de p\u00eache pas cher: aiguiller.com","url":"https:\/\/www.aiguiller.com\/blog\/","logo":{"@type":"ImageObject","inLanguage":"fr-FR","@id":"https:\/\/www.aiguiller.com\/blog\/#\/schema\/logo\/image\/","url":"https:\/\/www.aiguiller.com\/blog\/wp-content\/uploads\/2025\/07\/boutique-gilet-de-peche.png","contentUrl":"https:\/\/www.aiguiller.com\/blog\/wp-content\/uploads\/2025\/07\/boutique-gilet-de-peche.png","width":395,"height":310,"caption":"Articles de p\u00eache pas cher: aiguiller.com"},"image":{"@id":"https:\/\/www.aiguiller.com\/blog\/#\/schema\/logo\/image\/"},"sameAs":["https:\/\/www.facebook.com\/people\/Les-nouvelles-du-pcheur\/100071000092723\/"]}]}},"_links":{"self":[{"href":"https:\/\/www.aiguiller.com\/blog\/wp-json\/wp\/v2\/product\/2281","targetHints":{"allow":["GET"]}}],"collection":[{"href":"https:\/\/www.aiguiller.com\/blog\/wp-json\/wp\/v2\/product"}],"about":[{"href":"https:\/\/www.aiguiller.com\/blog\/wp-json\/wp\/v2\/types\/product"}],"replies":[{"embeddable":true,"href":"https:\/\/www.aiguiller.com\/blog\/wp-json\/wp\/v2\/comments?post=2281"}],"wp:featuredmedia":[{"embeddable":true,"href":"https:\/\/www.aiguiller.com\/blog\/wp-json\/wp\/v2\/media\/2286"}],"wp:attachment":[{"href":"https:\/\/www.aiguiller.com\/blog\/wp-json\/wp\/v2\/media?parent=2281"}],"wp:term":[{"taxonomy":"product_brand","embeddable":true,"href":"https:\/\/www.aiguiller.com\/blog\/wp-json\/wp\/v2\/product_brand?post=2281"},{"taxonomy":"product_cat","embeddable":true,"href":"https:\/\/www.aiguiller.com\/blog\/wp-json\/wp\/v2\/product_cat?post=2281"},{"taxonomy":"product_tag","embeddable":true,"href":"https:\/\/www.aiguiller.com\/blog\/wp-json\/wp\/v2\/product_tag?post=2281"}],"curies":[{"name":"wp","href":"https:\/\/api.w.org\/{rel}","templated":true}]}}