{"id":2244,"date":"2025-09-06T10:36:59","date_gmt":"2025-09-06T09:36:59","guid":{"rendered":"https:\/\/www.aiguiller.com\/blog\/?post_type=product&#038;p=2244"},"modified":"2025-12-23T14:08:21","modified_gmt":"2025-12-23T13:08:21","slug":"filet-de-peche-epervier-diam-3m-livraison-rapide","status":"publish","type":"product","link":"https:\/\/www.aiguiller.com\/blog\/product\/filet-de-peche-epervier-diam-3m-livraison-rapide\/","title":{"rendered":"Filet de p\u00eache Epervier Diam. 3m livraison rapide"},"content":{"rendered":"<h2>Caract\u00e9ristiques d\u00e9taill\u00e9es<\/h2>\n<p>Un \u00e9pervier de diam\u00e8tre 3 m id\u00e9al pour d\u00e9butant.<\/p>\n<p>Produit avec des mat\u00e9riaux de qualit\u00e9 et un maillage fin. Vous disposerez d&#8217;un filet facile \u00e0 manier, simple \u00e0 nettoyer \u00e0 l&#8217;eau et ne se d\u00e9chirant pas facilement. Le fil monofilament est robuste et invisible dans l&#8217;eau.<\/p>\n<p>Fait de chapelets de plombs profil\u00e9s en acier durable.<\/p>\n<p>Le tissage et assemblage est manuel et tr\u00e8s qualitatif.<\/p>\n<h2>Livraison express:<\/h2>\n<p>Votre \u00e9pervier est livr\u00e9 chez vous en moins d&#8217;une semaine : 5 jours ouvr\u00e9s.<\/p>\n<p>Si vous pr\u00e9voyez de partir en vacances et souhaitez un \u00e9pervier livr\u00e9 rapidement, choisissez ce mod\u00e8le. Il est peu encombrant et sera livr\u00e9 chez vous rapidement sur le secteur fran\u00e7ais car l&#8217;entrep\u00f4t de stockage est situ\u00e9 en France.<\/p>\n","protected":false},"excerpt":{"rendered":"<ul>\n<li>Epervier 3 m id\u00e9al d\u00e9butant<\/li>\n<li>L\u00e9ger et facile \u00e0 manier<\/li>\n<li>Livraison ultra-rapide et gratuite &#8211; 3 &#8211; 5 jours ouvr\u00e9s<\/li>\n<\/ul>\n","protected":false},"featured_media":2247,"comment_status":"open","ping_status":"closed","template":"","meta":[],"product_brand":[],"product_cat":[420],"product_tag":[],"class_list":{"0":"post-2244","1":"product","2":"type-product","3":"status-publish","4":"has-post-thumbnail","6":"product_cat-epervier-peche","7":"pa_couleur-blue","8":"pa_expedie-de-france","10":"first","11":"outofstock","12":"shipping-taxable","13":"purchasable","14":"product-type-simple"},"yoast_head":"<!-- This site is optimized with the Yoast SEO plugin v27.3 - https:\/\/yoast.com\/product\/yoast-seo-wordpress\/ -->\n<title>Filet de p\u00eache Epervier Diam. 3m livraison rapide<\/title>\n<meta name=\"description\" content=\"Epervier peche facile \u00e0 d\u00e9velopper. Commencer \u00e0 p\u00eacher \u00e0 l&#039;\u00e9pervier gr\u00e2ce \u00e0 cet \u00e9pervier d\u00e9butant de 3 m . Livraison ultra-rapide.\" \/>\n<meta name=\"robots\" content=\"index, follow, max-snippet:-1, max-image-preview:large, max-video-preview:-1\" \/>\n<link rel=\"canonical\" href=\"https:\/\/www.aiguiller.com\/blog\/product\/filet-de-peche-epervier-diam-3m-livraison-rapide\/\" \/>\n<meta property=\"og:locale\" content=\"fr_FR\" \/>\n<meta property=\"og:type\" content=\"article\" \/>\n<meta property=\"og:title\" content=\"Filet de p\u00eache Epervier Diam. 3m livraison rapide\" \/>\n<meta property=\"og:description\" content=\"Epervier peche facile \u00e0 d\u00e9velopper. Commencer \u00e0 p\u00eacher \u00e0 l&#039;\u00e9pervier gr\u00e2ce \u00e0 cet \u00e9pervier d\u00e9butant de 3 m . Livraison ultra-rapide.\" \/>\n<meta property=\"og:url\" content=\"https:\/\/www.aiguiller.com\/blog\/product\/filet-de-peche-epervier-diam-3m-livraison-rapide\/\" \/>\n<meta property=\"og:site_name\" content=\"Articles de p\u00eache pas cher: aiguiller.com\" \/>\n<meta property=\"article:publisher\" content=\"https:\/\/www.facebook.com\/people\/Les-nouvelles-du-pcheur\/100071000092723\/\" \/>\n<meta property=\"article:modified_time\" content=\"2025-12-23T13:08:21+00:00\" \/>\n<meta property=\"og:image\" content=\"https:\/\/www.aiguiller.com\/blog\/wp-content\/uploads\/2025\/09\/2-1.jpg\" \/>\n\t<meta property=\"og:image:width\" content=\"1000\" \/>\n\t<meta property=\"og:image:height\" content=\"1000\" \/>\n\t<meta property=\"og:image:type\" content=\"image\/jpeg\" \/>\n<meta name=\"twitter:card\" content=\"summary_large_image\" \/>\n<meta name=\"twitter:label1\" content=\"Dur\u00e9e de lecture estim\u00e9e\" \/>\n\t<meta name=\"twitter:data1\" content=\"1 minute\" \/>\n<script type=\"application\/ld+json\" class=\"yoast-schema-graph\">{\"@context\":\"https:\\\/\\\/schema.org\",\"@graph\":[{\"@type\":\"WebPage\",\"@id\":\"https:\\\/\\\/www.aiguiller.com\\\/blog\\\/product\\\/filet-de-peche-epervier-diam-3m-livraison-rapide\\\/\",\"url\":\"https:\\\/\\\/www.aiguiller.com\\\/blog\\\/product\\\/filet-de-peche-epervier-diam-3m-livraison-rapide\\\/\",\"name\":\"Filet de p\u00eache Epervier Diam. 3m livraison rapide\",\"isPartOf\":{\"@id\":\"https:\\\/\\\/www.aiguiller.com\\\/blog\\\/#website\"},\"primaryImageOfPage\":{\"@id\":\"https:\\\/\\\/www.aiguiller.com\\\/blog\\\/product\\\/filet-de-peche-epervier-diam-3m-livraison-rapide\\\/#primaryimage\"},\"image\":{\"@id\":\"https:\\\/\\\/www.aiguiller.com\\\/blog\\\/product\\\/filet-de-peche-epervier-diam-3m-livraison-rapide\\\/#primaryimage\"},\"thumbnailUrl\":\"https:\\\/\\\/www.aiguiller.com\\\/blog\\\/wp-content\\\/uploads\\\/2025\\\/09\\\/2-1.jpg\",\"datePublished\":\"2025-09-06T09:36:59+00:00\",\"dateModified\":\"2025-12-23T13:08:21+00:00\",\"description\":\"Epervier peche facile \u00e0 d\u00e9velopper. Commencer \u00e0 p\u00eacher \u00e0 l'\u00e9pervier gr\u00e2ce \u00e0 cet \u00e9pervier d\u00e9butant de 3 m . Livraison ultra-rapide.\",\"breadcrumb\":{\"@id\":\"https:\\\/\\\/www.aiguiller.com\\\/blog\\\/product\\\/filet-de-peche-epervier-diam-3m-livraison-rapide\\\/#breadcrumb\"},\"inLanguage\":\"fr-FR\",\"potentialAction\":[{\"@type\":\"ReadAction\",\"target\":[\"https:\\\/\\\/www.aiguiller.com\\\/blog\\\/product\\\/filet-de-peche-epervier-diam-3m-livraison-rapide\\\/\"]}]},{\"@type\":\"ImageObject\",\"inLanguage\":\"fr-FR\",\"@id\":\"https:\\\/\\\/www.aiguiller.com\\\/blog\\\/product\\\/filet-de-peche-epervier-diam-3m-livraison-rapide\\\/#primaryimage\",\"url\":\"https:\\\/\\\/www.aiguiller.com\\\/blog\\\/wp-content\\\/uploads\\\/2025\\\/09\\\/2-1.jpg\",\"contentUrl\":\"https:\\\/\\\/www.aiguiller.com\\\/blog\\\/wp-content\\\/uploads\\\/2025\\\/09\\\/2-1.jpg\",\"width\":1000,\"height\":1000,\"caption\":\"Filet \u00e9pervier 3 m. Livraison rapide\"},{\"@type\":\"BreadcrumbList\",\"@id\":\"https:\\\/\\\/www.aiguiller.com\\\/blog\\\/product\\\/filet-de-peche-epervier-diam-3m-livraison-rapide\\\/#breadcrumb\",\"itemListElement\":[{\"@type\":\"ListItem\",\"position\":1,\"name\":\"Accueil\",\"item\":\"https:\\\/\\\/www.aiguiller.com\\\/blog\\\/\"},{\"@type\":\"ListItem\",\"position\":2,\"name\":\"Boutique d&#8217;articles de p\u00eache\",\"item\":\"https:\\\/\\\/www.aiguiller.com\\\/blog\\\/shop\\\/\"},{\"@type\":\"ListItem\",\"position\":3,\"name\":\"Filet de p\u00eache Epervier Diam. 3m livraison rapide\"}]},{\"@type\":\"WebSite\",\"@id\":\"https:\\\/\\\/www.aiguiller.com\\\/blog\\\/#website\",\"url\":\"https:\\\/\\\/www.aiguiller.com\\\/blog\\\/\",\"name\":\"Articles de p\u00eache pas cher: aiguiller.com\",\"description\":\"Mat\u00e9riel de p\u00eache \u00e0 bas prix\",\"publisher\":{\"@id\":\"https:\\\/\\\/www.aiguiller.com\\\/blog\\\/#organization\"},\"potentialAction\":[{\"@type\":\"SearchAction\",\"target\":{\"@type\":\"EntryPoint\",\"urlTemplate\":\"https:\\\/\\\/www.aiguiller.com\\\/blog\\\/?s={search_term_string}\"},\"query-input\":{\"@type\":\"PropertyValueSpecification\",\"valueRequired\":true,\"valueName\":\"search_term_string\"}}],\"inLanguage\":\"fr-FR\"},{\"@type\":\"Organization\",\"@id\":\"https:\\\/\\\/www.aiguiller.com\\\/blog\\\/#organization\",\"name\":\"Articles de p\u00eache pas cher: aiguiller.com\",\"url\":\"https:\\\/\\\/www.aiguiller.com\\\/blog\\\/\",\"logo\":{\"@type\":\"ImageObject\",\"inLanguage\":\"fr-FR\",\"@id\":\"https:\\\/\\\/www.aiguiller.com\\\/blog\\\/#\\\/schema\\\/logo\\\/image\\\/\",\"url\":\"https:\\\/\\\/www.aiguiller.com\\\/blog\\\/wp-content\\\/uploads\\\/2025\\\/07\\\/boutique-gilet-de-peche.png\",\"contentUrl\":\"https:\\\/\\\/www.aiguiller.com\\\/blog\\\/wp-content\\\/uploads\\\/2025\\\/07\\\/boutique-gilet-de-peche.png\",\"width\":395,\"height\":310,\"caption\":\"Articles de p\u00eache pas cher: aiguiller.com\"},\"image\":{\"@id\":\"https:\\\/\\\/www.aiguiller.com\\\/blog\\\/#\\\/schema\\\/logo\\\/image\\\/\"},\"sameAs\":[\"https:\\\/\\\/www.facebook.com\\\/people\\\/Les-nouvelles-du-pcheur\\\/100071000092723\\\/\"]}]}<\/script>\n<!-- \/ Yoast SEO plugin. -->","yoast_head_json":{"title":"Filet de p\u00eache Epervier Diam. 3m livraison rapide","description":"Epervier peche facile \u00e0 d\u00e9velopper. Commencer \u00e0 p\u00eacher \u00e0 l'\u00e9pervier gr\u00e2ce \u00e0 cet \u00e9pervier d\u00e9butant de 3 m . Livraison ultra-rapide.","robots":{"index":"index","follow":"follow","max-snippet":"max-snippet:-1","max-image-preview":"max-image-preview:large","max-video-preview":"max-video-preview:-1"},"canonical":"https:\/\/www.aiguiller.com\/blog\/product\/filet-de-peche-epervier-diam-3m-livraison-rapide\/","og_locale":"fr_FR","og_type":"article","og_title":"Filet de p\u00eache Epervier Diam. 3m livraison rapide","og_description":"Epervier peche facile \u00e0 d\u00e9velopper. Commencer \u00e0 p\u00eacher \u00e0 l'\u00e9pervier gr\u00e2ce \u00e0 cet \u00e9pervier d\u00e9butant de 3 m . Livraison ultra-rapide.","og_url":"https:\/\/www.aiguiller.com\/blog\/product\/filet-de-peche-epervier-diam-3m-livraison-rapide\/","og_site_name":"Articles de p\u00eache pas cher: aiguiller.com","article_publisher":"https:\/\/www.facebook.com\/people\/Les-nouvelles-du-pcheur\/100071000092723\/","article_modified_time":"2025-12-23T13:08:21+00:00","og_image":[{"width":1000,"height":1000,"url":"https:\/\/www.aiguiller.com\/blog\/wp-content\/uploads\/2025\/09\/2-1.jpg","type":"image\/jpeg"}],"twitter_card":"summary_large_image","twitter_misc":{"Dur\u00e9e de lecture estim\u00e9e":"1 minute"},"schema":{"@context":"https:\/\/schema.org","@graph":[{"@type":"WebPage","@id":"https:\/\/www.aiguiller.com\/blog\/product\/filet-de-peche-epervier-diam-3m-livraison-rapide\/","url":"https:\/\/www.aiguiller.com\/blog\/product\/filet-de-peche-epervier-diam-3m-livraison-rapide\/","name":"Filet de p\u00eache Epervier Diam. 3m livraison rapide","isPartOf":{"@id":"https:\/\/www.aiguiller.com\/blog\/#website"},"primaryImageOfPage":{"@id":"https:\/\/www.aiguiller.com\/blog\/product\/filet-de-peche-epervier-diam-3m-livraison-rapide\/#primaryimage"},"image":{"@id":"https:\/\/www.aiguiller.com\/blog\/product\/filet-de-peche-epervier-diam-3m-livraison-rapide\/#primaryimage"},"thumbnailUrl":"https:\/\/www.aiguiller.com\/blog\/wp-content\/uploads\/2025\/09\/2-1.jpg","datePublished":"2025-09-06T09:36:59+00:00","dateModified":"2025-12-23T13:08:21+00:00","description":"Epervier peche facile \u00e0 d\u00e9velopper. Commencer \u00e0 p\u00eacher \u00e0 l'\u00e9pervier gr\u00e2ce \u00e0 cet \u00e9pervier d\u00e9butant de 3 m . Livraison ultra-rapide.","breadcrumb":{"@id":"https:\/\/www.aiguiller.com\/blog\/product\/filet-de-peche-epervier-diam-3m-livraison-rapide\/#breadcrumb"},"inLanguage":"fr-FR","potentialAction":[{"@type":"ReadAction","target":["https:\/\/www.aiguiller.com\/blog\/product\/filet-de-peche-epervier-diam-3m-livraison-rapide\/"]}]},{"@type":"ImageObject","inLanguage":"fr-FR","@id":"https:\/\/www.aiguiller.com\/blog\/product\/filet-de-peche-epervier-diam-3m-livraison-rapide\/#primaryimage","url":"https:\/\/www.aiguiller.com\/blog\/wp-content\/uploads\/2025\/09\/2-1.jpg","contentUrl":"https:\/\/www.aiguiller.com\/blog\/wp-content\/uploads\/2025\/09\/2-1.jpg","width":1000,"height":1000,"caption":"Filet \u00e9pervier 3 m. Livraison rapide"},{"@type":"BreadcrumbList","@id":"https:\/\/www.aiguiller.com\/blog\/product\/filet-de-peche-epervier-diam-3m-livraison-rapide\/#breadcrumb","itemListElement":[{"@type":"ListItem","position":1,"name":"Accueil","item":"https:\/\/www.aiguiller.com\/blog\/"},{"@type":"ListItem","position":2,"name":"Boutique d&#8217;articles de p\u00eache","item":"https:\/\/www.aiguiller.com\/blog\/shop\/"},{"@type":"ListItem","position":3,"name":"Filet de p\u00eache Epervier Diam. 3m livraison rapide"}]},{"@type":"WebSite","@id":"https:\/\/www.aiguiller.com\/blog\/#website","url":"https:\/\/www.aiguiller.com\/blog\/","name":"Articles de p\u00eache pas cher: aiguiller.com","description":"Mat\u00e9riel de p\u00eache \u00e0 bas prix","publisher":{"@id":"https:\/\/www.aiguiller.com\/blog\/#organization"},"potentialAction":[{"@type":"SearchAction","target":{"@type":"EntryPoint","urlTemplate":"https:\/\/www.aiguiller.com\/blog\/?s={search_term_string}"},"query-input":{"@type":"PropertyValueSpecification","valueRequired":true,"valueName":"search_term_string"}}],"inLanguage":"fr-FR"},{"@type":"Organization","@id":"https:\/\/www.aiguiller.com\/blog\/#organization","name":"Articles de p\u00eache pas cher: aiguiller.com","url":"https:\/\/www.aiguiller.com\/blog\/","logo":{"@type":"ImageObject","inLanguage":"fr-FR","@id":"https:\/\/www.aiguiller.com\/blog\/#\/schema\/logo\/image\/","url":"https:\/\/www.aiguiller.com\/blog\/wp-content\/uploads\/2025\/07\/boutique-gilet-de-peche.png","contentUrl":"https:\/\/www.aiguiller.com\/blog\/wp-content\/uploads\/2025\/07\/boutique-gilet-de-peche.png","width":395,"height":310,"caption":"Articles de p\u00eache pas cher: aiguiller.com"},"image":{"@id":"https:\/\/www.aiguiller.com\/blog\/#\/schema\/logo\/image\/"},"sameAs":["https:\/\/www.facebook.com\/people\/Les-nouvelles-du-pcheur\/100071000092723\/"]}]}},"_links":{"self":[{"href":"https:\/\/www.aiguiller.com\/blog\/wp-json\/wp\/v2\/product\/2244","targetHints":{"allow":["GET"]}}],"collection":[{"href":"https:\/\/www.aiguiller.com\/blog\/wp-json\/wp\/v2\/product"}],"about":[{"href":"https:\/\/www.aiguiller.com\/blog\/wp-json\/wp\/v2\/types\/product"}],"replies":[{"embeddable":true,"href":"https:\/\/www.aiguiller.com\/blog\/wp-json\/wp\/v2\/comments?post=2244"}],"wp:featuredmedia":[{"embeddable":true,"href":"https:\/\/www.aiguiller.com\/blog\/wp-json\/wp\/v2\/media\/2247"}],"wp:attachment":[{"href":"https:\/\/www.aiguiller.com\/blog\/wp-json\/wp\/v2\/media?parent=2244"}],"wp:term":[{"taxonomy":"product_brand","embeddable":true,"href":"https:\/\/www.aiguiller.com\/blog\/wp-json\/wp\/v2\/product_brand?post=2244"},{"taxonomy":"product_cat","embeddable":true,"href":"https:\/\/www.aiguiller.com\/blog\/wp-json\/wp\/v2\/product_cat?post=2244"},{"taxonomy":"product_tag","embeddable":true,"href":"https:\/\/www.aiguiller.com\/blog\/wp-json\/wp\/v2\/product_tag?post=2244"}],"curies":[{"name":"wp","href":"https:\/\/api.w.org\/{rel}","templated":true}]}}