{"id":2222,"date":"2025-09-06T10:08:58","date_gmt":"2025-09-06T09:08:58","guid":{"rendered":"https:\/\/www.aiguiller.com\/blog\/?post_type=product&#038;p=2222"},"modified":"2025-12-23T14:09:07","modified_gmt":"2025-12-23T13:09:07","slug":"filet-epervier-diametre-54m-livraison-rapide","status":"publish","type":"product","link":"https:\/\/www.aiguiller.com\/blog\/product\/filet-epervier-diametre-54m-livraison-rapide\/","title":{"rendered":"Filet Epervier Diam\u00e8tre 5,4m Livraison rapide"},"content":{"rendered":"<h2>Caract\u00e9ristiques:<\/h2>\n<p>Epervier de diam\u00e8tre 5,4 m\u00e8tres (18 pieds) en monofilament robuste et plombs en acier durable. Le maillage est de 1,5 x 1,5 cm.<\/p>\n<p>Il est r\u00e9sistant \u00e0 l&#8217;abrasion et adapt\u00e9 \u00e0 la plupart des situations de p\u00eache. Le filet de l&#8217;\u00e9pervier est quasiment invisible dans l&#8217;eau et permet d&#8217;attraper facilement les poissons sans qu&#8217;ils ne s&#8217;en aper\u00e7oivent.<\/p>\n<p>Pour remonter le filet, un corde de 10 m\u00e8tres ainsi qu&#8217;un bracelet vous permettent de remonter votre filet \u00e0 la force de vos bras. Sa l\u00e9g\u00e8ret\u00e9 permet d&#8217;\u00e9viter de forcer lorsque vous tirez l&#8217;\u00e9pervier.<\/p>\n<p>Aucun assemblage est n\u00e9cessaire, vous allez recevoir l&#8217;\u00e9pervier enti\u00e8rement mont\u00e9 pr\u00eat \u00e0 p\u00eacher.<\/p>\n<p>L&#8217;\u00e9pervier peut \u00eatre rang\u00e9 facilement gr\u00e2ce \u00e0 un poids de 2,5kg. Peu d&#8217;encombrement.<\/p>\n<h2>Livraison<\/h2>\n<p>Cet \u00e9pervier est livr\u00e9 chez vous rapidement. Si vous avez pr\u00e9vu des vacances imminentes et que vous souhaitez acheter un \u00e9pervier pour cette occasion choisissez cet \u00e9pervier, il proviens d&#8217;Allemagne, la livraison est donc rapide. Vous le recevrez entre 3 jours \u00e0 1 semaine g\u00e9n\u00e9ralement.<\/p>\n<p>Le colis est de 30 x 30 x 10cm<\/p>\n","protected":false},"excerpt":{"rendered":"<ul>\n<li>Filet \u00e9pervier Diam. 5,4 m. Facile \u00e0 d\u00e9ployer.<\/li>\n<li>\u00a0R\u00e9sistant et peu encombrant.<\/li>\n<li>Livraison express 3-7 j.<\/li>\n<\/ul>\n","protected":false},"featured_media":2357,"comment_status":"open","ping_status":"closed","template":"","meta":[],"product_brand":[],"product_cat":[420],"product_tag":[],"class_list":{"0":"post-2222","1":"product","2":"type-product","3":"status-publish","4":"has-post-thumbnail","6":"product_cat-epervier-peche","7":"pa_couleur-white","8":"pa_expedie-de-germany","10":"first","11":"outofstock","12":"shipping-taxable","13":"purchasable","14":"product-type-simple"},"yoast_head":"<!-- This site is optimized with the Yoast SEO plugin v27.3 - https:\/\/yoast.com\/product\/yoast-seo-wordpress\/ -->\n<title>Filet \u00e9pervier de qualit\u00e9 5,4m livr\u00e9 rapidement chez vous<\/title>\n<meta name=\"description\" content=\"Filet \u00e9pervier diam 5,4 m monofilament . Livraison rapide gratuite. Achetez votre \u00e9pervier et recevez le rapidement chez vous.\" \/>\n<meta name=\"robots\" content=\"index, follow, max-snippet:-1, max-image-preview:large, max-video-preview:-1\" \/>\n<link rel=\"canonical\" href=\"https:\/\/www.aiguiller.com\/blog\/product\/filet-epervier-diametre-54m-livraison-rapide\/\" \/>\n<meta property=\"og:locale\" content=\"fr_FR\" \/>\n<meta property=\"og:type\" content=\"article\" \/>\n<meta property=\"og:title\" content=\"Filet \u00e9pervier de qualit\u00e9 5,4m livr\u00e9 rapidement chez vous\" \/>\n<meta property=\"og:description\" content=\"Filet \u00e9pervier diam 5,4 m monofilament . Livraison rapide gratuite. Achetez votre \u00e9pervier et recevez le rapidement chez vous.\" \/>\n<meta property=\"og:url\" content=\"https:\/\/www.aiguiller.com\/blog\/product\/filet-epervier-diametre-54m-livraison-rapide\/\" \/>\n<meta property=\"og:site_name\" content=\"Articles de p\u00eache pas cher: aiguiller.com\" \/>\n<meta property=\"article:publisher\" content=\"https:\/\/www.facebook.com\/people\/Les-nouvelles-du-pcheur\/100071000092723\/\" \/>\n<meta property=\"article:modified_time\" content=\"2025-12-23T13:09:07+00:00\" \/>\n<meta property=\"og:image\" content=\"https:\/\/www.aiguiller.com\/blog\/wp-content\/uploads\/2025\/09\/filets-eperviers-attrapant-des-truites-1024x1024.jpeg\" \/>\n\t<meta property=\"og:image:width\" content=\"1024\" \/>\n\t<meta property=\"og:image:height\" content=\"1024\" \/>\n\t<meta property=\"og:image:type\" content=\"image\/jpeg\" \/>\n<meta name=\"twitter:card\" content=\"summary_large_image\" \/>\n<meta name=\"twitter:label1\" content=\"Dur\u00e9e de lecture estim\u00e9e\" \/>\n\t<meta name=\"twitter:data1\" content=\"2 minutes\" \/>\n<script type=\"application\/ld+json\" class=\"yoast-schema-graph\">{\"@context\":\"https:\\\/\\\/schema.org\",\"@graph\":[{\"@type\":\"WebPage\",\"@id\":\"https:\\\/\\\/www.aiguiller.com\\\/blog\\\/product\\\/filet-epervier-diametre-54m-livraison-rapide\\\/\",\"url\":\"https:\\\/\\\/www.aiguiller.com\\\/blog\\\/product\\\/filet-epervier-diametre-54m-livraison-rapide\\\/\",\"name\":\"Filet \u00e9pervier de qualit\u00e9 5,4m livr\u00e9 rapidement chez vous\",\"isPartOf\":{\"@id\":\"https:\\\/\\\/www.aiguiller.com\\\/blog\\\/#website\"},\"primaryImageOfPage\":{\"@id\":\"https:\\\/\\\/www.aiguiller.com\\\/blog\\\/product\\\/filet-epervier-diametre-54m-livraison-rapide\\\/#primaryimage\"},\"image\":{\"@id\":\"https:\\\/\\\/www.aiguiller.com\\\/blog\\\/product\\\/filet-epervier-diametre-54m-livraison-rapide\\\/#primaryimage\"},\"thumbnailUrl\":\"https:\\\/\\\/www.aiguiller.com\\\/blog\\\/wp-content\\\/uploads\\\/2025\\\/09\\\/filets-eperviers-attrapant-des-truites.jpeg\",\"datePublished\":\"2025-09-06T09:08:58+00:00\",\"dateModified\":\"2025-12-23T13:09:07+00:00\",\"description\":\"Filet \u00e9pervier diam 5,4 m monofilament . Livraison rapide gratuite. Achetez votre \u00e9pervier et recevez le rapidement chez vous.\",\"breadcrumb\":{\"@id\":\"https:\\\/\\\/www.aiguiller.com\\\/blog\\\/product\\\/filet-epervier-diametre-54m-livraison-rapide\\\/#breadcrumb\"},\"inLanguage\":\"fr-FR\",\"potentialAction\":[{\"@type\":\"ReadAction\",\"target\":[\"https:\\\/\\\/www.aiguiller.com\\\/blog\\\/product\\\/filet-epervier-diametre-54m-livraison-rapide\\\/\"]}]},{\"@type\":\"ImageObject\",\"inLanguage\":\"fr-FR\",\"@id\":\"https:\\\/\\\/www.aiguiller.com\\\/blog\\\/product\\\/filet-epervier-diametre-54m-livraison-rapide\\\/#primaryimage\",\"url\":\"https:\\\/\\\/www.aiguiller.com\\\/blog\\\/wp-content\\\/uploads\\\/2025\\\/09\\\/filets-eperviers-attrapant-des-truites.jpeg\",\"contentUrl\":\"https:\\\/\\\/www.aiguiller.com\\\/blog\\\/wp-content\\\/uploads\\\/2025\\\/09\\\/filets-eperviers-attrapant-des-truites.jpeg\",\"width\":1600,\"height\":1600,\"caption\":\"Filets \u00e9perviers avec truites\"},{\"@type\":\"BreadcrumbList\",\"@id\":\"https:\\\/\\\/www.aiguiller.com\\\/blog\\\/product\\\/filet-epervier-diametre-54m-livraison-rapide\\\/#breadcrumb\",\"itemListElement\":[{\"@type\":\"ListItem\",\"position\":1,\"name\":\"Accueil\",\"item\":\"https:\\\/\\\/www.aiguiller.com\\\/blog\\\/\"},{\"@type\":\"ListItem\",\"position\":2,\"name\":\"Boutique d&#8217;articles de p\u00eache\",\"item\":\"https:\\\/\\\/www.aiguiller.com\\\/blog\\\/shop\\\/\"},{\"@type\":\"ListItem\",\"position\":3,\"name\":\"Filet Epervier Diam\u00e8tre 5,4m Livraison rapide\"}]},{\"@type\":\"WebSite\",\"@id\":\"https:\\\/\\\/www.aiguiller.com\\\/blog\\\/#website\",\"url\":\"https:\\\/\\\/www.aiguiller.com\\\/blog\\\/\",\"name\":\"Articles de p\u00eache pas cher: aiguiller.com\",\"description\":\"Mat\u00e9riel de p\u00eache \u00e0 bas prix\",\"publisher\":{\"@id\":\"https:\\\/\\\/www.aiguiller.com\\\/blog\\\/#organization\"},\"potentialAction\":[{\"@type\":\"SearchAction\",\"target\":{\"@type\":\"EntryPoint\",\"urlTemplate\":\"https:\\\/\\\/www.aiguiller.com\\\/blog\\\/?s={search_term_string}\"},\"query-input\":{\"@type\":\"PropertyValueSpecification\",\"valueRequired\":true,\"valueName\":\"search_term_string\"}}],\"inLanguage\":\"fr-FR\"},{\"@type\":\"Organization\",\"@id\":\"https:\\\/\\\/www.aiguiller.com\\\/blog\\\/#organization\",\"name\":\"Articles de p\u00eache pas cher: aiguiller.com\",\"url\":\"https:\\\/\\\/www.aiguiller.com\\\/blog\\\/\",\"logo\":{\"@type\":\"ImageObject\",\"inLanguage\":\"fr-FR\",\"@id\":\"https:\\\/\\\/www.aiguiller.com\\\/blog\\\/#\\\/schema\\\/logo\\\/image\\\/\",\"url\":\"https:\\\/\\\/www.aiguiller.com\\\/blog\\\/wp-content\\\/uploads\\\/2025\\\/07\\\/boutique-gilet-de-peche.png\",\"contentUrl\":\"https:\\\/\\\/www.aiguiller.com\\\/blog\\\/wp-content\\\/uploads\\\/2025\\\/07\\\/boutique-gilet-de-peche.png\",\"width\":395,\"height\":310,\"caption\":\"Articles de p\u00eache pas cher: aiguiller.com\"},\"image\":{\"@id\":\"https:\\\/\\\/www.aiguiller.com\\\/blog\\\/#\\\/schema\\\/logo\\\/image\\\/\"},\"sameAs\":[\"https:\\\/\\\/www.facebook.com\\\/people\\\/Les-nouvelles-du-pcheur\\\/100071000092723\\\/\"]}]}<\/script>\n<!-- \/ Yoast SEO plugin. -->","yoast_head_json":{"title":"Filet \u00e9pervier de qualit\u00e9 5,4m livr\u00e9 rapidement chez vous","description":"Filet \u00e9pervier diam 5,4 m monofilament . Livraison rapide gratuite. Achetez votre \u00e9pervier et recevez le rapidement chez vous.","robots":{"index":"index","follow":"follow","max-snippet":"max-snippet:-1","max-image-preview":"max-image-preview:large","max-video-preview":"max-video-preview:-1"},"canonical":"https:\/\/www.aiguiller.com\/blog\/product\/filet-epervier-diametre-54m-livraison-rapide\/","og_locale":"fr_FR","og_type":"article","og_title":"Filet \u00e9pervier de qualit\u00e9 5,4m livr\u00e9 rapidement chez vous","og_description":"Filet \u00e9pervier diam 5,4 m monofilament . Livraison rapide gratuite. Achetez votre \u00e9pervier et recevez le rapidement chez vous.","og_url":"https:\/\/www.aiguiller.com\/blog\/product\/filet-epervier-diametre-54m-livraison-rapide\/","og_site_name":"Articles de p\u00eache pas cher: aiguiller.com","article_publisher":"https:\/\/www.facebook.com\/people\/Les-nouvelles-du-pcheur\/100071000092723\/","article_modified_time":"2025-12-23T13:09:07+00:00","og_image":[{"width":1024,"height":1024,"url":"https:\/\/www.aiguiller.com\/blog\/wp-content\/uploads\/2025\/09\/filets-eperviers-attrapant-des-truites-1024x1024.jpeg","type":"image\/jpeg"}],"twitter_card":"summary_large_image","twitter_misc":{"Dur\u00e9e de lecture estim\u00e9e":"2 minutes"},"schema":{"@context":"https:\/\/schema.org","@graph":[{"@type":"WebPage","@id":"https:\/\/www.aiguiller.com\/blog\/product\/filet-epervier-diametre-54m-livraison-rapide\/","url":"https:\/\/www.aiguiller.com\/blog\/product\/filet-epervier-diametre-54m-livraison-rapide\/","name":"Filet \u00e9pervier de qualit\u00e9 5,4m livr\u00e9 rapidement chez vous","isPartOf":{"@id":"https:\/\/www.aiguiller.com\/blog\/#website"},"primaryImageOfPage":{"@id":"https:\/\/www.aiguiller.com\/blog\/product\/filet-epervier-diametre-54m-livraison-rapide\/#primaryimage"},"image":{"@id":"https:\/\/www.aiguiller.com\/blog\/product\/filet-epervier-diametre-54m-livraison-rapide\/#primaryimage"},"thumbnailUrl":"https:\/\/www.aiguiller.com\/blog\/wp-content\/uploads\/2025\/09\/filets-eperviers-attrapant-des-truites.jpeg","datePublished":"2025-09-06T09:08:58+00:00","dateModified":"2025-12-23T13:09:07+00:00","description":"Filet \u00e9pervier diam 5,4 m monofilament . Livraison rapide gratuite. Achetez votre \u00e9pervier et recevez le rapidement chez vous.","breadcrumb":{"@id":"https:\/\/www.aiguiller.com\/blog\/product\/filet-epervier-diametre-54m-livraison-rapide\/#breadcrumb"},"inLanguage":"fr-FR","potentialAction":[{"@type":"ReadAction","target":["https:\/\/www.aiguiller.com\/blog\/product\/filet-epervier-diametre-54m-livraison-rapide\/"]}]},{"@type":"ImageObject","inLanguage":"fr-FR","@id":"https:\/\/www.aiguiller.com\/blog\/product\/filet-epervier-diametre-54m-livraison-rapide\/#primaryimage","url":"https:\/\/www.aiguiller.com\/blog\/wp-content\/uploads\/2025\/09\/filets-eperviers-attrapant-des-truites.jpeg","contentUrl":"https:\/\/www.aiguiller.com\/blog\/wp-content\/uploads\/2025\/09\/filets-eperviers-attrapant-des-truites.jpeg","width":1600,"height":1600,"caption":"Filets \u00e9perviers avec truites"},{"@type":"BreadcrumbList","@id":"https:\/\/www.aiguiller.com\/blog\/product\/filet-epervier-diametre-54m-livraison-rapide\/#breadcrumb","itemListElement":[{"@type":"ListItem","position":1,"name":"Accueil","item":"https:\/\/www.aiguiller.com\/blog\/"},{"@type":"ListItem","position":2,"name":"Boutique d&#8217;articles de p\u00eache","item":"https:\/\/www.aiguiller.com\/blog\/shop\/"},{"@type":"ListItem","position":3,"name":"Filet Epervier Diam\u00e8tre 5,4m Livraison rapide"}]},{"@type":"WebSite","@id":"https:\/\/www.aiguiller.com\/blog\/#website","url":"https:\/\/www.aiguiller.com\/blog\/","name":"Articles de p\u00eache pas cher: aiguiller.com","description":"Mat\u00e9riel de p\u00eache \u00e0 bas prix","publisher":{"@id":"https:\/\/www.aiguiller.com\/blog\/#organization"},"potentialAction":[{"@type":"SearchAction","target":{"@type":"EntryPoint","urlTemplate":"https:\/\/www.aiguiller.com\/blog\/?s={search_term_string}"},"query-input":{"@type":"PropertyValueSpecification","valueRequired":true,"valueName":"search_term_string"}}],"inLanguage":"fr-FR"},{"@type":"Organization","@id":"https:\/\/www.aiguiller.com\/blog\/#organization","name":"Articles de p\u00eache pas cher: aiguiller.com","url":"https:\/\/www.aiguiller.com\/blog\/","logo":{"@type":"ImageObject","inLanguage":"fr-FR","@id":"https:\/\/www.aiguiller.com\/blog\/#\/schema\/logo\/image\/","url":"https:\/\/www.aiguiller.com\/blog\/wp-content\/uploads\/2025\/07\/boutique-gilet-de-peche.png","contentUrl":"https:\/\/www.aiguiller.com\/blog\/wp-content\/uploads\/2025\/07\/boutique-gilet-de-peche.png","width":395,"height":310,"caption":"Articles de p\u00eache pas cher: aiguiller.com"},"image":{"@id":"https:\/\/www.aiguiller.com\/blog\/#\/schema\/logo\/image\/"},"sameAs":["https:\/\/www.facebook.com\/people\/Les-nouvelles-du-pcheur\/100071000092723\/"]}]}},"_links":{"self":[{"href":"https:\/\/www.aiguiller.com\/blog\/wp-json\/wp\/v2\/product\/2222","targetHints":{"allow":["GET"]}}],"collection":[{"href":"https:\/\/www.aiguiller.com\/blog\/wp-json\/wp\/v2\/product"}],"about":[{"href":"https:\/\/www.aiguiller.com\/blog\/wp-json\/wp\/v2\/types\/product"}],"replies":[{"embeddable":true,"href":"https:\/\/www.aiguiller.com\/blog\/wp-json\/wp\/v2\/comments?post=2222"}],"wp:featuredmedia":[{"embeddable":true,"href":"https:\/\/www.aiguiller.com\/blog\/wp-json\/wp\/v2\/media\/2357"}],"wp:attachment":[{"href":"https:\/\/www.aiguiller.com\/blog\/wp-json\/wp\/v2\/media?parent=2222"}],"wp:term":[{"taxonomy":"product_brand","embeddable":true,"href":"https:\/\/www.aiguiller.com\/blog\/wp-json\/wp\/v2\/product_brand?post=2222"},{"taxonomy":"product_cat","embeddable":true,"href":"https:\/\/www.aiguiller.com\/blog\/wp-json\/wp\/v2\/product_cat?post=2222"},{"taxonomy":"product_tag","embeddable":true,"href":"https:\/\/www.aiguiller.com\/blog\/wp-json\/wp\/v2\/product_tag?post=2222"}],"curies":[{"name":"wp","href":"https:\/\/api.w.org\/{rel}","templated":true}]}}