{"id":2190,"date":"2025-08-29T14:52:45","date_gmt":"2025-08-29T13:52:45","guid":{"rendered":"https:\/\/www.aiguiller.com\/blog\/?post_type=product&#038;p=2190"},"modified":"2025-08-29T15:08:07","modified_gmt":"2025-08-29T14:08:07","slug":"filet-de-peche-a-lepervier-avec-plomb-en-chaine","status":"publish","type":"product","link":"https:\/\/www.aiguiller.com\/blog\/product\/filet-de-peche-a-lepervier-avec-plomb-en-chaine\/","title":{"rendered":"Filet de p\u00eache \u00e0 l&#8217;\u00e9pervier avec plomb en cha\u00eene"},"content":{"rendered":"<h2>Un \u00e9pervier avec cha\u00eene comme poids<\/h2>\n<p>Vous allez \u00eatre \u00e9tonn\u00e9 par ce <strong>filet de p\u00eache \u00e0 l&#8217;\u00e9pervier<\/strong> form\u00e9 \u00e0 sa base de chaine en acier. Apr\u00e8s de nombreux tests et am\u00e9lioration il s&#8217;av\u00e8re que l&#8217;adaptation de chaines \u00e0 la places des plombs pour l&#8217;\u00e9pervier permet un gain de rapidit\u00e9 pour faire couler le filet. Vous aurez ainsi plus de prises car le filet coule profond\u00e9ment rapidement.<\/p>\n<p>Le lancer est parfois plus lourd mais le d\u00e9ploiement s&#8217;effectue correctement et les poissons n&#8217;ont pas le temps de s&#8217;\u00e9chapper.<\/p>\n<h2>D\u00e9tails techniques du filet de p\u00eache circulaire avec cha\u00eene<\/h2>\n<p>Filet\u00a0 fait de PE (poly\u00e9thyl\u00e8ne) haute r\u00e9sistance<\/p>\n<p>Plomb en chaine d&#8217;acier galvanis\u00e9<\/p>\n<p>Taille de la maille du filet : 1,5 cm x 1,5 cm<\/p>\n<p>Fil tress\u00e9 haute r\u00e9sistance<\/p>\n<p>Flying Disc Cast Ring est un syst\u00e8me d&#8217;\u00e9cartement du filet lors des lanc\u00e9s et permet aux d\u00e9butants d&#8217;assurer le d\u00e9ploiement convenable du filet.<\/p>\n<p>Disponible en 5 mod\u00e8les les dimensions mentionn\u00e9es sont en centim\u00e8tre et repr\u00e9sentent le diam\u00e8tre du filet ouvert.<\/p>\n<p><img decoding=\"async\" class=\"img-responsive\" src=\"\/\/ae01.alicdn.com\/kf\/Sadc0172d047648cab9f4e4f24a918e87x.jpg\" \/><img decoding=\"async\" class=\"img-responsive\" src=\"\/\/ae01.alicdn.com\/kf\/S4094b7ef75994d0d8fbca6e178c021e2A.jpg\" \/><img decoding=\"async\" class=\"img-responsive\" src=\"\/\/ae01.alicdn.com\/kf\/Se7fc2d67e59d43babf5fa82e646b8ee6N.jpg\" \/><img decoding=\"async\" class=\"img-responsive\" src=\"\/\/ae01.alicdn.com\/kf\/S50147d794fc54494b0fe8b62d9097c6aD.jpg\" \/><img decoding=\"async\" class=\"img-responsive\" src=\"\/\/ae01.alicdn.com\/kf\/Scced073aff5e45b0a116423a38eb55bb8.jpg\" \/><img decoding=\"async\" class=\"img-responsive\" src=\"\/\/ae01.alicdn.com\/kf\/Sd72db2fa6c164c00ac92443e1cc4fb33m.jpg\" \/><img decoding=\"async\" class=\"img-responsive\" src=\"\/\/ae01.alicdn.com\/kf\/Sf4d96b09acca4275925cb541f620923do.jpg\" \/><img decoding=\"async\" class=\"img-responsive\" src=\"\/\/ae01.alicdn.com\/kf\/S790a94917a6d445bbd50a49264a4cc8ds.jpg\" \/><img decoding=\"async\" class=\"img-responsive\" src=\"\/\/ae01.alicdn.com\/kf\/Sf7921ab92ff5454cb94605deeb210a13k.jpg\" \/><\/p>\n","protected":false},"excerpt":{"rendered":"<p>Filet de p\u00eache circulaire fait de cha\u00eenes en acier lourd en extr\u00e9mit\u00e9.<\/p>\n<p>D\u00e9ploiement ais\u00e9 avec le disque d&#8217;aide.<\/p>\n<p>Maille en fil tress\u00e9e 1,5 x 1,5 cm r\u00e9sistante.<\/p>\n","protected":false},"featured_media":2191,"comment_status":"open","ping_status":"closed","template":"","meta":[],"product_brand":[],"product_cat":[420],"product_tag":[],"class_list":{"0":"post-2190","1":"product","2":"type-product","3":"status-publish","4":"has-post-thumbnail","6":"product_cat-epervier-peche","7":"pa_taille-diam-cm-454","8":"pa_taille-diam-cm-455","9":"pa_taille-diam-cm-456","10":"pa_taille-diam-cm-457","11":"pa_taille-diam-cm-458","13":"first","14":"instock","15":"sale","16":"shipping-taxable","17":"purchasable","18":"product-type-variable"},"yoast_head":"<!-- This site is optimized with the Yoast SEO plugin v27.3 - https:\/\/yoast.com\/product\/yoast-seo-wordpress\/ -->\n<title>Filet de p\u00eache \u00e0 l&#039;\u00e9pervier avec plomb en cha\u00eene<\/title>\n<meta name=\"description\" content=\"Epervier avec chaines - Vous cherchez un \u00e9pervier qui coule facilement et rapidement, ce type d&#039;\u00e9pervier fait de cha\u00eene d&#039;acier est id\u00e9al\" \/>\n<meta name=\"robots\" content=\"index, follow, max-snippet:-1, max-image-preview:large, max-video-preview:-1\" \/>\n<link rel=\"canonical\" href=\"https:\/\/www.aiguiller.com\/blog\/product\/filet-de-peche-a-lepervier-avec-plomb-en-chaine\/\" \/>\n<meta property=\"og:locale\" content=\"fr_FR\" \/>\n<meta property=\"og:type\" content=\"article\" \/>\n<meta property=\"og:title\" content=\"Filet de p\u00eache \u00e0 l&#039;\u00e9pervier avec plomb en cha\u00eene\" \/>\n<meta property=\"og:description\" content=\"Epervier avec chaines - Vous cherchez un \u00e9pervier qui coule facilement et rapidement, ce type d&#039;\u00e9pervier fait de cha\u00eene d&#039;acier est id\u00e9al\" \/>\n<meta property=\"og:url\" content=\"https:\/\/www.aiguiller.com\/blog\/product\/filet-de-peche-a-lepervier-avec-plomb-en-chaine\/\" \/>\n<meta property=\"og:site_name\" content=\"Articles de p\u00eache pas cher: aiguiller.com\" \/>\n<meta property=\"article:publisher\" content=\"https:\/\/www.facebook.com\/people\/Les-nouvelles-du-pcheur\/100071000092723\/\" \/>\n<meta property=\"article:modified_time\" content=\"2025-08-29T14:08:07+00:00\" \/>\n<meta property=\"og:image\" content=\"https:\/\/ae01.alicdn.com\/kf\/S7351a701f1cf4fe5ad4472d1e0244e3ff\/Filet-de-p-che-JOFishing-en-acier-am-lior-filet-coul-la-main-petit-trou-de.jpg\" \/>\n\t<meta property=\"og:image:width\" content=\"800\" \/>\n\t<meta property=\"og:image:height\" content=\"800\" \/>\n\t<meta property=\"og:image:type\" content=\"image\/jpeg\" \/>\n<meta name=\"twitter:card\" content=\"summary_large_image\" \/>\n<meta name=\"twitter:label1\" content=\"Dur\u00e9e de lecture estim\u00e9e\" \/>\n\t<meta name=\"twitter:data1\" content=\"3 minutes\" \/>\n<script type=\"application\/ld+json\" class=\"yoast-schema-graph\">{\"@context\":\"https:\\\/\\\/schema.org\",\"@graph\":[{\"@type\":\"WebPage\",\"@id\":\"https:\\\/\\\/www.aiguiller.com\\\/blog\\\/product\\\/filet-de-peche-a-lepervier-avec-plomb-en-chaine\\\/\",\"url\":\"https:\\\/\\\/www.aiguiller.com\\\/blog\\\/product\\\/filet-de-peche-a-lepervier-avec-plomb-en-chaine\\\/\",\"name\":\"Filet de p\u00eache \u00e0 l'\u00e9pervier avec plomb en cha\u00eene\",\"isPartOf\":{\"@id\":\"https:\\\/\\\/www.aiguiller.com\\\/blog\\\/#website\"},\"primaryImageOfPage\":{\"@id\":\"https:\\\/\\\/www.aiguiller.com\\\/blog\\\/product\\\/filet-de-peche-a-lepervier-avec-plomb-en-chaine\\\/#primaryimage\"},\"image\":{\"@id\":\"https:\\\/\\\/www.aiguiller.com\\\/blog\\\/product\\\/filet-de-peche-a-lepervier-avec-plomb-en-chaine\\\/#primaryimage\"},\"thumbnailUrl\":\"https:\\\/\\\/ae01.alicdn.com\\\/kf\\\/S7351a701f1cf4fe5ad4472d1e0244e3ff\\\/Filet-de-p-che-JOFishing-en-acier-am-lior-filet-coul-la-main-petit-trou-de.jpg\",\"datePublished\":\"2025-08-29T13:52:45+00:00\",\"dateModified\":\"2025-08-29T14:08:07+00:00\",\"description\":\"Epervier avec chaines - Vous cherchez un \u00e9pervier qui coule facilement et rapidement, ce type d'\u00e9pervier fait de cha\u00eene d'acier est id\u00e9al\",\"breadcrumb\":{\"@id\":\"https:\\\/\\\/www.aiguiller.com\\\/blog\\\/product\\\/filet-de-peche-a-lepervier-avec-plomb-en-chaine\\\/#breadcrumb\"},\"inLanguage\":\"fr-FR\",\"potentialAction\":[{\"@type\":\"ReadAction\",\"target\":[\"https:\\\/\\\/www.aiguiller.com\\\/blog\\\/product\\\/filet-de-peche-a-lepervier-avec-plomb-en-chaine\\\/\"]}]},{\"@type\":\"ImageObject\",\"inLanguage\":\"fr-FR\",\"@id\":\"https:\\\/\\\/www.aiguiller.com\\\/blog\\\/product\\\/filet-de-peche-a-lepervier-avec-plomb-en-chaine\\\/#primaryimage\",\"url\":\"https:\\\/\\\/ae01.alicdn.com\\\/kf\\\/S7351a701f1cf4fe5ad4472d1e0244e3ff\\\/Filet-de-p-che-JOFishing-en-acier-am-lior-filet-coul-la-main-petit-trou-de.jpg\",\"contentUrl\":\"https:\\\/\\\/ae01.alicdn.com\\\/kf\\\/S7351a701f1cf4fe5ad4472d1e0244e3ff\\\/Filet-de-p-che-JOFishing-en-acier-am-lior-filet-coul-la-main-petit-trou-de.jpg\",\"width\":800,\"height\":800,\"caption\":\"Filet de p\u00eache \u00e0 l'\u00e9pervier avec plomb en cha\u00eene 1\"},{\"@type\":\"BreadcrumbList\",\"@id\":\"https:\\\/\\\/www.aiguiller.com\\\/blog\\\/product\\\/filet-de-peche-a-lepervier-avec-plomb-en-chaine\\\/#breadcrumb\",\"itemListElement\":[{\"@type\":\"ListItem\",\"position\":1,\"name\":\"Accueil\",\"item\":\"https:\\\/\\\/www.aiguiller.com\\\/blog\\\/\"},{\"@type\":\"ListItem\",\"position\":2,\"name\":\"Boutique d&#8217;articles de p\u00eache\",\"item\":\"https:\\\/\\\/www.aiguiller.com\\\/blog\\\/shop\\\/\"},{\"@type\":\"ListItem\",\"position\":3,\"name\":\"Filet de p\u00eache \u00e0 l&#8217;\u00e9pervier avec plomb en cha\u00eene\"}]},{\"@type\":\"WebSite\",\"@id\":\"https:\\\/\\\/www.aiguiller.com\\\/blog\\\/#website\",\"url\":\"https:\\\/\\\/www.aiguiller.com\\\/blog\\\/\",\"name\":\"Articles de p\u00eache pas cher: aiguiller.com\",\"description\":\"Mat\u00e9riel de p\u00eache \u00e0 bas prix\",\"publisher\":{\"@id\":\"https:\\\/\\\/www.aiguiller.com\\\/blog\\\/#organization\"},\"potentialAction\":[{\"@type\":\"SearchAction\",\"target\":{\"@type\":\"EntryPoint\",\"urlTemplate\":\"https:\\\/\\\/www.aiguiller.com\\\/blog\\\/?s={search_term_string}\"},\"query-input\":{\"@type\":\"PropertyValueSpecification\",\"valueRequired\":true,\"valueName\":\"search_term_string\"}}],\"inLanguage\":\"fr-FR\"},{\"@type\":\"Organization\",\"@id\":\"https:\\\/\\\/www.aiguiller.com\\\/blog\\\/#organization\",\"name\":\"Articles de p\u00eache pas cher: aiguiller.com\",\"url\":\"https:\\\/\\\/www.aiguiller.com\\\/blog\\\/\",\"logo\":{\"@type\":\"ImageObject\",\"inLanguage\":\"fr-FR\",\"@id\":\"https:\\\/\\\/www.aiguiller.com\\\/blog\\\/#\\\/schema\\\/logo\\\/image\\\/\",\"url\":\"https:\\\/\\\/www.aiguiller.com\\\/blog\\\/wp-content\\\/uploads\\\/2025\\\/07\\\/boutique-gilet-de-peche.png\",\"contentUrl\":\"https:\\\/\\\/www.aiguiller.com\\\/blog\\\/wp-content\\\/uploads\\\/2025\\\/07\\\/boutique-gilet-de-peche.png\",\"width\":395,\"height\":310,\"caption\":\"Articles de p\u00eache pas cher: aiguiller.com\"},\"image\":{\"@id\":\"https:\\\/\\\/www.aiguiller.com\\\/blog\\\/#\\\/schema\\\/logo\\\/image\\\/\"},\"sameAs\":[\"https:\\\/\\\/www.facebook.com\\\/people\\\/Les-nouvelles-du-pcheur\\\/100071000092723\\\/\"]}]}<\/script>\n<!-- \/ Yoast SEO plugin. -->","yoast_head_json":{"title":"Filet de p\u00eache \u00e0 l'\u00e9pervier avec plomb en cha\u00eene","description":"Epervier avec chaines - Vous cherchez un \u00e9pervier qui coule facilement et rapidement, ce type d'\u00e9pervier fait de cha\u00eene d'acier est id\u00e9al","robots":{"index":"index","follow":"follow","max-snippet":"max-snippet:-1","max-image-preview":"max-image-preview:large","max-video-preview":"max-video-preview:-1"},"canonical":"https:\/\/www.aiguiller.com\/blog\/product\/filet-de-peche-a-lepervier-avec-plomb-en-chaine\/","og_locale":"fr_FR","og_type":"article","og_title":"Filet de p\u00eache \u00e0 l'\u00e9pervier avec plomb en cha\u00eene","og_description":"Epervier avec chaines - Vous cherchez un \u00e9pervier qui coule facilement et rapidement, ce type d'\u00e9pervier fait de cha\u00eene d'acier est id\u00e9al","og_url":"https:\/\/www.aiguiller.com\/blog\/product\/filet-de-peche-a-lepervier-avec-plomb-en-chaine\/","og_site_name":"Articles de p\u00eache pas cher: aiguiller.com","article_publisher":"https:\/\/www.facebook.com\/people\/Les-nouvelles-du-pcheur\/100071000092723\/","article_modified_time":"2025-08-29T14:08:07+00:00","og_image":[{"width":800,"height":800,"url":"https:\/\/ae01.alicdn.com\/kf\/S7351a701f1cf4fe5ad4472d1e0244e3ff\/Filet-de-p-che-JOFishing-en-acier-am-lior-filet-coul-la-main-petit-trou-de.jpg","type":"image\/jpeg"}],"twitter_card":"summary_large_image","twitter_misc":{"Dur\u00e9e de lecture estim\u00e9e":"3 minutes"},"schema":{"@context":"https:\/\/schema.org","@graph":[{"@type":"WebPage","@id":"https:\/\/www.aiguiller.com\/blog\/product\/filet-de-peche-a-lepervier-avec-plomb-en-chaine\/","url":"https:\/\/www.aiguiller.com\/blog\/product\/filet-de-peche-a-lepervier-avec-plomb-en-chaine\/","name":"Filet de p\u00eache \u00e0 l'\u00e9pervier avec plomb en cha\u00eene","isPartOf":{"@id":"https:\/\/www.aiguiller.com\/blog\/#website"},"primaryImageOfPage":{"@id":"https:\/\/www.aiguiller.com\/blog\/product\/filet-de-peche-a-lepervier-avec-plomb-en-chaine\/#primaryimage"},"image":{"@id":"https:\/\/www.aiguiller.com\/blog\/product\/filet-de-peche-a-lepervier-avec-plomb-en-chaine\/#primaryimage"},"thumbnailUrl":"https:\/\/ae01.alicdn.com\/kf\/S7351a701f1cf4fe5ad4472d1e0244e3ff\/Filet-de-p-che-JOFishing-en-acier-am-lior-filet-coul-la-main-petit-trou-de.jpg","datePublished":"2025-08-29T13:52:45+00:00","dateModified":"2025-08-29T14:08:07+00:00","description":"Epervier avec chaines - Vous cherchez un \u00e9pervier qui coule facilement et rapidement, ce type d'\u00e9pervier fait de cha\u00eene d'acier est id\u00e9al","breadcrumb":{"@id":"https:\/\/www.aiguiller.com\/blog\/product\/filet-de-peche-a-lepervier-avec-plomb-en-chaine\/#breadcrumb"},"inLanguage":"fr-FR","potentialAction":[{"@type":"ReadAction","target":["https:\/\/www.aiguiller.com\/blog\/product\/filet-de-peche-a-lepervier-avec-plomb-en-chaine\/"]}]},{"@type":"ImageObject","inLanguage":"fr-FR","@id":"https:\/\/www.aiguiller.com\/blog\/product\/filet-de-peche-a-lepervier-avec-plomb-en-chaine\/#primaryimage","url":"https:\/\/ae01.alicdn.com\/kf\/S7351a701f1cf4fe5ad4472d1e0244e3ff\/Filet-de-p-che-JOFishing-en-acier-am-lior-filet-coul-la-main-petit-trou-de.jpg","contentUrl":"https:\/\/ae01.alicdn.com\/kf\/S7351a701f1cf4fe5ad4472d1e0244e3ff\/Filet-de-p-che-JOFishing-en-acier-am-lior-filet-coul-la-main-petit-trou-de.jpg","width":800,"height":800,"caption":"Filet de p\u00eache \u00e0 l'\u00e9pervier avec plomb en cha\u00eene 1"},{"@type":"BreadcrumbList","@id":"https:\/\/www.aiguiller.com\/blog\/product\/filet-de-peche-a-lepervier-avec-plomb-en-chaine\/#breadcrumb","itemListElement":[{"@type":"ListItem","position":1,"name":"Accueil","item":"https:\/\/www.aiguiller.com\/blog\/"},{"@type":"ListItem","position":2,"name":"Boutique d&#8217;articles de p\u00eache","item":"https:\/\/www.aiguiller.com\/blog\/shop\/"},{"@type":"ListItem","position":3,"name":"Filet de p\u00eache \u00e0 l&#8217;\u00e9pervier avec plomb en cha\u00eene"}]},{"@type":"WebSite","@id":"https:\/\/www.aiguiller.com\/blog\/#website","url":"https:\/\/www.aiguiller.com\/blog\/","name":"Articles de p\u00eache pas cher: aiguiller.com","description":"Mat\u00e9riel de p\u00eache \u00e0 bas prix","publisher":{"@id":"https:\/\/www.aiguiller.com\/blog\/#organization"},"potentialAction":[{"@type":"SearchAction","target":{"@type":"EntryPoint","urlTemplate":"https:\/\/www.aiguiller.com\/blog\/?s={search_term_string}"},"query-input":{"@type":"PropertyValueSpecification","valueRequired":true,"valueName":"search_term_string"}}],"inLanguage":"fr-FR"},{"@type":"Organization","@id":"https:\/\/www.aiguiller.com\/blog\/#organization","name":"Articles de p\u00eache pas cher: aiguiller.com","url":"https:\/\/www.aiguiller.com\/blog\/","logo":{"@type":"ImageObject","inLanguage":"fr-FR","@id":"https:\/\/www.aiguiller.com\/blog\/#\/schema\/logo\/image\/","url":"https:\/\/www.aiguiller.com\/blog\/wp-content\/uploads\/2025\/07\/boutique-gilet-de-peche.png","contentUrl":"https:\/\/www.aiguiller.com\/blog\/wp-content\/uploads\/2025\/07\/boutique-gilet-de-peche.png","width":395,"height":310,"caption":"Articles de p\u00eache pas cher: aiguiller.com"},"image":{"@id":"https:\/\/www.aiguiller.com\/blog\/#\/schema\/logo\/image\/"},"sameAs":["https:\/\/www.facebook.com\/people\/Les-nouvelles-du-pcheur\/100071000092723\/"]}]}},"_links":{"self":[{"href":"https:\/\/www.aiguiller.com\/blog\/wp-json\/wp\/v2\/product\/2190","targetHints":{"allow":["GET"]}}],"collection":[{"href":"https:\/\/www.aiguiller.com\/blog\/wp-json\/wp\/v2\/product"}],"about":[{"href":"https:\/\/www.aiguiller.com\/blog\/wp-json\/wp\/v2\/types\/product"}],"replies":[{"embeddable":true,"href":"https:\/\/www.aiguiller.com\/blog\/wp-json\/wp\/v2\/comments?post=2190"}],"wp:featuredmedia":[{"embeddable":true,"href":"https:\/\/www.aiguiller.com\/blog\/wp-json\/wp\/v2\/media\/2191"}],"wp:attachment":[{"href":"https:\/\/www.aiguiller.com\/blog\/wp-json\/wp\/v2\/media?parent=2190"}],"wp:term":[{"taxonomy":"product_brand","embeddable":true,"href":"https:\/\/www.aiguiller.com\/blog\/wp-json\/wp\/v2\/product_brand?post=2190"},{"taxonomy":"product_cat","embeddable":true,"href":"https:\/\/www.aiguiller.com\/blog\/wp-json\/wp\/v2\/product_cat?post=2190"},{"taxonomy":"product_tag","embeddable":true,"href":"https:\/\/www.aiguiller.com\/blog\/wp-json\/wp\/v2\/product_tag?post=2190"}],"curies":[{"name":"wp","href":"https:\/\/api.w.org\/{rel}","templated":true}]}}