{"id":2175,"date":"2025-08-29T14:19:04","date_gmt":"2025-08-29T13:19:04","guid":{"rendered":"https:\/\/www.aiguiller.com\/blog\/?post_type=product&#038;p=2175"},"modified":"2025-08-29T14:24:09","modified_gmt":"2025-08-29T13:24:09","slug":"eperver-de-peche-monofilament-maille-americaine","status":"publish","type":"product","link":"https:\/\/www.aiguiller.com\/blog\/product\/eperver-de-peche-monofilament-maille-americaine\/","title":{"rendered":"\u00c9perver de p\u00eache monofilament maille am\u00e9ricaine"},"content":{"rendered":"<h2><b>\u00c9pervier de p\u00eacheur Monofilament maille am\u00e9ricaine<\/b><\/h2>\n<p><img loading=\"lazy\" decoding=\"async\" class=\"img-responsive alignright\" src=\"\/\/ae01.alicdn.com\/kf\/S9ff5965e119f42cb957c0758f1abc8dbx.jpg\" width=\"415\" height=\"415\" \/>D\u00e9couvrez cette gamme d&#8217;<b> \u00e9perviers monofilament <\/b>avec maille am\u00e9ricaine de haute qualit\u00e9. Ce filet de p\u00eache manuel est fabriqu\u00e9 \u00e0 partir de nylon renforc\u00e9 de diam\u00e8tre 0,3 mm. R\u00e9sistant et durable, vous n&#8217;aurez aucun probl\u00e8me de d\u00e9chirure ni de d\u00e9formation.<\/p>\n<p>Lors du lanc\u00e9, ce filet \u00e9pervier se tend en forme de diamant. Il se tend et se d\u00e9ploie pour une couverture maximale.<\/p>\n<p>Le kit \u00e9pervier comprend le filet fourni avec corde pour ramener. Le seau de stockage du filet, Une aiguille a tisser, et le guide.<\/p>\n<p>Chaque filet comprend un chapelet de plomb de 0,75 Lb \u00e0 1 Lb chacun en fonction de la dimension des filets de p\u00eache.<\/p>\n<p>Enfin ce petit chalut manuel va maintenir son ouverture lors de la descente dans les fonds marins. Il n&#8217;a pas la particularit\u00e9 de se refermer comme la plupart des autres.<\/p>\n<h3>Des plombs d&#8217;\u00e9pervier de qualit\u00e9 pour un filet qui coule facilement<\/h3>\n<p><img loading=\"lazy\" decoding=\"async\" class=\"img-responsive alignleft\" src=\"\/\/ae01.alicdn.com\/kf\/S5be3d9f2e0284ac98261cfa2893ebba11.jpg\" width=\"453\" height=\"453\" \/><\/p>\n<p>La plupart des\u00a0probl\u00e8mes avec les \u00e9perviers, c&#8217;est la lenteur du filet pour atteindre le fond. Or dans ce cas les plombs sont rond, robustes, \u00e9pais et surtout lourd. Ils d\u00e9ploient et font couler le filet au fond de l&#8217;eau rapidement. Emprisonnant le maximum de poissons dans la maille de l&#8217;\u00e9pervier.<\/p>\n<p>Vous pouvez remarquer la qualit\u00e9 des coutures du filet et la double ligne de fond assurant une r\u00e9sistance accrue.<\/p>\n<p>En choisissant cette ligne de filet vous vous assurez des sorties avec une grande quantit\u00e9 de poissons.<\/p>\n<p>Les filets d&#8217;\u00e9perviers sont disponibles en 6 mod\u00e8les du 3 Foot (0,91 cm de haut soit 1,80 de diam\u00e8tre)\u00a0 au 10 Foot (3 m soit 6 m\u00e8tres de diam\u00e8tre)<\/p>\n<p>Les Filets peuvent \u00eatre utilis\u00e9 autant en eau douce qu&#8217;en eau sal\u00e9e.<\/p>\n<h3>Filet manuel de p\u00eache en forme de diamant: les tailles et caract\u00e9ristiques<\/h3>\n<p><img loading=\"lazy\" decoding=\"async\" class=\"img-responsive\" src=\"\/\/ae01.alicdn.com\/kf\/S7a6cb79a17e847ec828ccf085f80e089M.jpg\" width=\"780\" height=\"780\" \/><img decoding=\"async\" class=\"img-responsive\" src=\"\/\/ae01.alicdn.com\/kf\/S46c20910a4414bbb9e04c8cc9bc0b14eL.jpg\" \/><img decoding=\"async\" class=\"img-responsive\" src=\"\/\/ae01.alicdn.com\/kf\/S1fdee4e954a44eca956ce5e4c2e9ebd6x.jpg\" \/><img decoding=\"async\" class=\"img-responsive\" src=\"\/\/ae01.alicdn.com\/kf\/Scbbb29f26b554dafb483df8306dcd462B.jpg\" \/><img decoding=\"async\" class=\"img-responsive\" src=\"\/\/ae01.alicdn.com\/kf\/S8910518594d14e608d3c5d975d2b209ex.jpg\" \/><img decoding=\"async\" class=\"img-responsive\" src=\"\/\/ae01.alicdn.com\/kf\/S264dc50f65ab45909d4bd122a24dcc67i.jpg\" \/><img decoding=\"async\" class=\"img-responsive\" src=\"\/\/ae01.alicdn.com\/kf\/S4fb0a45238044a41886d4757242910cea.jpg\" \/><\/p>\n","protected":false},"excerpt":{"rendered":"<p>\u00c9pervier de p\u00eacheur Monofilament maille am\u00e9ricaine D\u00e9couvrez cette gamme d&#8217; \u00e9perviers monofilament avec maille am\u00e9ricaine&hellip;<\/p>\n","protected":false},"featured_media":2176,"comment_status":"open","ping_status":"closed","template":"","meta":[],"product_brand":[],"product_cat":[420],"product_tag":[],"class_list":{"0":"post-2175","1":"product","2":"type-product","3":"status-publish","4":"has-post-thumbnail","6":"product_cat-epervier-peche","7":"pa_couleur-10ft-et-plomb-1lb","8":"pa_couleur-3ft-et-plomb-0-75lb","9":"pa_couleur-4ft-et-plomb-0-75lb","10":"pa_couleur-5ft-et-plomb-0-75lb","11":"pa_couleur-6ft-et-plomb-0-75lb","12":"pa_couleur-8ft-et-plomb-1lb","14":"first","15":"instock","16":"sale","17":"shipping-taxable","18":"purchasable","19":"product-type-variable"},"yoast_head":"<!-- This site is optimized with the Yoast SEO plugin v27.3 - https:\/\/yoast.com\/product\/yoast-seo-wordpress\/ -->\n<title>\u00c9perver de p\u00eache monofilament maille am\u00e9ricaine<\/title>\n<meta name=\"description\" content=\"Votre \u00e9pervier de p\u00eache monofilament r\u00e9sistant facile a manier vous attend dans notre boutique. D\u00e9couvrez les prix et les dimensions disponibles.\" \/>\n<meta name=\"robots\" content=\"index, follow, max-snippet:-1, max-image-preview:large, max-video-preview:-1\" \/>\n<link rel=\"canonical\" href=\"https:\/\/www.aiguiller.com\/blog\/product\/eperver-de-peche-monofilament-maille-americaine\/\" \/>\n<meta property=\"og:locale\" content=\"fr_FR\" \/>\n<meta property=\"og:type\" content=\"article\" \/>\n<meta property=\"og:title\" content=\"\u00c9perver de p\u00eache monofilament maille am\u00e9ricaine\" \/>\n<meta property=\"og:description\" content=\"Votre \u00e9pervier de p\u00eache monofilament r\u00e9sistant facile a manier vous attend dans notre boutique. D\u00e9couvrez les prix et les dimensions disponibles.\" \/>\n<meta property=\"og:url\" content=\"https:\/\/www.aiguiller.com\/blog\/product\/eperver-de-peche-monofilament-maille-americaine\/\" \/>\n<meta property=\"og:site_name\" content=\"Articles de p\u00eache pas cher: aiguiller.com\" \/>\n<meta property=\"article:publisher\" content=\"https:\/\/www.facebook.com\/people\/Les-nouvelles-du-pcheur\/100071000092723\/\" \/>\n<meta property=\"article:modified_time\" content=\"2025-08-29T13:24:09+00:00\" \/>\n<meta property=\"og:image\" content=\"https:\/\/ae01.alicdn.com\/kf\/Sea036b92177d4ae3ac2cb9c3f4c222cc9\/Goture-filet-de-moulage-am-ricain-d-ext-rieur-taille-de-maille-de-3-8-pouces.jpg\" \/>\n\t<meta property=\"og:image:width\" content=\"800\" \/>\n\t<meta property=\"og:image:height\" content=\"800\" \/>\n\t<meta property=\"og:image:type\" content=\"image\/jpeg\" \/>\n<meta name=\"twitter:card\" content=\"summary_large_image\" \/>\n<meta name=\"twitter:label1\" content=\"Dur\u00e9e de lecture estim\u00e9e\" \/>\n\t<meta name=\"twitter:data1\" content=\"4 minutes\" \/>\n<script type=\"application\/ld+json\" class=\"yoast-schema-graph\">{\"@context\":\"https:\\\/\\\/schema.org\",\"@graph\":[{\"@type\":\"WebPage\",\"@id\":\"https:\\\/\\\/www.aiguiller.com\\\/blog\\\/product\\\/eperver-de-peche-monofilament-maille-americaine\\\/\",\"url\":\"https:\\\/\\\/www.aiguiller.com\\\/blog\\\/product\\\/eperver-de-peche-monofilament-maille-americaine\\\/\",\"name\":\"\u00c9perver de p\u00eache monofilament maille am\u00e9ricaine\",\"isPartOf\":{\"@id\":\"https:\\\/\\\/www.aiguiller.com\\\/blog\\\/#website\"},\"primaryImageOfPage\":{\"@id\":\"https:\\\/\\\/www.aiguiller.com\\\/blog\\\/product\\\/eperver-de-peche-monofilament-maille-americaine\\\/#primaryimage\"},\"image\":{\"@id\":\"https:\\\/\\\/www.aiguiller.com\\\/blog\\\/product\\\/eperver-de-peche-monofilament-maille-americaine\\\/#primaryimage\"},\"thumbnailUrl\":\"https:\\\/\\\/ae01.alicdn.com\\\/kf\\\/Sea036b92177d4ae3ac2cb9c3f4c222cc9\\\/Goture-filet-de-moulage-am-ricain-d-ext-rieur-taille-de-maille-de-3-8-pouces.jpg\",\"datePublished\":\"2025-08-29T13:19:04+00:00\",\"dateModified\":\"2025-08-29T13:24:09+00:00\",\"description\":\"Votre \u00e9pervier de p\u00eache monofilament r\u00e9sistant facile a manier vous attend dans notre boutique. D\u00e9couvrez les prix et les dimensions disponibles.\",\"breadcrumb\":{\"@id\":\"https:\\\/\\\/www.aiguiller.com\\\/blog\\\/product\\\/eperver-de-peche-monofilament-maille-americaine\\\/#breadcrumb\"},\"inLanguage\":\"fr-FR\",\"potentialAction\":[{\"@type\":\"ReadAction\",\"target\":[\"https:\\\/\\\/www.aiguiller.com\\\/blog\\\/product\\\/eperver-de-peche-monofilament-maille-americaine\\\/\"]}]},{\"@type\":\"ImageObject\",\"inLanguage\":\"fr-FR\",\"@id\":\"https:\\\/\\\/www.aiguiller.com\\\/blog\\\/product\\\/eperver-de-peche-monofilament-maille-americaine\\\/#primaryimage\",\"url\":\"https:\\\/\\\/ae01.alicdn.com\\\/kf\\\/Sea036b92177d4ae3ac2cb9c3f4c222cc9\\\/Goture-filet-de-moulage-am-ricain-d-ext-rieur-taille-de-maille-de-3-8-pouces.jpg\",\"contentUrl\":\"https:\\\/\\\/ae01.alicdn.com\\\/kf\\\/Sea036b92177d4ae3ac2cb9c3f4c222cc9\\\/Goture-filet-de-moulage-am-ricain-d-ext-rieur-taille-de-maille-de-3-8-pouces.jpg\",\"width\":800,\"height\":800,\"caption\":\"\u00c9perver de p\u00eache monofilament maille am\u00e9ricaine 1\"},{\"@type\":\"BreadcrumbList\",\"@id\":\"https:\\\/\\\/www.aiguiller.com\\\/blog\\\/product\\\/eperver-de-peche-monofilament-maille-americaine\\\/#breadcrumb\",\"itemListElement\":[{\"@type\":\"ListItem\",\"position\":1,\"name\":\"Accueil\",\"item\":\"https:\\\/\\\/www.aiguiller.com\\\/blog\\\/\"},{\"@type\":\"ListItem\",\"position\":2,\"name\":\"Boutique d&#8217;articles de p\u00eache\",\"item\":\"https:\\\/\\\/www.aiguiller.com\\\/blog\\\/shop\\\/\"},{\"@type\":\"ListItem\",\"position\":3,\"name\":\"\u00c9perver de p\u00eache monofilament maille am\u00e9ricaine\"}]},{\"@type\":\"WebSite\",\"@id\":\"https:\\\/\\\/www.aiguiller.com\\\/blog\\\/#website\",\"url\":\"https:\\\/\\\/www.aiguiller.com\\\/blog\\\/\",\"name\":\"Articles de p\u00eache pas cher: aiguiller.com\",\"description\":\"Mat\u00e9riel de p\u00eache \u00e0 bas prix\",\"publisher\":{\"@id\":\"https:\\\/\\\/www.aiguiller.com\\\/blog\\\/#organization\"},\"potentialAction\":[{\"@type\":\"SearchAction\",\"target\":{\"@type\":\"EntryPoint\",\"urlTemplate\":\"https:\\\/\\\/www.aiguiller.com\\\/blog\\\/?s={search_term_string}\"},\"query-input\":{\"@type\":\"PropertyValueSpecification\",\"valueRequired\":true,\"valueName\":\"search_term_string\"}}],\"inLanguage\":\"fr-FR\"},{\"@type\":\"Organization\",\"@id\":\"https:\\\/\\\/www.aiguiller.com\\\/blog\\\/#organization\",\"name\":\"Articles de p\u00eache pas cher: aiguiller.com\",\"url\":\"https:\\\/\\\/www.aiguiller.com\\\/blog\\\/\",\"logo\":{\"@type\":\"ImageObject\",\"inLanguage\":\"fr-FR\",\"@id\":\"https:\\\/\\\/www.aiguiller.com\\\/blog\\\/#\\\/schema\\\/logo\\\/image\\\/\",\"url\":\"https:\\\/\\\/www.aiguiller.com\\\/blog\\\/wp-content\\\/uploads\\\/2025\\\/07\\\/boutique-gilet-de-peche.png\",\"contentUrl\":\"https:\\\/\\\/www.aiguiller.com\\\/blog\\\/wp-content\\\/uploads\\\/2025\\\/07\\\/boutique-gilet-de-peche.png\",\"width\":395,\"height\":310,\"caption\":\"Articles de p\u00eache pas cher: aiguiller.com\"},\"image\":{\"@id\":\"https:\\\/\\\/www.aiguiller.com\\\/blog\\\/#\\\/schema\\\/logo\\\/image\\\/\"},\"sameAs\":[\"https:\\\/\\\/www.facebook.com\\\/people\\\/Les-nouvelles-du-pcheur\\\/100071000092723\\\/\"]}]}<\/script>\n<!-- \/ Yoast SEO plugin. -->","yoast_head_json":{"title":"\u00c9perver de p\u00eache monofilament maille am\u00e9ricaine","description":"Votre \u00e9pervier de p\u00eache monofilament r\u00e9sistant facile a manier vous attend dans notre boutique. D\u00e9couvrez les prix et les dimensions disponibles.","robots":{"index":"index","follow":"follow","max-snippet":"max-snippet:-1","max-image-preview":"max-image-preview:large","max-video-preview":"max-video-preview:-1"},"canonical":"https:\/\/www.aiguiller.com\/blog\/product\/eperver-de-peche-monofilament-maille-americaine\/","og_locale":"fr_FR","og_type":"article","og_title":"\u00c9perver de p\u00eache monofilament maille am\u00e9ricaine","og_description":"Votre \u00e9pervier de p\u00eache monofilament r\u00e9sistant facile a manier vous attend dans notre boutique. D\u00e9couvrez les prix et les dimensions disponibles.","og_url":"https:\/\/www.aiguiller.com\/blog\/product\/eperver-de-peche-monofilament-maille-americaine\/","og_site_name":"Articles de p\u00eache pas cher: aiguiller.com","article_publisher":"https:\/\/www.facebook.com\/people\/Les-nouvelles-du-pcheur\/100071000092723\/","article_modified_time":"2025-08-29T13:24:09+00:00","og_image":[{"width":800,"height":800,"url":"https:\/\/ae01.alicdn.com\/kf\/Sea036b92177d4ae3ac2cb9c3f4c222cc9\/Goture-filet-de-moulage-am-ricain-d-ext-rieur-taille-de-maille-de-3-8-pouces.jpg","type":"image\/jpeg"}],"twitter_card":"summary_large_image","twitter_misc":{"Dur\u00e9e de lecture estim\u00e9e":"4 minutes"},"schema":{"@context":"https:\/\/schema.org","@graph":[{"@type":"WebPage","@id":"https:\/\/www.aiguiller.com\/blog\/product\/eperver-de-peche-monofilament-maille-americaine\/","url":"https:\/\/www.aiguiller.com\/blog\/product\/eperver-de-peche-monofilament-maille-americaine\/","name":"\u00c9perver de p\u00eache monofilament maille am\u00e9ricaine","isPartOf":{"@id":"https:\/\/www.aiguiller.com\/blog\/#website"},"primaryImageOfPage":{"@id":"https:\/\/www.aiguiller.com\/blog\/product\/eperver-de-peche-monofilament-maille-americaine\/#primaryimage"},"image":{"@id":"https:\/\/www.aiguiller.com\/blog\/product\/eperver-de-peche-monofilament-maille-americaine\/#primaryimage"},"thumbnailUrl":"https:\/\/ae01.alicdn.com\/kf\/Sea036b92177d4ae3ac2cb9c3f4c222cc9\/Goture-filet-de-moulage-am-ricain-d-ext-rieur-taille-de-maille-de-3-8-pouces.jpg","datePublished":"2025-08-29T13:19:04+00:00","dateModified":"2025-08-29T13:24:09+00:00","description":"Votre \u00e9pervier de p\u00eache monofilament r\u00e9sistant facile a manier vous attend dans notre boutique. D\u00e9couvrez les prix et les dimensions disponibles.","breadcrumb":{"@id":"https:\/\/www.aiguiller.com\/blog\/product\/eperver-de-peche-monofilament-maille-americaine\/#breadcrumb"},"inLanguage":"fr-FR","potentialAction":[{"@type":"ReadAction","target":["https:\/\/www.aiguiller.com\/blog\/product\/eperver-de-peche-monofilament-maille-americaine\/"]}]},{"@type":"ImageObject","inLanguage":"fr-FR","@id":"https:\/\/www.aiguiller.com\/blog\/product\/eperver-de-peche-monofilament-maille-americaine\/#primaryimage","url":"https:\/\/ae01.alicdn.com\/kf\/Sea036b92177d4ae3ac2cb9c3f4c222cc9\/Goture-filet-de-moulage-am-ricain-d-ext-rieur-taille-de-maille-de-3-8-pouces.jpg","contentUrl":"https:\/\/ae01.alicdn.com\/kf\/Sea036b92177d4ae3ac2cb9c3f4c222cc9\/Goture-filet-de-moulage-am-ricain-d-ext-rieur-taille-de-maille-de-3-8-pouces.jpg","width":800,"height":800,"caption":"\u00c9perver de p\u00eache monofilament maille am\u00e9ricaine 1"},{"@type":"BreadcrumbList","@id":"https:\/\/www.aiguiller.com\/blog\/product\/eperver-de-peche-monofilament-maille-americaine\/#breadcrumb","itemListElement":[{"@type":"ListItem","position":1,"name":"Accueil","item":"https:\/\/www.aiguiller.com\/blog\/"},{"@type":"ListItem","position":2,"name":"Boutique d&#8217;articles de p\u00eache","item":"https:\/\/www.aiguiller.com\/blog\/shop\/"},{"@type":"ListItem","position":3,"name":"\u00c9perver de p\u00eache monofilament maille am\u00e9ricaine"}]},{"@type":"WebSite","@id":"https:\/\/www.aiguiller.com\/blog\/#website","url":"https:\/\/www.aiguiller.com\/blog\/","name":"Articles de p\u00eache pas cher: aiguiller.com","description":"Mat\u00e9riel de p\u00eache \u00e0 bas prix","publisher":{"@id":"https:\/\/www.aiguiller.com\/blog\/#organization"},"potentialAction":[{"@type":"SearchAction","target":{"@type":"EntryPoint","urlTemplate":"https:\/\/www.aiguiller.com\/blog\/?s={search_term_string}"},"query-input":{"@type":"PropertyValueSpecification","valueRequired":true,"valueName":"search_term_string"}}],"inLanguage":"fr-FR"},{"@type":"Organization","@id":"https:\/\/www.aiguiller.com\/blog\/#organization","name":"Articles de p\u00eache pas cher: aiguiller.com","url":"https:\/\/www.aiguiller.com\/blog\/","logo":{"@type":"ImageObject","inLanguage":"fr-FR","@id":"https:\/\/www.aiguiller.com\/blog\/#\/schema\/logo\/image\/","url":"https:\/\/www.aiguiller.com\/blog\/wp-content\/uploads\/2025\/07\/boutique-gilet-de-peche.png","contentUrl":"https:\/\/www.aiguiller.com\/blog\/wp-content\/uploads\/2025\/07\/boutique-gilet-de-peche.png","width":395,"height":310,"caption":"Articles de p\u00eache pas cher: aiguiller.com"},"image":{"@id":"https:\/\/www.aiguiller.com\/blog\/#\/schema\/logo\/image\/"},"sameAs":["https:\/\/www.facebook.com\/people\/Les-nouvelles-du-pcheur\/100071000092723\/"]}]}},"_links":{"self":[{"href":"https:\/\/www.aiguiller.com\/blog\/wp-json\/wp\/v2\/product\/2175","targetHints":{"allow":["GET"]}}],"collection":[{"href":"https:\/\/www.aiguiller.com\/blog\/wp-json\/wp\/v2\/product"}],"about":[{"href":"https:\/\/www.aiguiller.com\/blog\/wp-json\/wp\/v2\/types\/product"}],"replies":[{"embeddable":true,"href":"https:\/\/www.aiguiller.com\/blog\/wp-json\/wp\/v2\/comments?post=2175"}],"wp:featuredmedia":[{"embeddable":true,"href":"https:\/\/www.aiguiller.com\/blog\/wp-json\/wp\/v2\/media\/2176"}],"wp:attachment":[{"href":"https:\/\/www.aiguiller.com\/blog\/wp-json\/wp\/v2\/media?parent=2175"}],"wp:term":[{"taxonomy":"product_brand","embeddable":true,"href":"https:\/\/www.aiguiller.com\/blog\/wp-json\/wp\/v2\/product_brand?post=2175"},{"taxonomy":"product_cat","embeddable":true,"href":"https:\/\/www.aiguiller.com\/blog\/wp-json\/wp\/v2\/product_cat?post=2175"},{"taxonomy":"product_tag","embeddable":true,"href":"https:\/\/www.aiguiller.com\/blog\/wp-json\/wp\/v2\/product_tag?post=2175"}],"curies":[{"name":"wp","href":"https:\/\/api.w.org\/{rel}","templated":true}]}}