{"id":2086,"date":"2025-07-29T17:06:53","date_gmt":"2025-07-29T16:06:53","guid":{"rendered":"https:\/\/www.aiguiller.com\/blog\/?post_type=product&#038;p=2086"},"modified":"2025-12-05T14:01:07","modified_gmt":"2025-12-05T13:01:07","slug":"epervier-peche-monofilament","status":"publish","type":"product","link":"https:\/\/www.aiguiller.com\/blog\/product\/epervier-peche-monofilament\/","title":{"rendered":"Epervier P\u00eache monofilament en nylon"},"content":{"rendered":"<h2 data-section-id=\"ei5zh3\" data-start=\"129\" data-end=\"211\">\u00c9pervier P\u00eache Monofilament Lawaia \u2013 Filet Coul\u00e9 Style Am\u00e9ricain et Japonais<\/h2>\n<p data-start=\"213\" data-end=\"651\"><strong data-start=\"213\" data-end=\"253\">D\u00e9couvrez l\u2019\u00e9pervier p\u00eache monofilament Lawaia<\/strong>, un outil indispensable pour les amateurs comme pour les professionnels de la p\u00eache. Con\u00e7u avec soin pour offrir des performances optimales, ce filet coul\u00e9 \u00e0 la main associe tradition japonaise et efficacit\u00e9 du style am\u00e9ricain. Il est fabriqu\u00e9 en <strong data-start=\"501\" data-end=\"526\">monofilament de nylon<\/strong> durable et \u00e9quip\u00e9 de <strong data-start=\"548\" data-end=\"581\">pendentifs en acier galvanis\u00e9<\/strong>, assurant une excellente ouverture et une descente rapide dans l&#8217;eau.<\/p>\n<h3 data-start=\"213\" data-end=\"651\">Notre avis sur cet \u00e9pervier monofilament:<\/h3>\n<p>Il s&#8217;agit d&#8217;un \u00e9pervier tr\u00e8s pratique permettant de p\u00eacher un maximum de friture gr\u00e2ce au monofilament et aux nombreux plombs entourant l&#8217;\u00e9pervier. Son tour de poignet ergonomique est un vrai avantage pour maintenir la corde de l&#8217;\u00e9pervier. Bien que les mat\u00e9riaux utilis\u00e9s restent simples, ils sont d&#8217;une efficacit\u00e9 redoutable lorsque l&#8217;on attaque des bancs de mulets ou de friture. Si vous prenez soin de la maille, cet \u00e9pervier vous suivra durant de nombreuses ann\u00e9es.<\/p>\n<h3 data-section-id=\"7u8tjp\" data-start=\"653\" data-end=\"689\">\u2705 Caract\u00e9ristiques principales :<\/h3>\n<ul data-start=\"690\" data-end=\"1021\">\n<li data-start=\"690\" data-end=\"764\">\n<p data-start=\"692\" data-end=\"764\"><strong data-start=\"692\" data-end=\"709\">Type de filet<\/strong> : Filet coul\u00e9 \u00e0 la main, style am\u00e9ricain et japonais<\/p>\n<\/li>\n<li data-start=\"765\" data-end=\"819\">\n<p data-start=\"767\" data-end=\"819\"><strong data-start=\"767\" data-end=\"779\">Mat\u00e9riau<\/strong> : Nylon monofilament de haute qualit\u00e9<\/p>\n<\/li>\n<li data-start=\"820\" data-end=\"892\">\n<p data-start=\"822\" data-end=\"892\"><strong data-start=\"822\" data-end=\"836\">Pendentifs<\/strong> : En acier galvanis\u00e9 et fer, pour une bonne immersion<\/p>\n<\/li>\n<li data-start=\"893\" data-end=\"960\">\n<p data-start=\"895\" data-end=\"960\"><strong data-start=\"895\" data-end=\"921\">Conception sans boucle<\/strong> : Moins de friction, meilleure prise<\/p>\n<\/li>\n<li data-start=\"961\" data-end=\"1021\">\n<p data-start=\"963\" data-end=\"1021\"><strong data-start=\"963\" data-end=\"978\">Utilisation<\/strong> : P\u00eache au lancer en mer, rivi\u00e8re ou \u00e9tang<\/p>\n<\/li>\n<\/ul>\n<h3 data-section-id=\"16tkrju\" data-start=\"1023\" data-end=\"1051\">\ud83d\udccf Tailles disponibles :<\/h3>\n<p data-start=\"1052\" data-end=\"1138\">Le filet est propos\u00e9 en plusieurs diam\u00e8tres pour s\u2019adapter \u00e0 tous les types de p\u00eache :<\/p>\n<div class=\"_tableContainer_80l1q_1\">\n<div class=\"_tableWrapper_80l1q_14 group flex w-fit flex-col-reverse\" tabindex=\"-1\">\n<table class=\"w-fit min-w-(--thread-content-width)\" data-start=\"1140\" data-end=\"1523\">\n<thead data-start=\"1140\" data-end=\"1171\">\n<tr data-start=\"1140\" data-end=\"1171\">\n<th data-start=\"1140\" data-end=\"1151\" data-col-size=\"sm\">Diam\u00e8tre<\/th>\n<th data-start=\"1151\" data-end=\"1171\" data-col-size=\"sm\">Hauteur du filet<\/th>\n<\/tr>\n<\/thead>\n<tbody data-start=\"1204\" data-end=\"1523\">\n<tr data-start=\"1204\" data-end=\"1235\">\n<td data-start=\"1204\" data-end=\"1215\" data-col-size=\"sm\">180 cm<\/td>\n<td data-col-size=\"sm\" data-start=\"1215\" data-end=\"1235\">90 cm<\/td>\n<\/tr>\n<tr data-start=\"1236\" data-end=\"1267\">\n<td data-start=\"1236\" data-end=\"1247\" data-col-size=\"sm\">240 cm<\/td>\n<td data-col-size=\"sm\" data-start=\"1247\" data-end=\"1267\">120 cm<\/td>\n<\/tr>\n<tr data-start=\"1268\" data-end=\"1299\">\n<td data-start=\"1268\" data-end=\"1279\" data-col-size=\"sm\">300 cm<\/td>\n<td data-col-size=\"sm\" data-start=\"1279\" data-end=\"1299\">150 cm<\/td>\n<\/tr>\n<tr data-start=\"1300\" data-end=\"1331\">\n<td data-start=\"1300\" data-end=\"1311\" data-col-size=\"sm\">360 cm<\/td>\n<td data-col-size=\"sm\" data-start=\"1311\" data-end=\"1331\">180 cm<\/td>\n<\/tr>\n<tr data-start=\"1332\" data-end=\"1363\">\n<td data-start=\"1332\" data-end=\"1343\" data-col-size=\"sm\">420 cm<\/td>\n<td data-col-size=\"sm\" data-start=\"1343\" data-end=\"1363\">210 cm<\/td>\n<\/tr>\n<tr data-start=\"1364\" data-end=\"1395\">\n<td data-start=\"1364\" data-end=\"1375\" data-col-size=\"sm\">480 cm<\/td>\n<td data-col-size=\"sm\" data-start=\"1375\" data-end=\"1395\">240 cm<\/td>\n<\/tr>\n<tr data-start=\"1396\" data-end=\"1427\">\n<td data-start=\"1396\" data-end=\"1407\" data-col-size=\"sm\">540 cm<\/td>\n<td data-col-size=\"sm\" data-start=\"1407\" data-end=\"1427\">270 cm<\/td>\n<\/tr>\n<tr data-start=\"1428\" data-end=\"1459\">\n<td data-start=\"1428\" data-end=\"1439\" data-col-size=\"sm\">600 cm<\/td>\n<td data-col-size=\"sm\" data-start=\"1439\" data-end=\"1459\">300 cm<\/td>\n<\/tr>\n<tr data-start=\"1460\" data-end=\"1491\">\n<td data-start=\"1460\" data-end=\"1471\" data-col-size=\"sm\">660 cm<\/td>\n<td data-col-size=\"sm\" data-start=\"1471\" data-end=\"1491\">330 cm<\/td>\n<\/tr>\n<tr data-start=\"1492\" data-end=\"1523\">\n<td data-start=\"1492\" data-end=\"1503\" data-col-size=\"sm\">720 cm<\/td>\n<td data-col-size=\"sm\" data-start=\"1503\" data-end=\"1523\">360 cm<\/td>\n<\/tr>\n<\/tbody>\n<\/table>\n<div class=\"sticky end-(--thread-content-margin) h-0 self-end select-none\">\n<div class=\"absolute end-0 flex items-end\"><\/div>\n<\/div>\n<\/div>\n<\/div>\n<blockquote data-start=\"1525\" data-end=\"1581\">\n<p data-start=\"1527\" data-end=\"1581\">\u26a0\ufe0f <em data-start=\"1530\" data-end=\"1581\">Mesure manuelle. De l\u00e9gers \u00e9carts sont possibles.<\/em><\/p>\n<\/blockquote>\n<h3 data-section-id=\"7fyevo\" data-start=\"1583\" data-end=\"1630\">\ud83c\udfaf Pourquoi choisir cet \u00e9pervier de p\u00eache ?<\/h3>\n<ul data-start=\"1631\" data-end=\"1901\">\n<li data-start=\"1631\" data-end=\"1695\">\n<p data-start=\"1633\" data-end=\"1695\"><strong data-start=\"1633\" data-end=\"1669\">Excellente performance de lancer<\/strong> gr\u00e2ce au design \u00e9quilibr\u00e9<\/p>\n<\/li>\n<li data-start=\"1696\" data-end=\"1768\">\n<p data-start=\"1698\" data-end=\"1768\"><strong data-start=\"1698\" data-end=\"1723\">Durabilit\u00e9 sup\u00e9rieure<\/strong> avec des mat\u00e9riaux r\u00e9sistants \u00e0 la corrosion<\/p>\n<\/li>\n<li data-start=\"1769\" data-end=\"1817\">\n<p data-start=\"1771\" data-end=\"1817\"><strong data-start=\"1771\" data-end=\"1792\">Facile \u00e0 utiliser<\/strong>, m\u00eame pour les d\u00e9butants<\/p>\n<\/li>\n<li data-start=\"1818\" data-end=\"1901\">\n<p data-start=\"1820\" data-end=\"1901\"><strong data-start=\"1820\" data-end=\"1851\">Haute efficacit\u00e9 de capture<\/strong> : Id\u00e9al pour poissons de surface ou mi-profondeur<\/p>\n<\/li>\n<\/ul>\n<h3 data-section-id=\"rzj0v3\" data-start=\"1903\" data-end=\"1932\">\ud83d\uded2 Commandez maintenant !<\/h3>\n<p data-start=\"1933\" data-end=\"2124\">Am\u00e9liorez vos sessions de p\u00eache avec l&#8217;\u00e9pervier monofilament Lawaia \u2013 le choix de qualit\u00e9 pour les passionn\u00e9s exigeants. Disponibles dans diff\u00e9rentes tailles pour r\u00e9pondre \u00e0 tous vos besoins.<\/p>\n<p data-start=\"2126\" data-end=\"2179\"><strong data-start=\"2126\" data-end=\"2179\">\ud83d\udc49 Disponible d\u00e8s maintenant sur notre boutique !<\/strong><\/p>\n","protected":false},"excerpt":{"rendered":"<ul>\n<li data-start=\"108\" data-end=\"169\">\n<p data-start=\"110\" data-end=\"169\">\ud83c\udfa3 <strong data-start=\"113\" data-end=\"138\">Filet coul\u00e9 \u00e0 la main<\/strong> \u2013 Style am\u00e9ricain &amp; japonais<\/p>\n<\/li>\n<li data-start=\"170\" data-end=\"233\">\n<p data-start=\"172\" data-end=\"233\">\ud83e\uddf5 <strong data-start=\"175\" data-end=\"207\">Nylon monofilament r\u00e9sistant<\/strong> \u2013 Durable et performant<\/p>\n<\/li>\n<li data-start=\"234\" data-end=\"308\">\n<p data-start=\"236\" data-end=\"308\">\u2696\ufe0f <strong data-start=\"239\" data-end=\"272\">Poids en acier galvanis\u00e9<\/strong> \u2013 Lancer pr\u00e9cis et immersion rapide<\/p>\n<\/li>\n<\/ul>\n","protected":false},"featured_media":2087,"comment_status":"open","ping_status":"closed","template":"","meta":[],"product_brand":[],"product_cat":[420],"product_tag":[],"class_list":{"0":"post-2086","1":"product","2":"type-product","3":"status-publish","4":"has-post-thumbnail","6":"product_cat-epervier-peche","7":"pa_diametre-epervi-180cm","8":"pa_diametre-epervi-240cm","9":"pa_diametre-epervi-300cm","10":"pa_diametre-epervi-360cm","11":"pa_diametre-epervi-420cm","12":"pa_diametre-epervi-480cm","13":"pa_diametre-epervi-540cm","14":"pa_diametre-epervi-600cm","15":"pa_diametre-epervi-660cm","16":"pa_diametre-epervi-720cm","18":"first","19":"outofstock","20":"sale","21":"shipping-taxable","22":"purchasable","23":"product-type-variable"},"yoast_head":"<!-- This site is optimized with the Yoast SEO plugin v27.3 - https:\/\/yoast.com\/product\/yoast-seo-wordpress\/ -->\n<title>\u00c9pervier P\u00eache Monofilament \u2013 Filet Haute Qualit\u00e9<\/title>\n<meta name=\"description\" content=\"D\u00e9couvrez l\u2019\u00e9pervier de p\u00eache en nylon monofilament Lawaia. Filet coul\u00e9 \u00e0 la main, style am\u00e9ricain, avec pendentifs en acier. Disponible en 180 \u00e0 720 cm\" \/>\n<meta name=\"robots\" content=\"index, follow, max-snippet:-1, max-image-preview:large, max-video-preview:-1\" \/>\n<link rel=\"canonical\" href=\"https:\/\/www.aiguiller.com\/blog\/product\/epervier-peche-monofilament\/\" \/>\n<meta property=\"og:locale\" content=\"fr_FR\" \/>\n<meta property=\"og:type\" content=\"article\" \/>\n<meta property=\"og:title\" content=\"\u00c9pervier P\u00eache Monofilament \u2013 Filet Haute Qualit\u00e9\" \/>\n<meta property=\"og:description\" content=\"D\u00e9couvrez l\u2019\u00e9pervier de p\u00eache en nylon monofilament Lawaia. Filet coul\u00e9 \u00e0 la main, style am\u00e9ricain, avec pendentifs en acier. Disponible en 180 \u00e0 720 cm\" \/>\n<meta property=\"og:url\" content=\"https:\/\/www.aiguiller.com\/blog\/product\/epervier-peche-monofilament\/\" \/>\n<meta property=\"og:site_name\" content=\"Articles de p\u00eache pas cher: aiguiller.com\" \/>\n<meta property=\"article:publisher\" content=\"https:\/\/www.facebook.com\/people\/Les-nouvelles-du-pcheur\/100071000092723\/\" \/>\n<meta property=\"article:modified_time\" content=\"2025-12-05T13:01:07+00:00\" \/>\n<meta property=\"og:image\" content=\"https:\/\/ae01.alicdn.com\/kf\/S7e2b8a5234dc4a32b4ae3d0923548d14l.jpg\" \/>\n\t<meta property=\"og:image:width\" content=\"800\" \/>\n\t<meta property=\"og:image:height\" content=\"800\" \/>\n\t<meta property=\"og:image:type\" content=\"image\/jpeg\" \/>\n<meta name=\"twitter:card\" content=\"summary_large_image\" \/>\n<meta name=\"twitter:label1\" content=\"Dur\u00e9e de lecture estim\u00e9e\" \/>\n\t<meta name=\"twitter:data1\" content=\"2 minutes\" \/>\n<script type=\"application\/ld+json\" class=\"yoast-schema-graph\">{\"@context\":\"https:\\\/\\\/schema.org\",\"@graph\":[{\"@type\":\"WebPage\",\"@id\":\"https:\\\/\\\/www.aiguiller.com\\\/blog\\\/product\\\/epervier-peche-monofilament\\\/\",\"url\":\"https:\\\/\\\/www.aiguiller.com\\\/blog\\\/product\\\/epervier-peche-monofilament\\\/\",\"name\":\"\u00c9pervier P\u00eache Monofilament \u2013 Filet Haute Qualit\u00e9\",\"isPartOf\":{\"@id\":\"https:\\\/\\\/www.aiguiller.com\\\/blog\\\/#website\"},\"primaryImageOfPage\":{\"@id\":\"https:\\\/\\\/www.aiguiller.com\\\/blog\\\/product\\\/epervier-peche-monofilament\\\/#primaryimage\"},\"image\":{\"@id\":\"https:\\\/\\\/www.aiguiller.com\\\/blog\\\/product\\\/epervier-peche-monofilament\\\/#primaryimage\"},\"thumbnailUrl\":\"https:\\\/\\\/ae01.alicdn.com\\\/kf\\\/S7e2b8a5234dc4a32b4ae3d0923548d14l.jpg\",\"datePublished\":\"2025-07-29T16:06:53+00:00\",\"dateModified\":\"2025-12-05T13:01:07+00:00\",\"description\":\"D\u00e9couvrez l\u2019\u00e9pervier de p\u00eache en nylon monofilament Lawaia. Filet coul\u00e9 \u00e0 la main, style am\u00e9ricain, avec pendentifs en acier. Disponible en 180 \u00e0 720 cm\",\"breadcrumb\":{\"@id\":\"https:\\\/\\\/www.aiguiller.com\\\/blog\\\/product\\\/epervier-peche-monofilament\\\/#breadcrumb\"},\"inLanguage\":\"fr-FR\",\"potentialAction\":[{\"@type\":\"ReadAction\",\"target\":[\"https:\\\/\\\/www.aiguiller.com\\\/blog\\\/product\\\/epervier-peche-monofilament\\\/\"]}]},{\"@type\":\"ImageObject\",\"inLanguage\":\"fr-FR\",\"@id\":\"https:\\\/\\\/www.aiguiller.com\\\/blog\\\/product\\\/epervier-peche-monofilament\\\/#primaryimage\",\"url\":\"https:\\\/\\\/ae01.alicdn.com\\\/kf\\\/S7e2b8a5234dc4a32b4ae3d0923548d14l.jpg\",\"contentUrl\":\"https:\\\/\\\/ae01.alicdn.com\\\/kf\\\/S7e2b8a5234dc4a32b4ae3d0923548d14l.jpg\",\"width\":800,\"height\":800,\"caption\":\"Epervier P\u00eache monofilament en nylon 1\"},{\"@type\":\"BreadcrumbList\",\"@id\":\"https:\\\/\\\/www.aiguiller.com\\\/blog\\\/product\\\/epervier-peche-monofilament\\\/#breadcrumb\",\"itemListElement\":[{\"@type\":\"ListItem\",\"position\":1,\"name\":\"Accueil\",\"item\":\"https:\\\/\\\/www.aiguiller.com\\\/blog\\\/\"},{\"@type\":\"ListItem\",\"position\":2,\"name\":\"Boutique d&#8217;articles de p\u00eache\",\"item\":\"https:\\\/\\\/www.aiguiller.com\\\/blog\\\/shop\\\/\"},{\"@type\":\"ListItem\",\"position\":3,\"name\":\"Epervier P\u00eache monofilament en nylon\"}]},{\"@type\":\"WebSite\",\"@id\":\"https:\\\/\\\/www.aiguiller.com\\\/blog\\\/#website\",\"url\":\"https:\\\/\\\/www.aiguiller.com\\\/blog\\\/\",\"name\":\"Articles de p\u00eache pas cher: aiguiller.com\",\"description\":\"Mat\u00e9riel de p\u00eache \u00e0 bas prix\",\"publisher\":{\"@id\":\"https:\\\/\\\/www.aiguiller.com\\\/blog\\\/#organization\"},\"potentialAction\":[{\"@type\":\"SearchAction\",\"target\":{\"@type\":\"EntryPoint\",\"urlTemplate\":\"https:\\\/\\\/www.aiguiller.com\\\/blog\\\/?s={search_term_string}\"},\"query-input\":{\"@type\":\"PropertyValueSpecification\",\"valueRequired\":true,\"valueName\":\"search_term_string\"}}],\"inLanguage\":\"fr-FR\"},{\"@type\":\"Organization\",\"@id\":\"https:\\\/\\\/www.aiguiller.com\\\/blog\\\/#organization\",\"name\":\"Articles de p\u00eache pas cher: aiguiller.com\",\"url\":\"https:\\\/\\\/www.aiguiller.com\\\/blog\\\/\",\"logo\":{\"@type\":\"ImageObject\",\"inLanguage\":\"fr-FR\",\"@id\":\"https:\\\/\\\/www.aiguiller.com\\\/blog\\\/#\\\/schema\\\/logo\\\/image\\\/\",\"url\":\"https:\\\/\\\/www.aiguiller.com\\\/blog\\\/wp-content\\\/uploads\\\/2025\\\/07\\\/boutique-gilet-de-peche.png\",\"contentUrl\":\"https:\\\/\\\/www.aiguiller.com\\\/blog\\\/wp-content\\\/uploads\\\/2025\\\/07\\\/boutique-gilet-de-peche.png\",\"width\":395,\"height\":310,\"caption\":\"Articles de p\u00eache pas cher: aiguiller.com\"},\"image\":{\"@id\":\"https:\\\/\\\/www.aiguiller.com\\\/blog\\\/#\\\/schema\\\/logo\\\/image\\\/\"},\"sameAs\":[\"https:\\\/\\\/www.facebook.com\\\/people\\\/Les-nouvelles-du-pcheur\\\/100071000092723\\\/\"]}]}<\/script>\n<!-- \/ Yoast SEO plugin. -->","yoast_head_json":{"title":"\u00c9pervier P\u00eache Monofilament \u2013 Filet Haute Qualit\u00e9","description":"D\u00e9couvrez l\u2019\u00e9pervier de p\u00eache en nylon monofilament Lawaia. Filet coul\u00e9 \u00e0 la main, style am\u00e9ricain, avec pendentifs en acier. Disponible en 180 \u00e0 720 cm","robots":{"index":"index","follow":"follow","max-snippet":"max-snippet:-1","max-image-preview":"max-image-preview:large","max-video-preview":"max-video-preview:-1"},"canonical":"https:\/\/www.aiguiller.com\/blog\/product\/epervier-peche-monofilament\/","og_locale":"fr_FR","og_type":"article","og_title":"\u00c9pervier P\u00eache Monofilament \u2013 Filet Haute Qualit\u00e9","og_description":"D\u00e9couvrez l\u2019\u00e9pervier de p\u00eache en nylon monofilament Lawaia. Filet coul\u00e9 \u00e0 la main, style am\u00e9ricain, avec pendentifs en acier. Disponible en 180 \u00e0 720 cm","og_url":"https:\/\/www.aiguiller.com\/blog\/product\/epervier-peche-monofilament\/","og_site_name":"Articles de p\u00eache pas cher: aiguiller.com","article_publisher":"https:\/\/www.facebook.com\/people\/Les-nouvelles-du-pcheur\/100071000092723\/","article_modified_time":"2025-12-05T13:01:07+00:00","og_image":[{"width":800,"height":800,"url":"https:\/\/ae01.alicdn.com\/kf\/S7e2b8a5234dc4a32b4ae3d0923548d14l.jpg","type":"image\/jpeg"}],"twitter_card":"summary_large_image","twitter_misc":{"Dur\u00e9e de lecture estim\u00e9e":"2 minutes"},"schema":{"@context":"https:\/\/schema.org","@graph":[{"@type":"WebPage","@id":"https:\/\/www.aiguiller.com\/blog\/product\/epervier-peche-monofilament\/","url":"https:\/\/www.aiguiller.com\/blog\/product\/epervier-peche-monofilament\/","name":"\u00c9pervier P\u00eache Monofilament \u2013 Filet Haute Qualit\u00e9","isPartOf":{"@id":"https:\/\/www.aiguiller.com\/blog\/#website"},"primaryImageOfPage":{"@id":"https:\/\/www.aiguiller.com\/blog\/product\/epervier-peche-monofilament\/#primaryimage"},"image":{"@id":"https:\/\/www.aiguiller.com\/blog\/product\/epervier-peche-monofilament\/#primaryimage"},"thumbnailUrl":"https:\/\/ae01.alicdn.com\/kf\/S7e2b8a5234dc4a32b4ae3d0923548d14l.jpg","datePublished":"2025-07-29T16:06:53+00:00","dateModified":"2025-12-05T13:01:07+00:00","description":"D\u00e9couvrez l\u2019\u00e9pervier de p\u00eache en nylon monofilament Lawaia. Filet coul\u00e9 \u00e0 la main, style am\u00e9ricain, avec pendentifs en acier. Disponible en 180 \u00e0 720 cm","breadcrumb":{"@id":"https:\/\/www.aiguiller.com\/blog\/product\/epervier-peche-monofilament\/#breadcrumb"},"inLanguage":"fr-FR","potentialAction":[{"@type":"ReadAction","target":["https:\/\/www.aiguiller.com\/blog\/product\/epervier-peche-monofilament\/"]}]},{"@type":"ImageObject","inLanguage":"fr-FR","@id":"https:\/\/www.aiguiller.com\/blog\/product\/epervier-peche-monofilament\/#primaryimage","url":"https:\/\/ae01.alicdn.com\/kf\/S7e2b8a5234dc4a32b4ae3d0923548d14l.jpg","contentUrl":"https:\/\/ae01.alicdn.com\/kf\/S7e2b8a5234dc4a32b4ae3d0923548d14l.jpg","width":800,"height":800,"caption":"Epervier P\u00eache monofilament en nylon 1"},{"@type":"BreadcrumbList","@id":"https:\/\/www.aiguiller.com\/blog\/product\/epervier-peche-monofilament\/#breadcrumb","itemListElement":[{"@type":"ListItem","position":1,"name":"Accueil","item":"https:\/\/www.aiguiller.com\/blog\/"},{"@type":"ListItem","position":2,"name":"Boutique d&#8217;articles de p\u00eache","item":"https:\/\/www.aiguiller.com\/blog\/shop\/"},{"@type":"ListItem","position":3,"name":"Epervier P\u00eache monofilament en nylon"}]},{"@type":"WebSite","@id":"https:\/\/www.aiguiller.com\/blog\/#website","url":"https:\/\/www.aiguiller.com\/blog\/","name":"Articles de p\u00eache pas cher: aiguiller.com","description":"Mat\u00e9riel de p\u00eache \u00e0 bas prix","publisher":{"@id":"https:\/\/www.aiguiller.com\/blog\/#organization"},"potentialAction":[{"@type":"SearchAction","target":{"@type":"EntryPoint","urlTemplate":"https:\/\/www.aiguiller.com\/blog\/?s={search_term_string}"},"query-input":{"@type":"PropertyValueSpecification","valueRequired":true,"valueName":"search_term_string"}}],"inLanguage":"fr-FR"},{"@type":"Organization","@id":"https:\/\/www.aiguiller.com\/blog\/#organization","name":"Articles de p\u00eache pas cher: aiguiller.com","url":"https:\/\/www.aiguiller.com\/blog\/","logo":{"@type":"ImageObject","inLanguage":"fr-FR","@id":"https:\/\/www.aiguiller.com\/blog\/#\/schema\/logo\/image\/","url":"https:\/\/www.aiguiller.com\/blog\/wp-content\/uploads\/2025\/07\/boutique-gilet-de-peche.png","contentUrl":"https:\/\/www.aiguiller.com\/blog\/wp-content\/uploads\/2025\/07\/boutique-gilet-de-peche.png","width":395,"height":310,"caption":"Articles de p\u00eache pas cher: aiguiller.com"},"image":{"@id":"https:\/\/www.aiguiller.com\/blog\/#\/schema\/logo\/image\/"},"sameAs":["https:\/\/www.facebook.com\/people\/Les-nouvelles-du-pcheur\/100071000092723\/"]}]}},"_links":{"self":[{"href":"https:\/\/www.aiguiller.com\/blog\/wp-json\/wp\/v2\/product\/2086","targetHints":{"allow":["GET"]}}],"collection":[{"href":"https:\/\/www.aiguiller.com\/blog\/wp-json\/wp\/v2\/product"}],"about":[{"href":"https:\/\/www.aiguiller.com\/blog\/wp-json\/wp\/v2\/types\/product"}],"replies":[{"embeddable":true,"href":"https:\/\/www.aiguiller.com\/blog\/wp-json\/wp\/v2\/comments?post=2086"}],"wp:featuredmedia":[{"embeddable":true,"href":"https:\/\/www.aiguiller.com\/blog\/wp-json\/wp\/v2\/media\/2087"}],"wp:attachment":[{"href":"https:\/\/www.aiguiller.com\/blog\/wp-json\/wp\/v2\/media?parent=2086"}],"wp:term":[{"taxonomy":"product_brand","embeddable":true,"href":"https:\/\/www.aiguiller.com\/blog\/wp-json\/wp\/v2\/product_brand?post=2086"},{"taxonomy":"product_cat","embeddable":true,"href":"https:\/\/www.aiguiller.com\/blog\/wp-json\/wp\/v2\/product_cat?post=2086"},{"taxonomy":"product_tag","embeddable":true,"href":"https:\/\/www.aiguiller.com\/blog\/wp-json\/wp\/v2\/product_tag?post=2086"}],"curies":[{"name":"wp","href":"https:\/\/api.w.org\/{rel}","templated":true}]}}