{"id":2046,"date":"2025-07-28T21:00:52","date_gmt":"2025-07-28T20:00:52","guid":{"rendered":"https:\/\/www.aiguiller.com\/blog\/?post_type=product&#038;p=2046"},"modified":"2025-08-17T14:11:42","modified_gmt":"2025-08-17T13:11:42","slug":"filet-epervier-a-petites-mailles","status":"publish","type":"product","link":"https:\/\/www.aiguiller.com\/blog\/product\/filet-epervier-a-petites-mailles\/","title":{"rendered":"Filet \u00e9pervier"},"content":{"rendered":"<h2 data-start=\"180\" data-end=\"278\">\ud83c\udfa3 Filet \u00c9pervier Finefish \u2013 Filet de p\u00eache \u00e0 l&#8217;\u00e9pervier r\u00e9sistant<\/h2>\n<p data-start=\"280\" data-end=\"624\">Vous cherchez un<strong data-start=\"280\" data-end=\"385\"> filet \u00e9pervier fiable et efficace <\/strong>pour vos sessions de p\u00eache en eau douce ou sal\u00e9e ? Optez pour le <strong data-start=\"400\" data-end=\"452\">filet \u00e9pervier Finefish<\/strong>, sp\u00e9cialement con\u00e7u pour une capture optimale des petits poissons. Id\u00e9al pour les amateurs comme les professionnels, il allie solidit\u00e9, maniabilit\u00e9 et finesse de maillage.<\/p>\n<h3 data-start=\"280\" data-end=\"624\">Filets en stock<\/h3>\n<p>Eperviers maille 15 mm avec plombs<\/p>\n<p>\u00d8 2,4\u00a0 m\u00a0 hauteur 1,2\u00a0 m (4ft)<\/p>\n<p>\u00d8 3\u00a0 m\u00a0 hauteur 1,5\u00a0 m (5ft)<\/p>\n<p>\u00d8 3,6\u00a0 m\u00a0 hauteur 1,8\u00a0 m (6ft)<\/p>\n<p>\u00d8 4,2\u00a0 m\u00a0 hauteur 2,1\u00a0 m (7ft)<\/p>\n<p>\u00d8 4,8\u00a0 m\u00a0 hauteur 2,4\u00a0 m (8ft)<\/p>\n<p>\u00d8 5,4\u00a0 m\u00a0 hauteur 2,7\u00a0 m (9ft)<\/p>\n<p>\u00d8 6,6\u00a0 m\u00a0 hauteur 3,3\u00a0 m (11ft)<\/p>\n<p>\u00d8 7,2\u00a0 m\u00a0 hauteur 3,6\u00a0 m (12ft)<\/p>\n<hr data-start=\"626\" data-end=\"629\" \/>\n<h3 data-start=\"631\" data-end=\"662\">\u2705 Points Forts du Produit :<\/h3>\n<ul data-start=\"664\" data-end=\"1053\">\n<li data-start=\"664\" data-end=\"750\">\n<p data-start=\"666\" data-end=\"750\"><strong data-start=\"666\" data-end=\"693\">Filet \u00e0 petites mailles<\/strong> : capture pr\u00e9cise des petits poissons sans les blesser<\/p>\n<\/li>\n<li data-start=\"751\" data-end=\"817\">\n<p data-start=\"753\" data-end=\"817\"><strong data-start=\"753\" data-end=\"779\">Structure monofilament<\/strong> : souplesse et r\u00e9sistance renforc\u00e9e<\/p>\n<\/li>\n<li data-start=\"818\" data-end=\"891\">\n<p data-start=\"820\" data-end=\"891\"><strong data-start=\"820\" data-end=\"852\">Positionnable et r\u00e9tractable<\/strong> : facile \u00e0 utiliser et \u00e0 transporter<\/p>\n<\/li>\n<li data-start=\"892\" data-end=\"975\">\n<p data-start=\"894\" data-end=\"975\"><strong data-start=\"894\" data-end=\"929\">Sans produit chimique dangereux<\/strong> : respect de l\u2019environnement et de la faune<\/p>\n<\/li>\n<li data-start=\"976\" data-end=\"1053\">\n<p data-start=\"978\" data-end=\"1053\"><strong data-start=\"978\" data-end=\"995\">Plastique ABS<\/strong> : durable, l\u00e9ger, et r\u00e9sistant aux conditions ext\u00e9rieures<\/p>\n<\/li>\n<\/ul>\n<hr data-start=\"1055\" data-end=\"1058\" \/>\n<h3 data-start=\"1060\" data-end=\"1096\">\ud83d\udce6 Caract\u00e9ristiques Techniques :<\/h3>\n<div class=\"_tableContainer_80l1q_1\">\n<div class=\"_tableWrapper_80l1q_14 group flex w-fit flex-col-reverse\" tabindex=\"-1\">\n<table class=\"w-fit min-w-(--thread-content-width)\" data-start=\"1098\" data-end=\"1636\">\n<thead data-start=\"1098\" data-end=\"1126\">\n<tr data-start=\"1098\" data-end=\"1126\">\n<th data-start=\"1098\" data-end=\"1115\" data-col-size=\"sm\">Sp\u00e9cifications<\/th>\n<th data-start=\"1115\" data-end=\"1126\" data-col-size=\"sm\">D\u00e9tails<\/th>\n<\/tr>\n<\/thead>\n<tbody data-start=\"1156\" data-end=\"1636\">\n<tr data-start=\"1156\" data-end=\"1179\">\n<td data-start=\"1156\" data-end=\"1169\" data-col-size=\"sm\"><strong data-start=\"1158\" data-end=\"1168\">Mod\u00e8le<\/strong><\/td>\n<td data-col-size=\"sm\" data-start=\"1169\" data-end=\"1179\">AW71ZX<\/td>\n<\/tr>\n<tr data-start=\"1180\" data-end=\"1212\">\n<td data-start=\"1180\" data-end=\"1200\" data-col-size=\"sm\"><strong data-start=\"1182\" data-end=\"1199\">Type de filet<\/strong><\/td>\n<td data-col-size=\"sm\" data-start=\"1200\" data-end=\"1212\">\u00c9pervier<\/td>\n<\/tr>\n<tr data-start=\"1213\" data-end=\"1257\">\n<td data-start=\"1213\" data-end=\"1238\" data-col-size=\"sm\"><strong data-start=\"1215\" data-end=\"1237\">Taille des mailles<\/strong><\/td>\n<td data-col-size=\"sm\" data-start=\"1238\" data-end=\"1257\">Petites mailles<\/td>\n<\/tr>\n<tr data-start=\"1258\" data-end=\"1292\">\n<td data-start=\"1258\" data-end=\"1275\" data-col-size=\"sm\"><strong data-start=\"1260\" data-end=\"1274\">Profondeur<\/strong><\/td>\n<td data-col-size=\"sm\" data-start=\"1275\" data-end=\"1292\">1,2 m \u00e0 3,6 m<\/td>\n<\/tr>\n<tr data-start=\"1293\" data-end=\"1325\">\n<td data-start=\"1293\" data-end=\"1308\" data-col-size=\"sm\"><strong data-start=\"1295\" data-end=\"1307\">Longueur<\/strong><\/td>\n<td data-col-size=\"sm\" data-start=\"1308\" data-end=\"1325\">1,2 m \u00e0 3,6 m<\/td>\n<\/tr>\n<tr data-start=\"1326\" data-end=\"1367\">\n<td data-start=\"1326\" data-end=\"1349\" data-col-size=\"sm\"><strong data-start=\"1328\" data-end=\"1348\">\u00c9paisseur du fil<\/strong><\/td>\n<td data-col-size=\"sm\" data-start=\"1349\" data-end=\"1367\">Environ 0,3 mm<\/td>\n<\/tr>\n<tr data-start=\"1368\" data-end=\"1397\">\n<td data-start=\"1368\" data-end=\"1387\" data-col-size=\"sm\"><strong data-start=\"1370\" data-end=\"1386\">Type de n\u0153ud<\/strong><\/td>\n<td data-col-size=\"sm\" data-start=\"1387\" data-end=\"1397\">Unique<\/td>\n<\/tr>\n<tr data-start=\"1398\" data-end=\"1426\">\n<td data-start=\"1398\" data-end=\"1410\" data-col-size=\"sm\"><strong data-start=\"1400\" data-end=\"1409\">Style<\/strong><\/td>\n<td data-col-size=\"sm\" data-start=\"1410\" data-end=\"1426\">Monofilament<\/td>\n<\/tr>\n<tr data-start=\"1427\" data-end=\"1458\">\n<td data-start=\"1427\" data-end=\"1451\" data-col-size=\"sm\"><strong data-start=\"1429\" data-end=\"1450\">Type de plastique<\/strong><\/td>\n<td data-col-size=\"sm\" data-start=\"1451\" data-end=\"1458\">ABS<\/td>\n<\/tr>\n<tr data-start=\"1459\" data-end=\"1486\">\n<td data-start=\"1459\" data-end=\"1479\" data-col-size=\"sm\"><strong data-start=\"1461\" data-end=\"1478\">Positionable<\/strong><\/td>\n<td data-col-size=\"sm\" data-start=\"1479\" data-end=\"1486\">Oui<\/td>\n<\/tr>\n<tr data-start=\"1487\" data-end=\"1512\">\n<td data-start=\"1487\" data-end=\"1505\" data-col-size=\"sm\"><strong data-start=\"1489\" data-end=\"1504\">R\u00e9tractable<\/strong><\/td>\n<td data-col-size=\"sm\" data-start=\"1505\" data-end=\"1512\">Oui<\/td>\n<\/tr>\n<tr data-start=\"1513\" data-end=\"1539\">\n<td data-start=\"1513\" data-end=\"1532\" data-col-size=\"sm\"><strong data-start=\"1515\" data-end=\"1531\">Avec collage<\/strong><\/td>\n<td data-col-size=\"sm\" data-start=\"1532\" data-end=\"1539\">Non<\/td>\n<\/tr>\n<tr data-start=\"1540\" data-end=\"1581\">\n<td data-start=\"1540\" data-end=\"1572\" data-col-size=\"sm\"><strong data-start=\"1542\" data-end=\"1571\">Produit chimique \u00e0 risque<\/strong><\/td>\n<td data-col-size=\"sm\" data-start=\"1572\" data-end=\"1581\">Aucun<\/td>\n<\/tr>\n<tr data-start=\"1611\" data-end=\"1636\">\n<td data-start=\"1611\" data-end=\"1624\" data-col-size=\"sm\"><strong data-start=\"1613\" data-end=\"1623\">Marque<\/strong><\/td>\n<td data-col-size=\"sm\" data-start=\"1624\" data-end=\"1636\">Finefish<\/td>\n<\/tr>\n<\/tbody>\n<\/table>\n<div class=\"sticky end-(--thread-content-margin) h-0 self-end select-none\">\n<div class=\"absolute end-0 flex items-end\"><\/div>\n<\/div>\n<\/div>\n<\/div>\n<hr data-start=\"1638\" data-end=\"1641\" \/>\n<h3 data-start=\"1643\" data-end=\"1662\">\ud83c\udfaf Id\u00e9al pour :<\/h3>\n<ul data-start=\"1664\" data-end=\"1806\">\n<li data-start=\"1664\" data-end=\"1684\">\n<p data-start=\"1666\" data-end=\"1684\">P\u00eacheurs \u00e0 la main<\/p>\n<\/li>\n<li data-start=\"1685\" data-end=\"1725\">\n<p data-start=\"1687\" data-end=\"1725\">P\u00eache en rivi\u00e8re, \u00e9tang ou bord de mer<\/p>\n<\/li>\n<li data-start=\"1726\" data-end=\"1765\">\n<p data-start=\"1728\" data-end=\"1765\">Capture des poissons de petite taille<\/p>\n<\/li>\n<li data-start=\"1766\" data-end=\"1806\">\n<p data-start=\"1768\" data-end=\"1806\">Utilisation r\u00e9guli\u00e8re ou occasionnelle<\/p>\n<\/li>\n<\/ul>\n<h3 data-start=\"1813\" data-end=\"1851\">\ud83d\udcac Pourquoi Nos Clients l\u2019aiment :<\/h3>\n<blockquote data-start=\"1853\" data-end=\"2014\">\n<p data-start=\"1855\" data-end=\"2014\">\u2b50\u2b50\u2b50\u2b50\u2b50<br data-start=\"1860\" data-end=\"1863\" \/>&#8220;Tr\u00e8s bon filet pour les petits poissons, facile \u00e0 plier et transporter. Les mailles sont solides, parfait pour la p\u00eache en bord de mer.&#8221; \u2013 Julien M.<\/p>\n<\/blockquote>\n<blockquote data-start=\"2016\" data-end=\"2159\">\n<p data-start=\"2018\" data-end=\"2159\">\u2b50\u2b50\u2b50\u2b50\u2b50<br data-start=\"2023\" data-end=\"2026\" \/>&#8220;Excellent rapport qualit\u00e9\/prix, je recommande ce mod\u00e8le \u00e0 tous les p\u00eacheurs qui aiment l\u2019efficacit\u00e9 et la simplicit\u00e9.&#8221; \u2013 Michel T.<\/p>\n<\/blockquote>\n<hr data-start=\"2161\" data-end=\"2164\" \/>\n<h3 data-start=\"2166\" data-end=\"2199\">\ud83d\uded2 Commandez d\u00e8s maintenant !<\/h3>\n<p data-start=\"2201\" data-end=\"2348\">Ne manquez pas l\u2019occasion d\u2019ajouter \u00e0 votre \u00e9quipement un <strong data-start=\"2259\" data-end=\"2291\">filet \u00e9pervier professionnel<\/strong> \u00e0 petit prix.<br data-start=\"2305\" data-end=\"2308\" \/>\ud83d\udca5 <strong data-start=\"2311\" data-end=\"2346\">Stock limit\u00e9 <\/strong>\u00a0!<\/p>\n<p data-start=\"2350\" data-end=\"2446\">\ud83d\udc49 Cliquez sur <strong data-start=\"2365\" data-end=\"2388\">&#8220;Ajouter au panier&#8221;<\/strong> pour recevoir votre <strong data-start=\"2409\" data-end=\"2434\">filet Finefish<\/strong>\u00a0chez vous !<\/p>\n","protected":false},"excerpt":{"rendered":"<ul>\n<li data-start=\"68\" data-end=\"127\"><strong>FILET de p\u00eache \u00e0 l&#8217;EPERVIER<\/strong>\u00a0de maille 1,5 cm.<\/li>\n<li data-start=\"128\" data-end=\"195\">\n<p data-start=\"130\" data-end=\"195\">\ud83e\uddf5 <strong>Filet en Monofilament tress\u00e9 r\u00e9sistant<\/strong> \u2013 Solidit\u00e9 et souplesse garanties<\/p>\n<\/li>\n<li data-start=\"196\" data-end=\"271\" data-is-last-node=\"\">\n<p data-start=\"198\" data-end=\"271\" data-is-last-node=\"\">\ud83d\udd04 <strong data-start=\"201\" data-end=\"232\">R\u00e9tractable &amp; positionnable<\/strong> \u2013 Pratique \u00e0 utiliser et \u00e0 transporter<\/p>\n<\/li>\n<\/ul>\n","protected":false},"featured_media":2160,"comment_status":"open","ping_status":"closed","template":"","meta":[],"product_brand":[],"product_cat":[420],"product_tag":[],"class_list":{"0":"post-2046","1":"product","2":"type-product","3":"status-publish","4":"has-post-thumbnail","6":"product_cat-epervier-peche","8":"first","9":"instock","10":"shipping-taxable","11":"purchasable","12":"product-type-variable"},"yoast_head":"<!-- This site is optimized with the Yoast SEO plugin v27.3 - https:\/\/yoast.com\/product\/yoast-seo-wordpress\/ -->\n<title>Filet \u00e9pervier<\/title>\n<meta name=\"description\" content=\"Filet \u00e9pervier \u00e0 moyenne mailles utilisable par d\u00e9butants et professionnels. Prix et tailles variables de 1,2 m \u00e0 3,3 m. Excellente qualit\u00e9\" \/>\n<meta name=\"robots\" content=\"index, follow, max-snippet:-1, max-image-preview:large, max-video-preview:-1\" \/>\n<link rel=\"canonical\" href=\"https:\/\/www.aiguiller.com\/blog\/product\/filet-epervier-a-petites-mailles\/\" \/>\n<meta property=\"og:locale\" content=\"fr_FR\" \/>\n<meta property=\"og:type\" content=\"article\" \/>\n<meta property=\"og:title\" content=\"Filet \u00e9pervier\" \/>\n<meta property=\"og:description\" content=\"Filet \u00e9pervier \u00e0 moyenne mailles utilisable par d\u00e9butants et professionnels. Prix et tailles variables de 1,2 m \u00e0 3,3 m. Excellente qualit\u00e9\" \/>\n<meta property=\"og:url\" content=\"https:\/\/www.aiguiller.com\/blog\/product\/filet-epervier-a-petites-mailles\/\" \/>\n<meta property=\"og:site_name\" content=\"Articles de p\u00eache pas cher: aiguiller.com\" \/>\n<meta property=\"article:publisher\" content=\"https:\/\/www.facebook.com\/people\/Les-nouvelles-du-pcheur\/100071000092723\/\" \/>\n<meta property=\"article:modified_time\" content=\"2025-08-17T13:11:42+00:00\" \/>\n<meta property=\"og:image\" content=\"https:\/\/www.aiguiller.com\/blog\/wp-content\/uploads\/2025\/07\/filet-epervier.png\" \/>\n\t<meta property=\"og:image:width\" content=\"1168\" \/>\n\t<meta property=\"og:image:height\" content=\"1176\" \/>\n\t<meta property=\"og:image:type\" content=\"image\/png\" \/>\n<meta name=\"twitter:card\" content=\"summary_large_image\" \/>\n<meta name=\"twitter:label1\" content=\"Dur\u00e9e de lecture estim\u00e9e\" \/>\n\t<meta name=\"twitter:data1\" content=\"2 minutes\" \/>\n<script type=\"application\/ld+json\" class=\"yoast-schema-graph\">{\"@context\":\"https:\\\/\\\/schema.org\",\"@graph\":[{\"@type\":\"WebPage\",\"@id\":\"https:\\\/\\\/www.aiguiller.com\\\/blog\\\/product\\\/filet-epervier-a-petites-mailles\\\/\",\"url\":\"https:\\\/\\\/www.aiguiller.com\\\/blog\\\/product\\\/filet-epervier-a-petites-mailles\\\/\",\"name\":\"Filet \u00e9pervier\",\"isPartOf\":{\"@id\":\"https:\\\/\\\/www.aiguiller.com\\\/blog\\\/#website\"},\"primaryImageOfPage\":{\"@id\":\"https:\\\/\\\/www.aiguiller.com\\\/blog\\\/product\\\/filet-epervier-a-petites-mailles\\\/#primaryimage\"},\"image\":{\"@id\":\"https:\\\/\\\/www.aiguiller.com\\\/blog\\\/product\\\/filet-epervier-a-petites-mailles\\\/#primaryimage\"},\"thumbnailUrl\":\"https:\\\/\\\/www.aiguiller.com\\\/blog\\\/wp-content\\\/uploads\\\/2025\\\/07\\\/filet-epervier.png\",\"datePublished\":\"2025-07-28T20:00:52+00:00\",\"dateModified\":\"2025-08-17T13:11:42+00:00\",\"description\":\"Filet \u00e9pervier \u00e0 moyenne mailles utilisable par d\u00e9butants et professionnels. Prix et tailles variables de 1,2 m \u00e0 3,3 m. Excellente qualit\u00e9\",\"breadcrumb\":{\"@id\":\"https:\\\/\\\/www.aiguiller.com\\\/blog\\\/product\\\/filet-epervier-a-petites-mailles\\\/#breadcrumb\"},\"inLanguage\":\"fr-FR\",\"potentialAction\":[{\"@type\":\"ReadAction\",\"target\":[\"https:\\\/\\\/www.aiguiller.com\\\/blog\\\/product\\\/filet-epervier-a-petites-mailles\\\/\"]}]},{\"@type\":\"ImageObject\",\"inLanguage\":\"fr-FR\",\"@id\":\"https:\\\/\\\/www.aiguiller.com\\\/blog\\\/product\\\/filet-epervier-a-petites-mailles\\\/#primaryimage\",\"url\":\"https:\\\/\\\/www.aiguiller.com\\\/blog\\\/wp-content\\\/uploads\\\/2025\\\/07\\\/filet-epervier.png\",\"contentUrl\":\"https:\\\/\\\/www.aiguiller.com\\\/blog\\\/wp-content\\\/uploads\\\/2025\\\/07\\\/filet-epervier.png\",\"width\":1168,\"height\":1176,\"caption\":\"Filet Epervier\"},{\"@type\":\"BreadcrumbList\",\"@id\":\"https:\\\/\\\/www.aiguiller.com\\\/blog\\\/product\\\/filet-epervier-a-petites-mailles\\\/#breadcrumb\",\"itemListElement\":[{\"@type\":\"ListItem\",\"position\":1,\"name\":\"Accueil\",\"item\":\"https:\\\/\\\/www.aiguiller.com\\\/blog\\\/\"},{\"@type\":\"ListItem\",\"position\":2,\"name\":\"Boutique d&#8217;articles de p\u00eache\",\"item\":\"https:\\\/\\\/www.aiguiller.com\\\/blog\\\/shop\\\/\"},{\"@type\":\"ListItem\",\"position\":3,\"name\":\"Filet \u00e9pervier\"}]},{\"@type\":\"WebSite\",\"@id\":\"https:\\\/\\\/www.aiguiller.com\\\/blog\\\/#website\",\"url\":\"https:\\\/\\\/www.aiguiller.com\\\/blog\\\/\",\"name\":\"Articles de p\u00eache pas cher: aiguiller.com\",\"description\":\"Mat\u00e9riel de p\u00eache \u00e0 bas prix\",\"publisher\":{\"@id\":\"https:\\\/\\\/www.aiguiller.com\\\/blog\\\/#organization\"},\"potentialAction\":[{\"@type\":\"SearchAction\",\"target\":{\"@type\":\"EntryPoint\",\"urlTemplate\":\"https:\\\/\\\/www.aiguiller.com\\\/blog\\\/?s={search_term_string}\"},\"query-input\":{\"@type\":\"PropertyValueSpecification\",\"valueRequired\":true,\"valueName\":\"search_term_string\"}}],\"inLanguage\":\"fr-FR\"},{\"@type\":\"Organization\",\"@id\":\"https:\\\/\\\/www.aiguiller.com\\\/blog\\\/#organization\",\"name\":\"Articles de p\u00eache pas cher: aiguiller.com\",\"url\":\"https:\\\/\\\/www.aiguiller.com\\\/blog\\\/\",\"logo\":{\"@type\":\"ImageObject\",\"inLanguage\":\"fr-FR\",\"@id\":\"https:\\\/\\\/www.aiguiller.com\\\/blog\\\/#\\\/schema\\\/logo\\\/image\\\/\",\"url\":\"https:\\\/\\\/www.aiguiller.com\\\/blog\\\/wp-content\\\/uploads\\\/2025\\\/07\\\/boutique-gilet-de-peche.png\",\"contentUrl\":\"https:\\\/\\\/www.aiguiller.com\\\/blog\\\/wp-content\\\/uploads\\\/2025\\\/07\\\/boutique-gilet-de-peche.png\",\"width\":395,\"height\":310,\"caption\":\"Articles de p\u00eache pas cher: aiguiller.com\"},\"image\":{\"@id\":\"https:\\\/\\\/www.aiguiller.com\\\/blog\\\/#\\\/schema\\\/logo\\\/image\\\/\"},\"sameAs\":[\"https:\\\/\\\/www.facebook.com\\\/people\\\/Les-nouvelles-du-pcheur\\\/100071000092723\\\/\"]}]}<\/script>\n<!-- \/ Yoast SEO plugin. -->","yoast_head_json":{"title":"Filet \u00e9pervier","description":"Filet \u00e9pervier \u00e0 moyenne mailles utilisable par d\u00e9butants et professionnels. Prix et tailles variables de 1,2 m \u00e0 3,3 m. Excellente qualit\u00e9","robots":{"index":"index","follow":"follow","max-snippet":"max-snippet:-1","max-image-preview":"max-image-preview:large","max-video-preview":"max-video-preview:-1"},"canonical":"https:\/\/www.aiguiller.com\/blog\/product\/filet-epervier-a-petites-mailles\/","og_locale":"fr_FR","og_type":"article","og_title":"Filet \u00e9pervier","og_description":"Filet \u00e9pervier \u00e0 moyenne mailles utilisable par d\u00e9butants et professionnels. Prix et tailles variables de 1,2 m \u00e0 3,3 m. Excellente qualit\u00e9","og_url":"https:\/\/www.aiguiller.com\/blog\/product\/filet-epervier-a-petites-mailles\/","og_site_name":"Articles de p\u00eache pas cher: aiguiller.com","article_publisher":"https:\/\/www.facebook.com\/people\/Les-nouvelles-du-pcheur\/100071000092723\/","article_modified_time":"2025-08-17T13:11:42+00:00","og_image":[{"width":1168,"height":1176,"url":"https:\/\/www.aiguiller.com\/blog\/wp-content\/uploads\/2025\/07\/filet-epervier.png","type":"image\/png"}],"twitter_card":"summary_large_image","twitter_misc":{"Dur\u00e9e de lecture estim\u00e9e":"2 minutes"},"schema":{"@context":"https:\/\/schema.org","@graph":[{"@type":"WebPage","@id":"https:\/\/www.aiguiller.com\/blog\/product\/filet-epervier-a-petites-mailles\/","url":"https:\/\/www.aiguiller.com\/blog\/product\/filet-epervier-a-petites-mailles\/","name":"Filet \u00e9pervier","isPartOf":{"@id":"https:\/\/www.aiguiller.com\/blog\/#website"},"primaryImageOfPage":{"@id":"https:\/\/www.aiguiller.com\/blog\/product\/filet-epervier-a-petites-mailles\/#primaryimage"},"image":{"@id":"https:\/\/www.aiguiller.com\/blog\/product\/filet-epervier-a-petites-mailles\/#primaryimage"},"thumbnailUrl":"https:\/\/www.aiguiller.com\/blog\/wp-content\/uploads\/2025\/07\/filet-epervier.png","datePublished":"2025-07-28T20:00:52+00:00","dateModified":"2025-08-17T13:11:42+00:00","description":"Filet \u00e9pervier \u00e0 moyenne mailles utilisable par d\u00e9butants et professionnels. Prix et tailles variables de 1,2 m \u00e0 3,3 m. Excellente qualit\u00e9","breadcrumb":{"@id":"https:\/\/www.aiguiller.com\/blog\/product\/filet-epervier-a-petites-mailles\/#breadcrumb"},"inLanguage":"fr-FR","potentialAction":[{"@type":"ReadAction","target":["https:\/\/www.aiguiller.com\/blog\/product\/filet-epervier-a-petites-mailles\/"]}]},{"@type":"ImageObject","inLanguage":"fr-FR","@id":"https:\/\/www.aiguiller.com\/blog\/product\/filet-epervier-a-petites-mailles\/#primaryimage","url":"https:\/\/www.aiguiller.com\/blog\/wp-content\/uploads\/2025\/07\/filet-epervier.png","contentUrl":"https:\/\/www.aiguiller.com\/blog\/wp-content\/uploads\/2025\/07\/filet-epervier.png","width":1168,"height":1176,"caption":"Filet Epervier"},{"@type":"BreadcrumbList","@id":"https:\/\/www.aiguiller.com\/blog\/product\/filet-epervier-a-petites-mailles\/#breadcrumb","itemListElement":[{"@type":"ListItem","position":1,"name":"Accueil","item":"https:\/\/www.aiguiller.com\/blog\/"},{"@type":"ListItem","position":2,"name":"Boutique d&#8217;articles de p\u00eache","item":"https:\/\/www.aiguiller.com\/blog\/shop\/"},{"@type":"ListItem","position":3,"name":"Filet \u00e9pervier"}]},{"@type":"WebSite","@id":"https:\/\/www.aiguiller.com\/blog\/#website","url":"https:\/\/www.aiguiller.com\/blog\/","name":"Articles de p\u00eache pas cher: aiguiller.com","description":"Mat\u00e9riel de p\u00eache \u00e0 bas prix","publisher":{"@id":"https:\/\/www.aiguiller.com\/blog\/#organization"},"potentialAction":[{"@type":"SearchAction","target":{"@type":"EntryPoint","urlTemplate":"https:\/\/www.aiguiller.com\/blog\/?s={search_term_string}"},"query-input":{"@type":"PropertyValueSpecification","valueRequired":true,"valueName":"search_term_string"}}],"inLanguage":"fr-FR"},{"@type":"Organization","@id":"https:\/\/www.aiguiller.com\/blog\/#organization","name":"Articles de p\u00eache pas cher: aiguiller.com","url":"https:\/\/www.aiguiller.com\/blog\/","logo":{"@type":"ImageObject","inLanguage":"fr-FR","@id":"https:\/\/www.aiguiller.com\/blog\/#\/schema\/logo\/image\/","url":"https:\/\/www.aiguiller.com\/blog\/wp-content\/uploads\/2025\/07\/boutique-gilet-de-peche.png","contentUrl":"https:\/\/www.aiguiller.com\/blog\/wp-content\/uploads\/2025\/07\/boutique-gilet-de-peche.png","width":395,"height":310,"caption":"Articles de p\u00eache pas cher: aiguiller.com"},"image":{"@id":"https:\/\/www.aiguiller.com\/blog\/#\/schema\/logo\/image\/"},"sameAs":["https:\/\/www.facebook.com\/people\/Les-nouvelles-du-pcheur\/100071000092723\/"]}]}},"_links":{"self":[{"href":"https:\/\/www.aiguiller.com\/blog\/wp-json\/wp\/v2\/product\/2046","targetHints":{"allow":["GET"]}}],"collection":[{"href":"https:\/\/www.aiguiller.com\/blog\/wp-json\/wp\/v2\/product"}],"about":[{"href":"https:\/\/www.aiguiller.com\/blog\/wp-json\/wp\/v2\/types\/product"}],"replies":[{"embeddable":true,"href":"https:\/\/www.aiguiller.com\/blog\/wp-json\/wp\/v2\/comments?post=2046"}],"wp:featuredmedia":[{"embeddable":true,"href":"https:\/\/www.aiguiller.com\/blog\/wp-json\/wp\/v2\/media\/2160"}],"wp:attachment":[{"href":"https:\/\/www.aiguiller.com\/blog\/wp-json\/wp\/v2\/media?parent=2046"}],"wp:term":[{"taxonomy":"product_brand","embeddable":true,"href":"https:\/\/www.aiguiller.com\/blog\/wp-json\/wp\/v2\/product_brand?post=2046"},{"taxonomy":"product_cat","embeddable":true,"href":"https:\/\/www.aiguiller.com\/blog\/wp-json\/wp\/v2\/product_cat?post=2046"},{"taxonomy":"product_tag","embeddable":true,"href":"https:\/\/www.aiguiller.com\/blog\/wp-json\/wp\/v2\/product_tag?post=2046"}],"curies":[{"name":"wp","href":"https:\/\/api.w.org\/{rel}","templated":true}]}}