{"id":1951,"date":"2025-07-25T16:50:32","date_gmt":"2025-07-25T15:50:32","guid":{"rendered":"https:\/\/www.aiguiller.com\/blog\/?post_type=product&#038;p=1951"},"modified":"2025-07-26T12:04:49","modified_gmt":"2025-07-26T11:04:49","slug":"moulinet-debrayable-mer","status":"publish","type":"product","link":"https:\/\/www.aiguiller.com\/blog\/product\/moulinet-debrayable-mer\/","title":{"rendered":"Moulinet d\u00e9brayable MER &#8211; 100% m\u00e9tal"},"content":{"rendered":"<h2 data-start=\"213\" data-end=\"326\">\ud83c\udfa3 Moulinet D\u00e9brayable Mer: Puissance et robustesse pour amateur de sensation fortes<\/h2>\n<p data-start=\"328\" data-end=\"616\">Le <strong data-start=\"358\" data-end=\"385\">moulinet d\u00e9brayable Mer<\/strong> est capable de r\u00e9sister aux plus rudes conditions et de dompter les plus gros poissons. Si vous \u00eates \u00e0 la recherche d&#8217;un moulinet enti\u00e8rement con\u00e7u en m\u00e9tal, robuste et performant, le Sougayilang 9000-12000 Full Metal est l\u2019arme parfaite pour tous les passionn\u00e9s de <strong data-start=\"560\" data-end=\"615\">p\u00eache en mer, surfcasting, jigging ou p\u00eache au gros<\/strong>. D\u00e9couvrez pourquoi ce mod\u00e8le est votre alli\u00e9 pour la p\u00eache.<\/p>\n<h3 data-start=\"623\" data-end=\"691\">\u2699\ufe0f Un moulinet mer con\u00e7u pour les combats extr\u00eames<\/h3>\n<p data-start=\"693\" data-end=\"930\">Le <em>Sougayilang Full Metal<\/em> est pens\u00e9 pour les p\u00eacheurs exigeants. Gr\u00e2ce \u00e0 sa <strong data-start=\"769\" data-end=\"794\">structure 100 % m\u00e9tal<\/strong>, son <strong data-start=\"800\" data-end=\"829\">arbre en acier inoxydable<\/strong>, et sa <strong data-start=\"837\" data-end=\"864\">bobine en aluminium CNC<\/strong>, il garantit une <strong data-start=\"882\" data-end=\"929\">solidit\u00e9 exceptionnelle face \u00e0 la corrosion<\/strong>. En bref, ce moulinet mer sera un investissement long terme pour vos sorties en surfcasting, tra\u00eene, et bord de mer.<\/p>\n<p data-start=\"932\" data-end=\"1155\">Son <strong data-start=\"936\" data-end=\"968\">syst\u00e8me de frein large plage<\/strong> et son <strong data-start=\"976\" data-end=\"1012\">rapport de transmission de 4.6:1<\/strong> en font un moulinet parfaitement adapt\u00e9 aux combats puissants contre des esp\u00e8ces telles que le <strong data-start=\"1108\" data-end=\"1154\">thon, le requin, le bar ray\u00e9 ou la s\u00e9riole<\/strong>.<\/p>\n<hr data-start=\"1157\" data-end=\"1160\" \/>\n<h3 data-start=\"1162\" data-end=\"1232\">\ud83d\udd27 Caract\u00e9ristiques cl\u00e9s du Moulinet\u00a0 D\u00e9brayable Mer :<\/h3>\n<ul data-start=\"1234\" data-end=\"1590\">\n<li data-start=\"1234\" data-end=\"1297\">\n<p data-start=\"1236\" data-end=\"1297\">\u2705 <strong data-start=\"1238\" data-end=\"1270\">Corps en m\u00e9tal haute densit\u00e9<\/strong>, r\u00e9sistant \u00e0 l\u2019eau sal\u00e9e<\/p>\n<\/li>\n<li data-start=\"1298\" data-end=\"1356\">\n<p data-start=\"1300\" data-end=\"1356\">\u2705 <strong data-start=\"1302\" data-end=\"1326\">13+1 roulements inox<\/strong>, pour une fluidit\u00e9 maximale<\/p>\n<\/li>\n<li data-start=\"1357\" data-end=\"1401\">\n<p data-start=\"1359\" data-end=\"1401\">\u2705 <strong data-start=\"1361\" data-end=\"1383\">Poign\u00e9e ambidextre<\/strong> (gauche\/droite)<\/p>\n<\/li>\n<li data-start=\"1402\" data-end=\"1467\">\n<p data-start=\"1404\" data-end=\"1467\">\u2705 <strong data-start=\"1406\" data-end=\"1430\">\u00c9tanch\u00e9it\u00e9 renforc\u00e9e<\/strong>, id\u00e9ale pour l\u2019environnement marin<\/p>\n<\/li>\n<li data-start=\"1468\" data-end=\"1534\">\n<p data-start=\"1470\" data-end=\"1534\">\u2705 <strong data-start=\"1472\" data-end=\"1498\">Bobine grande capacit\u00e9<\/strong>, compatible tresse &amp; monofilament<\/p>\n<\/li>\n<li data-start=\"1535\" data-end=\"1590\">\n<p data-start=\"1537\" data-end=\"1590\">\u2705 <strong data-start=\"1539\" data-end=\"1565\">R\u00e9cup\u00e9ration r\u00e9guli\u00e8re<\/strong>, m\u00eame sous forte tension<\/p>\n<\/li>\n<\/ul>\n<h4 data-start=\"1597\" data-end=\"1626\"><\/h4>\n<h4 data-start=\"1597\" data-end=\"1626\">\ud83d\udcca D\u00e9tails techniques<\/h4>\n<div class=\"_tableContainer_80l1q_1\">\n<div class=\"_tableWrapper_80l1q_14 group flex w-fit flex-col-reverse\" tabindex=\"-1\">\n<table class=\"w-fit min-w-(--thread-content-width)\" data-start=\"1628\" data-end=\"1962\">\n<thead data-start=\"1628\" data-end=\"1694\">\n<tr data-start=\"1628\" data-end=\"1694\">\n<th data-start=\"1628\" data-end=\"1641\" data-col-size=\"sm\">Mod\u00e8le<\/th>\n<th data-start=\"1641\" data-end=\"1694\" data-col-size=\"sm\">Capacit\u00e9 de ligne (mm\/m)<\/th>\n<\/tr>\n<\/thead>\n<tbody data-start=\"1762\" data-end=\"1962\">\n<tr data-start=\"1762\" data-end=\"1828\">\n<td data-start=\"1762\" data-end=\"1775\" data-col-size=\"sm\">AFL9000<\/td>\n<td data-col-size=\"sm\" data-start=\"1775\" data-end=\"1828\">0.26\/300 \u2013 0.29\/260 \u2013 0.34\/190<\/td>\n<\/tr>\n<tr data-start=\"1829\" data-end=\"1895\">\n<td data-start=\"1829\" data-end=\"1842\" data-col-size=\"sm\">AFL10000<\/td>\n<td data-col-size=\"sm\" data-start=\"1842\" data-end=\"1895\">0.40\/350 \u2013 0.48\/260 \u2013 0.57\/185<\/td>\n<\/tr>\n<tr data-start=\"1896\" data-end=\"1962\">\n<td data-start=\"1896\" data-end=\"1909\" data-col-size=\"sm\">AFL12000<\/td>\n<td data-col-size=\"sm\" data-start=\"1909\" data-end=\"1962\">0.48\/365 \u2013 0.55\/260 \u2013 0.65\/200<\/td>\n<\/tr>\n<\/tbody>\n<\/table>\n<div class=\"sticky end-(--thread-content-margin) h-0 self-end select-none\">\n<div class=\"absolute end-0 flex items-end\"><\/div>\n<\/div>\n<\/div>\n<\/div>\n<ul data-start=\"1964\" data-end=\"2085\">\n<li data-start=\"1964\" data-end=\"2003\">\n<p data-start=\"1966\" data-end=\"2003\">Rapport de transmission : <strong data-start=\"1992\" data-end=\"2001\">4.6:1<\/strong><\/p>\n<\/li>\n<li data-start=\"2004\" data-end=\"2034\">\n<p data-start=\"2006\" data-end=\"2034\">Roulements : <strong data-start=\"2019\" data-end=\"2032\">13+1 inox<\/strong><\/p>\n<\/li>\n<li data-start=\"2035\" data-end=\"2085\">\n<p data-start=\"2037\" data-end=\"2085\">Type : <strong data-start=\"2044\" data-end=\"2071\">Moulinet d\u00e9brayable mer<\/strong>, <strong data-start=\"2073\" data-end=\"2085\">spinning<\/strong><\/p>\n<\/li>\n<\/ul>\n<hr data-start=\"2087\" data-end=\"2090\" \/>\n<h3 data-start=\"2092\" data-end=\"2155\">\ud83d\udc1f Con\u00e7u pour les p\u00eacheurs en qu\u00eate de sensations fortes<\/h3>\n<p data-start=\"2157\" data-end=\"2242\">Ce moulinet double frein mer est un <strong data-start=\"2191\" data-end=\"2209\">alli\u00e9 de choix<\/strong> pour tous les types de p\u00eache :<\/p>\n<ul data-start=\"2243\" data-end=\"2368\">\n<li data-start=\"2243\" data-end=\"2274\">\n<p data-start=\"2245\" data-end=\"2274\">Surfcasting longue distance<\/p>\n<\/li>\n<li data-start=\"2275\" data-end=\"2308\">\n<p data-start=\"2277\" data-end=\"2308\">Jigging lourd en mer profonde<\/p>\n<\/li>\n<li data-start=\"2309\" data-end=\"2338\">\n<p data-start=\"2311\" data-end=\"2338\">P\u00eache au large (offshore)<\/p>\n<\/li>\n<li data-start=\"2339\" data-end=\"2368\">\n<p data-start=\"2341\" data-end=\"2368\">Trolling et p\u00eache en bateau<\/p>\n<\/li>\n<\/ul>\n<p data-start=\"2370\" data-end=\"2502\">Il offre une <strong data-start=\"2383\" data-end=\"2406\">r\u00e9cup\u00e9ration stable<\/strong>, une <strong data-start=\"2412\" data-end=\"2434\">r\u00e9sistance extr\u00eame<\/strong>, et permet de lancer \u00e0 tr\u00e8s longue distance avec des lignes fortes.<\/p>\n<p data-start=\"2370\" data-end=\"2502\">Associ\u00e9 \u00e0 une canne robuste, vous serez \u00e9pat\u00e9 du gain en performance face \u00e0 des d\u00e9parts trop souvent rapide tel que les serials, thons et bonites procurent. Vous ne manquerez plus les d\u00e9part trop rapides, votre ligne ne c\u00e9dera plus gr\u00e2ce au frein d\u00e9brayable de ce moulinet mer. Au final, vous gagnerez en performance, et augmenterez le nombres de prises gr\u00e2ce \u00e0 ce mod\u00e8le.<\/p>\n<hr data-start=\"2504\" data-end=\"2507\" \/>\n<h3 data-start=\"2509\" data-end=\"2535\">\ud83d\udce6 Contenu du colis<\/h3>\n<ul data-start=\"2537\" data-end=\"2614\">\n<li data-start=\"2537\" data-end=\"2614\">\n<p data-start=\"2539\" data-end=\"2614\">1 \u00d7 Moulinet d\u00e9brayable\u00a0 <strong data-start=\"2567\" data-end=\"2603\">Sougayilang 9000 \/ 10000 \/ 12000<\/strong> (au choix)<\/p>\n<\/li>\n<li data-start=\"2537\" data-end=\"2614\">1x bobine 8000 compl\u00e9mentaire pour les lignes plus fines\u00a0 (16 \u00e0 20\/100\u00e8me).<\/li>\n<\/ul>\n<hr data-start=\"2616\" data-end=\"2619\" \/>\n<h3 data-start=\"2621\" data-end=\"2660\">\u2b50 Ce qu\u2019en disent les p\u00eacheurs :<\/h3>\n<blockquote data-start=\"2662\" data-end=\"2855\">\n<p data-start=\"2664\" data-end=\"2855\">\ud83d\udde3\ufe0f <em data-start=\"2668\" data-end=\"2776\">\u00ab Super fluide, id\u00e9al pour les p\u00eaches muscl\u00e9es en bord de mer. J\u2019ai sorti un thon de 1m sans forcer. \u00bb<\/em><br data-start=\"2776\" data-end=\"2779\" \/>\ud83d\udde3\ufe0f <em data-start=\"2785\" data-end=\"2855\">\u00ab Un moulinet mer costaud \u00e0 prix raisonnable. Tr\u00e8s bonne surprise. \u00bb<\/em><\/p>\n<\/blockquote>\n<hr data-start=\"2857\" data-end=\"2860\" \/>\n<h3 data-start=\"2862\" data-end=\"2936\">\ud83d\uded2 Commandez votre moulinet mer frein d\u00e9brayable Sougayilang maintenant !<\/h3>\n<p data-start=\"2938\" data-end=\"3071\">Ne laissez aucune prise vous \u00e9chapper. Offrez-vous un <strong data-start=\"2992\" data-end=\"3032\">moulinet puissant, fluide et durable<\/strong>, pr\u00eat pour toutes vos sessions en mer.<\/p>\n<p><img loading=\"lazy\" decoding=\"async\" class=\"img-responsive alignnone\" src=\"\/\/ae01.alicdn.com\/kf\/H21f0414b98ed40c6bdaeb457a8f65ac1o.jpg\" alt=\"Capacit\u00e9s de la bobine du moulinet debrayable mer\" width=\"1099\" height=\"1099\" \/><\/p>\n","protected":false},"excerpt":{"rendered":"<ul>\n<li>\u2693 <strong data-start=\"156\" data-end=\"195\">Conception 100\u202f% m\u00e9tal anti corrosion<\/strong><\/li>\n<li>\ud83d\udcaa <strong data-start=\"292\" data-end=\"316\">Puissance &amp; contr\u00f4le<\/strong> \u2013 Frein haute capacit\u00e9<\/li>\n<li>\ud83c\udfa3 <strong data-start=\"415\" data-end=\"431\">Ultra fluide<\/strong> \u2013 13+1 roulements inox<\/li>\n<\/ul>\n","protected":false},"featured_media":1952,"comment_status":"open","ping_status":"closed","template":"","meta":[],"product_brand":[],"product_cat":[404],"product_tag":[],"class_list":{"0":"post-1951","1":"product","2":"type-product","3":"status-publish","4":"has-post-thumbnail","6":"product_cat-moulinet-debrayable","8":"first","9":"instock","10":"shipping-taxable","11":"purchasable","12":"product-type-variable"},"yoast_head":"<!-- This site is optimized with the Yoast SEO plugin v27.3 - https:\/\/yoast.com\/product\/yoast-seo-wordpress\/ -->\n<title>Moulinet d\u00e9brayable MER - 100% m\u00e9tal<\/title>\n<meta name=\"description\" content=\"Moulinet d\u00e9brayable con\u00e7u pour la Mer, un outil formidable permettant d&#039;affronter les situations les plus extr\u00eame gr\u00e2ce \u00e0 un double frein efficace\" \/>\n<meta name=\"robots\" content=\"index, follow, max-snippet:-1, max-image-preview:large, max-video-preview:-1\" \/>\n<link rel=\"canonical\" href=\"https:\/\/www.aiguiller.com\/blog\/product\/moulinet-debrayable-mer\/\" \/>\n<meta property=\"og:locale\" content=\"fr_FR\" \/>\n<meta property=\"og:type\" content=\"article\" \/>\n<meta property=\"og:title\" content=\"Moulinet d\u00e9brayable MER - 100% m\u00e9tal\" \/>\n<meta property=\"og:description\" content=\"Moulinet d\u00e9brayable con\u00e7u pour la Mer, un outil formidable permettant d&#039;affronter les situations les plus extr\u00eame gr\u00e2ce \u00e0 un double frein efficace\" \/>\n<meta property=\"og:url\" content=\"https:\/\/www.aiguiller.com\/blog\/product\/moulinet-debrayable-mer\/\" \/>\n<meta property=\"og:site_name\" content=\"Articles de p\u00eache pas cher: aiguiller.com\" \/>\n<meta property=\"article:publisher\" content=\"https:\/\/www.facebook.com\/people\/Les-nouvelles-du-pcheur\/100071000092723\/\" \/>\n<meta property=\"article:modified_time\" content=\"2025-07-26T11:04:49+00:00\" \/>\n<meta property=\"og:image\" content=\"https:\/\/ae01.alicdn.com\/kf\/Se5403720acdf472f95f32ee8320a6d8e9.jpg\" \/>\n\t<meta property=\"og:image:width\" content=\"800\" \/>\n\t<meta property=\"og:image:height\" content=\"800\" \/>\n\t<meta property=\"og:image:type\" content=\"image\/jpeg\" \/>\n<meta name=\"twitter:card\" content=\"summary_large_image\" \/>\n<meta name=\"twitter:label1\" content=\"Dur\u00e9e de lecture estim\u00e9e\" \/>\n\t<meta name=\"twitter:data1\" content=\"3 minutes\" \/>\n<script type=\"application\/ld+json\" class=\"yoast-schema-graph\">{\"@context\":\"https:\\\/\\\/schema.org\",\"@graph\":[{\"@type\":\"WebPage\",\"@id\":\"https:\\\/\\\/www.aiguiller.com\\\/blog\\\/product\\\/moulinet-debrayable-mer\\\/\",\"url\":\"https:\\\/\\\/www.aiguiller.com\\\/blog\\\/product\\\/moulinet-debrayable-mer\\\/\",\"name\":\"Moulinet d\u00e9brayable MER - 100% m\u00e9tal\",\"isPartOf\":{\"@id\":\"https:\\\/\\\/www.aiguiller.com\\\/blog\\\/#website\"},\"primaryImageOfPage\":{\"@id\":\"https:\\\/\\\/www.aiguiller.com\\\/blog\\\/product\\\/moulinet-debrayable-mer\\\/#primaryimage\"},\"image\":{\"@id\":\"https:\\\/\\\/www.aiguiller.com\\\/blog\\\/product\\\/moulinet-debrayable-mer\\\/#primaryimage\"},\"thumbnailUrl\":\"https:\\\/\\\/ae01.alicdn.com\\\/kf\\\/Se5403720acdf472f95f32ee8320a6d8e9.jpg\",\"datePublished\":\"2025-07-25T15:50:32+00:00\",\"dateModified\":\"2025-07-26T11:04:49+00:00\",\"description\":\"Moulinet d\u00e9brayable con\u00e7u pour la Mer, un outil formidable permettant d'affronter les situations les plus extr\u00eame gr\u00e2ce \u00e0 un double frein efficace\",\"breadcrumb\":{\"@id\":\"https:\\\/\\\/www.aiguiller.com\\\/blog\\\/product\\\/moulinet-debrayable-mer\\\/#breadcrumb\"},\"inLanguage\":\"fr-FR\",\"potentialAction\":[{\"@type\":\"ReadAction\",\"target\":[\"https:\\\/\\\/www.aiguiller.com\\\/blog\\\/product\\\/moulinet-debrayable-mer\\\/\"]}]},{\"@type\":\"ImageObject\",\"inLanguage\":\"fr-FR\",\"@id\":\"https:\\\/\\\/www.aiguiller.com\\\/blog\\\/product\\\/moulinet-debrayable-mer\\\/#primaryimage\",\"url\":\"https:\\\/\\\/ae01.alicdn.com\\\/kf\\\/Se5403720acdf472f95f32ee8320a6d8e9.jpg\",\"contentUrl\":\"https:\\\/\\\/ae01.alicdn.com\\\/kf\\\/Se5403720acdf472f95f32ee8320a6d8e9.jpg\",\"width\":800,\"height\":800,\"caption\":\"Moulinet d\u00e9brayable mer 100% m\u00e9tal 9000 - 12000 series 1\"},{\"@type\":\"BreadcrumbList\",\"@id\":\"https:\\\/\\\/www.aiguiller.com\\\/blog\\\/product\\\/moulinet-debrayable-mer\\\/#breadcrumb\",\"itemListElement\":[{\"@type\":\"ListItem\",\"position\":1,\"name\":\"Accueil\",\"item\":\"https:\\\/\\\/www.aiguiller.com\\\/blog\\\/\"},{\"@type\":\"ListItem\",\"position\":2,\"name\":\"Boutique d&#8217;articles de p\u00eache\",\"item\":\"https:\\\/\\\/www.aiguiller.com\\\/blog\\\/shop\\\/\"},{\"@type\":\"ListItem\",\"position\":3,\"name\":\"Moulinet d\u00e9brayable MER &#8211; 100% m\u00e9tal\"}]},{\"@type\":\"WebSite\",\"@id\":\"https:\\\/\\\/www.aiguiller.com\\\/blog\\\/#website\",\"url\":\"https:\\\/\\\/www.aiguiller.com\\\/blog\\\/\",\"name\":\"Articles de p\u00eache pas cher: aiguiller.com\",\"description\":\"Mat\u00e9riel de p\u00eache \u00e0 bas prix\",\"publisher\":{\"@id\":\"https:\\\/\\\/www.aiguiller.com\\\/blog\\\/#organization\"},\"potentialAction\":[{\"@type\":\"SearchAction\",\"target\":{\"@type\":\"EntryPoint\",\"urlTemplate\":\"https:\\\/\\\/www.aiguiller.com\\\/blog\\\/?s={search_term_string}\"},\"query-input\":{\"@type\":\"PropertyValueSpecification\",\"valueRequired\":true,\"valueName\":\"search_term_string\"}}],\"inLanguage\":\"fr-FR\"},{\"@type\":\"Organization\",\"@id\":\"https:\\\/\\\/www.aiguiller.com\\\/blog\\\/#organization\",\"name\":\"Articles de p\u00eache pas cher: aiguiller.com\",\"url\":\"https:\\\/\\\/www.aiguiller.com\\\/blog\\\/\",\"logo\":{\"@type\":\"ImageObject\",\"inLanguage\":\"fr-FR\",\"@id\":\"https:\\\/\\\/www.aiguiller.com\\\/blog\\\/#\\\/schema\\\/logo\\\/image\\\/\",\"url\":\"https:\\\/\\\/www.aiguiller.com\\\/blog\\\/wp-content\\\/uploads\\\/2025\\\/07\\\/boutique-gilet-de-peche.png\",\"contentUrl\":\"https:\\\/\\\/www.aiguiller.com\\\/blog\\\/wp-content\\\/uploads\\\/2025\\\/07\\\/boutique-gilet-de-peche.png\",\"width\":395,\"height\":310,\"caption\":\"Articles de p\u00eache pas cher: aiguiller.com\"},\"image\":{\"@id\":\"https:\\\/\\\/www.aiguiller.com\\\/blog\\\/#\\\/schema\\\/logo\\\/image\\\/\"},\"sameAs\":[\"https:\\\/\\\/www.facebook.com\\\/people\\\/Les-nouvelles-du-pcheur\\\/100071000092723\\\/\"]}]}<\/script>\n<!-- \/ Yoast SEO plugin. -->","yoast_head_json":{"title":"Moulinet d\u00e9brayable MER - 100% m\u00e9tal","description":"Moulinet d\u00e9brayable con\u00e7u pour la Mer, un outil formidable permettant d'affronter les situations les plus extr\u00eame gr\u00e2ce \u00e0 un double frein efficace","robots":{"index":"index","follow":"follow","max-snippet":"max-snippet:-1","max-image-preview":"max-image-preview:large","max-video-preview":"max-video-preview:-1"},"canonical":"https:\/\/www.aiguiller.com\/blog\/product\/moulinet-debrayable-mer\/","og_locale":"fr_FR","og_type":"article","og_title":"Moulinet d\u00e9brayable MER - 100% m\u00e9tal","og_description":"Moulinet d\u00e9brayable con\u00e7u pour la Mer, un outil formidable permettant d'affronter les situations les plus extr\u00eame gr\u00e2ce \u00e0 un double frein efficace","og_url":"https:\/\/www.aiguiller.com\/blog\/product\/moulinet-debrayable-mer\/","og_site_name":"Articles de p\u00eache pas cher: aiguiller.com","article_publisher":"https:\/\/www.facebook.com\/people\/Les-nouvelles-du-pcheur\/100071000092723\/","article_modified_time":"2025-07-26T11:04:49+00:00","og_image":[{"width":800,"height":800,"url":"https:\/\/ae01.alicdn.com\/kf\/Se5403720acdf472f95f32ee8320a6d8e9.jpg","type":"image\/jpeg"}],"twitter_card":"summary_large_image","twitter_misc":{"Dur\u00e9e de lecture estim\u00e9e":"3 minutes"},"schema":{"@context":"https:\/\/schema.org","@graph":[{"@type":"WebPage","@id":"https:\/\/www.aiguiller.com\/blog\/product\/moulinet-debrayable-mer\/","url":"https:\/\/www.aiguiller.com\/blog\/product\/moulinet-debrayable-mer\/","name":"Moulinet d\u00e9brayable MER - 100% m\u00e9tal","isPartOf":{"@id":"https:\/\/www.aiguiller.com\/blog\/#website"},"primaryImageOfPage":{"@id":"https:\/\/www.aiguiller.com\/blog\/product\/moulinet-debrayable-mer\/#primaryimage"},"image":{"@id":"https:\/\/www.aiguiller.com\/blog\/product\/moulinet-debrayable-mer\/#primaryimage"},"thumbnailUrl":"https:\/\/ae01.alicdn.com\/kf\/Se5403720acdf472f95f32ee8320a6d8e9.jpg","datePublished":"2025-07-25T15:50:32+00:00","dateModified":"2025-07-26T11:04:49+00:00","description":"Moulinet d\u00e9brayable con\u00e7u pour la Mer, un outil formidable permettant d'affronter les situations les plus extr\u00eame gr\u00e2ce \u00e0 un double frein efficace","breadcrumb":{"@id":"https:\/\/www.aiguiller.com\/blog\/product\/moulinet-debrayable-mer\/#breadcrumb"},"inLanguage":"fr-FR","potentialAction":[{"@type":"ReadAction","target":["https:\/\/www.aiguiller.com\/blog\/product\/moulinet-debrayable-mer\/"]}]},{"@type":"ImageObject","inLanguage":"fr-FR","@id":"https:\/\/www.aiguiller.com\/blog\/product\/moulinet-debrayable-mer\/#primaryimage","url":"https:\/\/ae01.alicdn.com\/kf\/Se5403720acdf472f95f32ee8320a6d8e9.jpg","contentUrl":"https:\/\/ae01.alicdn.com\/kf\/Se5403720acdf472f95f32ee8320a6d8e9.jpg","width":800,"height":800,"caption":"Moulinet d\u00e9brayable mer 100% m\u00e9tal 9000 - 12000 series 1"},{"@type":"BreadcrumbList","@id":"https:\/\/www.aiguiller.com\/blog\/product\/moulinet-debrayable-mer\/#breadcrumb","itemListElement":[{"@type":"ListItem","position":1,"name":"Accueil","item":"https:\/\/www.aiguiller.com\/blog\/"},{"@type":"ListItem","position":2,"name":"Boutique d&#8217;articles de p\u00eache","item":"https:\/\/www.aiguiller.com\/blog\/shop\/"},{"@type":"ListItem","position":3,"name":"Moulinet d\u00e9brayable MER &#8211; 100% m\u00e9tal"}]},{"@type":"WebSite","@id":"https:\/\/www.aiguiller.com\/blog\/#website","url":"https:\/\/www.aiguiller.com\/blog\/","name":"Articles de p\u00eache pas cher: aiguiller.com","description":"Mat\u00e9riel de p\u00eache \u00e0 bas prix","publisher":{"@id":"https:\/\/www.aiguiller.com\/blog\/#organization"},"potentialAction":[{"@type":"SearchAction","target":{"@type":"EntryPoint","urlTemplate":"https:\/\/www.aiguiller.com\/blog\/?s={search_term_string}"},"query-input":{"@type":"PropertyValueSpecification","valueRequired":true,"valueName":"search_term_string"}}],"inLanguage":"fr-FR"},{"@type":"Organization","@id":"https:\/\/www.aiguiller.com\/blog\/#organization","name":"Articles de p\u00eache pas cher: aiguiller.com","url":"https:\/\/www.aiguiller.com\/blog\/","logo":{"@type":"ImageObject","inLanguage":"fr-FR","@id":"https:\/\/www.aiguiller.com\/blog\/#\/schema\/logo\/image\/","url":"https:\/\/www.aiguiller.com\/blog\/wp-content\/uploads\/2025\/07\/boutique-gilet-de-peche.png","contentUrl":"https:\/\/www.aiguiller.com\/blog\/wp-content\/uploads\/2025\/07\/boutique-gilet-de-peche.png","width":395,"height":310,"caption":"Articles de p\u00eache pas cher: aiguiller.com"},"image":{"@id":"https:\/\/www.aiguiller.com\/blog\/#\/schema\/logo\/image\/"},"sameAs":["https:\/\/www.facebook.com\/people\/Les-nouvelles-du-pcheur\/100071000092723\/"]}]}},"_links":{"self":[{"href":"https:\/\/www.aiguiller.com\/blog\/wp-json\/wp\/v2\/product\/1951","targetHints":{"allow":["GET"]}}],"collection":[{"href":"https:\/\/www.aiguiller.com\/blog\/wp-json\/wp\/v2\/product"}],"about":[{"href":"https:\/\/www.aiguiller.com\/blog\/wp-json\/wp\/v2\/types\/product"}],"replies":[{"embeddable":true,"href":"https:\/\/www.aiguiller.com\/blog\/wp-json\/wp\/v2\/comments?post=1951"}],"wp:featuredmedia":[{"embeddable":true,"href":"https:\/\/www.aiguiller.com\/blog\/wp-json\/wp\/v2\/media\/1952"}],"wp:attachment":[{"href":"https:\/\/www.aiguiller.com\/blog\/wp-json\/wp\/v2\/media?parent=1951"}],"wp:term":[{"taxonomy":"product_brand","embeddable":true,"href":"https:\/\/www.aiguiller.com\/blog\/wp-json\/wp\/v2\/product_brand?post=1951"},{"taxonomy":"product_cat","embeddable":true,"href":"https:\/\/www.aiguiller.com\/blog\/wp-json\/wp\/v2\/product_cat?post=1951"},{"taxonomy":"product_tag","embeddable":true,"href":"https:\/\/www.aiguiller.com\/blog\/wp-json\/wp\/v2\/product_tag?post=1951"}],"curies":[{"name":"wp","href":"https:\/\/api.w.org\/{rel}","templated":true}]}}