{"id":1930,"date":"2025-07-23T09:11:31","date_gmt":"2025-07-23T08:11:31","guid":{"rendered":"https:\/\/www.aiguiller.com\/blog\/?post_type=product&#038;p=1930"},"modified":"2025-07-23T09:27:39","modified_gmt":"2025-07-23T08:27:39","slug":"moulinet-debrayable-mitchell-tkn3000-6000-carpe-mer","status":"publish","type":"product","link":"https:\/\/www.aiguiller.com\/blog\/product\/moulinet-debrayable-mitchell-tkn3000-6000-carpe-mer\/","title":{"rendered":"Moulinet Mitchell TKN3000-6000 \u2013 D\u00e9brayable"},"content":{"rendered":"<div class=\"detailmodule_html\">\n<div class=\"detail-desc-decorate-richtext\">\n<h2>\ud83c\udfa3 Moulinet D\u00e9brayable Mitchell TKN3000-6000 \u2013 P\u00eache Carpe et Mer<\/h2>\n<\/div>\n<\/div>\n<p data-start=\"619\" data-end=\"958\">Le <strong data-start=\"622\" data-end=\"647\">Mitchell TKN3000-6000<\/strong> est un <strong data-start=\"655\" data-end=\"687\">moulinet de p\u00eache d\u00e9brayable<\/strong> con\u00e7u pour les p\u00eacheurs exigeants, \u00e0 la recherche de performance et de fiabilit\u00e9. Sa <strong data-start=\"773\" data-end=\"790\">t\u00eate en m\u00e9tal<\/strong>, son <strong data-start=\"796\" data-end=\"842\">syst\u00e8me de freinage double (avant\/arri\u00e8re)<\/strong> et sa <strong data-start=\"849\" data-end=\"873\">construction robuste<\/strong> en font un alli\u00e9 incontournable pour la <strong data-start=\"914\" data-end=\"934\">p\u00eache \u00e0 la carpe<\/strong> ou la <strong data-start=\"941\" data-end=\"957\">p\u00eache en mer<\/strong>.<\/p>\n<hr data-start=\"960\" data-end=\"963\" \/>\n<h3 data-start=\"965\" data-end=\"1001\">\u2699\ufe0f Caract\u00e9ristiques techniques :<\/h3>\n<ul data-start=\"1003\" data-end=\"1557\">\n<li data-start=\"1003\" data-end=\"1062\">\n<p data-start=\"1005\" data-end=\"1062\"><strong data-start=\"1005\" data-end=\"1030\">Mod\u00e8les disponibles :<\/strong> TKN 3000 \/ 4000 \/ 5000 \/ 6000<\/p>\n<\/li>\n<li data-start=\"1063\" data-end=\"1104\">\n<p data-start=\"1065\" data-end=\"1104\"><strong data-start=\"1065\" data-end=\"1078\">Syst\u00e8me :<\/strong> D\u00e9brayable (baitrunner)<\/p>\n<\/li>\n<li data-start=\"1105\" data-end=\"1163\">\n<p data-start=\"1107\" data-end=\"1163\"><strong data-start=\"1107\" data-end=\"1119\">Freins :<\/strong> Avant et arri\u00e8re r\u00e9glables avec pr\u00e9cision<\/p>\n<\/li>\n<li data-start=\"1164\" data-end=\"1205\">\n<p data-start=\"1166\" data-end=\"1205\"><strong data-start=\"1166\" data-end=\"1178\">Bobine :<\/strong> En m\u00e9tal, haute capacit\u00e9<\/p>\n<\/li>\n<li data-start=\"1206\" data-end=\"1275\">\n<p data-start=\"1208\" data-end=\"1275\"><strong data-start=\"1208\" data-end=\"1231\">Capacit\u00e9 de ligne :<\/strong> variable selon mod\u00e8le (TKN3000 \u00e0 TKN6000)<\/p>\n<\/li>\n<li data-start=\"1276\" data-end=\"1328\">\n<p data-start=\"1278\" data-end=\"1328\"><strong data-start=\"1278\" data-end=\"1289\">Poids :<\/strong> de <strong data-start=\"1293\" data-end=\"1310\">330 g \u00e0 475 g<\/strong> selon la taille<\/p>\n<\/li>\n<li data-start=\"1329\" data-end=\"1401\">\n<p data-start=\"1331\" data-end=\"1401\"><strong data-start=\"1331\" data-end=\"1348\">Utilisation :<\/strong> P\u00eache \u00e0 la carpe, p\u00eache en mer, p\u00eache en eau douce<\/p>\n<\/li>\n<li data-start=\"1402\" data-end=\"1445\">\n<p data-start=\"1404\" data-end=\"1445\"><strong data-start=\"1404\" data-end=\"1417\">Couleur :<\/strong> Marron \u00e9l\u00e9gant et discret<\/p>\n<\/li>\n<li data-start=\"1446\" data-end=\"1495\">\n<p data-start=\"1448\" data-end=\"1495\"><strong data-start=\"1448\" data-end=\"1463\">Manivelle :<\/strong> Interchangeable droite\/gauche<\/p>\n<\/li>\n<li data-start=\"1496\" data-end=\"1557\">\n<p data-start=\"1498\" data-end=\"1557\"><strong data-start=\"1498\" data-end=\"1528\">Corps robuste et \u00e9quilibr\u00e9<\/strong> pour une meilleure long\u00e9vit\u00e9<\/p>\n<\/li>\n<\/ul>\n<hr data-start=\"1559\" data-end=\"1562\" \/>\n<h3 data-start=\"1564\" data-end=\"1582\">\ud83c\udfaf Avantages :<\/h3>\n<ul data-start=\"1584\" data-end=\"1956\">\n<li data-start=\"1584\" data-end=\"1638\">\n<p data-start=\"1586\" data-end=\"1638\">Syst\u00e8me <strong data-start=\"1594\" data-end=\"1608\">d\u00e9brayable<\/strong> id\u00e9al pour les montages carpe<\/p>\n<\/li>\n<li data-start=\"1639\" data-end=\"1695\">\n<p data-start=\"1641\" data-end=\"1695\">Double <strong data-start=\"1648\" data-end=\"1670\">frein de pr\u00e9cision<\/strong> pour un contr\u00f4le optimal<\/p>\n<\/li>\n<li data-start=\"1696\" data-end=\"1761\">\n<p data-start=\"1698\" data-end=\"1761\"><strong data-start=\"1698\" data-end=\"1722\">Polyvalence maximale<\/strong> : s&#8217;adapte \u00e0 diff\u00e9rents types de p\u00eache<\/p>\n<\/li>\n<li data-start=\"1762\" data-end=\"1830\">\n<p data-start=\"1764\" data-end=\"1830\"><strong data-start=\"1764\" data-end=\"1793\">Grande capacit\u00e9 de bobine<\/strong>, parfaite pour les longues distances<\/p>\n<\/li>\n<li data-start=\"1831\" data-end=\"1894\">\n<p data-start=\"1833\" data-end=\"1894\"><strong data-start=\"1833\" data-end=\"1854\">Conception solide<\/strong> pour les combats avec les gros poissons<\/p>\n<\/li>\n<li data-start=\"1895\" data-end=\"1956\">\n<p data-start=\"1897\" data-end=\"1956\"><strong data-start=\"1897\" data-end=\"1912\">Poids l\u00e9ger<\/strong> pour une utilisation prolong\u00e9e sans fatigue<\/p>\n<\/li>\n<\/ul>\n<hr data-start=\"1958\" data-end=\"1961\" \/>\n<h3 data-start=\"1963\" data-end=\"1982\">\ud83d\udc1f Id\u00e9al pour :<\/h3>\n<ul data-start=\"1984\" data-end=\"2149\">\n<li data-start=\"1984\" data-end=\"2031\">\n<p data-start=\"1986\" data-end=\"2031\"><strong data-start=\"1986\" data-end=\"2006\">P\u00eache \u00e0 la carpe<\/strong> en plan d\u2019eau ou rivi\u00e8re<\/p>\n<\/li>\n<li data-start=\"2032\" data-end=\"2078\">\n<p data-start=\"2034\" data-end=\"2078\"><strong data-start=\"2034\" data-end=\"2050\">P\u00eache en mer<\/strong> depuis la c\u00f4te ou en bateau<\/p>\n<\/li>\n<li data-start=\"2079\" data-end=\"2149\">\n<p data-start=\"2081\" data-end=\"2149\"><strong data-start=\"2081\" data-end=\"2116\">P\u00eacheurs d\u00e9butants ou confirm\u00e9s<\/strong> recherchant fiabilit\u00e9 et confort<\/p>\n<\/li>\n<\/ul>\n<hr data-start=\"2151\" data-end=\"2154\" \/>\n<h3 data-start=\"2156\" data-end=\"2180\">\ud83d\udce6 Contenu du pack :<\/h3>\n<ul data-start=\"2182\" data-end=\"2280\">\n<li data-start=\"2182\" data-end=\"2230\">\n<p data-start=\"2184\" data-end=\"2230\">1x Moulinet Mitchell TKN (selon mod\u00e8le choisi)<\/p>\n<\/li>\n<li data-start=\"2231\" data-end=\"2280\">\n<p data-start=\"2233\" data-end=\"2280\">Livr\u00e9 avec notice d\u2019utilisation<\/p>\n<\/li>\n<\/ul>\n<p><img loading=\"lazy\" decoding=\"async\" class=\"img-responsive alignnone\" src=\"\/\/ae01.alicdn.com\/kf\/S1660a747c58b45f5a4dff87d5d58d7aa9.jpg\" alt=\"d\u00e9tails des tailles de bobines possible sur le mitchell d\u00e9brayable\" width=\"800\" height=\"1346\" \/><\/p>\n","protected":false},"excerpt":{"rendered":"<ul>\n<li data-start=\"88\" data-end=\"235\">\n<p data-start=\"91\" data-end=\"235\">\ud83c\udfaf <strong data-start=\"94\" data-end=\"145\">Syst\u00e8me d\u00e9brayable qualitatif<\/strong><\/p>\n<\/li>\n<li data-start=\"88\" data-end=\"235\">\n<p data-start=\"91\" data-end=\"235\">\u2699\ufe0f <strong data-start=\"243\" data-end=\"277\">Bobine en m\u00e9tal haute capacit\u00e9<\/strong><\/p>\n<\/li>\n<li data-start=\"372\" data-end=\"517\">\n<p data-start=\"375\" data-end=\"517\">\ud83e\udeb6 <strong data-start=\"378\" data-end=\"432\">Conception robuste et poids optimis\u00e9 (330 \u00e0 475 g)<\/strong><\/p>\n<\/li>\n<\/ul>\n","protected":false},"featured_media":1931,"comment_status":"open","ping_status":"closed","template":"","meta":[],"product_brand":[],"product_cat":[404],"product_tag":[],"class_list":{"0":"post-1930","1":"product","2":"type-product","3":"status-publish","4":"has-post-thumbnail","6":"product_cat-moulinet-debrayable","8":"first","9":"instock","10":"shipping-taxable","11":"purchasable","12":"product-type-variable"},"yoast_head":"<!-- This site is optimized with the Yoast SEO plugin v27.3 - https:\/\/yoast.com\/product\/yoast-seo-wordpress\/ -->\n<title>Moulinet Mitchell TKN3000-6000 \u2013 D\u00e9brayable<\/title>\n<meta name=\"description\" content=\"Acheter votre Moulinet d\u00e9brayable Mitchell, 4 versions disponibles. Moulinet carpe Mitchell avec double frein de qualit\u00e9 sup\u00e9rieure\" \/>\n<meta name=\"robots\" content=\"index, follow, max-snippet:-1, max-image-preview:large, max-video-preview:-1\" \/>\n<link rel=\"canonical\" href=\"https:\/\/www.aiguiller.com\/blog\/product\/moulinet-debrayable-mitchell-tkn3000-6000-carpe-mer\/\" \/>\n<meta property=\"og:locale\" content=\"fr_FR\" \/>\n<meta property=\"og:type\" content=\"article\" \/>\n<meta property=\"og:title\" content=\"Moulinet Mitchell TKN3000-6000 \u2013 D\u00e9brayable\" \/>\n<meta property=\"og:description\" content=\"Acheter votre Moulinet d\u00e9brayable Mitchell, 4 versions disponibles. Moulinet carpe Mitchell avec double frein de qualit\u00e9 sup\u00e9rieure\" \/>\n<meta property=\"og:url\" content=\"https:\/\/www.aiguiller.com\/blog\/product\/moulinet-debrayable-mitchell-tkn3000-6000-carpe-mer\/\" \/>\n<meta property=\"og:site_name\" content=\"Articles de p\u00eache pas cher: aiguiller.com\" \/>\n<meta property=\"article:publisher\" content=\"https:\/\/www.facebook.com\/people\/Les-nouvelles-du-pcheur\/100071000092723\/\" \/>\n<meta property=\"article:modified_time\" content=\"2025-07-23T08:27:39+00:00\" \/>\n<meta property=\"og:image\" content=\"https:\/\/ae01.alicdn.com\/kf\/S80dd652a34694f45b17585be91caabbaD.png\" \/>\n\t<meta property=\"og:image:width\" content=\"800\" \/>\n\t<meta property=\"og:image:height\" content=\"800\" \/>\n\t<meta property=\"og:image:type\" content=\"image\/png\" \/>\n<meta name=\"twitter:card\" content=\"summary_large_image\" \/>\n<meta name=\"twitter:label1\" content=\"Dur\u00e9e de lecture estim\u00e9e\" \/>\n\t<meta name=\"twitter:data1\" content=\"2 minutes\" \/>\n<script type=\"application\/ld+json\" class=\"yoast-schema-graph\">{\"@context\":\"https:\\\/\\\/schema.org\",\"@graph\":[{\"@type\":\"WebPage\",\"@id\":\"https:\\\/\\\/www.aiguiller.com\\\/blog\\\/product\\\/moulinet-debrayable-mitchell-tkn3000-6000-carpe-mer\\\/\",\"url\":\"https:\\\/\\\/www.aiguiller.com\\\/blog\\\/product\\\/moulinet-debrayable-mitchell-tkn3000-6000-carpe-mer\\\/\",\"name\":\"Moulinet Mitchell TKN3000-6000 \u2013 D\u00e9brayable\",\"isPartOf\":{\"@id\":\"https:\\\/\\\/www.aiguiller.com\\\/blog\\\/#website\"},\"primaryImageOfPage\":{\"@id\":\"https:\\\/\\\/www.aiguiller.com\\\/blog\\\/product\\\/moulinet-debrayable-mitchell-tkn3000-6000-carpe-mer\\\/#primaryimage\"},\"image\":{\"@id\":\"https:\\\/\\\/www.aiguiller.com\\\/blog\\\/product\\\/moulinet-debrayable-mitchell-tkn3000-6000-carpe-mer\\\/#primaryimage\"},\"thumbnailUrl\":\"https:\\\/\\\/ae01.alicdn.com\\\/kf\\\/S80dd652a34694f45b17585be91caabbaD.png\",\"datePublished\":\"2025-07-23T08:11:31+00:00\",\"dateModified\":\"2025-07-23T08:27:39+00:00\",\"description\":\"Acheter votre Moulinet d\u00e9brayable Mitchell, 4 versions disponibles. Moulinet carpe Mitchell avec double frein de qualit\u00e9 sup\u00e9rieure\",\"breadcrumb\":{\"@id\":\"https:\\\/\\\/www.aiguiller.com\\\/blog\\\/product\\\/moulinet-debrayable-mitchell-tkn3000-6000-carpe-mer\\\/#breadcrumb\"},\"inLanguage\":\"fr-FR\",\"potentialAction\":[{\"@type\":\"ReadAction\",\"target\":[\"https:\\\/\\\/www.aiguiller.com\\\/blog\\\/product\\\/moulinet-debrayable-mitchell-tkn3000-6000-carpe-mer\\\/\"]}]},{\"@type\":\"ImageObject\",\"inLanguage\":\"fr-FR\",\"@id\":\"https:\\\/\\\/www.aiguiller.com\\\/blog\\\/product\\\/moulinet-debrayable-mitchell-tkn3000-6000-carpe-mer\\\/#primaryimage\",\"url\":\"https:\\\/\\\/ae01.alicdn.com\\\/kf\\\/S80dd652a34694f45b17585be91caabbaD.png\",\"contentUrl\":\"https:\\\/\\\/ae01.alicdn.com\\\/kf\\\/S80dd652a34694f45b17585be91caabbaD.png\",\"width\":800,\"height\":800,\"caption\":\"Moulinet Mitchell TKN3000-6000 \u2013 D\u00e9brayable 1\"},{\"@type\":\"BreadcrumbList\",\"@id\":\"https:\\\/\\\/www.aiguiller.com\\\/blog\\\/product\\\/moulinet-debrayable-mitchell-tkn3000-6000-carpe-mer\\\/#breadcrumb\",\"itemListElement\":[{\"@type\":\"ListItem\",\"position\":1,\"name\":\"Accueil\",\"item\":\"https:\\\/\\\/www.aiguiller.com\\\/blog\\\/\"},{\"@type\":\"ListItem\",\"position\":2,\"name\":\"Boutique d&#8217;articles de p\u00eache\",\"item\":\"https:\\\/\\\/www.aiguiller.com\\\/blog\\\/shop\\\/\"},{\"@type\":\"ListItem\",\"position\":3,\"name\":\"Moulinet Mitchell TKN3000-6000 \u2013 D\u00e9brayable\"}]},{\"@type\":\"WebSite\",\"@id\":\"https:\\\/\\\/www.aiguiller.com\\\/blog\\\/#website\",\"url\":\"https:\\\/\\\/www.aiguiller.com\\\/blog\\\/\",\"name\":\"Articles de p\u00eache pas cher: aiguiller.com\",\"description\":\"Mat\u00e9riel de p\u00eache \u00e0 bas prix\",\"publisher\":{\"@id\":\"https:\\\/\\\/www.aiguiller.com\\\/blog\\\/#organization\"},\"potentialAction\":[{\"@type\":\"SearchAction\",\"target\":{\"@type\":\"EntryPoint\",\"urlTemplate\":\"https:\\\/\\\/www.aiguiller.com\\\/blog\\\/?s={search_term_string}\"},\"query-input\":{\"@type\":\"PropertyValueSpecification\",\"valueRequired\":true,\"valueName\":\"search_term_string\"}}],\"inLanguage\":\"fr-FR\"},{\"@type\":\"Organization\",\"@id\":\"https:\\\/\\\/www.aiguiller.com\\\/blog\\\/#organization\",\"name\":\"Articles de p\u00eache pas cher: aiguiller.com\",\"url\":\"https:\\\/\\\/www.aiguiller.com\\\/blog\\\/\",\"logo\":{\"@type\":\"ImageObject\",\"inLanguage\":\"fr-FR\",\"@id\":\"https:\\\/\\\/www.aiguiller.com\\\/blog\\\/#\\\/schema\\\/logo\\\/image\\\/\",\"url\":\"https:\\\/\\\/www.aiguiller.com\\\/blog\\\/wp-content\\\/uploads\\\/2025\\\/07\\\/boutique-gilet-de-peche.png\",\"contentUrl\":\"https:\\\/\\\/www.aiguiller.com\\\/blog\\\/wp-content\\\/uploads\\\/2025\\\/07\\\/boutique-gilet-de-peche.png\",\"width\":395,\"height\":310,\"caption\":\"Articles de p\u00eache pas cher: aiguiller.com\"},\"image\":{\"@id\":\"https:\\\/\\\/www.aiguiller.com\\\/blog\\\/#\\\/schema\\\/logo\\\/image\\\/\"},\"sameAs\":[\"https:\\\/\\\/www.facebook.com\\\/people\\\/Les-nouvelles-du-pcheur\\\/100071000092723\\\/\"]}]}<\/script>\n<!-- \/ Yoast SEO plugin. -->","yoast_head_json":{"title":"Moulinet Mitchell TKN3000-6000 \u2013 D\u00e9brayable","description":"Acheter votre Moulinet d\u00e9brayable Mitchell, 4 versions disponibles. Moulinet carpe Mitchell avec double frein de qualit\u00e9 sup\u00e9rieure","robots":{"index":"index","follow":"follow","max-snippet":"max-snippet:-1","max-image-preview":"max-image-preview:large","max-video-preview":"max-video-preview:-1"},"canonical":"https:\/\/www.aiguiller.com\/blog\/product\/moulinet-debrayable-mitchell-tkn3000-6000-carpe-mer\/","og_locale":"fr_FR","og_type":"article","og_title":"Moulinet Mitchell TKN3000-6000 \u2013 D\u00e9brayable","og_description":"Acheter votre Moulinet d\u00e9brayable Mitchell, 4 versions disponibles. Moulinet carpe Mitchell avec double frein de qualit\u00e9 sup\u00e9rieure","og_url":"https:\/\/www.aiguiller.com\/blog\/product\/moulinet-debrayable-mitchell-tkn3000-6000-carpe-mer\/","og_site_name":"Articles de p\u00eache pas cher: aiguiller.com","article_publisher":"https:\/\/www.facebook.com\/people\/Les-nouvelles-du-pcheur\/100071000092723\/","article_modified_time":"2025-07-23T08:27:39+00:00","og_image":[{"width":800,"height":800,"url":"https:\/\/ae01.alicdn.com\/kf\/S80dd652a34694f45b17585be91caabbaD.png","type":"image\/png"}],"twitter_card":"summary_large_image","twitter_misc":{"Dur\u00e9e de lecture estim\u00e9e":"2 minutes"},"schema":{"@context":"https:\/\/schema.org","@graph":[{"@type":"WebPage","@id":"https:\/\/www.aiguiller.com\/blog\/product\/moulinet-debrayable-mitchell-tkn3000-6000-carpe-mer\/","url":"https:\/\/www.aiguiller.com\/blog\/product\/moulinet-debrayable-mitchell-tkn3000-6000-carpe-mer\/","name":"Moulinet Mitchell TKN3000-6000 \u2013 D\u00e9brayable","isPartOf":{"@id":"https:\/\/www.aiguiller.com\/blog\/#website"},"primaryImageOfPage":{"@id":"https:\/\/www.aiguiller.com\/blog\/product\/moulinet-debrayable-mitchell-tkn3000-6000-carpe-mer\/#primaryimage"},"image":{"@id":"https:\/\/www.aiguiller.com\/blog\/product\/moulinet-debrayable-mitchell-tkn3000-6000-carpe-mer\/#primaryimage"},"thumbnailUrl":"https:\/\/ae01.alicdn.com\/kf\/S80dd652a34694f45b17585be91caabbaD.png","datePublished":"2025-07-23T08:11:31+00:00","dateModified":"2025-07-23T08:27:39+00:00","description":"Acheter votre Moulinet d\u00e9brayable Mitchell, 4 versions disponibles. Moulinet carpe Mitchell avec double frein de qualit\u00e9 sup\u00e9rieure","breadcrumb":{"@id":"https:\/\/www.aiguiller.com\/blog\/product\/moulinet-debrayable-mitchell-tkn3000-6000-carpe-mer\/#breadcrumb"},"inLanguage":"fr-FR","potentialAction":[{"@type":"ReadAction","target":["https:\/\/www.aiguiller.com\/blog\/product\/moulinet-debrayable-mitchell-tkn3000-6000-carpe-mer\/"]}]},{"@type":"ImageObject","inLanguage":"fr-FR","@id":"https:\/\/www.aiguiller.com\/blog\/product\/moulinet-debrayable-mitchell-tkn3000-6000-carpe-mer\/#primaryimage","url":"https:\/\/ae01.alicdn.com\/kf\/S80dd652a34694f45b17585be91caabbaD.png","contentUrl":"https:\/\/ae01.alicdn.com\/kf\/S80dd652a34694f45b17585be91caabbaD.png","width":800,"height":800,"caption":"Moulinet Mitchell TKN3000-6000 \u2013 D\u00e9brayable 1"},{"@type":"BreadcrumbList","@id":"https:\/\/www.aiguiller.com\/blog\/product\/moulinet-debrayable-mitchell-tkn3000-6000-carpe-mer\/#breadcrumb","itemListElement":[{"@type":"ListItem","position":1,"name":"Accueil","item":"https:\/\/www.aiguiller.com\/blog\/"},{"@type":"ListItem","position":2,"name":"Boutique d&#8217;articles de p\u00eache","item":"https:\/\/www.aiguiller.com\/blog\/shop\/"},{"@type":"ListItem","position":3,"name":"Moulinet Mitchell TKN3000-6000 \u2013 D\u00e9brayable"}]},{"@type":"WebSite","@id":"https:\/\/www.aiguiller.com\/blog\/#website","url":"https:\/\/www.aiguiller.com\/blog\/","name":"Articles de p\u00eache pas cher: aiguiller.com","description":"Mat\u00e9riel de p\u00eache \u00e0 bas prix","publisher":{"@id":"https:\/\/www.aiguiller.com\/blog\/#organization"},"potentialAction":[{"@type":"SearchAction","target":{"@type":"EntryPoint","urlTemplate":"https:\/\/www.aiguiller.com\/blog\/?s={search_term_string}"},"query-input":{"@type":"PropertyValueSpecification","valueRequired":true,"valueName":"search_term_string"}}],"inLanguage":"fr-FR"},{"@type":"Organization","@id":"https:\/\/www.aiguiller.com\/blog\/#organization","name":"Articles de p\u00eache pas cher: aiguiller.com","url":"https:\/\/www.aiguiller.com\/blog\/","logo":{"@type":"ImageObject","inLanguage":"fr-FR","@id":"https:\/\/www.aiguiller.com\/blog\/#\/schema\/logo\/image\/","url":"https:\/\/www.aiguiller.com\/blog\/wp-content\/uploads\/2025\/07\/boutique-gilet-de-peche.png","contentUrl":"https:\/\/www.aiguiller.com\/blog\/wp-content\/uploads\/2025\/07\/boutique-gilet-de-peche.png","width":395,"height":310,"caption":"Articles de p\u00eache pas cher: aiguiller.com"},"image":{"@id":"https:\/\/www.aiguiller.com\/blog\/#\/schema\/logo\/image\/"},"sameAs":["https:\/\/www.facebook.com\/people\/Les-nouvelles-du-pcheur\/100071000092723\/"]}]}},"_links":{"self":[{"href":"https:\/\/www.aiguiller.com\/blog\/wp-json\/wp\/v2\/product\/1930","targetHints":{"allow":["GET"]}}],"collection":[{"href":"https:\/\/www.aiguiller.com\/blog\/wp-json\/wp\/v2\/product"}],"about":[{"href":"https:\/\/www.aiguiller.com\/blog\/wp-json\/wp\/v2\/types\/product"}],"replies":[{"embeddable":true,"href":"https:\/\/www.aiguiller.com\/blog\/wp-json\/wp\/v2\/comments?post=1930"}],"wp:featuredmedia":[{"embeddable":true,"href":"https:\/\/www.aiguiller.com\/blog\/wp-json\/wp\/v2\/media\/1931"}],"wp:attachment":[{"href":"https:\/\/www.aiguiller.com\/blog\/wp-json\/wp\/v2\/media?parent=1930"}],"wp:term":[{"taxonomy":"product_brand","embeddable":true,"href":"https:\/\/www.aiguiller.com\/blog\/wp-json\/wp\/v2\/product_brand?post=1930"},{"taxonomy":"product_cat","embeddable":true,"href":"https:\/\/www.aiguiller.com\/blog\/wp-json\/wp\/v2\/product_cat?post=1930"},{"taxonomy":"product_tag","embeddable":true,"href":"https:\/\/www.aiguiller.com\/blog\/wp-json\/wp\/v2\/product_tag?post=1930"}],"curies":[{"name":"wp","href":"https:\/\/api.w.org\/{rel}","templated":true}]}}