{"id":1620,"date":"2025-07-19T14:32:33","date_gmt":"2025-07-19T13:32:33","guid":{"rendered":"https:\/\/www.aiguiller.com\/blog\/?post_type=product&#038;p=1620"},"modified":"2025-07-20T17:45:13","modified_gmt":"2025-07-20T16:45:13","slug":"cuillere-peche-truite","status":"publish","type":"product","link":"https:\/\/www.aiguiller.com\/blog\/product\/cuillere-peche-truite\/","title":{"rendered":"Cuill\u00e8re de p\u00eache \u00e0 la truite N\u00b02 diff\u00e9rents coloris"},"content":{"rendered":"<h2 data-start=\"165\" data-end=\"306\">\ud83c\udfa3 Cuill\u00e8re de P\u00eache \u00e0 la Truite \u2013 Leurre M\u00e9tallique Polyvalent avec Hame\u00e7on Triple | Taille n\u00b02 | Eau Douce &amp; Sal\u00e9e | Compact et Efficace<\/h2>\n<p data-start=\"308\" data-end=\"665\">Offrez-vous des parties de p\u00eache r\u00e9ussies avec cette <strong data-start=\"361\" data-end=\"394\">cuill\u00e8re de p\u00eache \u00e0 la truite<\/strong>, con\u00e7ue pour s\u00e9duire aussi bien les truites que d\u2019autres carnassiers comme le brochet, le saumon ou le bar. Gr\u00e2ce \u00e0 son <strong data-start=\"515\" data-end=\"544\">design m\u00e9tallique vibrant<\/strong>, elle imite \u00e0 la perfection les reflets d\u2019un poisson-app\u00e2t, d\u00e9clenchant l\u2019attaque des pr\u00e9dateurs m\u00eame les plus m\u00e9fiants.<\/p>\n<p data-start=\"667\" data-end=\"823\">Polyvalente et facile \u00e0 transporter, cette cuill\u00e8re est un <strong data-start=\"726\" data-end=\"772\">indispensable pour les p\u00eacheurs itin\u00e9rants<\/strong>, qu\u2019ils pratiquent en lac, rivi\u00e8re ou bord de mer.<\/p>\n<hr data-start=\"825\" data-end=\"828\" \/>\n<h3 data-start=\"830\" data-end=\"866\">\ud83d\udd0d Caract\u00e9ristiques techniques :<\/h3>\n<ul data-start=\"868\" data-end=\"1267\">\n<li data-start=\"868\" data-end=\"915\">\n<p data-start=\"870\" data-end=\"915\"><strong data-start=\"870\" data-end=\"881\">Produit<\/strong> : Cuill\u00e8re de p\u00eache \u00e0 la truite<\/p>\n<\/li>\n<li data-start=\"916\" data-end=\"936\">\n<p data-start=\"918\" data-end=\"936\"><strong data-start=\"918\" data-end=\"928\">Taille<\/strong> : N\u00b02<\/p>\n<\/li>\n<li data-start=\"937\" data-end=\"981\">\n<p data-start=\"939\" data-end=\"981\"><strong data-start=\"939\" data-end=\"954\">Utilisation<\/strong> : Eau douce et eau sal\u00e9e<\/p>\n<\/li>\n<li data-start=\"982\" data-end=\"1040\">\n<p data-start=\"984\" data-end=\"1040\"><strong data-start=\"984\" data-end=\"998\">Cibl\u00e9 pour<\/strong> : Truite, brochet, bar, walleye, saumon<\/p>\n<\/li>\n<li data-start=\"1041\" data-end=\"1118\">\n<p data-start=\"1043\" data-end=\"1118\"><strong data-start=\"1043\" data-end=\"1055\">Hame\u00e7ons<\/strong> : Triples, ultra-pointus, avec manchon d\u2019attracteur lumineux<\/p>\n<\/li>\n<li data-start=\"1119\" data-end=\"1180\">\n<p data-start=\"1121\" data-end=\"1180\"><strong data-start=\"1121\" data-end=\"1140\">Conditionnement<\/strong> : Bo\u00eete de rangement compacte incluse<\/p>\n<\/li>\n<li data-start=\"1181\" data-end=\"1267\">\n<p data-start=\"1183\" data-end=\"1267\"><strong data-start=\"1183\" data-end=\"1195\">Couleurs<\/strong> : Assortiment de teintes vives et naturelles pour toutes les conditions<\/p>\n<\/li>\n<\/ul>\n<hr data-start=\"1269\" data-end=\"1272\" \/>\n<h3 data-start=\"1274\" data-end=\"1296\">\u2705 Avantages cl\u00e9s :<\/h3>\n<ul data-start=\"1298\" data-end=\"1805\">\n<li data-start=\"1298\" data-end=\"1373\">\n<p data-start=\"1300\" data-end=\"1373\">\ud83d\udc1f <strong data-start=\"1303\" data-end=\"1335\">Ultra efficace sur la truite<\/strong>, m\u00eame en p\u00e9riode de faible activit\u00e9<\/p>\n<\/li>\n<li data-start=\"1374\" data-end=\"1462\">\n<p data-start=\"1376\" data-end=\"1462\">\ud83c\udf0a <strong data-start=\"1379\" data-end=\"1395\">Double usage<\/strong> : fonctionne aussi bien en rivi\u00e8re, \u00e9tang, lac qu\u2019en bord de mer<\/p>\n<\/li>\n<li data-start=\"1463\" data-end=\"1554\">\n<p data-start=\"1465\" data-end=\"1554\">\ud83d\udca5 <strong data-start=\"1468\" data-end=\"1510\">Hame\u00e7on triple ac\u00e9r\u00e9 avec manchon fluo<\/strong> : visibilit\u00e9 accrue et ferrage instantan\u00e9<\/p>\n<\/li>\n<li data-start=\"1555\" data-end=\"1628\">\n<p data-start=\"1557\" data-end=\"1628\">\ud83c\udfaf <strong data-start=\"1560\" data-end=\"1590\">Action de nage irr\u00e9guli\u00e8re<\/strong> qui d\u00e9clenche les attaques r\u00e9flexes<\/p>\n<\/li>\n<li data-start=\"1629\" data-end=\"1711\">\n<p data-start=\"1631\" data-end=\"1711\">\ud83e\uddf3 <strong data-start=\"1634\" data-end=\"1660\">Bo\u00eete compacte fournie<\/strong>, id\u00e9ale pour les sessions rapides ou les voyages<\/p>\n<\/li>\n<li data-start=\"1712\" data-end=\"1805\">\n<p data-start=\"1714\" data-end=\"1805\">\ud83c\udfa8 <strong data-start=\"1717\" data-end=\"1735\">Coloris vari\u00e9s<\/strong> pour s\u2019adapter \u00e0 la m\u00e9t\u00e9o, \u00e0 la luminosit\u00e9 et \u00e0 la turbidit\u00e9 de l\u2019eau<\/p>\n<\/li>\n<\/ul>\n","protected":false},"excerpt":{"rendered":"<p data-start=\"175\" data-end=\"228\" data-is-last-node=\"\">\n<ul>\n<li style=\"list-style-type: none;\">\n<ul>\n<li data-start=\"61\" data-end=\"120\">\n<p data-start=\"63\" data-end=\"120\"><strong>\ud83c\udfa3 Leurre Spinnerbait polyvalent pour plusieurs esp\u00e8ces<\/strong><\/p>\n<\/li>\n<li data-start=\"121\" data-end=\"172\">\n<p data-start=\"123\" data-end=\"172\"><strong>\u2699\ufe0f App\u00e2ts en m\u00e9tal dur pour une action efficace<\/strong><\/p>\n<\/li>\n<li data-start=\"173\" data-end=\"228\" data-is-last-node=\"\">\n<p data-start=\"175\" data-end=\"228\" data-is-last-node=\"\"><strong>\ud83d\udc1f Id\u00e9al pour la p\u00eache du bar, truite, saumon<\/strong><\/p>\n<\/li>\n<\/ul>\n<\/li>\n<\/ul>\n","protected":false},"featured_media":1621,"comment_status":"open","ping_status":"closed","template":"","meta":[],"product_brand":[],"product_cat":[29],"product_tag":[],"class_list":{"0":"post-1620","1":"product","2":"type-product","3":"status-publish","4":"has-post-thumbnail","6":"product_cat-leurre-peche-pas-cher","7":"pa_taille-6g-no2","8":"pa_version-7-colors-set","9":"pa_version-blue-pink","10":"pa_version-blue-silver","11":"pa_version-gold","12":"pa_version-gold-blue","13":"pa_version-pink-white","14":"pa_version-red-spot-silver","15":"pa_version-silver","17":"first","18":"instock","19":"shipping-taxable","20":"purchasable","21":"product-type-variable"},"yoast_head":"<!-- This site is optimized with the Yoast SEO plugin v27.5 - https:\/\/yoast.com\/product\/yoast-seo-wordpress\/ -->\n<title>Cuill\u00e8re de p\u00eache \u00e0 la truite N\u00b02 diff\u00e9rents coloris<\/title>\n<meta name=\"description\" content=\"Cuill\u00e8re de p\u00eache \u00e0 la truite disponible en diff\u00e9rents coloris. Leurre rotatif pour p\u00eache \u00e0 la truite. Mod\u00e8le N\u00b02 un classique pour la truite\" \/>\n<meta name=\"robots\" content=\"index, follow, max-snippet:-1, max-image-preview:large, max-video-preview:-1\" \/>\n<link rel=\"canonical\" href=\"https:\/\/www.aiguiller.com\/blog\/product\/cuillere-peche-truite\/\" \/>\n<meta property=\"og:locale\" content=\"fr_FR\" \/>\n<meta property=\"og:type\" content=\"article\" \/>\n<meta property=\"og:title\" content=\"Cuill\u00e8re de p\u00eache \u00e0 la truite N\u00b02 diff\u00e9rents coloris\" \/>\n<meta property=\"og:description\" content=\"Cuill\u00e8re de p\u00eache \u00e0 la truite disponible en diff\u00e9rents coloris. Leurre rotatif pour p\u00eache \u00e0 la truite. Mod\u00e8le N\u00b02 un classique pour la truite\" \/>\n<meta property=\"og:url\" content=\"https:\/\/www.aiguiller.com\/blog\/product\/cuillere-peche-truite\/\" \/>\n<meta property=\"og:site_name\" content=\"Articles de p\u00eache pas cher: aiguiller.com\" \/>\n<meta property=\"article:publisher\" content=\"https:\/\/www.facebook.com\/people\/Les-nouvelles-du-pcheur\/100071000092723\/\" \/>\n<meta property=\"article:modified_time\" content=\"2025-07-20T16:45:13+00:00\" \/>\n<meta property=\"og:image\" content=\"https:\/\/ae01.alicdn.com\/kf\/S53b08cf02f694d0c955be118bce350aaP\/Leurre-de-p-che-Spinnerbait-app-ts-Spinner-en-m-tal-dur-pour-bar-truite-saumon.jpg\" \/>\n\t<meta property=\"og:image:width\" content=\"800\" \/>\n\t<meta property=\"og:image:height\" content=\"800\" \/>\n\t<meta property=\"og:image:type\" content=\"image\/jpeg\" \/>\n<meta name=\"twitter:card\" content=\"summary_large_image\" \/>\n<meta name=\"twitter:label1\" content=\"Dur\u00e9e de lecture estim\u00e9e\" \/>\n\t<meta name=\"twitter:data1\" content=\"2 minutes\" \/>\n<script type=\"application\/ld+json\" class=\"yoast-schema-graph\">{\"@context\":\"https:\\\/\\\/schema.org\",\"@graph\":[{\"@type\":\"WebPage\",\"@id\":\"https:\\\/\\\/www.aiguiller.com\\\/blog\\\/product\\\/cuillere-peche-truite\\\/\",\"url\":\"https:\\\/\\\/www.aiguiller.com\\\/blog\\\/product\\\/cuillere-peche-truite\\\/\",\"name\":\"Cuill\u00e8re de p\u00eache \u00e0 la truite N\u00b02 diff\u00e9rents coloris\",\"isPartOf\":{\"@id\":\"https:\\\/\\\/www.aiguiller.com\\\/blog\\\/#website\"},\"primaryImageOfPage\":{\"@id\":\"https:\\\/\\\/www.aiguiller.com\\\/blog\\\/product\\\/cuillere-peche-truite\\\/#primaryimage\"},\"image\":{\"@id\":\"https:\\\/\\\/www.aiguiller.com\\\/blog\\\/product\\\/cuillere-peche-truite\\\/#primaryimage\"},\"thumbnailUrl\":\"https:\\\/\\\/ae01.alicdn.com\\\/kf\\\/S53b08cf02f694d0c955be118bce350aaP\\\/Leurre-de-p-che-Spinnerbait-app-ts-Spinner-en-m-tal-dur-pour-bar-truite-saumon.jpg\",\"datePublished\":\"2025-07-19T13:32:33+00:00\",\"dateModified\":\"2025-07-20T16:45:13+00:00\",\"description\":\"Cuill\u00e8re de p\u00eache \u00e0 la truite disponible en diff\u00e9rents coloris. Leurre rotatif pour p\u00eache \u00e0 la truite. Mod\u00e8le N\u00b02 un classique pour la truite\",\"breadcrumb\":{\"@id\":\"https:\\\/\\\/www.aiguiller.com\\\/blog\\\/product\\\/cuillere-peche-truite\\\/#breadcrumb\"},\"inLanguage\":\"fr-FR\",\"potentialAction\":[{\"@type\":\"ReadAction\",\"target\":[\"https:\\\/\\\/www.aiguiller.com\\\/blog\\\/product\\\/cuillere-peche-truite\\\/\"]}]},{\"@type\":\"ImageObject\",\"inLanguage\":\"fr-FR\",\"@id\":\"https:\\\/\\\/www.aiguiller.com\\\/blog\\\/product\\\/cuillere-peche-truite\\\/#primaryimage\",\"url\":\"https:\\\/\\\/ae01.alicdn.com\\\/kf\\\/S53b08cf02f694d0c955be118bce350aaP\\\/Leurre-de-p-che-Spinnerbait-app-ts-Spinner-en-m-tal-dur-pour-bar-truite-saumon.jpg\",\"contentUrl\":\"https:\\\/\\\/ae01.alicdn.com\\\/kf\\\/S53b08cf02f694d0c955be118bce350aaP\\\/Leurre-de-p-che-Spinnerbait-app-ts-Spinner-en-m-tal-dur-pour-bar-truite-saumon.jpg\",\"width\":800,\"height\":800,\"caption\":\"Leurre de p\u00eache Spinnerbait, app\u00e2ts Spinner en m\u00e9tal dur pour bar, truite, saumon, pour bar, dor\u00e9, truite, app\u00e2ts Spinner en ligne 1\"},{\"@type\":\"BreadcrumbList\",\"@id\":\"https:\\\/\\\/www.aiguiller.com\\\/blog\\\/product\\\/cuillere-peche-truite\\\/#breadcrumb\",\"itemListElement\":[{\"@type\":\"ListItem\",\"position\":1,\"name\":\"Accueil\",\"item\":\"https:\\\/\\\/www.aiguiller.com\\\/blog\\\/\"},{\"@type\":\"ListItem\",\"position\":2,\"name\":\"Boutique d&#8217;articles de p\u00eache\",\"item\":\"https:\\\/\\\/www.aiguiller.com\\\/blog\\\/shop\\\/\"},{\"@type\":\"ListItem\",\"position\":3,\"name\":\"Cuill\u00e8re de p\u00eache \u00e0 la truite N\u00b02 diff\u00e9rents coloris\"}]},{\"@type\":\"WebSite\",\"@id\":\"https:\\\/\\\/www.aiguiller.com\\\/blog\\\/#website\",\"url\":\"https:\\\/\\\/www.aiguiller.com\\\/blog\\\/\",\"name\":\"Articles de p\u00eache pas cher: aiguiller.com\",\"description\":\"Mat\u00e9riel de p\u00eache \u00e0 bas prix\",\"publisher\":{\"@id\":\"https:\\\/\\\/www.aiguiller.com\\\/blog\\\/#organization\"},\"potentialAction\":[{\"@type\":\"SearchAction\",\"target\":{\"@type\":\"EntryPoint\",\"urlTemplate\":\"https:\\\/\\\/www.aiguiller.com\\\/blog\\\/?s={search_term_string}\"},\"query-input\":{\"@type\":\"PropertyValueSpecification\",\"valueRequired\":true,\"valueName\":\"search_term_string\"}}],\"inLanguage\":\"fr-FR\"},{\"@type\":\"Organization\",\"@id\":\"https:\\\/\\\/www.aiguiller.com\\\/blog\\\/#organization\",\"name\":\"Articles de p\u00eache pas cher: aiguiller.com\",\"url\":\"https:\\\/\\\/www.aiguiller.com\\\/blog\\\/\",\"logo\":{\"@type\":\"ImageObject\",\"inLanguage\":\"fr-FR\",\"@id\":\"https:\\\/\\\/www.aiguiller.com\\\/blog\\\/#\\\/schema\\\/logo\\\/image\\\/\",\"url\":\"https:\\\/\\\/www.aiguiller.com\\\/blog\\\/wp-content\\\/uploads\\\/2025\\\/07\\\/boutique-gilet-de-peche.png\",\"contentUrl\":\"https:\\\/\\\/www.aiguiller.com\\\/blog\\\/wp-content\\\/uploads\\\/2025\\\/07\\\/boutique-gilet-de-peche.png\",\"width\":395,\"height\":310,\"caption\":\"Articles de p\u00eache pas cher: aiguiller.com\"},\"image\":{\"@id\":\"https:\\\/\\\/www.aiguiller.com\\\/blog\\\/#\\\/schema\\\/logo\\\/image\\\/\"},\"sameAs\":[\"https:\\\/\\\/www.facebook.com\\\/people\\\/Les-nouvelles-du-pcheur\\\/100071000092723\\\/\"]}]}<\/script>\n<!-- \/ Yoast SEO plugin. -->","yoast_head_json":{"title":"Cuill\u00e8re de p\u00eache \u00e0 la truite N\u00b02 diff\u00e9rents coloris","description":"Cuill\u00e8re de p\u00eache \u00e0 la truite disponible en diff\u00e9rents coloris. Leurre rotatif pour p\u00eache \u00e0 la truite. Mod\u00e8le N\u00b02 un classique pour la truite","robots":{"index":"index","follow":"follow","max-snippet":"max-snippet:-1","max-image-preview":"max-image-preview:large","max-video-preview":"max-video-preview:-1"},"canonical":"https:\/\/www.aiguiller.com\/blog\/product\/cuillere-peche-truite\/","og_locale":"fr_FR","og_type":"article","og_title":"Cuill\u00e8re de p\u00eache \u00e0 la truite N\u00b02 diff\u00e9rents coloris","og_description":"Cuill\u00e8re de p\u00eache \u00e0 la truite disponible en diff\u00e9rents coloris. Leurre rotatif pour p\u00eache \u00e0 la truite. Mod\u00e8le N\u00b02 un classique pour la truite","og_url":"https:\/\/www.aiguiller.com\/blog\/product\/cuillere-peche-truite\/","og_site_name":"Articles de p\u00eache pas cher: aiguiller.com","article_publisher":"https:\/\/www.facebook.com\/people\/Les-nouvelles-du-pcheur\/100071000092723\/","article_modified_time":"2025-07-20T16:45:13+00:00","og_image":[{"width":800,"height":800,"url":"https:\/\/ae01.alicdn.com\/kf\/S53b08cf02f694d0c955be118bce350aaP\/Leurre-de-p-che-Spinnerbait-app-ts-Spinner-en-m-tal-dur-pour-bar-truite-saumon.jpg","type":"image\/jpeg"}],"twitter_card":"summary_large_image","twitter_misc":{"Dur\u00e9e de lecture estim\u00e9e":"2 minutes"},"schema":{"@context":"https:\/\/schema.org","@graph":[{"@type":"WebPage","@id":"https:\/\/www.aiguiller.com\/blog\/product\/cuillere-peche-truite\/","url":"https:\/\/www.aiguiller.com\/blog\/product\/cuillere-peche-truite\/","name":"Cuill\u00e8re de p\u00eache \u00e0 la truite N\u00b02 diff\u00e9rents coloris","isPartOf":{"@id":"https:\/\/www.aiguiller.com\/blog\/#website"},"primaryImageOfPage":{"@id":"https:\/\/www.aiguiller.com\/blog\/product\/cuillere-peche-truite\/#primaryimage"},"image":{"@id":"https:\/\/www.aiguiller.com\/blog\/product\/cuillere-peche-truite\/#primaryimage"},"thumbnailUrl":"https:\/\/ae01.alicdn.com\/kf\/S53b08cf02f694d0c955be118bce350aaP\/Leurre-de-p-che-Spinnerbait-app-ts-Spinner-en-m-tal-dur-pour-bar-truite-saumon.jpg","datePublished":"2025-07-19T13:32:33+00:00","dateModified":"2025-07-20T16:45:13+00:00","description":"Cuill\u00e8re de p\u00eache \u00e0 la truite disponible en diff\u00e9rents coloris. Leurre rotatif pour p\u00eache \u00e0 la truite. Mod\u00e8le N\u00b02 un classique pour la truite","breadcrumb":{"@id":"https:\/\/www.aiguiller.com\/blog\/product\/cuillere-peche-truite\/#breadcrumb"},"inLanguage":"fr-FR","potentialAction":[{"@type":"ReadAction","target":["https:\/\/www.aiguiller.com\/blog\/product\/cuillere-peche-truite\/"]}]},{"@type":"ImageObject","inLanguage":"fr-FR","@id":"https:\/\/www.aiguiller.com\/blog\/product\/cuillere-peche-truite\/#primaryimage","url":"https:\/\/ae01.alicdn.com\/kf\/S53b08cf02f694d0c955be118bce350aaP\/Leurre-de-p-che-Spinnerbait-app-ts-Spinner-en-m-tal-dur-pour-bar-truite-saumon.jpg","contentUrl":"https:\/\/ae01.alicdn.com\/kf\/S53b08cf02f694d0c955be118bce350aaP\/Leurre-de-p-che-Spinnerbait-app-ts-Spinner-en-m-tal-dur-pour-bar-truite-saumon.jpg","width":800,"height":800,"caption":"Leurre de p\u00eache Spinnerbait, app\u00e2ts Spinner en m\u00e9tal dur pour bar, truite, saumon, pour bar, dor\u00e9, truite, app\u00e2ts Spinner en ligne 1"},{"@type":"BreadcrumbList","@id":"https:\/\/www.aiguiller.com\/blog\/product\/cuillere-peche-truite\/#breadcrumb","itemListElement":[{"@type":"ListItem","position":1,"name":"Accueil","item":"https:\/\/www.aiguiller.com\/blog\/"},{"@type":"ListItem","position":2,"name":"Boutique d&#8217;articles de p\u00eache","item":"https:\/\/www.aiguiller.com\/blog\/shop\/"},{"@type":"ListItem","position":3,"name":"Cuill\u00e8re de p\u00eache \u00e0 la truite N\u00b02 diff\u00e9rents coloris"}]},{"@type":"WebSite","@id":"https:\/\/www.aiguiller.com\/blog\/#website","url":"https:\/\/www.aiguiller.com\/blog\/","name":"Articles de p\u00eache pas cher: aiguiller.com","description":"Mat\u00e9riel de p\u00eache \u00e0 bas prix","publisher":{"@id":"https:\/\/www.aiguiller.com\/blog\/#organization"},"potentialAction":[{"@type":"SearchAction","target":{"@type":"EntryPoint","urlTemplate":"https:\/\/www.aiguiller.com\/blog\/?s={search_term_string}"},"query-input":{"@type":"PropertyValueSpecification","valueRequired":true,"valueName":"search_term_string"}}],"inLanguage":"fr-FR"},{"@type":"Organization","@id":"https:\/\/www.aiguiller.com\/blog\/#organization","name":"Articles de p\u00eache pas cher: aiguiller.com","url":"https:\/\/www.aiguiller.com\/blog\/","logo":{"@type":"ImageObject","inLanguage":"fr-FR","@id":"https:\/\/www.aiguiller.com\/blog\/#\/schema\/logo\/image\/","url":"https:\/\/www.aiguiller.com\/blog\/wp-content\/uploads\/2025\/07\/boutique-gilet-de-peche.png","contentUrl":"https:\/\/www.aiguiller.com\/blog\/wp-content\/uploads\/2025\/07\/boutique-gilet-de-peche.png","width":395,"height":310,"caption":"Articles de p\u00eache pas cher: aiguiller.com"},"image":{"@id":"https:\/\/www.aiguiller.com\/blog\/#\/schema\/logo\/image\/"},"sameAs":["https:\/\/www.facebook.com\/people\/Les-nouvelles-du-pcheur\/100071000092723\/"]}]}},"_links":{"self":[{"href":"https:\/\/www.aiguiller.com\/blog\/wp-json\/wp\/v2\/product\/1620","targetHints":{"allow":["GET"]}}],"collection":[{"href":"https:\/\/www.aiguiller.com\/blog\/wp-json\/wp\/v2\/product"}],"about":[{"href":"https:\/\/www.aiguiller.com\/blog\/wp-json\/wp\/v2\/types\/product"}],"replies":[{"embeddable":true,"href":"https:\/\/www.aiguiller.com\/blog\/wp-json\/wp\/v2\/comments?post=1620"}],"wp:featuredmedia":[{"embeddable":true,"href":"https:\/\/www.aiguiller.com\/blog\/wp-json\/wp\/v2\/media\/1621"}],"wp:attachment":[{"href":"https:\/\/www.aiguiller.com\/blog\/wp-json\/wp\/v2\/media?parent=1620"}],"wp:term":[{"taxonomy":"product_brand","embeddable":true,"href":"https:\/\/www.aiguiller.com\/blog\/wp-json\/wp\/v2\/product_brand?post=1620"},{"taxonomy":"product_cat","embeddable":true,"href":"https:\/\/www.aiguiller.com\/blog\/wp-json\/wp\/v2\/product_cat?post=1620"},{"taxonomy":"product_tag","embeddable":true,"href":"https:\/\/www.aiguiller.com\/blog\/wp-json\/wp\/v2\/product_tag?post=1620"}],"curies":[{"name":"wp","href":"https:\/\/api.w.org\/{rel}","templated":true}]}}