{"id":1330,"date":"2025-07-18T08:34:57","date_gmt":"2025-07-18T07:34:57","guid":{"rendered":"https:\/\/www.aiguiller.com\/blog\/?post_type=product&#038;p=1330"},"modified":"2025-07-21T17:47:58","modified_gmt":"2025-07-21T16:47:58","slug":"canne-surfcasting-en-fibre-de-carbone-27-m-a-54-m","status":"publish","type":"product","link":"https:\/\/www.aiguiller.com\/blog\/product\/canne-surfcasting-en-fibre-de-carbone-27-m-a-54-m\/","title":{"rendered":"Canne surfcasting en fibre de carbone 2,7 m \u00e0 5,4 m"},"content":{"rendered":"<h1 data-start=\"239\" data-end=\"317\">\ud83c\udfa3 Canne Surfcasting T\u00e9lescopique en Carbone \u2013 Ultra Puissante, Ultra L\u00e9g\u00e8re<\/h1>\n<p data-start=\"319\" data-end=\"432\"><strong data-start=\"319\" data-end=\"432\">La canne id\u00e9ale pour les passionn\u00e9s de p\u00eache en bord de mer qui exigent performance, robustesse et pr\u00e9cision.<\/strong><\/p>\n<hr data-start=\"434\" data-end=\"437\" \/>\n<h2 data-start=\"439\" data-end=\"513\">\ud83c\udf0a Une canne surfcasting haut de gamme pour les lancers longue distance<\/h2>\n<p data-start=\"515\" data-end=\"811\">Con\u00e7ue pour les p\u00eacheurs exigeants, cette <strong data-start=\"557\" data-end=\"612\">canne t\u00e9lescopique en fibre de carbone 36T du Japon<\/strong> offre des performances de haut niveau, alliant l\u00e9g\u00e8ret\u00e9, puissance et robustesse. Elle est id\u00e9ale pour le surfcasting, une technique de p\u00eache en mer qui n\u00e9cessite des lancers \u00e0 tr\u00e8s longue distance.<\/p>\n<p data-start=\"813\" data-end=\"936\">Que vous soyez amateur ou professionnel, cette canne vous permettra d\u2019atteindre les bancs de poissons \u00e9loign\u00e9s sans effort.<\/p>\n<hr data-start=\"938\" data-end=\"941\" \/>\n<h2 data-start=\"943\" data-end=\"1008\">\ud83d\udd0d Caract\u00e9ristiques techniques de la canne \u00e0 p\u00eache surfcasting<\/h2>\n<ul data-start=\"1010\" data-end=\"1698\">\n<li data-start=\"1010\" data-end=\"1133\">\n<p data-start=\"1012\" data-end=\"1133\"><strong data-start=\"1012\" data-end=\"1042\">Longueur totale disponible<\/strong> : de 2,1 m \u00e0 5,4 m (2.1m \/ 2.4m \/ 2.7m \/ 3.0m \/ 3.3m \/ 3.6m \/ 3.9m \/ 4.2m \/ 4.5m \/ 5.4m)<\/p>\n<\/li>\n<li data-start=\"1134\" data-end=\"1201\">\n<p data-start=\"1136\" data-end=\"1201\"><strong data-start=\"1136\" data-end=\"1148\">Mat\u00e9riau<\/strong> : Fibre de carbone japonaise 36T haute performance<\/p>\n<\/li>\n<li data-start=\"1202\" data-end=\"1254\">\n<p data-start=\"1204\" data-end=\"1254\"><strong data-start=\"1204\" data-end=\"1223\">Poids du leurre<\/strong> : 30 g \u00e0 200 g (1 oz &#8211; 7 oz)<\/p>\n<\/li>\n<li data-start=\"1255\" data-end=\"1297\">\n<p data-start=\"1257\" data-end=\"1297\"><strong data-start=\"1257\" data-end=\"1279\">Puissance de ligne<\/strong> : 16 lb \u00e0 60 lb<\/p>\n<\/li>\n<li data-start=\"1298\" data-end=\"1373\">\n<p data-start=\"1300\" data-end=\"1373\"><strong data-start=\"1300\" data-end=\"1322\">Action de la canne<\/strong> : Extra Fast \u2013 d\u00e9tection instantan\u00e9e des touches<\/p>\n<\/li>\n<li data-start=\"1374\" data-end=\"1464\">\n<p data-start=\"1376\" data-end=\"1464\"><strong data-start=\"1376\" data-end=\"1389\">Puissance<\/strong> : XXH (extra extra heavy), super dure \u2013 jusqu\u2019\u00e0 50 kg de charge de p\u00eache<\/p>\n<\/li>\n<li data-start=\"1465\" data-end=\"1515\">\n<p data-start=\"1467\" data-end=\"1515\"><strong data-start=\"1467\" data-end=\"1489\">Nombre de sections<\/strong> : 5 \u00e0 8 selon la taille<\/p>\n<\/li>\n<li data-start=\"1516\" data-end=\"1587\">\n<p data-start=\"1518\" data-end=\"1587\"><strong data-start=\"1518\" data-end=\"1533\">Poids total<\/strong> : de 166 g \u00e0 509 g \u2013 ultra l\u00e9g\u00e8re pour sa cat\u00e9gorie<\/p>\n<\/li>\n<li data-start=\"1588\" data-end=\"1622\">\n<p data-start=\"1590\" data-end=\"1622\"><strong data-start=\"1590\" data-end=\"1611\">Diam\u00e8tre du scion<\/strong> : 2,1 mm<\/p>\n<\/li>\n<li data-start=\"1623\" data-end=\"1698\">\n<p data-start=\"1625\" data-end=\"1698\"><strong data-start=\"1625\" data-end=\"1639\">Conception<\/strong> : Tige t\u00e9lescopique ultra compacte, facile \u00e0 transporter<\/p>\n<\/li>\n<\/ul>\n<hr data-start=\"1700\" data-end=\"1703\" \/>\n<h2 data-start=\"1705\" data-end=\"1760\">\u2699\ufe0f Une canne t\u00e9lescopique pens\u00e9e pour la performance<\/h2>\n<h3 data-start=\"1762\" data-end=\"1790\">\u2705 Avantages principaux :<\/h3>\n<ul data-start=\"1791\" data-end=\"2232\">\n<li data-start=\"1791\" data-end=\"1876\">\n<p data-start=\"1793\" data-end=\"1876\"><strong data-start=\"1793\" data-end=\"1814\">Lancer ultra-long<\/strong> : Parfaite pour atteindre de grandes distances sur la plage<\/p>\n<\/li>\n<li data-start=\"1877\" data-end=\"1964\">\n<p data-start=\"1879\" data-end=\"1964\"><strong data-start=\"1879\" data-end=\"1908\">Construction t\u00e9lescopique<\/strong> : Rangement rapide, gain de place, transport facilit\u00e9<\/p>\n<\/li>\n<li data-start=\"1965\" data-end=\"2057\">\n<p data-start=\"1967\" data-end=\"2057\"><strong data-start=\"1967\" data-end=\"1991\">Fibre de carbone 36T<\/strong> : Mat\u00e9riau ultra r\u00e9sistant et l\u00e9ger pour une sensibilit\u00e9 accrue<\/p>\n<\/li>\n<li data-start=\"2058\" data-end=\"2140\">\n<p data-start=\"2060\" data-end=\"2140\"><strong data-start=\"2060\" data-end=\"2077\">Action rapide<\/strong> : R\u00e9ponse imm\u00e9diate aux touches, id\u00e9ale pour la p\u00eache active<\/p>\n<\/li>\n<li data-start=\"2141\" data-end=\"2232\">\n<p data-start=\"2143\" data-end=\"2232\"><strong data-start=\"2143\" data-end=\"2164\">Puissance extr\u00eame<\/strong> : Capable de tirer des poissons jusqu&#8217;\u00e0 110 lb (50 kg) sans plier<\/p>\n<\/li>\n<\/ul>\n<hr data-start=\"2234\" data-end=\"2237\" \/>\n<h2 data-start=\"2239\" data-end=\"2282\">\ud83d\udce6 Livraison rapide &amp; emballage s\u00e9curis\u00e9<\/h2>\n<p data-start=\"2284\" data-end=\"2354\">Toutes les commandes b\u00e9n\u00e9ficient d\u2019une <strong data-start=\"2323\" data-end=\"2351\">livraison express rapide<\/strong>.<\/p>\n<ul data-start=\"2355\" data-end=\"2715\">\n<li data-start=\"2355\" data-end=\"2411\">\n<p data-start=\"2357\" data-end=\"2411\"><strong data-start=\"2357\" data-end=\"2375\">D\u00e9lais estim\u00e9s<\/strong> : entre 10 et 20 jours en moyenne<\/p>\n<\/li>\n<li data-start=\"2412\" data-end=\"2475\">\n<p data-start=\"2414\" data-end=\"2475\"><strong data-start=\"2414\" data-end=\"2442\">Livraison la plus rapide<\/strong> : d\u00e8s 7 jours apr\u00e8s exp\u00e9dition<\/p>\n<\/li>\n<li data-start=\"2476\" data-end=\"2561\">\n<p data-start=\"2478\" data-end=\"2561\"><strong data-start=\"2478\" data-end=\"2500\">Emballage renforc\u00e9<\/strong> : Aucun souci de casse ou de dommages pendant le transport<\/p>\n<\/li>\n<li data-start=\"2562\" data-end=\"2715\">\n<p data-start=\"2564\" data-end=\"2715\">\u2705 <strong data-start=\"2566\" data-end=\"2579\">Important<\/strong> : V\u00e9rifiez bien l\u2019exactitude et la compl\u00e9tude de votre adresse avant de finaliser votre commande pour garantir une livraison r\u00e9ussie.<\/p>\n<\/li>\n<\/ul>\n<hr data-start=\"2717\" data-end=\"2720\" \/>\n<h2 data-start=\"2722\" data-end=\"2797\">\ud83c\udfaf Pourquoi choisir cette canne \u00e0 p\u00eache en carbone pour le surfcasting ?<\/h2>\n<p data-start=\"2799\" data-end=\"3089\">Cette canne est <strong data-start=\"2815\" data-end=\"2854\">l\u2019outil id\u00e9al pour la p\u00eache c\u00f4ti\u00e8re<\/strong>, que ce soit pour capturer des poissons puissants ou pour pratiquer le surfcasting \u00e0 grande distance. Gr\u00e2ce \u00e0 son <strong data-start=\"2969\" data-end=\"2986\">action rapide<\/strong> et sa <strong data-start=\"2993\" data-end=\"3016\">construction solide<\/strong>, elle offre une performance in\u00e9gal\u00e9e tout en restant facile \u00e0 manipuler.<\/p>\n<p data-start=\"3091\" data-end=\"3115\">Elle combine \u00e0 la fois :<\/p>\n<ul data-start=\"3116\" data-end=\"3269\">\n<li data-start=\"3116\" data-end=\"3165\">\n<p data-start=\"3118\" data-end=\"3165\">Polyvalence (diff\u00e9rentes longueurs disponibles)<\/p>\n<\/li>\n<li data-start=\"3166\" data-end=\"3186\">\n<p data-start=\"3168\" data-end=\"3186\">R\u00e9sistance extr\u00eame<\/p>\n<\/li>\n<li data-start=\"3187\" data-end=\"3213\">\n<p data-start=\"3189\" data-end=\"3213\">L\u00e9g\u00e8ret\u00e9 professionnelle<\/p>\n<\/li>\n<li data-start=\"3214\" data-end=\"3269\">\n<p data-start=\"3216\" data-end=\"3269\">Facilit\u00e9 de transport gr\u00e2ce \u00e0 son design t\u00e9lescopique<\/p>\n<\/li>\n<\/ul>\n","protected":false},"excerpt":{"rendered":"<ul>\n<li data-start=\"40\" data-end=\"81\">\n<p data-start=\"43\" data-end=\"81\"><strong>\ud83c\udfa3 Canne carbone l\u00e9g\u00e8re et puissante<\/strong><\/p>\n<\/li>\n<li data-start=\"82\" data-end=\"112\">\n<p data-start=\"85\" data-end=\"112\"><strong>\ud83c\udf0a Lancer longue distance<\/strong><\/p>\n<\/li>\n<li data-start=\"113\" data-end=\"137\" data-is-last-node=\"\">\n<p data-start=\"116\" data-end=\"137\" data-is-last-node=\"\"><strong>\ud83d\udcaa Solide et portable<\/strong><\/p>\n<\/li>\n<\/ul>\n","protected":false},"featured_media":1331,"comment_status":"open","ping_status":"closed","template":"","meta":[],"product_brand":[],"product_cat":[28],"product_tag":[],"class_list":{"0":"post-1330","1":"product","2":"type-product","3":"status-publish","4":"has-post-thumbnail","6":"product_cat-canne-a-peche-pas-cher","7":"pa_longueur-2-1m","8":"pa_longueur-2-4m","9":"pa_longueur-2-7m","10":"pa_longueur-3-0m","11":"pa_longueur-3-3m","12":"pa_longueur-3-6m","13":"pa_longueur-3-9m","14":"pa_longueur-4-2m","15":"pa_longueur-4-5m","16":"pa_longueur-5-4m","18":"first","19":"instock","20":"shipping-taxable","21":"purchasable","22":"product-type-variable"},"yoast_head":"<!-- This site is optimized with the Yoast SEO plugin v27.3 - https:\/\/yoast.com\/product\/yoast-seo-wordpress\/ -->\n<title>Canne surfcasting en fibre de carbone 2,7 m \u00e0 5,4 m<\/title>\n<meta name=\"description\" content=\"Achat canne surfcasting en fibre de carbone pas cher. Trouvez la canne id\u00e9ale pour vos sorties en mer, plage et digue et rocher.\" \/>\n<meta name=\"robots\" content=\"index, follow, max-snippet:-1, max-image-preview:large, max-video-preview:-1\" \/>\n<link rel=\"canonical\" href=\"https:\/\/www.aiguiller.com\/blog\/product\/canne-surfcasting-en-fibre-de-carbone-27-m-a-54-m\/\" \/>\n<meta property=\"og:locale\" content=\"fr_FR\" \/>\n<meta property=\"og:type\" content=\"article\" \/>\n<meta property=\"og:title\" content=\"Canne surfcasting en fibre de carbone 2,7 m \u00e0 5,4 m\" \/>\n<meta property=\"og:description\" content=\"Achat canne surfcasting en fibre de carbone pas cher. Trouvez la canne id\u00e9ale pour vos sorties en mer, plage et digue et rocher.\" \/>\n<meta property=\"og:url\" content=\"https:\/\/www.aiguiller.com\/blog\/product\/canne-surfcasting-en-fibre-de-carbone-27-m-a-54-m\/\" \/>\n<meta property=\"og:site_name\" content=\"Articles de p\u00eache pas cher: aiguiller.com\" \/>\n<meta property=\"article:publisher\" content=\"https:\/\/www.facebook.com\/people\/Les-nouvelles-du-pcheur\/100071000092723\/\" \/>\n<meta property=\"article:modified_time\" content=\"2025-07-21T16:47:58+00:00\" \/>\n<meta property=\"og:image\" content=\"https:\/\/ae01.alicdn.com\/kf\/S9989f9a5b6c5446fa7328975dee5ec5cT\/Leurre-de-p-che-en-mer-en-fibre-de-carbone-super-dur-lancer-distance-p-che.jpg\" \/>\n\t<meta property=\"og:image:width\" content=\"800\" \/>\n\t<meta property=\"og:image:height\" content=\"800\" \/>\n\t<meta property=\"og:image:type\" content=\"image\/jpeg\" \/>\n<meta name=\"twitter:card\" content=\"summary_large_image\" \/>\n<meta name=\"twitter:label1\" content=\"Dur\u00e9e de lecture estim\u00e9e\" \/>\n\t<meta name=\"twitter:data1\" content=\"3 minutes\" \/>\n<script type=\"application\/ld+json\" class=\"yoast-schema-graph\">{\"@context\":\"https:\\\/\\\/schema.org\",\"@graph\":[{\"@type\":\"WebPage\",\"@id\":\"https:\\\/\\\/www.aiguiller.com\\\/blog\\\/product\\\/canne-surfcasting-en-fibre-de-carbone-27-m-a-54-m\\\/\",\"url\":\"https:\\\/\\\/www.aiguiller.com\\\/blog\\\/product\\\/canne-surfcasting-en-fibre-de-carbone-27-m-a-54-m\\\/\",\"name\":\"Canne surfcasting en fibre de carbone 2,7 m \u00e0 5,4 m\",\"isPartOf\":{\"@id\":\"https:\\\/\\\/www.aiguiller.com\\\/blog\\\/#website\"},\"primaryImageOfPage\":{\"@id\":\"https:\\\/\\\/www.aiguiller.com\\\/blog\\\/product\\\/canne-surfcasting-en-fibre-de-carbone-27-m-a-54-m\\\/#primaryimage\"},\"image\":{\"@id\":\"https:\\\/\\\/www.aiguiller.com\\\/blog\\\/product\\\/canne-surfcasting-en-fibre-de-carbone-27-m-a-54-m\\\/#primaryimage\"},\"thumbnailUrl\":\"https:\\\/\\\/ae01.alicdn.com\\\/kf\\\/S9989f9a5b6c5446fa7328975dee5ec5cT\\\/Leurre-de-p-che-en-mer-en-fibre-de-carbone-super-dur-lancer-distance-p-che.jpg\",\"datePublished\":\"2025-07-18T07:34:57+00:00\",\"dateModified\":\"2025-07-21T16:47:58+00:00\",\"description\":\"Achat canne surfcasting en fibre de carbone pas cher. Trouvez la canne id\u00e9ale pour vos sorties en mer, plage et digue et rocher.\",\"breadcrumb\":{\"@id\":\"https:\\\/\\\/www.aiguiller.com\\\/blog\\\/product\\\/canne-surfcasting-en-fibre-de-carbone-27-m-a-54-m\\\/#breadcrumb\"},\"inLanguage\":\"fr-FR\",\"potentialAction\":[{\"@type\":\"ReadAction\",\"target\":[\"https:\\\/\\\/www.aiguiller.com\\\/blog\\\/product\\\/canne-surfcasting-en-fibre-de-carbone-27-m-a-54-m\\\/\"]}]},{\"@type\":\"ImageObject\",\"inLanguage\":\"fr-FR\",\"@id\":\"https:\\\/\\\/www.aiguiller.com\\\/blog\\\/product\\\/canne-surfcasting-en-fibre-de-carbone-27-m-a-54-m\\\/#primaryimage\",\"url\":\"https:\\\/\\\/ae01.alicdn.com\\\/kf\\\/S9989f9a5b6c5446fa7328975dee5ec5cT\\\/Leurre-de-p-che-en-mer-en-fibre-de-carbone-super-dur-lancer-distance-p-che.jpg\",\"contentUrl\":\"https:\\\/\\\/ae01.alicdn.com\\\/kf\\\/S9989f9a5b6c5446fa7328975dee5ec5cT\\\/Leurre-de-p-che-en-mer-en-fibre-de-carbone-super-dur-lancer-distance-p-che.jpg\",\"width\":800,\"height\":800,\"caption\":\"Canne surfcasting en fibre de carbone 2,7 m \u00e0 5,4 m 1\"},{\"@type\":\"BreadcrumbList\",\"@id\":\"https:\\\/\\\/www.aiguiller.com\\\/blog\\\/product\\\/canne-surfcasting-en-fibre-de-carbone-27-m-a-54-m\\\/#breadcrumb\",\"itemListElement\":[{\"@type\":\"ListItem\",\"position\":1,\"name\":\"Accueil\",\"item\":\"https:\\\/\\\/www.aiguiller.com\\\/blog\\\/\"},{\"@type\":\"ListItem\",\"position\":2,\"name\":\"Boutique d&#8217;articles de p\u00eache\",\"item\":\"https:\\\/\\\/www.aiguiller.com\\\/blog\\\/shop\\\/\"},{\"@type\":\"ListItem\",\"position\":3,\"name\":\"Canne surfcasting en fibre de carbone 2,7 m \u00e0 5,4 m\"}]},{\"@type\":\"WebSite\",\"@id\":\"https:\\\/\\\/www.aiguiller.com\\\/blog\\\/#website\",\"url\":\"https:\\\/\\\/www.aiguiller.com\\\/blog\\\/\",\"name\":\"Articles de p\u00eache pas cher: aiguiller.com\",\"description\":\"Mat\u00e9riel de p\u00eache \u00e0 bas prix\",\"publisher\":{\"@id\":\"https:\\\/\\\/www.aiguiller.com\\\/blog\\\/#organization\"},\"potentialAction\":[{\"@type\":\"SearchAction\",\"target\":{\"@type\":\"EntryPoint\",\"urlTemplate\":\"https:\\\/\\\/www.aiguiller.com\\\/blog\\\/?s={search_term_string}\"},\"query-input\":{\"@type\":\"PropertyValueSpecification\",\"valueRequired\":true,\"valueName\":\"search_term_string\"}}],\"inLanguage\":\"fr-FR\"},{\"@type\":\"Organization\",\"@id\":\"https:\\\/\\\/www.aiguiller.com\\\/blog\\\/#organization\",\"name\":\"Articles de p\u00eache pas cher: aiguiller.com\",\"url\":\"https:\\\/\\\/www.aiguiller.com\\\/blog\\\/\",\"logo\":{\"@type\":\"ImageObject\",\"inLanguage\":\"fr-FR\",\"@id\":\"https:\\\/\\\/www.aiguiller.com\\\/blog\\\/#\\\/schema\\\/logo\\\/image\\\/\",\"url\":\"https:\\\/\\\/www.aiguiller.com\\\/blog\\\/wp-content\\\/uploads\\\/2025\\\/07\\\/boutique-gilet-de-peche.png\",\"contentUrl\":\"https:\\\/\\\/www.aiguiller.com\\\/blog\\\/wp-content\\\/uploads\\\/2025\\\/07\\\/boutique-gilet-de-peche.png\",\"width\":395,\"height\":310,\"caption\":\"Articles de p\u00eache pas cher: aiguiller.com\"},\"image\":{\"@id\":\"https:\\\/\\\/www.aiguiller.com\\\/blog\\\/#\\\/schema\\\/logo\\\/image\\\/\"},\"sameAs\":[\"https:\\\/\\\/www.facebook.com\\\/people\\\/Les-nouvelles-du-pcheur\\\/100071000092723\\\/\"]}]}<\/script>\n<!-- \/ Yoast SEO plugin. -->","yoast_head_json":{"title":"Canne surfcasting en fibre de carbone 2,7 m \u00e0 5,4 m","description":"Achat canne surfcasting en fibre de carbone pas cher. Trouvez la canne id\u00e9ale pour vos sorties en mer, plage et digue et rocher.","robots":{"index":"index","follow":"follow","max-snippet":"max-snippet:-1","max-image-preview":"max-image-preview:large","max-video-preview":"max-video-preview:-1"},"canonical":"https:\/\/www.aiguiller.com\/blog\/product\/canne-surfcasting-en-fibre-de-carbone-27-m-a-54-m\/","og_locale":"fr_FR","og_type":"article","og_title":"Canne surfcasting en fibre de carbone 2,7 m \u00e0 5,4 m","og_description":"Achat canne surfcasting en fibre de carbone pas cher. Trouvez la canne id\u00e9ale pour vos sorties en mer, plage et digue et rocher.","og_url":"https:\/\/www.aiguiller.com\/blog\/product\/canne-surfcasting-en-fibre-de-carbone-27-m-a-54-m\/","og_site_name":"Articles de p\u00eache pas cher: aiguiller.com","article_publisher":"https:\/\/www.facebook.com\/people\/Les-nouvelles-du-pcheur\/100071000092723\/","article_modified_time":"2025-07-21T16:47:58+00:00","og_image":[{"width":800,"height":800,"url":"https:\/\/ae01.alicdn.com\/kf\/S9989f9a5b6c5446fa7328975dee5ec5cT\/Leurre-de-p-che-en-mer-en-fibre-de-carbone-super-dur-lancer-distance-p-che.jpg","type":"image\/jpeg"}],"twitter_card":"summary_large_image","twitter_misc":{"Dur\u00e9e de lecture estim\u00e9e":"3 minutes"},"schema":{"@context":"https:\/\/schema.org","@graph":[{"@type":"WebPage","@id":"https:\/\/www.aiguiller.com\/blog\/product\/canne-surfcasting-en-fibre-de-carbone-27-m-a-54-m\/","url":"https:\/\/www.aiguiller.com\/blog\/product\/canne-surfcasting-en-fibre-de-carbone-27-m-a-54-m\/","name":"Canne surfcasting en fibre de carbone 2,7 m \u00e0 5,4 m","isPartOf":{"@id":"https:\/\/www.aiguiller.com\/blog\/#website"},"primaryImageOfPage":{"@id":"https:\/\/www.aiguiller.com\/blog\/product\/canne-surfcasting-en-fibre-de-carbone-27-m-a-54-m\/#primaryimage"},"image":{"@id":"https:\/\/www.aiguiller.com\/blog\/product\/canne-surfcasting-en-fibre-de-carbone-27-m-a-54-m\/#primaryimage"},"thumbnailUrl":"https:\/\/ae01.alicdn.com\/kf\/S9989f9a5b6c5446fa7328975dee5ec5cT\/Leurre-de-p-che-en-mer-en-fibre-de-carbone-super-dur-lancer-distance-p-che.jpg","datePublished":"2025-07-18T07:34:57+00:00","dateModified":"2025-07-21T16:47:58+00:00","description":"Achat canne surfcasting en fibre de carbone pas cher. Trouvez la canne id\u00e9ale pour vos sorties en mer, plage et digue et rocher.","breadcrumb":{"@id":"https:\/\/www.aiguiller.com\/blog\/product\/canne-surfcasting-en-fibre-de-carbone-27-m-a-54-m\/#breadcrumb"},"inLanguage":"fr-FR","potentialAction":[{"@type":"ReadAction","target":["https:\/\/www.aiguiller.com\/blog\/product\/canne-surfcasting-en-fibre-de-carbone-27-m-a-54-m\/"]}]},{"@type":"ImageObject","inLanguage":"fr-FR","@id":"https:\/\/www.aiguiller.com\/blog\/product\/canne-surfcasting-en-fibre-de-carbone-27-m-a-54-m\/#primaryimage","url":"https:\/\/ae01.alicdn.com\/kf\/S9989f9a5b6c5446fa7328975dee5ec5cT\/Leurre-de-p-che-en-mer-en-fibre-de-carbone-super-dur-lancer-distance-p-che.jpg","contentUrl":"https:\/\/ae01.alicdn.com\/kf\/S9989f9a5b6c5446fa7328975dee5ec5cT\/Leurre-de-p-che-en-mer-en-fibre-de-carbone-super-dur-lancer-distance-p-che.jpg","width":800,"height":800,"caption":"Canne surfcasting en fibre de carbone 2,7 m \u00e0 5,4 m 1"},{"@type":"BreadcrumbList","@id":"https:\/\/www.aiguiller.com\/blog\/product\/canne-surfcasting-en-fibre-de-carbone-27-m-a-54-m\/#breadcrumb","itemListElement":[{"@type":"ListItem","position":1,"name":"Accueil","item":"https:\/\/www.aiguiller.com\/blog\/"},{"@type":"ListItem","position":2,"name":"Boutique d&#8217;articles de p\u00eache","item":"https:\/\/www.aiguiller.com\/blog\/shop\/"},{"@type":"ListItem","position":3,"name":"Canne surfcasting en fibre de carbone 2,7 m \u00e0 5,4 m"}]},{"@type":"WebSite","@id":"https:\/\/www.aiguiller.com\/blog\/#website","url":"https:\/\/www.aiguiller.com\/blog\/","name":"Articles de p\u00eache pas cher: aiguiller.com","description":"Mat\u00e9riel de p\u00eache \u00e0 bas prix","publisher":{"@id":"https:\/\/www.aiguiller.com\/blog\/#organization"},"potentialAction":[{"@type":"SearchAction","target":{"@type":"EntryPoint","urlTemplate":"https:\/\/www.aiguiller.com\/blog\/?s={search_term_string}"},"query-input":{"@type":"PropertyValueSpecification","valueRequired":true,"valueName":"search_term_string"}}],"inLanguage":"fr-FR"},{"@type":"Organization","@id":"https:\/\/www.aiguiller.com\/blog\/#organization","name":"Articles de p\u00eache pas cher: aiguiller.com","url":"https:\/\/www.aiguiller.com\/blog\/","logo":{"@type":"ImageObject","inLanguage":"fr-FR","@id":"https:\/\/www.aiguiller.com\/blog\/#\/schema\/logo\/image\/","url":"https:\/\/www.aiguiller.com\/blog\/wp-content\/uploads\/2025\/07\/boutique-gilet-de-peche.png","contentUrl":"https:\/\/www.aiguiller.com\/blog\/wp-content\/uploads\/2025\/07\/boutique-gilet-de-peche.png","width":395,"height":310,"caption":"Articles de p\u00eache pas cher: aiguiller.com"},"image":{"@id":"https:\/\/www.aiguiller.com\/blog\/#\/schema\/logo\/image\/"},"sameAs":["https:\/\/www.facebook.com\/people\/Les-nouvelles-du-pcheur\/100071000092723\/"]}]}},"_links":{"self":[{"href":"https:\/\/www.aiguiller.com\/blog\/wp-json\/wp\/v2\/product\/1330","targetHints":{"allow":["GET"]}}],"collection":[{"href":"https:\/\/www.aiguiller.com\/blog\/wp-json\/wp\/v2\/product"}],"about":[{"href":"https:\/\/www.aiguiller.com\/blog\/wp-json\/wp\/v2\/types\/product"}],"replies":[{"embeddable":true,"href":"https:\/\/www.aiguiller.com\/blog\/wp-json\/wp\/v2\/comments?post=1330"}],"wp:featuredmedia":[{"embeddable":true,"href":"https:\/\/www.aiguiller.com\/blog\/wp-json\/wp\/v2\/media\/1331"}],"wp:attachment":[{"href":"https:\/\/www.aiguiller.com\/blog\/wp-json\/wp\/v2\/media?parent=1330"}],"wp:term":[{"taxonomy":"product_brand","embeddable":true,"href":"https:\/\/www.aiguiller.com\/blog\/wp-json\/wp\/v2\/product_brand?post=1330"},{"taxonomy":"product_cat","embeddable":true,"href":"https:\/\/www.aiguiller.com\/blog\/wp-json\/wp\/v2\/product_cat?post=1330"},{"taxonomy":"product_tag","embeddable":true,"href":"https:\/\/www.aiguiller.com\/blog\/wp-json\/wp\/v2\/product_tag?post=1330"}],"curies":[{"name":"wp","href":"https:\/\/api.w.org\/{rel}","templated":true}]}}