{"id":1239,"date":"2025-07-17T15:11:09","date_gmt":"2025-07-17T14:11:09","guid":{"rendered":"https:\/\/www.aiguiller.com\/blog\/?page_id=1239"},"modified":"2025-07-17T15:11:10","modified_gmt":"2025-07-17T14:11:10","slug":"conditions-generales-de-vente","status":"publish","type":"page","link":"https:\/\/www.aiguiller.com\/blog\/conditions-generales-de-vente\/","title":{"rendered":"Conditions g\u00e9n\u00e9rales de vente"},"content":{"rendered":"\n<h1 class=\"wp-block-heading\">Conditions g\u00e9n\u00e9rales<\/h1>\n\n\n\n<p>Veuillez trouver ci-dessous nos Conditions g\u00e9n\u00e9rales relatives \u00e0 l&#8217;utilisation du site Internet www.aiguiller.com\/blog et \u00e0 l&#8217;achat de produits sur ce site.<\/p>\n\n\n\n<p>N&#8217;h\u00e9sitez pas \u00e0 nous faire part de toute question relative aux pr\u00e9sentes conditions au moyen de la page contact du site.<\/p>\n\n\n\n<p>L&#8217;utilisation par les clients du Site Internet est r\u00e9gie par les pr\u00e9sentes Conditions g\u00e9n\u00e9rales ainsi que par tout avis ou toutes conditions figurant sur une quelconque autre partie du Site Internet. Nous pr\u00e9cisons \u00e0 toutes fins utiles que Ghesqui\u00e8re Cr\u00e9ation peut modifier ou retirer \u00e0 tout moment toute partie du Site Internet, sans que sa responsabilit\u00e9 ne puisse \u00eatre engag\u00e9e du fait de ces modifications \u00e0 l&#8217;\u00e9gard des clients. Ghesqui\u00e8re Cr\u00e9ation se r\u00e9serve le droit de modifier les pr\u00e9sentes Conditions g\u00e9n\u00e9rales \u00e0 l&#8217;avenir sans \u00eatre tenue d&#8217;en aviser sp\u00e9cifiquement les clients. Le fait de poursuivre l&#8217;utilisation du Site Internet ou de passer commande une fois ces modifications en vigueur vaudra acceptation desdites modifications.<\/p>\n\n\n\n<p>Le contrat ne prendra effet entre vous (en qualit\u00e9 de client) et nous qu&#8217;une fois la commande trait\u00e9e et exp\u00e9di\u00e9e.<\/p>\n\n\n\n<p>En passant une commande via le pr\u00e9sent Site Internet, vous (le client) garantissez que&nbsp;:<\/p>\n\n\n\n<ol class=\"wp-block-list\">\n<li>vous n&#8217;\u00eates pas mineur ou dans l&#8217;incapacit\u00e9 l\u00e9gale de passer un contrat ;<\/li>\n\n\n\n<li>les donn\u00e9es personnelles divulgu\u00e9es lors de l&#8217;enregistrement sont compl\u00e8tes et exactes ;<\/li>\n\n\n\n<li>vous n&#8217;utilisez pas un faux nom ou celui d&#8217;une autre personne physique ou morale sans autorisation.<\/li>\n<\/ol>\n\n\n\n<h3 class=\"wp-block-heading\">Passation de commande<\/h3>\n\n\n\n<p>En passant une commande, vous acceptez les pr\u00e9sentes Conditions g\u00e9n\u00e9rales et reconnaissez les avoir lues avant de proc\u00e9der \u00e0 la commande.<\/p>\n\n\n\n<h3 class=\"wp-block-heading\">Annulation d&#8217;une commande<\/h3>\n\n\n\n<p>En tant que client, vous \u00eates libre d&#8217;annuler une commande dans un d\u00e9lai de 14&nbsp;jours et vous serez rembours\u00e9 du montant de votre commande sur le compte utilis\u00e9 pour r\u00e9gler la commande .<\/p>\n\n\n\n<h3 class=\"wp-block-heading\">Acceptation d&#8217;une commande<\/h3>\n\n\n\n<p>Lorsque vous passez une commande, vous recevez une confirmation de commande \u00e0 l&#8217;adresse e-mail que vous avez indiqu\u00e9e lors de la commande, dans laquelle vous retrouverez des informations sur le contenu de la commande, les prix, etc.<\/p>\n\n\n\n<h3 class=\"wp-block-heading\">Livraison<\/h3>\n\n\n\n<p>En tant qu&#8217;acheteur, vous pouvez choisir parmi les options de livraison mentionn\u00e9es. Ghesqui\u00e8re Cr\u00e9ation ne saurait \u00eatre tenu responsable d&#8217;un quelconque dommage caus\u00e9 pendant le transport ou par un quelconque retard ind\u00e9pendant de sa volont\u00e9.<\/p>\n\n\n\n<h3 class=\"wp-block-heading\">Politique de retour<\/h3>\n\n\n\n<p>Ghesqui\u00e8re Cr\u00e9ation accepte les retours sous 14&nbsp;jours si les articles n&#8217;ont pas fait l&#8217;objet d&#8217;une utilisation, d&#8217;une modification, d&#8217;un lavage ou de toute autre manipulation. Les articles doivent \u00eatre retourn\u00e9s dans leur emballage d&#8217;origine.<br>Les articles ne peuvent \u00eatre retourn\u00e9s \u00e0 Ghesqui\u00e8re Cr\u00e9ation sans le consentement \u00e9crit pr\u00e9alable de Ghesqui\u00e8re Cr\u00e9ation et sont soumis \u00e0 des frais de retour.<\/p>\n\n\n\n<h3 class=\"wp-block-heading\">Responsabilit\u00e9<\/h3>\n\n\n\n<p>Nous nous effor\u00e7ons de maintenir les informations figurant sur le pr\u00e9sent Site Internet aussi exactes que possible&nbsp;; toutefois, nous ne formulons aucune garantie \u00e0 cet \u00e9gard, qu&#8217;elle soit expresse ou implicite. De m\u00eame, nous ne formulons aucune garantie \u00e0 l&#8217;\u00e9gard de l&#8217;utilisation du pr\u00e9sent Site Internet&nbsp;; il incombe \u00e0 chaque utilisateur de s&#8217;assurer que ses appareils sont prot\u00e9g\u00e9s contre les virus ou contre tout autre facteur ext\u00e9rieur.<\/p>\n\n\n\n<p>Vos droits sont prot\u00e9g\u00e9s en vertu de la loi irlandaise sur la vente de marchandises et la prestation de services (Sale of Goods and Supply of Services Act) de 1980, ainsi que de la loi en mati\u00e8re de protection des consommateurs (Consumer Protection Act) de 2007, en votre qualit\u00e9 de consommateur. Le pr\u00e9sent Site Internet n&#8217;affectera pas vos droits en vertu de la l\u00e9gislation en vigueur de quelque mani\u00e8re que ce soit.<\/p>\n\n\n\n<h3 class=\"wp-block-heading\">Divisibilit\u00e9<\/h3>\n\n\n\n<p>Toute disposition des pr\u00e9sentes Conditions g\u00e9n\u00e9rales qui viendrait \u00e0 \u00eatre nulle, ill\u00e9gale ou non applicable pour quelque raison que ce soit sera r\u00e9put\u00e9e dissoci\u00e9e du reste des Conditions g\u00e9n\u00e9rales qui demeureront valables et ex\u00e9cutoires.<\/p>\n\n\n\n<p>Toute disposition des pr\u00e9sentes Conditions g\u00e9n\u00e9rales qui viendrait \u00e0 \u00eatre nulle, ill\u00e9gale ou non applicable pour quelque raison que ce soit sera r\u00e9put\u00e9e dissoci\u00e9e du reste des Conditions g\u00e9n\u00e9rales qui demeureront valables et ex\u00e9cutoires.<\/p>\n","protected":false},"excerpt":{"rendered":"<p>Conditions g\u00e9n\u00e9rales Veuillez trouver ci-dessous nos Conditions g\u00e9n\u00e9rales relatives \u00e0 l&#8217;utilisation du site Internet www.aiguiller.com\/blog&hellip;<\/p>\n","protected":false},"author":1,"featured_media":0,"parent":0,"menu_order":0,"comment_status":"closed","ping_status":"closed","template":"","meta":{"footnotes":""},"class_list":["post-1239","page","type-page","status-publish","hentry"],"yoast_head":"<!-- This site is optimized with the Yoast SEO plugin v27.5 - https:\/\/yoast.com\/product\/yoast-seo-wordpress\/ -->\n<title>Conditions g\u00e9n\u00e9rales de vente - Articles de p\u00eache pas cher: aiguiller.com<\/title>\n<meta name=\"robots\" content=\"index, follow, max-snippet:-1, max-image-preview:large, max-video-preview:-1\" \/>\n<link rel=\"canonical\" href=\"https:\/\/www.aiguiller.com\/blog\/conditions-generales-de-vente\/\" \/>\n<meta property=\"og:locale\" content=\"fr_FR\" \/>\n<meta property=\"og:type\" content=\"article\" \/>\n<meta property=\"og:title\" content=\"Conditions g\u00e9n\u00e9rales de vente - Articles de p\u00eache pas cher: aiguiller.com\" \/>\n<meta property=\"og:description\" content=\"Conditions g\u00e9n\u00e9rales Veuillez trouver ci-dessous nos Conditions g\u00e9n\u00e9rales relatives \u00e0 l&#8217;utilisation du site Internet www.aiguiller.com\/blog&hellip;\" \/>\n<meta property=\"og:url\" content=\"https:\/\/www.aiguiller.com\/blog\/conditions-generales-de-vente\/\" \/>\n<meta property=\"og:site_name\" content=\"Articles de p\u00eache pas cher: aiguiller.com\" \/>\n<meta property=\"article:publisher\" content=\"https:\/\/www.facebook.com\/people\/Les-nouvelles-du-pcheur\/100071000092723\/\" \/>\n<meta property=\"article:modified_time\" content=\"2025-07-17T14:11:10+00:00\" \/>\n<meta property=\"og:image\" content=\"https:\/\/www.aiguiller.com\/blog\/wp-content\/uploads\/2025\/07\/fishing-1541389_640.jpg\" \/>\n\t<meta property=\"og:image:width\" content=\"640\" \/>\n\t<meta property=\"og:image:height\" content=\"480\" \/>\n\t<meta property=\"og:image:type\" content=\"image\/jpeg\" \/>\n<meta name=\"twitter:card\" content=\"summary_large_image\" \/>\n<meta name=\"twitter:label1\" content=\"Dur\u00e9e de lecture estim\u00e9e\" \/>\n\t<meta name=\"twitter:data1\" content=\"4 minutes\" \/>\n<script type=\"application\/ld+json\" class=\"yoast-schema-graph\">{\"@context\":\"https:\\\/\\\/schema.org\",\"@graph\":[{\"@type\":\"WebPage\",\"@id\":\"https:\\\/\\\/www.aiguiller.com\\\/blog\\\/conditions-generales-de-vente\\\/\",\"url\":\"https:\\\/\\\/www.aiguiller.com\\\/blog\\\/conditions-generales-de-vente\\\/\",\"name\":\"Conditions g\u00e9n\u00e9rales de vente - Articles de p\u00eache pas cher: aiguiller.com\",\"isPartOf\":{\"@id\":\"https:\\\/\\\/www.aiguiller.com\\\/blog\\\/#website\"},\"datePublished\":\"2025-07-17T14:11:09+00:00\",\"dateModified\":\"2025-07-17T14:11:10+00:00\",\"breadcrumb\":{\"@id\":\"https:\\\/\\\/www.aiguiller.com\\\/blog\\\/conditions-generales-de-vente\\\/#breadcrumb\"},\"inLanguage\":\"fr-FR\",\"potentialAction\":[{\"@type\":\"ReadAction\",\"target\":[\"https:\\\/\\\/www.aiguiller.com\\\/blog\\\/conditions-generales-de-vente\\\/\"]}]},{\"@type\":\"BreadcrumbList\",\"@id\":\"https:\\\/\\\/www.aiguiller.com\\\/blog\\\/conditions-generales-de-vente\\\/#breadcrumb\",\"itemListElement\":[{\"@type\":\"ListItem\",\"position\":1,\"name\":\"Accueil\",\"item\":\"https:\\\/\\\/www.aiguiller.com\\\/blog\\\/\"},{\"@type\":\"ListItem\",\"position\":2,\"name\":\"Conditions g\u00e9n\u00e9rales de vente\"}]},{\"@type\":\"WebSite\",\"@id\":\"https:\\\/\\\/www.aiguiller.com\\\/blog\\\/#website\",\"url\":\"https:\\\/\\\/www.aiguiller.com\\\/blog\\\/\",\"name\":\"Articles de p\u00eache pas cher: aiguiller.com\",\"description\":\"Mat\u00e9riel de p\u00eache \u00e0 bas prix\",\"publisher\":{\"@id\":\"https:\\\/\\\/www.aiguiller.com\\\/blog\\\/#organization\"},\"potentialAction\":[{\"@type\":\"SearchAction\",\"target\":{\"@type\":\"EntryPoint\",\"urlTemplate\":\"https:\\\/\\\/www.aiguiller.com\\\/blog\\\/?s={search_term_string}\"},\"query-input\":{\"@type\":\"PropertyValueSpecification\",\"valueRequired\":true,\"valueName\":\"search_term_string\"}}],\"inLanguage\":\"fr-FR\"},{\"@type\":\"Organization\",\"@id\":\"https:\\\/\\\/www.aiguiller.com\\\/blog\\\/#organization\",\"name\":\"Articles de p\u00eache pas cher: aiguiller.com\",\"url\":\"https:\\\/\\\/www.aiguiller.com\\\/blog\\\/\",\"logo\":{\"@type\":\"ImageObject\",\"inLanguage\":\"fr-FR\",\"@id\":\"https:\\\/\\\/www.aiguiller.com\\\/blog\\\/#\\\/schema\\\/logo\\\/image\\\/\",\"url\":\"https:\\\/\\\/www.aiguiller.com\\\/blog\\\/wp-content\\\/uploads\\\/2025\\\/07\\\/boutique-gilet-de-peche.png\",\"contentUrl\":\"https:\\\/\\\/www.aiguiller.com\\\/blog\\\/wp-content\\\/uploads\\\/2025\\\/07\\\/boutique-gilet-de-peche.png\",\"width\":395,\"height\":310,\"caption\":\"Articles de p\u00eache pas cher: aiguiller.com\"},\"image\":{\"@id\":\"https:\\\/\\\/www.aiguiller.com\\\/blog\\\/#\\\/schema\\\/logo\\\/image\\\/\"},\"sameAs\":[\"https:\\\/\\\/www.facebook.com\\\/people\\\/Les-nouvelles-du-pcheur\\\/100071000092723\\\/\"]}]}<\/script>\n<!-- \/ Yoast SEO plugin. -->","yoast_head_json":{"title":"Conditions g\u00e9n\u00e9rales de vente - Articles de p\u00eache pas cher: aiguiller.com","robots":{"index":"index","follow":"follow","max-snippet":"max-snippet:-1","max-image-preview":"max-image-preview:large","max-video-preview":"max-video-preview:-1"},"canonical":"https:\/\/www.aiguiller.com\/blog\/conditions-generales-de-vente\/","og_locale":"fr_FR","og_type":"article","og_title":"Conditions g\u00e9n\u00e9rales de vente - Articles de p\u00eache pas cher: aiguiller.com","og_description":"Conditions g\u00e9n\u00e9rales Veuillez trouver ci-dessous nos Conditions g\u00e9n\u00e9rales relatives \u00e0 l&#8217;utilisation du site Internet www.aiguiller.com\/blog&hellip;","og_url":"https:\/\/www.aiguiller.com\/blog\/conditions-generales-de-vente\/","og_site_name":"Articles de p\u00eache pas cher: aiguiller.com","article_publisher":"https:\/\/www.facebook.com\/people\/Les-nouvelles-du-pcheur\/100071000092723\/","article_modified_time":"2025-07-17T14:11:10+00:00","og_image":[{"width":640,"height":480,"url":"https:\/\/www.aiguiller.com\/blog\/wp-content\/uploads\/2025\/07\/fishing-1541389_640.jpg","type":"image\/jpeg"}],"twitter_card":"summary_large_image","twitter_misc":{"Dur\u00e9e de lecture estim\u00e9e":"4 minutes"},"schema":{"@context":"https:\/\/schema.org","@graph":[{"@type":"WebPage","@id":"https:\/\/www.aiguiller.com\/blog\/conditions-generales-de-vente\/","url":"https:\/\/www.aiguiller.com\/blog\/conditions-generales-de-vente\/","name":"Conditions g\u00e9n\u00e9rales de vente - Articles de p\u00eache pas cher: aiguiller.com","isPartOf":{"@id":"https:\/\/www.aiguiller.com\/blog\/#website"},"datePublished":"2025-07-17T14:11:09+00:00","dateModified":"2025-07-17T14:11:10+00:00","breadcrumb":{"@id":"https:\/\/www.aiguiller.com\/blog\/conditions-generales-de-vente\/#breadcrumb"},"inLanguage":"fr-FR","potentialAction":[{"@type":"ReadAction","target":["https:\/\/www.aiguiller.com\/blog\/conditions-generales-de-vente\/"]}]},{"@type":"BreadcrumbList","@id":"https:\/\/www.aiguiller.com\/blog\/conditions-generales-de-vente\/#breadcrumb","itemListElement":[{"@type":"ListItem","position":1,"name":"Accueil","item":"https:\/\/www.aiguiller.com\/blog\/"},{"@type":"ListItem","position":2,"name":"Conditions g\u00e9n\u00e9rales de vente"}]},{"@type":"WebSite","@id":"https:\/\/www.aiguiller.com\/blog\/#website","url":"https:\/\/www.aiguiller.com\/blog\/","name":"Articles de p\u00eache pas cher: aiguiller.com","description":"Mat\u00e9riel de p\u00eache \u00e0 bas prix","publisher":{"@id":"https:\/\/www.aiguiller.com\/blog\/#organization"},"potentialAction":[{"@type":"SearchAction","target":{"@type":"EntryPoint","urlTemplate":"https:\/\/www.aiguiller.com\/blog\/?s={search_term_string}"},"query-input":{"@type":"PropertyValueSpecification","valueRequired":true,"valueName":"search_term_string"}}],"inLanguage":"fr-FR"},{"@type":"Organization","@id":"https:\/\/www.aiguiller.com\/blog\/#organization","name":"Articles de p\u00eache pas cher: aiguiller.com","url":"https:\/\/www.aiguiller.com\/blog\/","logo":{"@type":"ImageObject","inLanguage":"fr-FR","@id":"https:\/\/www.aiguiller.com\/blog\/#\/schema\/logo\/image\/","url":"https:\/\/www.aiguiller.com\/blog\/wp-content\/uploads\/2025\/07\/boutique-gilet-de-peche.png","contentUrl":"https:\/\/www.aiguiller.com\/blog\/wp-content\/uploads\/2025\/07\/boutique-gilet-de-peche.png","width":395,"height":310,"caption":"Articles de p\u00eache pas cher: aiguiller.com"},"image":{"@id":"https:\/\/www.aiguiller.com\/blog\/#\/schema\/logo\/image\/"},"sameAs":["https:\/\/www.facebook.com\/people\/Les-nouvelles-du-pcheur\/100071000092723\/"]}]}},"_links":{"self":[{"href":"https:\/\/www.aiguiller.com\/blog\/wp-json\/wp\/v2\/pages\/1239","targetHints":{"allow":["GET"]}}],"collection":[{"href":"https:\/\/www.aiguiller.com\/blog\/wp-json\/wp\/v2\/pages"}],"about":[{"href":"https:\/\/www.aiguiller.com\/blog\/wp-json\/wp\/v2\/types\/page"}],"author":[{"embeddable":true,"href":"https:\/\/www.aiguiller.com\/blog\/wp-json\/wp\/v2\/users\/1"}],"replies":[{"embeddable":true,"href":"https:\/\/www.aiguiller.com\/blog\/wp-json\/wp\/v2\/comments?post=1239"}],"version-history":[{"count":1,"href":"https:\/\/www.aiguiller.com\/blog\/wp-json\/wp\/v2\/pages\/1239\/revisions"}],"predecessor-version":[{"id":1240,"href":"https:\/\/www.aiguiller.com\/blog\/wp-json\/wp\/v2\/pages\/1239\/revisions\/1240"}],"wp:attachment":[{"href":"https:\/\/www.aiguiller.com\/blog\/wp-json\/wp\/v2\/media?parent=1239"}],"curies":[{"name":"wp","href":"https:\/\/api.w.org\/{rel}","templated":true}]}}